{"id":40452,"date":"2021-11-23T14:10:35","date_gmt":"2021-11-23T13:10:35","guid":{"rendered":"https:\/\/gerda.pl\/tedee\/jak-to-dziala\/"},"modified":"2023-03-10T09:03:12","modified_gmt":"2023-03-10T08:03:12","slug":"jak-to-dziala","status":"publish","type":"page","link":"https:\/\/gerda.pl\/cs\/tedee\/jak-to-dziala\/","title":{"rendered":"Jak to funguje"},"content":{"rendered":"\n<div class=\"tedee-header-how\" style=\"background-image:url('https:\/\/gerda.pl\/wp-content\/uploads\/2021\/11\/group-3@2x-scaled.jpeg')\" id=\"top\">\n\t<div class=\"container\">\n\t\t<div class=\"row\">\n\t\t\t<div class=\"col-12 header-elements\">\n\t\t\t\t<div class=\"tedee-logo\">\n\t\t\t\t\t\t\t\t\t\t<div class=\"logo-container\">\n\t\t\t\t\t\t<img decoding=\"async\" src=\"https:\/\/gerda.pl\/wp-content\/themes\/gerda\/assets\/svg\/tedee.svg\" alt=\"Tedee\">\n\t\t\t\t\t\t<h4>powered by GERDA<\/h4>\n\t\t\t\t\t<\/div>\n\t\t\t\t\t\t\t\t\t\t\n\t\t\t\t\t<p><h2><strong>Oto\u010dte z\u00e1mek dozadu<\/strong><br \/>\n<strong>pomoc\u00ed chytr\u00e9ho telefonu<\/strong><\/h2>\n<p>Seznamte se s chytr\u00fdm z\u00e1mkem pro dom\u00e1cnosti,<br \/>\nbyty a kancel\u00e1\u0159e.<\/p>\n<\/p>\n\t\t\t\t\n\t\t\t\t<\/div>\n\t\t\t\t\n\t\t\t\t\n\t\t\t<\/div>\n\t\t\t\t\t\t\t\t<div class=\"logos\">\n\t\t\t\t\t\t\t\t\t\t\t\t\t<img decoding=\"async\" src=\"https:\/\/gerda.pl\/wp-content\/uploads\/2021\/10\/WorksWith_Badge.png\" alt=\"Tedee\">\n\t\t\t\t\t\t\t\t\t\t\t\t\t<img decoding=\"async\" src=\"https:\/\/gerda.pl\/wp-content\/uploads\/2021\/10\/avtest_smart_home_en_11_2020.png\" alt=\"Tedee\">\n\t\t\t\t\t\t\t\t\t\t\t<\/div>\n\t\t\t\t\t\t<\/div>\n\t<\/div>\n<\/div>\n\n\n\n<div class=\"tedee-tutorials\">\n\t<h2 >Tutori\u00e1ly<\/h2>\n\t\t\t<div class=\"tutorials-carousel owl-carousel owl-theme\">\n\t\t\t\t\t<div class=\"item\">\n\t\t\t\t<h3>Instalace nov\u00e9ho v\u00e1lce<\/h3>\n\t\t\t\t<div class=\"iframe-container\">\n\t\t\t\t\t<iframe loading=\"lazy\" width=\"560\" height=\"315\" src=\"https:\/\/www.youtube.com\/embed\/DGPWnoPCUgE\" title=\"Instalace nov\u00e9ho v\u00e1lce\" frameborder=\"0\" allow=\"accelerometer; autoplay; clipboard-write; encrypted-media; gyroscope; picture-in-picture\" allowfullscreen><\/iframe>\n\t\t\t\t<\/div>\n\t\t\t<\/div>\n\t\t\t\t\t<div class=\"item\">\n\t\t\t\t<h3>Sestava z\u00e1mku Tedee<\/h3>\n\t\t\t\t<div class=\"iframe-container\">\n\t\t\t\t\t<iframe loading=\"lazy\" width=\"560\" height=\"315\" src=\"https:\/\/www.youtube.com\/embed\/AAfmhcx3jvE\" title=\"Sestava z\u00e1mku Tedee\" frameborder=\"0\" allow=\"accelerometer; autoplay; clipboard-write; encrypted-media; gyroscope; picture-in-picture\" allowfullscreen><\/iframe>\n\t\t\t\t<\/div>\n\t\t\t<\/div>\n\t\t\t\t\t<div class=\"item\">\n\t\t\t\t<h3>Demont\u00e1\u017e kov\u00e1n\u00ed<\/h3>\n\t\t\t\t<div class=\"iframe-container\">\n\t\t\t\t\t<iframe loading=\"lazy\" width=\"560\" height=\"315\" src=\"https:\/\/www.youtube.com\/embed\/cqIsoxnURm8\" title=\"Demont\u00e1\u017e kov\u00e1n\u00ed\" frameborder=\"0\" allow=\"accelerometer; autoplay; clipboard-write; encrypted-media; gyroscope; picture-in-picture\" allowfullscreen><\/iframe>\n\t\t\t\t<\/div>\n\t\t\t<\/div>\n\t\t\t\t\t<div class=\"item\">\n\t\t\t\t<h3>Skl\u00e1d\u00e1n\u00ed modul\u00e1rn\u00ed vlo\u017eky<\/h3>\n\t\t\t\t<div class=\"iframe-container\">\n\t\t\t\t\t<iframe loading=\"lazy\" width=\"560\" height=\"315\" src=\"https:\/\/www.youtube.com\/embed\/2_aYo5XWEnE\" title=\"Skl\u00e1d\u00e1n\u00ed modul\u00e1rn\u00ed vlo\u017eky\" frameborder=\"0\" allow=\"accelerometer; autoplay; clipboard-write; encrypted-media; gyroscope; picture-in-picture\" allowfullscreen><\/iframe>\n\t\t\t\t<\/div>\n\t\t\t<\/div>\n\t\t\t\t\t<div class=\"item\">\n\t\t\t\t<h3> Odstran\u011bn\u00ed kov\u00e1n\u00ed a vlo\u017eky<\/h3>\n\t\t\t\t<div class=\"iframe-container\">\n\t\t\t\t\t<iframe loading=\"lazy\" width=\"560\" height=\"315\" src=\"https:\/\/www.youtube.com\/embed\/E2R5N5Q97o4\" title=\" Odstran\u011bn\u00ed kov\u00e1n\u00ed a vlo\u017eky\" frameborder=\"0\" allow=\"accelerometer; autoplay; clipboard-write; encrypted-media; gyroscope; picture-in-picture\" allowfullscreen><\/iframe>\n\t\t\t\t<\/div>\n\t\t\t<\/div>\n\t\t\t<\/div>\n\t\t\n<\/div>\n\n\n<div class=\"tedee \">\t<div class=\"img\" style=\"background-image: url('https:\/\/gerda.pl\/wp-content\/uploads\/2021\/11\/tedee-zlozenie-render-1-e-lock-c-842@2x_0.jpeg');\"><\/div>\n\t<div class=\"desc\">\n\t\t<div class=\"description-container\">\n\t\t\t<h2> Transparentn\u00ed aplikace<\/h2>\n\t\t\t<h3>Virtu\u00e1ln\u00ed kl\u00ed\u010de na smartphonu<br \/>\nnebo chytr\u00e9 hodinky<\/h3>\n<p>U\u017e nepot\u0159ebujete tradi\u010dn\u00ed kl\u00ed\u010de, kter\u00e9 se hodn\u011b ztr\u00e1cej\u00ed. V\u0161e, co mus\u00edte ud\u011blat, je nainstalovat na\u0161i aplikaci na va\u0161e mobiln\u00ed za\u0159\u00edzen\u00ed pro otev\u00edr\u00e1n\u00ed a zav\u00edr\u00e1n\u00ed dve\u0159\u00ed.<\/p>\n<h3>Bezkontaktn\u00ed otev\u00edr\u00e1n\u00ed a zav\u00edr\u00e1n\u00ed<\/h3>\n<p>Kdy\u017e p\u0159ijdete dom\u016f s rukama pln\u00fdma n\u00e1kupu, u\u017e nemus\u00edte hledat kl\u00ed\u010de. V\u0161e, co mus\u00edte ud\u011blat, je nastavit automatick\u00e9 otev\u00edr\u00e1n\u00ed na va\u0161em smartphonu a z\u00e1mek se s\u00e1m otev\u0159e, kdy\u017e se p\u0159ibl\u00ed\u017e\u00edte ke dve\u0159\u00edm.<\/p>\n<h3>Sd\u00edlejte kl\u00ed\u010de na d\u00e1lku<\/h3>\n<p>Ned\u011blejte si starosti, pokud va\u0161i host\u00e9 doraz\u00ed p\u0159ed va\u0161\u00edm n\u00e1vratem. Otv\u00edrejte dve\u0159e na d\u00e1lku odkudkoli na sv\u011bt\u011b a ud\u011blujte do\u010dasn\u00fd nebo trval\u00fd p\u0159\u00edstup.<\/p>\n\t\t\t<div class=\"button-container\">\n\t\t\t\t\t\t\t\t\t\t\t<\/div>\n\t\t<\/div>\n\t<\/div>\n<\/div>\n\n\n<div class=\"tedee reversed\">\t<div class=\"img\" style=\"background-image: url('https:\/\/gerda.pl\/wp-content\/uploads\/2021\/11\/tedee-zlozenie-render-1-e-lock-c-842-copy@2x_0.jpeg');\"><\/div>\n\t<div class=\"desc\">\n\t\t<div class=\"description-container\">\n\t\t\t<h2>T\u0159i \u00farovn\u011b p\u0159\u00edstupu<\/h2>\n\t\t\t<h3>Majitel<\/h3>\n<p>M\u00e1 pln\u00fd p\u0159\u00edstup ke v\u0161em mo\u017enostem uzam\u010den\u00ed a spravuje p\u0159\u00edstup v\u0161ech u\u017eivatel\u016f.<\/p>\n<h3>Spr\u00e1vce<\/h3>\n<p>M\u00e1 tak\u00e9 pln\u00fd p\u0159\u00edstup ke v\u0161em mo\u017enostem, ale spravuje pouze p\u0159\u00edstup pro hosty.<\/p>\n<h3>Host<\/h3>\n<p>M\u016f\u017ee otev\u00edrat a zav\u00edrat dve\u0159e podle ud\u011blen\u00e9ho p\u0159\u00edstupu.<\/p>\n\t\t\t<div class=\"button-container\">\n\t\t\t\t\t\t\t\t\t\t\t<\/div>\n\t\t<\/div>\n\t<\/div>\n<\/div>\n\n\n<div class=\"tedee \">\t<div class=\"img\" style=\"background-image: url('https:\/\/gerda.pl\/wp-content\/uploads\/2021\/11\/tedee-zlozenie-render-1-e-lock-c-842-copy-2@2x_0.jpeg');\"><\/div>\n\t<div class=\"desc\">\n\t\t<div class=\"description-container\">\n\t\t\t<h2>Bezpe\u010dnost a efektivita<\/h2>\n\t\t\t<h3>Automatick\u00e9 zav\u00edr\u00e1n\u00ed<\/h3>\n<p>U\u017e se nemus\u00edte vracet, abyste zav\u0159el dve\u0159e. Nastavte si automatick\u00e9 vypnut\u00ed p\u0159i odchodu z domu a tedee powered by GERDA to ud\u011bl\u00e1 za v\u00e1s v ur\u010den\u00fd \u010das.<\/p>\n<h3>P\u016fl roku bez proudu<\/h3>\n<p>Baterie navr\u017een\u00e1 korejsk\u00fdmi in\u017een\u00fdry je vyhrazen\u00fdm z\u00e1mkov\u00fdm prvkem, kter\u00fd j\u00ed umo\u017e\u0148uje fungovat po dobu 6 m\u011bs\u00edc\u016f bez dob\u00edjen\u00ed. Kdy\u017e to vy\u017eaduje nap\u00e1jen\u00ed, aplikace v\u00e1s o tom informuje pom\u011brn\u011b brzy a na dal\u0161\u00ed p\u016flrok v\u00e1m sta\u010d\u00ed jedna noc.<\/p>\n\t\t\t<div class=\"button-container\">\n\t\t\t\t\t\t\t\t\t\t\t<\/div>\n\t\t<\/div>\n\t<\/div>\n<\/div>\n\n\n\n\n<div class=\"tedee-application-desc\">\n\t<div class=\"container\">\n\t\t<div class=\"row\">\n\t\t\t<div class=\"col-12\">\n\t\t\t\t<h2>Aplikace pro iOS a Android<\/h2>\n\t\t\t<\/div>\n\t\t<\/div>\n\t\t<div class=\"row\">\n\t\t\t\t\t\t\t<div class=\"col-12 col-md-6 application-desc\">\n\t\t\t\t\t<img decoding=\"async\" src=\"https:\/\/gerda.pl\/wp-content\/uploads\/2021\/11\/ico1.svg\" alt=\" Ovl\u00e1d\u00e1n\u00ed na d\u00e1lku\">\n\t\t\t\t\t<h3> Ovl\u00e1d\u00e1n\u00ed na d\u00e1lku<\/h3>\n\t\t\t\t\t<p>Otev\u0159\u00edt a zav\u0159\u00edt. Ud\u011blujte p\u0159\u00edstup a p\u0159id\u00e1vejte u\u017eivatele odkudkoli na sv\u011bt\u011b. Bez ohledu na to, kde se nach\u00e1z\u00edte, v\u0161e, co pot\u0159ebujete, je p\u0159\u00edstup k internetu k ovl\u00e1d\u00e1n\u00ed z\u00e1mku na va\u0161ich dve\u0159\u00edch.<\/p>\n\t\t\t\t<\/div>\n\t\t\t\t\t\t\t<div class=\"col-12 col-md-6 application-desc\">\n\t\t\t\t\t<img decoding=\"async\" src=\"https:\/\/gerda.pl\/wp-content\/uploads\/2021\/11\/ico2.svg\" alt=\" Protokol \u010dinnosti\">\n\t\t\t\t\t<h3> Protokol \u010dinnosti<\/h3>\n\t\t\t\t\t<p>Kdykoli m\u016f\u017eete zkontrolovat, kdo vstoupil a kdo vystoupil. D\u00edky aplikaci m\u00e1te plnou kontrolu nad p\u0159\u00edstupem do va\u0161eho domova i firmy.<\/p>\n\t\t\t\t<\/div>\n\t\t\t\t\t\t\t<div class=\"col-12 col-md-6 application-desc\">\n\t\t\t\t\t<img decoding=\"async\" src=\"https:\/\/gerda.pl\/wp-content\/uploads\/2021\/11\/ico3.svg\" alt=\"Ozn\u00e1men\u00ed\">\n\t\t\t\t\t<h3>Ozn\u00e1men\u00ed<\/h3>\n\t\t\t\t\t<p>P\u0159izp\u016fsobte si aplikaci podle sv\u00fdch pot\u0159eb a z\u00edskejte pouze informace, kter\u00e9 v\u00e1s zaj\u00edmaj\u00ed.<\/p>\n\t\t\t\t<\/div>\n\t\t\t\t\t\t\t<div class=\"col-12 col-md-6 application-desc\">\n\t\t\t\t\t<img decoding=\"async\" src=\"https:\/\/gerda.pl\/wp-content\/uploads\/2021\/11\/ico4.svg\" alt=\" V\u00edce z\u00e1mk\u016f na jeden kl\u00ed\u010d\">\n\t\t\t\t\t<h3> V\u00edce z\u00e1mk\u016f na jeden kl\u00ed\u010d<\/h3>\n\t\t\t\t\t<p>Spravujte v\u00edce z\u00e1mk\u016f na r\u016fzn\u00fdch m\u00edstech. Pou\u017eijte mobiln\u00ed aplikaci a prom\u011b\u0148te sv\u016fj smartphone v chytr\u00fd a bezpe\u010dn\u00fd kl\u00ed\u010d, kter\u00fd nikdy neztrat\u00edte<\/p>\n\t\t\t\t<\/div>\n\t\t\t\t\t<\/div>\n\t<\/div>\t\t\n<\/div>\n<div class=\"tedee-application-gallery\">\n\t<div class=\"container\">\n\t\t<div class=\"row\">\n\t\t\t\t\t<div class=\"col-12 col-md-4\">\n\t\t\t\t<img decoding=\"async\" src=\"https:\/\/gerda.pl\/wp-content\/uploads\/2021\/11\/group-2-copy-2@2x.png\" alt=\"Aplikace pro iOS a Android\">\n\t\t\t<\/div>\n\t\t\t\t\t<\/div>\n\t<\/div>\t\n<\/div>\n\n\n\n\n<div class=\"tedee-lock\">\n\t<div class=\"container\">\n\t\t<div class=\"row\">\n\t\t\t<div class=\"col-12\">\n\t\t\t\t<h2>Stylov\u00e9, funk\u010dn\u00ed, bezpe\u010dn\u00e9<\/h2>\n\t\t\t\t<h4>D\u00edky hlin\u00edkov\u00e9mu krytu a inovativn\u00edmu designu se hod\u00ed do ka\u017ed\u00e9ho interi\u00e9ru.<\/h4>\n\t\t\t<\/div>\n\t\t<\/div>\n\t\t<div class=\"row\">\n\t\t\t<div class=\"col-12\">\n\t\t\t\t\t\t\t\t<img decoding=\"async\" src=\"https:\/\/gerda.pl\/wp-content\/uploads\/2021\/11\/tedee-zlozenie-render-1-e-lock-c-842-copy-2@2x-scaled.jpeg\" alt=\"Stylov\u00e9, funk\u010dn\u00ed, bezpe\u010dn\u00e9\">\n\t\t\t\t\t\t\t<\/div>\n\t\t<\/div>\n\t\t<div class=\"row\">\n\t\t\t\t\t\t\t<div class=\"col-12 col-md-4\">\n\t\t\t\t\t<h3>Patentovan\u00fd pohon GERDA<\/h3>\n\t\t\t\t\t<p>Nejmen\u0161\u00ed a nejsiln\u011bj\u0161\u00ed z\u00e1mek na sv\u011bt\u011b, navr\u017een\u00fd in\u017een\u00fdry z GERDA. Sada tedee obsahuje tak\u00e9 vlo\u017eku Gerda v \u0161est\u00e9 bezpe\u010dnostn\u00ed t\u0159\u00edd\u011b.<\/p>\n\t\t\t\t<\/div>\n\t\t\t\t\t\t\t<div class=\"col-12 col-md-4\">\n\t\t\t\t\t<h3>256bitov\u00fd bezpe\u010dnostn\u00ed kl\u00ed\u010d<\/h3>\n\t\t\t\t\t<p>V\u0161echna data z aplikace jsou \u0161ifrov\u00e1na nejbezpe\u010dn\u011bj\u0161\u00edm protokolem TLS 1.3 s 256bitov\u00fdm bezpe\u010dnostn\u00edm kl\u00ed\u010dem. Stejn\u00fd bezpe\u010dnostn\u00ed syst\u00e9m se pou\u017e\u00edv\u00e1 u plateb, jako je Apple Pay.<\/p>\n\t\t\t\t<\/div>\n\t\t\t\t\t\t\t<div class=\"col-12 col-md-4\">\n\t\t\t\t\t<h3>V\u00fdrobek bez z\u00e1vad<\/h3>\n\t\t\t\t\t<p>Intuitivn\u00ed aplikaci s u\u017eivatelsky p\u0159\u00edv\u011btiv\u00fdm rozhran\u00edm navrhli odborn\u00edci na internet v\u011bc\u00ed ze spole\u010dnosti tedee.<\/p>\n\t\t\t\t<\/div>\n\t\t\t\t\t<\/div>\n\t<\/div>\t\t\n<\/div>\n\n\n\n<div style=\"height:150px\" aria-hidden=\"true\" class=\"wp-block-spacer\"><\/div>\n\n\n\n<div class=\"wp-block-columns is-layout-flex wp-container-core-columns-is-layout-28f84493 wp-block-columns-is-layout-flex\">\n<div class=\"wp-block-column is-layout-flow wp-block-column-is-layout-flow\" style=\"flex-basis:200px\"><\/div>\n\n\n\n<div class=\"wp-block-column is-layout-flow wp-block-column-is-layout-flow\">\n<div class=\"tile\">\n\t\t\t<a href=\"https:\/\/gerda.pl\/wp-content\/uploads\/2023\/03\/doc_4837253.pdf\">\n\t\t\t\t<img decoding=\"async\" src=\"https:\/\/gerda.pl\/wp-content\/uploads\/2023\/03\/tedee1.jpg\" alt=\"Uzivatelsky manual pr\u016fvodce instalaci\">\n\t\t\t\t<p class=\"tile__title\">Uzivatelsky manual pr\u016fvodce instalaci<\/p>\n\t\t\t\t<p class=\"tile__subtitle\">tedee powered by Gerda<\/p>\n\t\t\t\t<\/a>\n\t<\/div>\n<\/div>\n\n\n\n<div class=\"wp-block-column is-layout-flow wp-block-column-is-layout-flow\">\n<div class=\"tile\">\n\t\t\t<a href=\"https:\/\/gerda.pl\/wp-content\/uploads\/2023\/03\/doc_4837254.pdf\">\n\t\t\t\t<img decoding=\"async\" src=\"https:\/\/gerda.pl\/wp-content\/uploads\/2021\/04\/tedee-zlozenie-render-1-e-lock-c-842-copy-2@2x.jpg\" alt=\"Odemykejte lehce a snadno\">\n\t\t\t\t<p class=\"tile__title\">Odemykejte lehce a snadno<\/p>\n\t\t\t\t<p class=\"tile__subtitle\">tedee powered by Gerda<\/p>\n\t\t\t\t<\/a>\n\t<\/div>\n<\/div>\n\n\n\n<div class=\"wp-block-column is-layout-flow wp-block-column-is-layout-flow\" style=\"flex-basis:200px\"><\/div>\n<\/div>\n","protected":false},"excerpt":{"rendered":"","protected":false},"author":1,"featured_media":0,"parent":40373,"menu_order":0,"comment_status":"closed","ping_status":"closed","template":"page-tedee.php","meta":{"_acf_changed":false,"om_disable_all_campaigns":false,"inline_featured_image":false,"_monsterinsights_skip_tracking":false,"_monsterinsights_sitenote_active":false,"_monsterinsights_sitenote_note":"","_monsterinsights_sitenote_category":0,"footnotes":"","_links_to":"","_links_to_target":""},"class_list":["post-40452","page","type-page","status-publish","hentry"],"acf":[],"yoast_head":"<!-- This site is optimized with the Yoast SEO plugin v27.3 - https:\/\/yoast.com\/product\/yoast-seo-wordpress\/ -->\n<title>Jak to funguje - Gerda<\/title>\n<meta name=\"robots\" content=\"index, follow, max-snippet:-1, max-image-preview:large, max-video-preview:-1\" \/>\n<meta property=\"og:locale\" content=\"cs_CZ\" \/>\n<meta property=\"og:type\" content=\"article\" \/>\n<meta property=\"og:title\" content=\"Jak to funguje - Gerda\" \/>\n<meta property=\"og:url\" content=\"https:\/\/gerda.pl\/cs\/tedee\/jak-to-dziala\/\" \/>\n<meta property=\"og:site_name\" content=\"Gerda\" \/>\n<meta property=\"article:publisher\" content=\"https:\/\/www.facebook.com\/gerda.zamki.drzwi.bramy\" \/>\n<meta property=\"article:modified_time\" content=\"2023-03-10T08:03:12+00:00\" \/>\n<meta name=\"twitter:card\" content=\"summary_large_image\" \/>\n<script type=\"application\/ld+json\" class=\"yoast-schema-graph\">{\"@context\":\"https:\\\/\\\/schema.org\",\"@graph\":[{\"@type\":\"WebPage\",\"@id\":\"https:\\\/\\\/gerda.pl\\\/cs\\\/tedee\\\/jak-to-dziala\\\/\",\"url\":\"https:\\\/\\\/gerda.pl\\\/cs\\\/tedee\\\/jak-to-dziala\\\/\",\"name\":\"Jak to funguje - Gerda\",\"isPartOf\":{\"@id\":\"https:\\\/\\\/gerda.pl\\\/cs\\\/#website\"},\"datePublished\":\"2021-11-23T13:10:35+00:00\",\"dateModified\":\"2023-03-10T08:03:12+00:00\",\"breadcrumb\":{\"@id\":\"https:\\\/\\\/gerda.pl\\\/cs\\\/tedee\\\/jak-to-dziala\\\/#breadcrumb\"},\"inLanguage\":\"cs\",\"potentialAction\":[{\"@type\":\"ReadAction\",\"target\":[\"https:\\\/\\\/gerda.pl\\\/cs\\\/tedee\\\/jak-to-dziala\\\/\"]}]},{\"@type\":\"BreadcrumbList\",\"@id\":\"https:\\\/\\\/gerda.pl\\\/cs\\\/tedee\\\/jak-to-dziala\\\/#breadcrumb\",\"itemListElement\":[{\"@type\":\"ListItem\",\"position\":1,\"name\":\"Home\",\"item\":\"https:\\\/\\\/gerda.pl\\\/cs\\\/\"},{\"@type\":\"ListItem\",\"position\":2,\"name\":\"Tedee\",\"item\":\"https:\\\/\\\/gerda.pl\\\/cs\\\/tedee\\\/\"},{\"@type\":\"ListItem\",\"position\":3,\"name\":\"Jak to funguje\"}]},{\"@type\":\"WebSite\",\"@id\":\"https:\\\/\\\/gerda.pl\\\/cs\\\/#website\",\"url\":\"https:\\\/\\\/gerda.pl\\\/cs\\\/\",\"name\":\"Gerda\",\"description\":\"Producent drzwi i zamk\u00f3w do drzwi\",\"publisher\":{\"@id\":\"https:\\\/\\\/gerda.pl\\\/cs\\\/#organization\"},\"potentialAction\":[{\"@type\":\"SearchAction\",\"target\":{\"@type\":\"EntryPoint\",\"urlTemplate\":\"https:\\\/\\\/gerda.pl\\\/cs\\\/?s={search_term_string}\"},\"query-input\":{\"@type\":\"PropertyValueSpecification\",\"valueRequired\":true,\"valueName\":\"search_term_string\"}}],\"inLanguage\":\"cs\"},{\"@type\":\"Organization\",\"@id\":\"https:\\\/\\\/gerda.pl\\\/cs\\\/#organization\",\"name\":\"Gerda\",\"url\":\"https:\\\/\\\/gerda.pl\\\/cs\\\/\",\"logo\":{\"@type\":\"ImageObject\",\"inLanguage\":\"cs\",\"@id\":\"https:\\\/\\\/gerda.pl\\\/cs\\\/#\\\/schema\\\/logo\\\/image\\\/\",\"url\":\"https:\\\/\\\/gerda.pl\\\/wp-content\\\/uploads\\\/2025\\\/11\\\/Logo-Gerda_GLOBAL_rgb1-scaled.png\",\"contentUrl\":\"https:\\\/\\\/gerda.pl\\\/wp-content\\\/uploads\\\/2025\\\/11\\\/Logo-Gerda_GLOBAL_rgb1-scaled.png\",\"width\":2560,\"height\":699,\"caption\":\"Gerda\"},\"image\":{\"@id\":\"https:\\\/\\\/gerda.pl\\\/cs\\\/#\\\/schema\\\/logo\\\/image\\\/\"},\"sameAs\":[\"https:\\\/\\\/www.facebook.com\\\/gerda.zamki.drzwi.bramy\"]}]}<\/script>\n<!-- \/ Yoast SEO plugin. -->","yoast_head_json":{"title":"Jak to funguje - Gerda","robots":{"index":"index","follow":"follow","max-snippet":"max-snippet:-1","max-image-preview":"max-image-preview:large","max-video-preview":"max-video-preview:-1"},"og_locale":"cs_CZ","og_type":"article","og_title":"Jak to funguje - Gerda","og_url":"https:\/\/gerda.pl\/cs\/tedee\/jak-to-dziala\/","og_site_name":"Gerda","article_publisher":"https:\/\/www.facebook.com\/gerda.zamki.drzwi.bramy","article_modified_time":"2023-03-10T08:03:12+00:00","twitter_card":"summary_large_image","schema":{"@context":"https:\/\/schema.org","@graph":[{"@type":"WebPage","@id":"https:\/\/gerda.pl\/cs\/tedee\/jak-to-dziala\/","url":"https:\/\/gerda.pl\/cs\/tedee\/jak-to-dziala\/","name":"Jak to funguje - Gerda","isPartOf":{"@id":"https:\/\/gerda.pl\/cs\/#website"},"datePublished":"2021-11-23T13:10:35+00:00","dateModified":"2023-03-10T08:03:12+00:00","breadcrumb":{"@id":"https:\/\/gerda.pl\/cs\/tedee\/jak-to-dziala\/#breadcrumb"},"inLanguage":"cs","potentialAction":[{"@type":"ReadAction","target":["https:\/\/gerda.pl\/cs\/tedee\/jak-to-dziala\/"]}]},{"@type":"BreadcrumbList","@id":"https:\/\/gerda.pl\/cs\/tedee\/jak-to-dziala\/#breadcrumb","itemListElement":[{"@type":"ListItem","position":1,"name":"Home","item":"https:\/\/gerda.pl\/cs\/"},{"@type":"ListItem","position":2,"name":"Tedee","item":"https:\/\/gerda.pl\/cs\/tedee\/"},{"@type":"ListItem","position":3,"name":"Jak to funguje"}]},{"@type":"WebSite","@id":"https:\/\/gerda.pl\/cs\/#website","url":"https:\/\/gerda.pl\/cs\/","name":"Gerda","description":"Producent drzwi i zamk\u00f3w do drzwi","publisher":{"@id":"https:\/\/gerda.pl\/cs\/#organization"},"potentialAction":[{"@type":"SearchAction","target":{"@type":"EntryPoint","urlTemplate":"https:\/\/gerda.pl\/cs\/?s={search_term_string}"},"query-input":{"@type":"PropertyValueSpecification","valueRequired":true,"valueName":"search_term_string"}}],"inLanguage":"cs"},{"@type":"Organization","@id":"https:\/\/gerda.pl\/cs\/#organization","name":"Gerda","url":"https:\/\/gerda.pl\/cs\/","logo":{"@type":"ImageObject","inLanguage":"cs","@id":"https:\/\/gerda.pl\/cs\/#\/schema\/logo\/image\/","url":"https:\/\/gerda.pl\/wp-content\/uploads\/2025\/11\/Logo-Gerda_GLOBAL_rgb1-scaled.png","contentUrl":"https:\/\/gerda.pl\/wp-content\/uploads\/2025\/11\/Logo-Gerda_GLOBAL_rgb1-scaled.png","width":2560,"height":699,"caption":"Gerda"},"image":{"@id":"https:\/\/gerda.pl\/cs\/#\/schema\/logo\/image\/"},"sameAs":["https:\/\/www.facebook.com\/gerda.zamki.drzwi.bramy"]}]}},"_links":{"self":[{"href":"https:\/\/gerda.pl\/cs\/wp-json\/wp\/v2\/pages\/40452","targetHints":{"allow":["GET"]}}],"collection":[{"href":"https:\/\/gerda.pl\/cs\/wp-json\/wp\/v2\/pages"}],"about":[{"href":"https:\/\/gerda.pl\/cs\/wp-json\/wp\/v2\/types\/page"}],"author":[{"embeddable":true,"href":"https:\/\/gerda.pl\/cs\/wp-json\/wp\/v2\/users\/1"}],"replies":[{"embeddable":true,"href":"https:\/\/gerda.pl\/cs\/wp-json\/wp\/v2\/comments?post=40452"}],"version-history":[{"count":22,"href":"https:\/\/gerda.pl\/cs\/wp-json\/wp\/v2\/pages\/40452\/revisions"}],"predecessor-version":[{"id":51553,"href":"https:\/\/gerda.pl\/cs\/wp-json\/wp\/v2\/pages\/40452\/revisions\/51553"}],"up":[{"embeddable":true,"href":"https:\/\/gerda.pl\/cs\/wp-json\/wp\/v2\/pages\/40373"}],"wp:attachment":[{"href":"https:\/\/gerda.pl\/cs\/wp-json\/wp\/v2\/media?parent=40452"}],"curies":[{"name":"wp","href":"https:\/\/api.w.org\/{rel}","templated":true}]}}