{"id":40470,"date":"2022-08-01T16:49:06","date_gmt":"2022-08-01T14:49:06","guid":{"rendered":"https:\/\/gerda.pl\/?page_id=40470"},"modified":"2022-12-07T12:20:03","modified_gmt":"2022-12-07T11:20:03","slug":"aplikace","status":"publish","type":"page","link":"https:\/\/gerda.pl\/cs\/tedee\/aplikace\/","title":{"rendered":"Aplikace"},"content":{"rendered":"\n<div style=\"height:120px\" aria-hidden=\"true\" class=\"wp-block-spacer\"><\/div>\n\n\n\n<h2 class=\"has-blue-color has-text-color wp-block-heading\">Aplikace v\u011bnovan\u00e1 hradu Tedee poh\u00e1n\u011bn\u00e1 Gerdou<\/h2>\n\n\n\n<p>Neust\u00e1l\u00fd sp\u011bch, v\u010derej\u0161\u00ed term\u00edny a p\u0159\u00edli\u0161 mnoho v\u011bc\u00ed najednou. A tato my\u0161lenka\u2026 Byly vchodov\u00e9 dve\u0159e domu zav\u0159en\u00e9? Tento rann\u00ed sc\u00e9n\u00e1\u0159 se u\u017e asi stal ka\u017ed\u00e9mu a zp\u016fsobil zbyte\u010dn\u00fd zmatek, zpo\u017ed\u011bn\u00ed a dokonce zk\u0159\u00ed\u017eil pl\u00e1ny na zbytek dne. Na\u0161t\u011bst\u00ed m\u00e1te \u0159e\u0161en\u00ed t\u00e9to v\u00fdzvy doslova na dosah ruky!<\/p>\n\n\n\n<h3 class=\"has-blue-color has-text-color wp-block-heading\">St\u00e1hn\u011bte si specializovanou aplikaci Tedee powered by Gerda<\/h3>\n\n\n\n<p>A pokud ano, ovl\u00e1dat z\u00e1mek dve\u0159\u00ed odkudkoli na sv\u011bt\u011b? Nyn\u00ed je to mo\u017en\u00e9 d\u00edky unik\u00e1tn\u00edmu \u0159e\u0161en\u00ed &#8211; sad\u011b Tedee powered by Gerda a internetov\u00e9 konektivit\u011b d\u00edky za\u0159\u00edzen\u00ed Bridge. Sada obsahuje:<\/p>\n\n\n\n<ul class=\"wp-block-list\"><li>Inteligentn\u00ed z\u00e1mek, kter\u00fd lze pln\u011b ovl\u00e1dat ze smartphonu nebo Apple Watch prost\u0159ednictv\u00edm mobiln\u00ed aplikace, p\u0159izp\u016fsoben\u00fd pro fungov\u00e1n\u00ed na syst\u00e9mech Android i iOS.<\/li><li>Wi-Fi \/ Bluetooth Bridge router, kter\u00fd umo\u017e\u0148uje p\u0159ipojit z\u00e1mek k internetov\u00e9 s\u00edti, a tak jej ovl\u00e1dat odkudkoli na sv\u011bt\u011b.<\/li><li>Modul\u00e1rn\u00ed cylindrick\u00e1 vlo\u017eka GERDA, d\u00edky kter\u00e9 je mo\u017en\u00e9 z\u00e1mek otev\u0159\u00edt tradi\u010dn\u00edm zp\u016fsobem vyhrazen\u00fdm kl\u00ed\u010dem<\/li><\/ul>\n\n\n\n<p>Ovl\u00e1d\u00e1n\u00ed z\u00e1mku p\u0159es aplikaci je nejen mo\u017enost rychle zjistit, zda jsou vchodov\u00e9 dve\u0159e definitivn\u011b zav\u0159en\u00e9, ale tak\u00e9 mnohem jednodu\u0161\u0161\u00ed z hlediska p\u0159\u00edstupu do bytu v p\u0159\u00edpad\u011b nep\u0159\u00edtomnosti \u010dlen\u016f dom\u00e1cnosti. Digit\u00e1ln\u00ed kl\u00ed\u010d lze sd\u00edlet nap\u0159\u00edklad s rodinn\u00fdmi p\u0159\u00edslu\u0161n\u00edky a p\u0159\u00e1teli a mo\u017enost vyu\u017eit\u00ed mnoha sc\u00e9n\u00e1\u0159\u016f umo\u017e\u0148uje \u0159\u00eddit p\u0159\u00edstup do\u010dasn\u011b nebo i cyklicky.<\/p>\n\n\n\n<p>Krom\u011b toho m\u00e1 aplikace t\u0159i \u00farovn\u011b p\u0159\u00edstupu:<\/p>\n\n\n\n<ul class=\"wp-block-list\"><li><strong>Vlastn\u00edk<\/strong> \u2013 umo\u017e\u0148uje pln\u00fd p\u0159\u00edstup ke v\u0161em funkc\u00edm z\u00e1mku a spravuje \u00farove\u0148 p\u0159\u00edstupu v\u0161ech u\u017eivatel\u016f.<\/li><li><strong>Spr\u00e1vce<\/strong> \u2013 stejn\u011b jako vlastn\u00edk m\u00e1 p\u0159\u00edstup ke v\u0161em funkc\u00edm, ale m\u016f\u017ee spravovat p\u0159\u00edstup pouze pro hosty.<\/li><li><strong>Host<\/strong> &#8211; m\u016f\u017ee otev\u00edrat a zav\u00edrat dve\u0159e, ale pouze v souladu se sc\u00e9n\u00e1\u0159em, kter\u00fd mu byl p\u0159id\u011blen, nap\u0159. pravideln\u011b ka\u017ed\u00e9 zadan\u00e9 datum.<\/li><\/ul>\n\n\n\n<h2 class=\"wp-block-heading\">P\u0159ehlednost a snadn\u00e9 pou\u017eit\u00ed<\/h2>\n\n\n\n<p>Velkou v\u00fdhodou dedikovan\u00e9 aplikace Tedee powered by Gerda je jej\u00ed jednoduch\u00e9 a intuitivn\u00ed rozhran\u00ed. Nau\u010dit se pou\u017e\u00edvat ve\u0161ker\u00e9 navr\u017een\u00e9 vybaven\u00ed nebude t\u011b\u017ek\u00e9 jak pro d\u011bti, tak pro seniory.<\/p>\n\n\n\n<p>D\u00edky chytr\u00fdm z\u00e1mk\u016fm m\u00e1te plnou kontrolu nad t\u00edm, kdo a v jak\u00e9m \u010dase otev\u0159e z\u00e1mek dve\u0159\u00ed. Z\u00edskejte p\u0159\u00edstup k historii ud\u00e1lost\u00ed souvisej\u00edc\u00edch s otev\u00edr\u00e1n\u00edm a zav\u00edr\u00e1n\u00edm dve\u0159\u00ed. Zkontrolujte, zda se va\u0161e d\u00edt\u011b ji\u017e vr\u00e1tilo ze \u0161koly a zda host\u00e9 po odchodu z bytu zav\u0159eli dve\u0159e. Z\u00edskejte plnou kontrolu nad p\u0159\u00edstupem do sv\u00e9ho domova.<\/p>\n\n\n\n<p>Nav\u00edc p\u0159i detekci ud\u00e1losti m\u016f\u017eete okam\u017eit\u011b zkontrolovat, zda je z\u00e1mek st\u00e1le uzam\u010den. Pokud je to nutn\u00e9, syst\u00e9m jej znovu uzav\u0159e a zavol\u00e1 na t\u00eds\u0148ovou linku, pokud v byt\u011b v tu chv\u00edli nesm\u011bli b\u00fdt \u017e\u00e1dn\u00ed p\u0159\u00e1tel\u00e9 nebo rodina.<\/p>\n\n\n\n<p>\u0158e\u0161en\u00ed poskytovan\u00e9 aplikac\u00ed Tedee powered by Gerda umo\u017e\u0148uje vytv\u00e1\u0159et sc\u00e9n\u00e1\u0159e neomezen\u00e9ho p\u0159\u00edstupu nebo budovat z\u00e1kladnu u\u017eivatel\u016f s v\u011bt\u0161\u00edm \u010di men\u0161\u00edm p\u0159\u00edstupem k otev\u0159en\u00ed z\u00e1mku. A co v\u00edc, bez jak\u00fdchkoliv p\u0159\u00eddavn\u00fdch modul\u016f nebo pomocn\u00fdch aplikac\u00ed umo\u017e\u0148uje ovl\u00e1dat v\u0161echny z\u00e1mky v dom\u011b. Vsa\u010fte na kompletn\u00ed zabezpe\u010den\u00ed va\u0161eho domova \u010di bytu s inovativn\u00edm z\u00e1mkem Tedee powered by Gerda.<\/p>\n\n\n\n<div class=\"wp-block-buttons is-layout-flex wp-block-buttons-is-layout-flex\"><\/div>\n","protected":false},"excerpt":{"rendered":"<p>Aplikace v\u011bnovan\u00e1 hradu Tedee poh\u00e1n\u011bn\u00e1 Gerdou Neust\u00e1l\u00fd sp\u011bch, v\u010derej\u0161\u00ed term\u00edny a p\u0159\u00edli\u0161 mnoho v\u011bc\u00ed najednou. A tato my\u0161lenka\u2026 Byly vchodov\u00e9 dve\u0159e domu zav\u0159en\u00e9? Tento rann\u00ed sc\u00e9n\u00e1\u0159 se u\u017e asi stal ka\u017ed\u00e9mu a zp\u016fsobil zbyte\u010dn\u00fd zmatek, zpo\u017ed\u011bn\u00ed a dokonce zk\u0159\u00ed\u017eil pl\u00e1ny na zbytek dne. Na\u0161t\u011bst\u00ed m\u00e1te \u0159e\u0161en\u00ed t\u00e9to v\u00fdzvy doslova na dosah ruky! St\u00e1hn\u011bte si specializovanou [&hellip;]<\/p>\n","protected":false},"author":1,"featured_media":0,"parent":40373,"menu_order":0,"comment_status":"closed","ping_status":"closed","template":"page-tedee-txt.php","meta":{"_acf_changed":false,"om_disable_all_campaigns":false,"inline_featured_image":false,"_monsterinsights_skip_tracking":false,"_monsterinsights_sitenote_active":false,"_monsterinsights_sitenote_note":"","_monsterinsights_sitenote_category":0,"footnotes":"","_links_to":"","_links_to_target":""},"class_list":["post-40470","page","type-page","status-publish","hentry"],"acf":[],"yoast_head":"<!-- This site is optimized with the Yoast SEO plugin v27.4 - https:\/\/yoast.com\/product\/yoast-seo-wordpress\/ -->\n<title>Aplikace - Gerda<\/title>\n<meta name=\"robots\" content=\"index, follow, max-snippet:-1, max-image-preview:large, max-video-preview:-1\" \/>\n<meta property=\"og:locale\" content=\"cs_CZ\" \/>\n<meta property=\"og:type\" content=\"article\" \/>\n<meta property=\"og:title\" content=\"Aplikace - Gerda\" \/>\n<meta property=\"og:description\" content=\"Aplikace v\u011bnovan\u00e1 hradu Tedee poh\u00e1n\u011bn\u00e1 Gerdou Neust\u00e1l\u00fd sp\u011bch, v\u010derej\u0161\u00ed term\u00edny a p\u0159\u00edli\u0161 mnoho v\u011bc\u00ed najednou. A tato my\u0161lenka\u2026 Byly vchodov\u00e9 dve\u0159e domu zav\u0159en\u00e9? Tento rann\u00ed sc\u00e9n\u00e1\u0159 se u\u017e asi stal ka\u017ed\u00e9mu a zp\u016fsobil zbyte\u010dn\u00fd zmatek, zpo\u017ed\u011bn\u00ed a dokonce zk\u0159\u00ed\u017eil pl\u00e1ny na zbytek dne. Na\u0161t\u011bst\u00ed m\u00e1te \u0159e\u0161en\u00ed t\u00e9to v\u00fdzvy doslova na dosah ruky! St\u00e1hn\u011bte si specializovanou [&hellip;]\" \/>\n<meta property=\"og:url\" content=\"https:\/\/gerda.pl\/cs\/tedee\/aplikace\/\" \/>\n<meta property=\"og:site_name\" content=\"Gerda\" \/>\n<meta property=\"article:publisher\" content=\"https:\/\/www.facebook.com\/gerda.zamki.drzwi.bramy\" \/>\n<meta property=\"article:modified_time\" content=\"2022-12-07T11:20:03+00:00\" \/>\n<meta name=\"twitter:card\" content=\"summary_large_image\" \/>\n<meta name=\"twitter:label1\" content=\"Odhadovan\u00e1 doba \u010dten\u00ed\" \/>\n\t<meta name=\"twitter:data1\" content=\"3 minuty\" \/>\n<script type=\"application\/ld+json\" class=\"yoast-schema-graph\">{\"@context\":\"https:\\\/\\\/schema.org\",\"@graph\":[{\"@type\":\"WebPage\",\"@id\":\"https:\\\/\\\/gerda.pl\\\/cs\\\/tedee\\\/aplikace\\\/\",\"url\":\"https:\\\/\\\/gerda.pl\\\/cs\\\/tedee\\\/aplikace\\\/\",\"name\":\"Aplikace - Gerda\",\"isPartOf\":{\"@id\":\"https:\\\/\\\/gerda.pl\\\/cs\\\/#website\"},\"datePublished\":\"2022-08-01T14:49:06+00:00\",\"dateModified\":\"2022-12-07T11:20:03+00:00\",\"breadcrumb\":{\"@id\":\"https:\\\/\\\/gerda.pl\\\/cs\\\/tedee\\\/aplikace\\\/#breadcrumb\"},\"inLanguage\":\"cs\",\"potentialAction\":[{\"@type\":\"ReadAction\",\"target\":[\"https:\\\/\\\/gerda.pl\\\/cs\\\/tedee\\\/aplikace\\\/\"]}]},{\"@type\":\"BreadcrumbList\",\"@id\":\"https:\\\/\\\/gerda.pl\\\/cs\\\/tedee\\\/aplikace\\\/#breadcrumb\",\"itemListElement\":[{\"@type\":\"ListItem\",\"position\":1,\"name\":\"Home\",\"item\":\"https:\\\/\\\/gerda.pl\\\/cs\\\/\"},{\"@type\":\"ListItem\",\"position\":2,\"name\":\"Tedee\",\"item\":\"https:\\\/\\\/gerda.pl\\\/cs\\\/tedee\\\/\"},{\"@type\":\"ListItem\",\"position\":3,\"name\":\"Aplikace\"}]},{\"@type\":\"WebSite\",\"@id\":\"https:\\\/\\\/gerda.pl\\\/cs\\\/#website\",\"url\":\"https:\\\/\\\/gerda.pl\\\/cs\\\/\",\"name\":\"Gerda\",\"description\":\"Producent drzwi i zamk\u00f3w do drzwi\",\"publisher\":{\"@id\":\"https:\\\/\\\/gerda.pl\\\/cs\\\/#organization\"},\"potentialAction\":[{\"@type\":\"SearchAction\",\"target\":{\"@type\":\"EntryPoint\",\"urlTemplate\":\"https:\\\/\\\/gerda.pl\\\/cs\\\/?s={search_term_string}\"},\"query-input\":{\"@type\":\"PropertyValueSpecification\",\"valueRequired\":true,\"valueName\":\"search_term_string\"}}],\"inLanguage\":\"cs\"},{\"@type\":\"Organization\",\"@id\":\"https:\\\/\\\/gerda.pl\\\/cs\\\/#organization\",\"name\":\"Gerda\",\"url\":\"https:\\\/\\\/gerda.pl\\\/cs\\\/\",\"logo\":{\"@type\":\"ImageObject\",\"inLanguage\":\"cs\",\"@id\":\"https:\\\/\\\/gerda.pl\\\/cs\\\/#\\\/schema\\\/logo\\\/image\\\/\",\"url\":\"https:\\\/\\\/gerda.pl\\\/wp-content\\\/uploads\\\/2025\\\/11\\\/Logo-Gerda_GLOBAL_rgb1-scaled.png\",\"contentUrl\":\"https:\\\/\\\/gerda.pl\\\/wp-content\\\/uploads\\\/2025\\\/11\\\/Logo-Gerda_GLOBAL_rgb1-scaled.png\",\"width\":2560,\"height\":699,\"caption\":\"Gerda\"},\"image\":{\"@id\":\"https:\\\/\\\/gerda.pl\\\/cs\\\/#\\\/schema\\\/logo\\\/image\\\/\"},\"sameAs\":[\"https:\\\/\\\/www.facebook.com\\\/gerda.zamki.drzwi.bramy\"]}]}<\/script>\n<!-- \/ Yoast SEO plugin. -->","yoast_head_json":{"title":"Aplikace - Gerda","robots":{"index":"index","follow":"follow","max-snippet":"max-snippet:-1","max-image-preview":"max-image-preview:large","max-video-preview":"max-video-preview:-1"},"og_locale":"cs_CZ","og_type":"article","og_title":"Aplikace - Gerda","og_description":"Aplikace v\u011bnovan\u00e1 hradu Tedee poh\u00e1n\u011bn\u00e1 Gerdou Neust\u00e1l\u00fd sp\u011bch, v\u010derej\u0161\u00ed term\u00edny a p\u0159\u00edli\u0161 mnoho v\u011bc\u00ed najednou. A tato my\u0161lenka\u2026 Byly vchodov\u00e9 dve\u0159e domu zav\u0159en\u00e9? Tento rann\u00ed sc\u00e9n\u00e1\u0159 se u\u017e asi stal ka\u017ed\u00e9mu a zp\u016fsobil zbyte\u010dn\u00fd zmatek, zpo\u017ed\u011bn\u00ed a dokonce zk\u0159\u00ed\u017eil pl\u00e1ny na zbytek dne. Na\u0161t\u011bst\u00ed m\u00e1te \u0159e\u0161en\u00ed t\u00e9to v\u00fdzvy doslova na dosah ruky! St\u00e1hn\u011bte si specializovanou [&hellip;]","og_url":"https:\/\/gerda.pl\/cs\/tedee\/aplikace\/","og_site_name":"Gerda","article_publisher":"https:\/\/www.facebook.com\/gerda.zamki.drzwi.bramy","article_modified_time":"2022-12-07T11:20:03+00:00","twitter_card":"summary_large_image","twitter_misc":{"Odhadovan\u00e1 doba \u010dten\u00ed":"3 minuty"},"schema":{"@context":"https:\/\/schema.org","@graph":[{"@type":"WebPage","@id":"https:\/\/gerda.pl\/cs\/tedee\/aplikace\/","url":"https:\/\/gerda.pl\/cs\/tedee\/aplikace\/","name":"Aplikace - Gerda","isPartOf":{"@id":"https:\/\/gerda.pl\/cs\/#website"},"datePublished":"2022-08-01T14:49:06+00:00","dateModified":"2022-12-07T11:20:03+00:00","breadcrumb":{"@id":"https:\/\/gerda.pl\/cs\/tedee\/aplikace\/#breadcrumb"},"inLanguage":"cs","potentialAction":[{"@type":"ReadAction","target":["https:\/\/gerda.pl\/cs\/tedee\/aplikace\/"]}]},{"@type":"BreadcrumbList","@id":"https:\/\/gerda.pl\/cs\/tedee\/aplikace\/#breadcrumb","itemListElement":[{"@type":"ListItem","position":1,"name":"Home","item":"https:\/\/gerda.pl\/cs\/"},{"@type":"ListItem","position":2,"name":"Tedee","item":"https:\/\/gerda.pl\/cs\/tedee\/"},{"@type":"ListItem","position":3,"name":"Aplikace"}]},{"@type":"WebSite","@id":"https:\/\/gerda.pl\/cs\/#website","url":"https:\/\/gerda.pl\/cs\/","name":"Gerda","description":"Producent drzwi i zamk\u00f3w do drzwi","publisher":{"@id":"https:\/\/gerda.pl\/cs\/#organization"},"potentialAction":[{"@type":"SearchAction","target":{"@type":"EntryPoint","urlTemplate":"https:\/\/gerda.pl\/cs\/?s={search_term_string}"},"query-input":{"@type":"PropertyValueSpecification","valueRequired":true,"valueName":"search_term_string"}}],"inLanguage":"cs"},{"@type":"Organization","@id":"https:\/\/gerda.pl\/cs\/#organization","name":"Gerda","url":"https:\/\/gerda.pl\/cs\/","logo":{"@type":"ImageObject","inLanguage":"cs","@id":"https:\/\/gerda.pl\/cs\/#\/schema\/logo\/image\/","url":"https:\/\/gerda.pl\/wp-content\/uploads\/2025\/11\/Logo-Gerda_GLOBAL_rgb1-scaled.png","contentUrl":"https:\/\/gerda.pl\/wp-content\/uploads\/2025\/11\/Logo-Gerda_GLOBAL_rgb1-scaled.png","width":2560,"height":699,"caption":"Gerda"},"image":{"@id":"https:\/\/gerda.pl\/cs\/#\/schema\/logo\/image\/"},"sameAs":["https:\/\/www.facebook.com\/gerda.zamki.drzwi.bramy"]}]}},"_links":{"self":[{"href":"https:\/\/gerda.pl\/cs\/wp-json\/wp\/v2\/pages\/40470","targetHints":{"allow":["GET"]}}],"collection":[{"href":"https:\/\/gerda.pl\/cs\/wp-json\/wp\/v2\/pages"}],"about":[{"href":"https:\/\/gerda.pl\/cs\/wp-json\/wp\/v2\/types\/page"}],"author":[{"embeddable":true,"href":"https:\/\/gerda.pl\/cs\/wp-json\/wp\/v2\/users\/1"}],"replies":[{"embeddable":true,"href":"https:\/\/gerda.pl\/cs\/wp-json\/wp\/v2\/comments?post=40470"}],"version-history":[{"count":2,"href":"https:\/\/gerda.pl\/cs\/wp-json\/wp\/v2\/pages\/40470\/revisions"}],"predecessor-version":[{"id":49385,"href":"https:\/\/gerda.pl\/cs\/wp-json\/wp\/v2\/pages\/40470\/revisions\/49385"}],"up":[{"embeddable":true,"href":"https:\/\/gerda.pl\/cs\/wp-json\/wp\/v2\/pages\/40373"}],"wp:attachment":[{"href":"https:\/\/gerda.pl\/cs\/wp-json\/wp\/v2\/media?parent=40470"}],"curies":[{"name":"wp","href":"https:\/\/api.w.org\/{rel}","templated":true}]}}