{"id":40474,"date":"2022-08-01T16:53:32","date_gmt":"2022-08-01T14:53:32","guid":{"rendered":"https:\/\/gerda.pl\/?page_id=40474"},"modified":"2022-09-19T10:02:31","modified_gmt":"2022-09-19T08:02:31","slug":"soucasti-sady-tedee-powered-by-gerda","status":"publish","type":"page","link":"https:\/\/gerda.pl\/cs\/tedee\/soucasti-sady-tedee-powered-by-gerda\/","title":{"rendered":"Sou\u010d\u00e1sti sady tedee powered by Gerda"},"content":{"rendered":"\n<div style=\"height:100px\" aria-hidden=\"true\" class=\"wp-block-spacer\"><\/div>\n\n\n\n<h2 class=\"has-blue-color has-text-color wp-block-heading\">Sou\u010d\u00e1sti sady tedee powered by Gerda<\/h2>\n\n\n\n<div style=\"height:85px\" aria-hidden=\"true\" class=\"wp-block-spacer\"><\/div>\n\n\n\n<div class=\"wp-block-columns is-layout-flex wp-container-core-columns-is-layout-28f84493 wp-block-columns-is-layout-flex\">\n<div class=\"wp-block-column is-layout-flow wp-block-column-is-layout-flow\" style=\"flex-basis:66.66%\">\n<figure class=\"wp-block-image alignright size-large is-resized\"><img loading=\"lazy\" decoding=\"async\" src=\"https:\/\/gerda.pl\/wp-content\/uploads\/2021\/11\/tedee_ZLOZENIE_RENDER_1e_LOCK_a-1024x640.png\" alt=\"\" class=\"wp-image-40476\" width=\"768\" height=\"480\" srcset=\"https:\/\/gerda.pl\/wp-content\/uploads\/2021\/11\/tedee_ZLOZENIE_RENDER_1e_LOCK_a-1024x640.png 1024w, https:\/\/gerda.pl\/wp-content\/uploads\/2021\/11\/tedee_ZLOZENIE_RENDER_1e_LOCK_a-300x187.png 300w, https:\/\/gerda.pl\/wp-content\/uploads\/2021\/11\/tedee_ZLOZENIE_RENDER_1e_LOCK_a-768x480.png 768w, https:\/\/gerda.pl\/wp-content\/uploads\/2021\/11\/tedee_ZLOZENIE_RENDER_1e_LOCK_a-2048x1280.png 2048w\" sizes=\"auto, (max-width: 768px) 100vw, 768px\" \/><\/figure>\n<\/div>\n\n\n\n<div class=\"wp-block-column is-vertically-aligned-center is-layout-flow wp-block-column-is-layout-flow\" style=\"flex-basis:40%\">\n<p><strong>Z\u00e1mek<\/strong> <strong>tedee powered by GERDA<\/strong><\/p>\n\n\n\n<p>Toto je srdce sady tedee by GERDA. D\u00edky n\u011bmu m\u016f\u017eete na d\u00e1lku otev\u0159\u00edt dve\u0159e do va\u0161eho domova, bytu nebo firmy. Z\u00e1mek, vyvinut\u00fd in\u017een\u00fdry GERDA a specialisty IoT, umo\u017e\u0148uje otev\u00edr\u00e1n\u00ed a zav\u00edr\u00e1n\u00ed dve\u0159\u00ed pomoc\u00ed mobiln\u00edho za\u0159\u00edzen\u00ed. M\u016f\u017ee to b\u00fdt v\u00e1\u0161 smartphone, tablet s iOS nebo Android. Aplikace funguje i na Apple Watch.<\/p>\n\n\n\n<p>Dedikovan\u00e1 baterie zaji\u0161\u0165uje 6m\u011bs\u00ed\u010dn\u00ed provoz z\u00e1mku. Kdy\u017e to bude vy\u017eadovat dobit\u00ed, aplikace v\u00e1s bude v\u010das informovat. Pln\u00e9 nabit\u00ed trv\u00e1 jen n\u011bkolik hodin, nap\u0159\u00edklad p\u0159es noc. To sta\u010d\u00ed na dal\u0161\u00edch \u0161est m\u011bs\u00edc\u016f provozu za\u0159\u00edzen\u00ed.<\/p>\n<\/div>\n<\/div>\n\n\n\n<div class=\"wp-block-columns is-layout-flex wp-container-core-columns-is-layout-28f84493 wp-block-columns-is-layout-flex\">\n<div class=\"wp-block-column is-vertically-aligned-center is-layout-flow wp-block-column-is-layout-flow\" style=\"flex-basis:40%\">\n<p style=\"font-size:30px\"><strong>Bridge<\/strong><\/p>\n\n\n\n<p>Wi Fi \/ Bluetooth router, d\u00edky kter\u00e9mu se budete moci p\u0159ipojit na d\u00e1lku p\u0159es internet. D\u00edky m\u016fstku m\u016f\u017eete z\u00e1mek ovl\u00e1dat kdykoli z jak\u00e9hokoli m\u00edsta na zemi a kontrolovat protokol \u010dinnosti. Bridge tak\u00e9 automaticky udr\u017euje v\u00e1\u0161 software aktu\u00e1ln\u00ed.<\/p>\n<\/div>\n\n\n\n<div class=\"wp-block-column is-layout-flow wp-block-column-is-layout-flow\" style=\"flex-basis:66.66%\">\n<figure class=\"wp-block-image aligncenter size-large is-resized\"><img loading=\"lazy\" decoding=\"async\" src=\"https:\/\/gerda.pl\/wp-content\/uploads\/2021\/11\/tedee_ZLOZENIE_RENDER_1e-1-1024x640.png\" alt=\"\" class=\"wp-image-40477\" width=\"768\" height=\"480\" srcset=\"https:\/\/gerda.pl\/wp-content\/uploads\/2021\/11\/tedee_ZLOZENIE_RENDER_1e-1-1024x640.png 1024w, https:\/\/gerda.pl\/wp-content\/uploads\/2021\/11\/tedee_ZLOZENIE_RENDER_1e-1-300x187.png 300w, https:\/\/gerda.pl\/wp-content\/uploads\/2021\/11\/tedee_ZLOZENIE_RENDER_1e-1-768x480.png 768w, https:\/\/gerda.pl\/wp-content\/uploads\/2021\/11\/tedee_ZLOZENIE_RENDER_1e-1-2048x1280.png 2048w\" sizes=\"auto, (max-width: 768px) 100vw, 768px\" \/><\/figure>\n<\/div>\n<\/div>\n\n\n\n<div class=\"wp-block-columns is-layout-flex wp-container-core-columns-is-layout-28f84493 wp-block-columns-is-layout-flex\">\n<div class=\"wp-block-column is-layout-flow wp-block-column-is-layout-flow\" style=\"flex-basis:66.66%\">\n<figure class=\"wp-block-image aligncenter size-large is-resized\"><img loading=\"lazy\" decoding=\"async\" src=\"https:\/\/gerda.pl\/wp-content\/uploads\/2021\/11\/TEDEE_WKLADKI.822-1024x640.png\" alt=\"\" class=\"wp-image-40479\" width=\"512\" height=\"320\" srcset=\"https:\/\/gerda.pl\/wp-content\/uploads\/2021\/11\/TEDEE_WKLADKI.822-1024x640.png 1024w, https:\/\/gerda.pl\/wp-content\/uploads\/2021\/11\/TEDEE_WKLADKI.822-300x187.png 300w, https:\/\/gerda.pl\/wp-content\/uploads\/2021\/11\/TEDEE_WKLADKI.822-768x480.png 768w, https:\/\/gerda.pl\/wp-content\/uploads\/2021\/11\/TEDEE_WKLADKI.822-2048x1280.png 2048w\" sizes=\"auto, (max-width: 512px) 100vw, 512px\" \/><\/figure>\n<\/div>\n\n\n\n<div class=\"wp-block-column is-vertically-aligned-center is-layout-flow wp-block-column-is-layout-flow\" style=\"flex-basis:40%\">\n<p><strong>Vlo\u017eit<br><\/strong><\/p>\n\n\n\n<p>Modul\u00e1rn\u00ed struktura cylindrick\u00e9 vlo\u017eky v\u00e1m umo\u017en\u00ed instalovat ji do dve\u0159\u00ed sv\u00e9pomoc\u00ed. Produkt certifikovan\u00fd ve t\u0159\u00edd\u011b 6 v\u00e1m d\u00e1v\u00e1 pocit bezpe\u010d\u00ed a kvality, kter\u00e9 ji\u017e v\u00edce ne\u017e 30 let ud\u00e1vaj\u00ed sm\u011br v designu z\u00e1mk\u016f GERDA.<\/p>\n\n\n\n<p>Z\u00e1mek m\u016f\u017eete v\u017edy otev\u0159\u00edt jedn\u00edm ze t\u0159\u00ed tradi\u010dn\u00edch kl\u00ed\u010d\u016f, kter\u00e9 jsou sou\u010d\u00e1st\u00ed sady. Profil kl\u00ed\u010de je rezervov\u00e1n v patentov\u00e9m \u00fa\u0159adu a jeho duplikace je mo\u017en\u00e1 pouze prost\u0159ednictv\u00edm webov\u00e9 str\u00e1nky igerda.pl<\/p>\n<\/div>\n<\/div>\n\n\n\n<div class=\"wp-block-columns is-layout-flex wp-container-core-columns-is-layout-28f84493 wp-block-columns-is-layout-flex\">\n<div class=\"wp-block-column is-vertically-aligned-center is-layout-flow wp-block-column-is-layout-flow\" style=\"flex-basis:40%\">\n<p><strong>P\u0159\u00edslu\u0161enstv\u00ed<\/strong><\/p>\n\n\n\n<p>Objednan\u00e9 tedee powered by GERDA kit za\u0161leme na uvedenou adresu spolu se sadou p\u0159\u00edslu\u0161enstv\u00ed.<\/p>\n\n\n\n<p>Sada obsahuje 3 kl\u00ed\u010de k vlo\u017ece, 1 micro-USB kabel s magnetick\u00fdm hrotem, d\u00edky kter\u00e9mu m\u016f\u017eete z\u00e1mek libovoln\u011b pou\u017e\u00edvat p\u0159i nab\u00edjen\u00ed, sadu kl\u00ed\u010d\u016f pro vlastn\u00ed mont\u00e1\u017e a s\u00ed\u0165ovou nab\u00edje\u010dku.<\/p>\n<\/div>\n\n\n\n<div class=\"wp-block-column is-layout-flow wp-block-column-is-layout-flow\" style=\"flex-basis:66.66%\">\n<figure class=\"wp-block-image aligncenter size-full is-resized\"><img loading=\"lazy\" decoding=\"async\" src=\"https:\/\/gerda.pl\/wp-content\/uploads\/2021\/11\/Kabel_Ladowarka_900_x_700_px-3.jpg\" alt=\"\" class=\"wp-image-40478\" width=\"450\" height=\"350\" srcset=\"https:\/\/gerda.pl\/wp-content\/uploads\/2021\/11\/Kabel_Ladowarka_900_x_700_px-3.jpg 900w, https:\/\/gerda.pl\/wp-content\/uploads\/2021\/11\/Kabel_Ladowarka_900_x_700_px-3-300x233.jpg 300w, https:\/\/gerda.pl\/wp-content\/uploads\/2021\/11\/Kabel_Ladowarka_900_x_700_px-3-768x597.jpg 768w\" sizes=\"auto, (max-width: 450px) 100vw, 450px\" \/><\/figure>\n<\/div>\n<\/div>\n","protected":false},"excerpt":{"rendered":"<p>Sou\u010d\u00e1sti sady tedee powered by Gerda Z\u00e1mek tedee powered by GERDA Toto je srdce sady tedee by GERDA. D\u00edky n\u011bmu m\u016f\u017eete na d\u00e1lku otev\u0159\u00edt dve\u0159e do va\u0161eho domova, bytu nebo firmy. Z\u00e1mek, vyvinut\u00fd in\u017een\u00fdry GERDA a specialisty IoT, umo\u017e\u0148uje otev\u00edr\u00e1n\u00ed a zav\u00edr\u00e1n\u00ed dve\u0159\u00ed pomoc\u00ed mobiln\u00edho za\u0159\u00edzen\u00ed. M\u016f\u017ee to b\u00fdt v\u00e1\u0161 smartphone, tablet s iOS nebo [&hellip;]<\/p>\n","protected":false},"author":1,"featured_media":40355,"parent":40373,"menu_order":0,"comment_status":"closed","ping_status":"closed","template":"page-tedee-txt.php","meta":{"_acf_changed":false,"om_disable_all_campaigns":false,"inline_featured_image":false,"_monsterinsights_skip_tracking":false,"_monsterinsights_sitenote_active":false,"_monsterinsights_sitenote_note":"","_monsterinsights_sitenote_category":0,"footnotes":"","_links_to":"","_links_to_target":""},"class_list":["post-40474","page","type-page","status-publish","has-post-thumbnail","hentry"],"acf":[],"yoast_head":"<!-- This site is optimized with the Yoast SEO plugin v27.4 - https:\/\/yoast.com\/product\/yoast-seo-wordpress\/ -->\n<title>Sou\u010d\u00e1sti sady tedee powered by Gerda - Gerda<\/title>\n<meta name=\"robots\" content=\"index, follow, max-snippet:-1, max-image-preview:large, max-video-preview:-1\" \/>\n<meta property=\"og:locale\" content=\"cs_CZ\" \/>\n<meta property=\"og:type\" content=\"article\" \/>\n<meta property=\"og:title\" content=\"Sou\u010d\u00e1sti sady tedee powered by Gerda - Gerda\" \/>\n<meta property=\"og:description\" content=\"Sou\u010d\u00e1sti sady tedee powered by Gerda Z\u00e1mek tedee powered by GERDA Toto je srdce sady tedee by GERDA. D\u00edky n\u011bmu m\u016f\u017eete na d\u00e1lku otev\u0159\u00edt dve\u0159e do va\u0161eho domova, bytu nebo firmy. Z\u00e1mek, vyvinut\u00fd in\u017een\u00fdry GERDA a specialisty IoT, umo\u017e\u0148uje otev\u00edr\u00e1n\u00ed a zav\u00edr\u00e1n\u00ed dve\u0159\u00ed pomoc\u00ed mobiln\u00edho za\u0159\u00edzen\u00ed. M\u016f\u017ee to b\u00fdt v\u00e1\u0161 smartphone, tablet s iOS nebo [&hellip;]\" \/>\n<meta property=\"og:url\" content=\"https:\/\/gerda.pl\/cs\/tedee\/soucasti-sady-tedee-powered-by-gerda\/\" \/>\n<meta property=\"og:site_name\" content=\"Gerda\" \/>\n<meta property=\"article:publisher\" content=\"https:\/\/www.facebook.com\/gerda.zamki.drzwi.bramy\" \/>\n<meta property=\"article:modified_time\" content=\"2022-09-19T08:02:31+00:00\" \/>\n<meta property=\"og:image\" content=\"https:\/\/gerda.pl\/wp-content\/uploads\/2021\/11\/tedee.png\" \/>\n\t<meta property=\"og:image:width\" content=\"708\" \/>\n\t<meta property=\"og:image:height\" content=\"622\" \/>\n\t<meta property=\"og:image:type\" content=\"image\/png\" \/>\n<meta name=\"twitter:card\" content=\"summary_large_image\" \/>\n<meta name=\"twitter:label1\" content=\"Odhadovan\u00e1 doba \u010dten\u00ed\" \/>\n\t<meta name=\"twitter:data1\" content=\"2 minuty\" \/>\n<script type=\"application\/ld+json\" class=\"yoast-schema-graph\">{\"@context\":\"https:\\\/\\\/schema.org\",\"@graph\":[{\"@type\":\"WebPage\",\"@id\":\"https:\\\/\\\/gerda.pl\\\/cs\\\/tedee\\\/soucasti-sady-tedee-powered-by-gerda\\\/\",\"url\":\"https:\\\/\\\/gerda.pl\\\/cs\\\/tedee\\\/soucasti-sady-tedee-powered-by-gerda\\\/\",\"name\":\"Sou\u010d\u00e1sti sady tedee powered by Gerda - Gerda\",\"isPartOf\":{\"@id\":\"https:\\\/\\\/gerda.pl\\\/cs\\\/#website\"},\"primaryImageOfPage\":{\"@id\":\"https:\\\/\\\/gerda.pl\\\/cs\\\/tedee\\\/soucasti-sady-tedee-powered-by-gerda\\\/#primaryimage\"},\"image\":{\"@id\":\"https:\\\/\\\/gerda.pl\\\/cs\\\/tedee\\\/soucasti-sady-tedee-powered-by-gerda\\\/#primaryimage\"},\"thumbnailUrl\":\"https:\\\/\\\/gerda.pl\\\/wp-content\\\/uploads\\\/2021\\\/11\\\/tedee.png\",\"datePublished\":\"2022-08-01T14:53:32+00:00\",\"dateModified\":\"2022-09-19T08:02:31+00:00\",\"breadcrumb\":{\"@id\":\"https:\\\/\\\/gerda.pl\\\/cs\\\/tedee\\\/soucasti-sady-tedee-powered-by-gerda\\\/#breadcrumb\"},\"inLanguage\":\"cs\",\"potentialAction\":[{\"@type\":\"ReadAction\",\"target\":[\"https:\\\/\\\/gerda.pl\\\/cs\\\/tedee\\\/soucasti-sady-tedee-powered-by-gerda\\\/\"]}]},{\"@type\":\"ImageObject\",\"inLanguage\":\"cs\",\"@id\":\"https:\\\/\\\/gerda.pl\\\/cs\\\/tedee\\\/soucasti-sady-tedee-powered-by-gerda\\\/#primaryimage\",\"url\":\"https:\\\/\\\/gerda.pl\\\/wp-content\\\/uploads\\\/2021\\\/11\\\/tedee.png\",\"contentUrl\":\"https:\\\/\\\/gerda.pl\\\/wp-content\\\/uploads\\\/2021\\\/11\\\/tedee.png\",\"width\":708,\"height\":622},{\"@type\":\"BreadcrumbList\",\"@id\":\"https:\\\/\\\/gerda.pl\\\/cs\\\/tedee\\\/soucasti-sady-tedee-powered-by-gerda\\\/#breadcrumb\",\"itemListElement\":[{\"@type\":\"ListItem\",\"position\":1,\"name\":\"Home\",\"item\":\"https:\\\/\\\/gerda.pl\\\/cs\\\/\"},{\"@type\":\"ListItem\",\"position\":2,\"name\":\"Tedee\",\"item\":\"https:\\\/\\\/gerda.pl\\\/cs\\\/tedee\\\/\"},{\"@type\":\"ListItem\",\"position\":3,\"name\":\"Sou\u010d\u00e1sti sady tedee powered by Gerda\"}]},{\"@type\":\"WebSite\",\"@id\":\"https:\\\/\\\/gerda.pl\\\/cs\\\/#website\",\"url\":\"https:\\\/\\\/gerda.pl\\\/cs\\\/\",\"name\":\"Gerda\",\"description\":\"Producent drzwi i zamk\u00f3w do drzwi\",\"publisher\":{\"@id\":\"https:\\\/\\\/gerda.pl\\\/cs\\\/#organization\"},\"potentialAction\":[{\"@type\":\"SearchAction\",\"target\":{\"@type\":\"EntryPoint\",\"urlTemplate\":\"https:\\\/\\\/gerda.pl\\\/cs\\\/?s={search_term_string}\"},\"query-input\":{\"@type\":\"PropertyValueSpecification\",\"valueRequired\":true,\"valueName\":\"search_term_string\"}}],\"inLanguage\":\"cs\"},{\"@type\":\"Organization\",\"@id\":\"https:\\\/\\\/gerda.pl\\\/cs\\\/#organization\",\"name\":\"Gerda\",\"url\":\"https:\\\/\\\/gerda.pl\\\/cs\\\/\",\"logo\":{\"@type\":\"ImageObject\",\"inLanguage\":\"cs\",\"@id\":\"https:\\\/\\\/gerda.pl\\\/cs\\\/#\\\/schema\\\/logo\\\/image\\\/\",\"url\":\"https:\\\/\\\/gerda.pl\\\/wp-content\\\/uploads\\\/2025\\\/11\\\/Logo-Gerda_GLOBAL_rgb1-scaled.png\",\"contentUrl\":\"https:\\\/\\\/gerda.pl\\\/wp-content\\\/uploads\\\/2025\\\/11\\\/Logo-Gerda_GLOBAL_rgb1-scaled.png\",\"width\":2560,\"height\":699,\"caption\":\"Gerda\"},\"image\":{\"@id\":\"https:\\\/\\\/gerda.pl\\\/cs\\\/#\\\/schema\\\/logo\\\/image\\\/\"},\"sameAs\":[\"https:\\\/\\\/www.facebook.com\\\/gerda.zamki.drzwi.bramy\"]}]}<\/script>\n<!-- \/ Yoast SEO plugin. -->","yoast_head_json":{"title":"Sou\u010d\u00e1sti sady tedee powered by Gerda - Gerda","robots":{"index":"index","follow":"follow","max-snippet":"max-snippet:-1","max-image-preview":"max-image-preview:large","max-video-preview":"max-video-preview:-1"},"og_locale":"cs_CZ","og_type":"article","og_title":"Sou\u010d\u00e1sti sady tedee powered by Gerda - Gerda","og_description":"Sou\u010d\u00e1sti sady tedee powered by Gerda Z\u00e1mek tedee powered by GERDA Toto je srdce sady tedee by GERDA. D\u00edky n\u011bmu m\u016f\u017eete na d\u00e1lku otev\u0159\u00edt dve\u0159e do va\u0161eho domova, bytu nebo firmy. Z\u00e1mek, vyvinut\u00fd in\u017een\u00fdry GERDA a specialisty IoT, umo\u017e\u0148uje otev\u00edr\u00e1n\u00ed a zav\u00edr\u00e1n\u00ed dve\u0159\u00ed pomoc\u00ed mobiln\u00edho za\u0159\u00edzen\u00ed. M\u016f\u017ee to b\u00fdt v\u00e1\u0161 smartphone, tablet s iOS nebo [&hellip;]","og_url":"https:\/\/gerda.pl\/cs\/tedee\/soucasti-sady-tedee-powered-by-gerda\/","og_site_name":"Gerda","article_publisher":"https:\/\/www.facebook.com\/gerda.zamki.drzwi.bramy","article_modified_time":"2022-09-19T08:02:31+00:00","og_image":[{"width":708,"height":622,"url":"https:\/\/gerda.pl\/wp-content\/uploads\/2021\/11\/tedee.png","type":"image\/png"}],"twitter_card":"summary_large_image","twitter_misc":{"Odhadovan\u00e1 doba \u010dten\u00ed":"2 minuty"},"schema":{"@context":"https:\/\/schema.org","@graph":[{"@type":"WebPage","@id":"https:\/\/gerda.pl\/cs\/tedee\/soucasti-sady-tedee-powered-by-gerda\/","url":"https:\/\/gerda.pl\/cs\/tedee\/soucasti-sady-tedee-powered-by-gerda\/","name":"Sou\u010d\u00e1sti sady tedee powered by Gerda - Gerda","isPartOf":{"@id":"https:\/\/gerda.pl\/cs\/#website"},"primaryImageOfPage":{"@id":"https:\/\/gerda.pl\/cs\/tedee\/soucasti-sady-tedee-powered-by-gerda\/#primaryimage"},"image":{"@id":"https:\/\/gerda.pl\/cs\/tedee\/soucasti-sady-tedee-powered-by-gerda\/#primaryimage"},"thumbnailUrl":"https:\/\/gerda.pl\/wp-content\/uploads\/2021\/11\/tedee.png","datePublished":"2022-08-01T14:53:32+00:00","dateModified":"2022-09-19T08:02:31+00:00","breadcrumb":{"@id":"https:\/\/gerda.pl\/cs\/tedee\/soucasti-sady-tedee-powered-by-gerda\/#breadcrumb"},"inLanguage":"cs","potentialAction":[{"@type":"ReadAction","target":["https:\/\/gerda.pl\/cs\/tedee\/soucasti-sady-tedee-powered-by-gerda\/"]}]},{"@type":"ImageObject","inLanguage":"cs","@id":"https:\/\/gerda.pl\/cs\/tedee\/soucasti-sady-tedee-powered-by-gerda\/#primaryimage","url":"https:\/\/gerda.pl\/wp-content\/uploads\/2021\/11\/tedee.png","contentUrl":"https:\/\/gerda.pl\/wp-content\/uploads\/2021\/11\/tedee.png","width":708,"height":622},{"@type":"BreadcrumbList","@id":"https:\/\/gerda.pl\/cs\/tedee\/soucasti-sady-tedee-powered-by-gerda\/#breadcrumb","itemListElement":[{"@type":"ListItem","position":1,"name":"Home","item":"https:\/\/gerda.pl\/cs\/"},{"@type":"ListItem","position":2,"name":"Tedee","item":"https:\/\/gerda.pl\/cs\/tedee\/"},{"@type":"ListItem","position":3,"name":"Sou\u010d\u00e1sti sady tedee powered by Gerda"}]},{"@type":"WebSite","@id":"https:\/\/gerda.pl\/cs\/#website","url":"https:\/\/gerda.pl\/cs\/","name":"Gerda","description":"Producent drzwi i zamk\u00f3w do drzwi","publisher":{"@id":"https:\/\/gerda.pl\/cs\/#organization"},"potentialAction":[{"@type":"SearchAction","target":{"@type":"EntryPoint","urlTemplate":"https:\/\/gerda.pl\/cs\/?s={search_term_string}"},"query-input":{"@type":"PropertyValueSpecification","valueRequired":true,"valueName":"search_term_string"}}],"inLanguage":"cs"},{"@type":"Organization","@id":"https:\/\/gerda.pl\/cs\/#organization","name":"Gerda","url":"https:\/\/gerda.pl\/cs\/","logo":{"@type":"ImageObject","inLanguage":"cs","@id":"https:\/\/gerda.pl\/cs\/#\/schema\/logo\/image\/","url":"https:\/\/gerda.pl\/wp-content\/uploads\/2025\/11\/Logo-Gerda_GLOBAL_rgb1-scaled.png","contentUrl":"https:\/\/gerda.pl\/wp-content\/uploads\/2025\/11\/Logo-Gerda_GLOBAL_rgb1-scaled.png","width":2560,"height":699,"caption":"Gerda"},"image":{"@id":"https:\/\/gerda.pl\/cs\/#\/schema\/logo\/image\/"},"sameAs":["https:\/\/www.facebook.com\/gerda.zamki.drzwi.bramy"]}]}},"_links":{"self":[{"href":"https:\/\/gerda.pl\/cs\/wp-json\/wp\/v2\/pages\/40474","targetHints":{"allow":["GET"]}}],"collection":[{"href":"https:\/\/gerda.pl\/cs\/wp-json\/wp\/v2\/pages"}],"about":[{"href":"https:\/\/gerda.pl\/cs\/wp-json\/wp\/v2\/types\/page"}],"author":[{"embeddable":true,"href":"https:\/\/gerda.pl\/cs\/wp-json\/wp\/v2\/users\/1"}],"replies":[{"embeddable":true,"href":"https:\/\/gerda.pl\/cs\/wp-json\/wp\/v2\/comments?post=40474"}],"version-history":[{"count":2,"href":"https:\/\/gerda.pl\/cs\/wp-json\/wp\/v2\/pages\/40474\/revisions"}],"predecessor-version":[{"id":41891,"href":"https:\/\/gerda.pl\/cs\/wp-json\/wp\/v2\/pages\/40474\/revisions\/41891"}],"up":[{"embeddable":true,"href":"https:\/\/gerda.pl\/cs\/wp-json\/wp\/v2\/pages\/40373"}],"wp:featuredmedia":[{"embeddable":true,"href":"https:\/\/gerda.pl\/cs\/wp-json\/wp\/v2\/media\/40355"}],"wp:attachment":[{"href":"https:\/\/gerda.pl\/cs\/wp-json\/wp\/v2\/media?parent=40474"}],"curies":[{"name":"wp","href":"https:\/\/api.w.org\/{rel}","templated":true}]}}