{"id":40482,"date":"2022-08-01T17:04:26","date_gmt":"2022-08-01T15:04:26","guid":{"rendered":"https:\/\/gerda.pl\/?page_id=40482"},"modified":"2022-08-01T17:04:27","modified_gmt":"2022-08-01T15:04:27","slug":"zaruka","status":"publish","type":"page","link":"https:\/\/gerda.pl\/cs\/tedee\/zaruka\/","title":{"rendered":"Z\u00e1ruka"},"content":{"rendered":"\n<h3 class=\"wp-block-heading\">Z\u00e1ru\u010dn\u00ed list<\/h3>\n\n\n\n<p>TEDEE SP\u00d3\u0141KA Z OGRANICZON\u0104 ODPOWIEDZIALNO\u015aCI\u0104<br><\/p>\n\n\n\n<p>Adresa pro korespondenci: ul. Altowa 2, 02-386 Warszawa<br>telefon: (+48) 884 088 011<br>email:\u00a0<a href=\"mailto:support@tedee.com\">support@tedee.com<\/a><br><br>t\u00edmto poskytuje p\u0159\u00edjemci z\u00e1ruku na produkt, ke kter\u00e9mu byl tento z\u00e1ru\u010dn\u00ed list p\u0159ilo\u017een.<\/p>\n\n\n\n<h4 class=\"wp-block-heading\">P\u0159edm\u011bt, doba a rozsah z\u00e1ruky<\/h4>\n\n\n\n<h5 class=\"wp-block-heading\">1. P\u0159edm\u011bt z\u00e1ruky<\/h5>\n\n\n\n<p>Z\u00e1ruka se vztahuje pouze na mechanickou odolnost a zachov\u00e1n\u00ed funk\u010dn\u00edch vlastnost\u00ed Produktu. Na mobiln\u00ed aplikaci a baterii se z\u00e1ruka nevztahuje. Z\u00e1ruka je omezena na vady Produktu vypl\u00fdvaj\u00edc\u00ed z jeho nespr\u00e1vn\u00e9ho v\u00fdkonu nebo na vady materi\u00e1l\u016f pou\u017eit\u00fdch p\u0159i jeho v\u00fdrob\u011b, za podm\u00ednek popsan\u00fdch v Z\u00e1ru\u010dn\u00edm listu.<\/p>\n\n\n\n<h5 class=\"wp-block-heading\">2. Z\u00e1ru\u010dn\u00ed doba<\/h5>\n\n\n\n<p>Z\u00e1ruka je poskytov\u00e1na po dobu 24 m\u011bs\u00edc\u016f ode dne p\u0159ed\u00e1n\u00ed Produktu P\u0159\u00edjemci.<\/p>\n\n\n\n<h5 class=\"wp-block-heading\">3. V\u00fdluky<\/h5>\n\n\n\n<p>Z\u00e1ruka se nevztahuje na vady a po\u0161kozen\u00ed Produktu:<\/p>\n\n\n\n<ul class=\"wp-block-list\"><li>zve\u0159ejn\u011bny po obdr\u017een\u00ed a v\u016f\u010di nim\u017e opr\u00e1vn\u011bn\u00e1 strana nevznesla \u017e\u00e1dn\u00e9 n\u00e1mitky v souladu se smlouvou,<\/li><li>zp\u016fsoben\u00e9 nespr\u00e1vn\u00fdm pou\u017e\u00edv\u00e1n\u00edm, provozem nebo \u00fadr\u017ebou Produktu, zejm\u00e9na v rozporu s n\u00e1vodem k pou\u017eit\u00ed a instalaci Produktu,<\/li><li>souvisej\u00edc\u00ed s nespr\u00e1vnou: p\u0159epravou, skladov\u00e1n\u00edm, zpracov\u00e1n\u00edm nebo mont\u00e1\u017e\u00ed, prov\u00e1d\u011bn\u00e9 opr\u00e1vn\u011bnou osobou nebo t\u0159et\u00ed osobou,<\/li><li>drobn\u00e1 po\u0161kozen\u00ed, v\u010detn\u011b \u0161kr\u00e1banc\u016f, prom\u00e1\u010dknut\u00ed, kter\u00e1 nejsou d\u016fle\u017eit\u00e1 pro spr\u00e1vnou funkci produktu,<\/li><li>pro sou\u010d\u00e1sti, kter\u00e9 se \u010dasem opot\u0159ebov\u00e1vaj\u00ed, jako jsou ochrann\u00e9 povlaky, pokud nen\u00ed po\u0161kozen\u00ed p\u0159\u00edmo zp\u016fsobeno vadou materi\u00e1lu nebo zpracov\u00e1n\u00edm,<\/li><li>vznikl\u00e9 po p\u0159evzet\u00ed a jsou fyzick\u00fdm po\u0161kozen\u00edm, v\u010detn\u011b prasklin, deformac\u00ed, \u0161kr\u00e1banc\u016f a jimi zp\u016fsoben\u00fdch vad,<\/li><li>vypl\u00fdvaj\u00edc\u00ed z d\u016fvod\u016f mimo kontrolu Spole\u010dnosti.<\/li><\/ul>\n\n\n\n<h5 class=\"wp-block-heading\">4. Ztr\u00e1ta z\u00e1ruky<\/h5>\n\n\n\n<p>Bez ohledu na v\u00fd\u0161e uveden\u00e9 v\u00fdjimky p\u0159est\u00e1v\u00e1 b\u00fdt z\u00e1ruka uplat\u0148ov\u00e1na a p\u0159\u00edjemce ztrat\u00ed ve\u0161ker\u00e1 pr\u00e1va z n\u00ed vypl\u00fdvaj\u00edc\u00ed automaticky, pokud nastane jedna z n\u00e1sleduj\u00edc\u00edch okolnost\u00ed:<\/p>\n\n\n\n<ul class=\"wp-block-list\"><li>zav\u00e1d\u011bn\u00ed zm\u011bn Produktu nebo oprav s pou\u017eit\u00edm komponent nebo prvk\u016f neschv\u00e1len\u00fdch spole\u010dnost\u00ed t\u0159et\u00edch stran,<\/li><li>prov\u00e1d\u011bn\u00ed servisn\u00edch \u010dinnost\u00ed osobami, kter\u00e9 nejsou z\u00e1stupci spole\u010dnosti,<\/li><li>\u00fapravy nebo zm\u011bny Produktu opr\u00e1vn\u011bnou osobou nebo t\u0159et\u00ed stranou bez souhlasu Spole\u010dnosti (ud\u011bleno p\u00edsemn\u011b pod hrozbou neplatnosti),<\/li><li>jin\u00e9 poru\u0161en\u00ed podm\u00ednek popsan\u00fdch v Z\u00e1ru\u010dn\u00edm list\u011b Opr\u00e1vn\u011bnou osobou, v\u010detn\u011b nepod\u00e1n\u00ed Reklamace v souladu s n\u00ed\u017ee uveden\u00fdmi z\u00e1sadami,<\/li><li>dal\u0161\u00ed prodej (jin\u00fd p\u0159evod pr\u00e1v) Produktu Opr\u00e1vn\u011bnou osobou na jin\u00fd subjekt.<\/li><\/ul>\n\n\n\n<h5 class=\"wp-block-heading\">5.Rozsah z\u00e1ruky<\/h5>\n\n\n\n<p>Pr\u00e1va ze Z\u00e1ruky m\u016f\u017ee opr\u00e1vn\u011bn\u00e1 osoba uplat\u0148ovat bez omezen\u00ed a bez poplatk\u016f na \u00fazem\u00ed Polsk\u00e9 republiky a v Evropsk\u00e9m hospod\u00e1\u0159sk\u00e9m prostoru. Jedin\u00fdm opr\u00e1vn\u011bn\u00fdm subjektem ze Z\u00e1ruky je Opr\u00e1vn\u011bn\u00e1 strana a mo\u017enost postoupen\u00ed pr\u00e1v a povinnost\u00ed P\u0159\u00edjemce souvisej\u00edc\u00edch se Z\u00e1rukou je vylou\u010dena.<\/p>\n\n\n\n<h4 class=\"wp-block-heading\">Odpov\u011bdnosti a pravomoci stran<\/h4>\n\n\n\n<h5 class=\"wp-block-heading\">6. Z\u00e1ru\u010dn\u00ed servis<\/h5>\n\n\n\n<p>V p\u0159\u00edpad\u011b vady Produktu, na kter\u00fd se vztahuje Z\u00e1ruka, m\u00e1 P\u0159\u00edjemce pr\u00e1vo:<\/p>\n\n\n\n<ul class=\"wp-block-list\"><li>po\u017eadovat odstran\u011bn\u00ed vady Produktu, a pokud byl Produkt ji\u017e dvakr\u00e1t opravov\u00e1n \u2013 po\u017eadovat v\u00fdm\u011bnu Produktu za nov\u00fd, bez z\u00e1vad, s t\u00edm, \u017ee Spole\u010dnost m\u016f\u017ee dle vlastn\u00edho uv\u00e1\u017een\u00ed vadn\u00fd Produkt vym\u011bnit, pokud oprava by obn\u00e1\u0161ela nadm\u011brn\u00e9 n\u00e1klady, pop\u0159<\/li><li>po\u017eadovat po Spole\u010dnosti vr\u00e1cen\u00ed zaplacen\u00e9 ceny &#8211; v p\u0159\u00edpad\u011b nemo\u017enosti v\u00fdm\u011bny Produktu za nov\u00fd nebo jeho opravy.<\/li><\/ul>\n\n\n\n<h5 class=\"wp-block-heading\">7. Povinnosti opr\u00e1vn\u011bn\u00e9 osoby<\/h5>\n\n\n\n<p>V p\u0159\u00edpad\u011b vady Produktu, na kter\u00fd se vztahuje Z\u00e1ruka, je P\u0159\u00edjemce povinen:<\/p>\n\n\n\n<ul class=\"wp-block-list\"><li>neprodlen\u011b, nejpozd\u011bji v\u0161ak do 7 dn\u016f od zji\u0161t\u011bn\u00ed z\u00e1vady, pod\u00e1n\u00ed Reklamace, dle bodu 8 n\u00ed\u017ee;<\/li><li>u\u010dinit ve\u0161ker\u00e1 mo\u017en\u00e1 opat\u0159en\u00ed, aby nedo\u0161lo ke zv\u00fd\u0161en\u00ed rozsahu \u0161kod.<\/li><\/ul>\n\n\n\n<h5 class=\"wp-block-heading\">8. St\u00ed\u017enost<\/h5>\n\n\n\n<p>Opr\u00e1vn\u011bn\u00e1 osoba pod\u00e1 Spole\u010dnosti Reklamaci prost\u0159ednictv\u00edm e-mailu nebo telefonicky (na \u00fadaje uveden\u00e9 v \u00favodu nebo jin\u00e9 aktu\u00e1ln\u00ed informace, o kter\u00fdch Spole\u010dnost Opr\u00e1vn\u011bnou osobu informovala). Pro \u00faplnost by st\u00ed\u017enost m\u011bla obsahovat:<\/p>\n\n\n\n<ul class=\"wp-block-list\"><li>datum a \u010d\u00edslo objedn\u00e1vky,<\/li><li>p\u0159\u00edslu\u0161n\u00fd \u00fa\u010detn\u00ed doklad, tedy \u00fa\u010dtenku nebo fakturu s DPH (origin\u00e1l, kopie nebo sken),<\/li><li>popis z\u00e1vady a<\/li><li>ozna\u010den\u00ed z\u00e1ru\u010dn\u00edho servisu preferovan\u00e9ho opr\u00e1vn\u011bnou osobou. Spole\u010dnost potvrd\u00ed p\u0159ijet\u00ed Reklamace uveden\u00edm \u010d\u00edsla p\u0159\u00edpadu a jej\u00edm zasl\u00e1n\u00edm e-mailem na e-mailovou adresu uvedenou Opr\u00e1vn\u011bnou osobou.<\/li><\/ul>\n\n\n\n<h5 class=\"wp-block-heading\">9. Postup<\/h5>\n\n\n\n<p>Do 30 dn\u016f od obdr\u017een\u00ed \u00fapln\u00e9 st\u00ed\u017enosti spole\u010dnost:<\/p>\n\n\n\n<ul class=\"wp-block-list\"><li>spln\u00ed z\u00e1ru\u010dn\u00ed servis dle v\u00fdb\u011bru Opr\u00e1vn\u011bn\u00e9 osoby; nebo<\/li><li>spln\u00ed j\u00edm zvolenou z\u00e1ru\u010dn\u00ed slu\u017ebu, pokud je ozna\u010den\u00ed Opr\u00e1vn\u011bn\u00e9 osoby (i) nemo\u017en\u00e9 splnit nebo by s sebou neslo nadm\u011brn\u00e9 n\u00e1klady nebo (ii) by nem\u011blo n\u00e1rok na p\u0159\u00edjemce ze z\u00e1ruky;<\/li><li>bude informovat p\u0159\u00edjemce o zm\u011bn\u011b lh\u016fty pro projedn\u00e1n\u00ed reklamace \/ proveden\u00ed z\u00e1ru\u010dn\u00edho servisu &#8211; pokud rozsah vad znemo\u017e\u0148uje jejich v\u010dasn\u00e9 odstran\u011bn\u00ed;<\/li><li>bude p\u0159\u00edjemce informovat o negativn\u00edm posouzen\u00ed Reklamace ao d\u016fvodech odm\u00edtnut\u00ed realizace Z\u00e1ruky.<\/li><\/ul>\n\n\n\n<h4 class=\"wp-block-heading\">Z\u00e1v\u011bre\u010dn\u00e1 ustanoven\u00ed<\/h4>\n\n\n\n<h5 class=\"wp-block-heading\">10. Z\u0159eknut\u00ed se odpov\u011bdnosti<\/h5>\n\n\n\n<p>Z\u00e1ruka se nevztahuje na odpov\u011bdnost spole\u010dnosti za soulad produktu s m\u00edstn\u00edmi z\u00e1kony, sm\u011brnicemi a dokumentac\u00ed ani za spr\u00e1vn\u00e9 pou\u017eit\u00ed nebo vhodnost produktu pro zam\u00fd\u0161len\u00fd \u00fa\u010del opr\u00e1vn\u011bnou osobou. Spole\u010dnost nenese odpov\u011bdnost za ztr\u00e1tu, po\u0161kozen\u00ed nebo zni\u010den\u00ed Produktu z jin\u00fdch d\u016fvod\u016f, ne\u017e jsou d\u016fvody, na kter\u00e9 se vztahuje Z\u00e1ruka, pokud nen\u00ed v kogentn\u00edch ustanoven\u00edch z\u00e1kona v\u00fdslovn\u011b uvedeno jinak. V pln\u00e9m rozsahu povolen\u00e9m z\u00e1konem je odpov\u011bdnost spole\u010dnosti v r\u00e1mci z\u00e1ruky vylou\u010dena. Z\u00e1ruka nevylu\u010duje odpov\u011bdnost Spole\u010dnosti na z\u00e1klad\u011b kogentn\u00edch ustanoven\u00ed pr\u00e1vn\u00edch p\u0159edpis\u016f, zejm\u00e9na t\u011bch, kter\u00e1 se t\u00fdkaj\u00ed ochrany pr\u00e1v spot\u0159ebitel\u016f.<\/p>\n\n\n\n<h5 class=\"wp-block-heading\">11. Rozhodn\u00e9 pr\u00e1vo<\/h5>\n\n\n\n<p>Z\u00e1ruka se \u0159\u00edd\u00ed polsk\u00fdm pr\u00e1vem, pokud jejich uplatn\u011bn\u00ed nevynucuj\u00ed kogentn\u00ed ustanoven\u00ed z\u00e1kona (zejm\u00e9na s ohledem na Opr\u00e1vn\u011bn\u00e9 osoby, kter\u00e9 jsou spot\u0159ebiteli).<\/p>\n\n\n\n<h5 class=\"wp-block-heading\">12. Individu\u00e1ln\u00ed \u00fapravy z\u00e1ruky<\/h5>\n\n\n\n<p>Jak\u00e9koli jednotliv\u00e9 zm\u011bny podm\u00ednek z\u00e1ruky dohodnut\u00e9 mezi Opr\u00e1vn\u011bnou osobou a Spole\u010dnost\u00ed mus\u00ed b\u00fdt platn\u00e9 p\u00edsemn\u011b.<\/p>\n\n\n\n<h5 class=\"wp-block-heading\">13. Zm\u011bna podm\u00ednek z\u00e1ruky<\/h5>\n\n\n\n<p>Spole\u010dnost si vyhrazuje pr\u00e1vo kdykoli bez zvl\u00e1\u0161tn\u00edho postupu zm\u011bnit podm\u00ednky z\u00e1ruky a obsah z\u00e1ru\u010dn\u00edho listu za p\u0159edpokladu, \u017ee produkty podl\u00e9haj\u00ed podm\u00ednk\u00e1m z\u00e1ruky platn\u00fdm v dob\u011b jejich n\u00e1kupu do opr\u00e1vn\u011bn\u00e1 osoba.<\/p>\n\n\n\n<h5 class=\"wp-block-heading\">14. Platnost<\/h5>\n\n\n\n<p>Tato verze z\u00e1ru\u010dn\u00edho listu je platn\u00e1 od 20. kv\u011btna 2020.<\/p>\n\n\n\n<h3 class=\"wp-block-heading\">Definice<\/h3>\n\n\n\n<h5 class=\"wp-block-heading\">Z\u00e1ruka<\/h5>\n\n\n\n<p>Z\u00e1ruka &#8211; z\u00e1vazek Spole\u010dnosti prov\u00e9st pro P\u0159\u00edjemce z\u00e1ru\u010dn\u00ed servis z d\u016fvodu vadnosti Produktu v rozsahu a za podm\u00ednek uveden\u00fdch v Z\u00e1ru\u010dn\u00edm listu.<\/p>\n\n\n\n<h5 class=\"wp-block-heading\">Z\u00e1ru\u010dn\u00ed list<\/h5>\n\n\n\n<p>tento dokument up\u0159es\u0148uj\u00edc\u00ed podm\u00ednky z\u00e1ru\u010dn\u00edch slu\u017eeb Spole\u010dnosti pro p\u0159\u00edjemce.<\/p>\n\n\n\n<h5 class=\"wp-block-heading\">Produkt<\/h5>\n\n\n\n<p>vyroben\u00fd spole\u010dnost\u00ed, p\u0159ipraven\u00fd k mont\u00e1\u017ei v\u00fdrobku ve form\u011b dve\u0159n\u00edho z\u00e1mku.<\/p>\n\n\n\n<h5 class=\"wp-block-heading\">St\u00ed\u017enost<\/h5>\n\n\n\n<p>informace zaslan\u00e9 Spole\u010dnosti Autorizovan\u00fdm produktem o v\u00fdskytu vady Produktu s uveden\u00edm alespo\u0148 okolnost\u00ed a \u00fadaj\u016f popsan\u00fdch v p\u00edsm. 8.<\/p>\n\n\n\n<h5 class=\"wp-block-heading\">Spole\u010dnost<\/h5>\n\n\n\n<p>Tedee spole\u010dnost s ru\u010den\u00edm omezen\u00fdm se s\u00eddlem ve Var\u0161av\u011b na ul. Altowej 2, 02-386 Warszawa, zapsan\u00e1 v Rejst\u0159\u00edku podnikatel\u016f N\u00e1rodn\u00edho soudn\u00edho rejst\u0159\u00edku pod \u010d\u00edslem KRS 0000712451, jeho\u017e registra\u010dn\u00ed spisy vede Okresn\u00ed soud pro hl. Var\u0161ava ve Var\u0161av\u011b, 12. obchodn\u00ed odd\u011blen\u00ed N\u00e1rodn\u00edho soudn\u00edho rejst\u0159\u00edku, NIP 7010795542, REGON 369188621, se z\u00e1kladn\u00edm kapit\u00e1lem 2 400 000 PLN.<\/p>\n\n\n\n<h5 class=\"wp-block-heading\">Autorizovan\u00fd<\/h5>\n\n\n\n<p>subjekt, kter\u00fd jako kupuj\u00edc\u00ed uzav\u0159el se Spole\u010dnost\u00ed smlouvu o prodeji Produktu.<\/p>\n\n\n\n<h5 class=\"wp-block-heading\">P\u0159eb\u011bhnout<\/h5>\n\n\n\n<p>fyzickou vadu ve smyslu \u010dl. 556 \u00a7 1 ob\u010dansk\u00e9ho z\u00e1kon\u00edku<\/p>\n\n\n\n<div style=\"height:50px\" aria-hidden=\"true\" class=\"wp-block-spacer\"><\/div>\n","protected":false},"excerpt":{"rendered":"<p>Z\u00e1ru\u010dn\u00ed list TEDEE SP\u00d3\u0141KA Z OGRANICZON\u0104 ODPOWIEDZIALNO\u015aCI\u0104 Adresa pro korespondenci: ul. Altowa 2, 02-386 Warszawatelefon: (+48) 884 088 011email:\u00a0support@tedee.com t\u00edmto poskytuje p\u0159\u00edjemci z\u00e1ruku na produkt, ke kter\u00e9mu byl tento z\u00e1ru\u010dn\u00ed list p\u0159ilo\u017een. P\u0159edm\u011bt, doba a rozsah z\u00e1ruky 1. P\u0159edm\u011bt z\u00e1ruky Z\u00e1ruka se vztahuje pouze na mechanickou odolnost a zachov\u00e1n\u00ed funk\u010dn\u00edch vlastnost\u00ed Produktu. Na mobiln\u00ed aplikaci [&hellip;]<\/p>\n","protected":false},"author":1,"featured_media":0,"parent":40373,"menu_order":0,"comment_status":"closed","ping_status":"closed","template":"page-tedee-txt.php","meta":{"_acf_changed":false,"om_disable_all_campaigns":false,"inline_featured_image":false,"_monsterinsights_skip_tracking":false,"_monsterinsights_sitenote_active":false,"_monsterinsights_sitenote_note":"","_monsterinsights_sitenote_category":0,"footnotes":"","_links_to":"","_links_to_target":""},"class_list":["post-40482","page","type-page","status-publish","hentry"],"acf":[],"yoast_head":"<!-- This site is optimized with the Yoast SEO plugin v27.3 - https:\/\/yoast.com\/product\/yoast-seo-wordpress\/ -->\n<title>Z\u00e1ruka - Gerda<\/title>\n<meta name=\"robots\" content=\"index, follow, max-snippet:-1, max-image-preview:large, max-video-preview:-1\" \/>\n<meta property=\"og:locale\" content=\"cs_CZ\" \/>\n<meta property=\"og:type\" content=\"article\" \/>\n<meta property=\"og:title\" content=\"Z\u00e1ruka - Gerda\" \/>\n<meta property=\"og:description\" content=\"Z\u00e1ru\u010dn\u00ed list TEDEE SP\u00d3\u0141KA Z OGRANICZON\u0104 ODPOWIEDZIALNO\u015aCI\u0104 Adresa pro korespondenci: ul. Altowa 2, 02-386 Warszawatelefon: (+48) 884 088 011email:\u00a0support@tedee.com t\u00edmto poskytuje p\u0159\u00edjemci z\u00e1ruku na produkt, ke kter\u00e9mu byl tento z\u00e1ru\u010dn\u00ed list p\u0159ilo\u017een. P\u0159edm\u011bt, doba a rozsah z\u00e1ruky 1. P\u0159edm\u011bt z\u00e1ruky Z\u00e1ruka se vztahuje pouze na mechanickou odolnost a zachov\u00e1n\u00ed funk\u010dn\u00edch vlastnost\u00ed Produktu. Na mobiln\u00ed aplikaci [&hellip;]\" \/>\n<meta property=\"og:url\" content=\"https:\/\/gerda.pl\/cs\/tedee\/zaruka\/\" \/>\n<meta property=\"og:site_name\" content=\"Gerda\" \/>\n<meta property=\"article:publisher\" content=\"https:\/\/www.facebook.com\/gerda.zamki.drzwi.bramy\" \/>\n<meta property=\"article:modified_time\" content=\"2022-08-01T15:04:27+00:00\" \/>\n<meta name=\"twitter:card\" content=\"summary_large_image\" \/>\n<meta name=\"twitter:label1\" content=\"Odhadovan\u00e1 doba \u010dten\u00ed\" \/>\n\t<meta name=\"twitter:data1\" content=\"7 minut\" \/>\n<script type=\"application\/ld+json\" class=\"yoast-schema-graph\">{\"@context\":\"https:\\\/\\\/schema.org\",\"@graph\":[{\"@type\":\"WebPage\",\"@id\":\"https:\\\/\\\/gerda.pl\\\/cs\\\/tedee\\\/zaruka\\\/\",\"url\":\"https:\\\/\\\/gerda.pl\\\/cs\\\/tedee\\\/zaruka\\\/\",\"name\":\"Z\u00e1ruka - Gerda\",\"isPartOf\":{\"@id\":\"https:\\\/\\\/gerda.pl\\\/cs\\\/#website\"},\"datePublished\":\"2022-08-01T15:04:26+00:00\",\"dateModified\":\"2022-08-01T15:04:27+00:00\",\"breadcrumb\":{\"@id\":\"https:\\\/\\\/gerda.pl\\\/cs\\\/tedee\\\/zaruka\\\/#breadcrumb\"},\"inLanguage\":\"cs\",\"potentialAction\":[{\"@type\":\"ReadAction\",\"target\":[\"https:\\\/\\\/gerda.pl\\\/cs\\\/tedee\\\/zaruka\\\/\"]}]},{\"@type\":\"BreadcrumbList\",\"@id\":\"https:\\\/\\\/gerda.pl\\\/cs\\\/tedee\\\/zaruka\\\/#breadcrumb\",\"itemListElement\":[{\"@type\":\"ListItem\",\"position\":1,\"name\":\"Home\",\"item\":\"https:\\\/\\\/gerda.pl\\\/cs\\\/\"},{\"@type\":\"ListItem\",\"position\":2,\"name\":\"Tedee\",\"item\":\"https:\\\/\\\/gerda.pl\\\/cs\\\/tedee\\\/\"},{\"@type\":\"ListItem\",\"position\":3,\"name\":\"Z\u00e1ruka\"}]},{\"@type\":\"WebSite\",\"@id\":\"https:\\\/\\\/gerda.pl\\\/cs\\\/#website\",\"url\":\"https:\\\/\\\/gerda.pl\\\/cs\\\/\",\"name\":\"Gerda\",\"description\":\"Producent drzwi i zamk\u00f3w do drzwi\",\"publisher\":{\"@id\":\"https:\\\/\\\/gerda.pl\\\/cs\\\/#organization\"},\"potentialAction\":[{\"@type\":\"SearchAction\",\"target\":{\"@type\":\"EntryPoint\",\"urlTemplate\":\"https:\\\/\\\/gerda.pl\\\/cs\\\/?s={search_term_string}\"},\"query-input\":{\"@type\":\"PropertyValueSpecification\",\"valueRequired\":true,\"valueName\":\"search_term_string\"}}],\"inLanguage\":\"cs\"},{\"@type\":\"Organization\",\"@id\":\"https:\\\/\\\/gerda.pl\\\/cs\\\/#organization\",\"name\":\"Gerda\",\"url\":\"https:\\\/\\\/gerda.pl\\\/cs\\\/\",\"logo\":{\"@type\":\"ImageObject\",\"inLanguage\":\"cs\",\"@id\":\"https:\\\/\\\/gerda.pl\\\/cs\\\/#\\\/schema\\\/logo\\\/image\\\/\",\"url\":\"https:\\\/\\\/gerda.pl\\\/wp-content\\\/uploads\\\/2025\\\/11\\\/Logo-Gerda_GLOBAL_rgb1-scaled.png\",\"contentUrl\":\"https:\\\/\\\/gerda.pl\\\/wp-content\\\/uploads\\\/2025\\\/11\\\/Logo-Gerda_GLOBAL_rgb1-scaled.png\",\"width\":2560,\"height\":699,\"caption\":\"Gerda\"},\"image\":{\"@id\":\"https:\\\/\\\/gerda.pl\\\/cs\\\/#\\\/schema\\\/logo\\\/image\\\/\"},\"sameAs\":[\"https:\\\/\\\/www.facebook.com\\\/gerda.zamki.drzwi.bramy\"]}]}<\/script>\n<!-- \/ Yoast SEO plugin. -->","yoast_head_json":{"title":"Z\u00e1ruka - Gerda","robots":{"index":"index","follow":"follow","max-snippet":"max-snippet:-1","max-image-preview":"max-image-preview:large","max-video-preview":"max-video-preview:-1"},"og_locale":"cs_CZ","og_type":"article","og_title":"Z\u00e1ruka - Gerda","og_description":"Z\u00e1ru\u010dn\u00ed list TEDEE SP\u00d3\u0141KA Z OGRANICZON\u0104 ODPOWIEDZIALNO\u015aCI\u0104 Adresa pro korespondenci: ul. Altowa 2, 02-386 Warszawatelefon: (+48) 884 088 011email:\u00a0support@tedee.com t\u00edmto poskytuje p\u0159\u00edjemci z\u00e1ruku na produkt, ke kter\u00e9mu byl tento z\u00e1ru\u010dn\u00ed list p\u0159ilo\u017een. P\u0159edm\u011bt, doba a rozsah z\u00e1ruky 1. P\u0159edm\u011bt z\u00e1ruky Z\u00e1ruka se vztahuje pouze na mechanickou odolnost a zachov\u00e1n\u00ed funk\u010dn\u00edch vlastnost\u00ed Produktu. Na mobiln\u00ed aplikaci [&hellip;]","og_url":"https:\/\/gerda.pl\/cs\/tedee\/zaruka\/","og_site_name":"Gerda","article_publisher":"https:\/\/www.facebook.com\/gerda.zamki.drzwi.bramy","article_modified_time":"2022-08-01T15:04:27+00:00","twitter_card":"summary_large_image","twitter_misc":{"Odhadovan\u00e1 doba \u010dten\u00ed":"7 minut"},"schema":{"@context":"https:\/\/schema.org","@graph":[{"@type":"WebPage","@id":"https:\/\/gerda.pl\/cs\/tedee\/zaruka\/","url":"https:\/\/gerda.pl\/cs\/tedee\/zaruka\/","name":"Z\u00e1ruka - Gerda","isPartOf":{"@id":"https:\/\/gerda.pl\/cs\/#website"},"datePublished":"2022-08-01T15:04:26+00:00","dateModified":"2022-08-01T15:04:27+00:00","breadcrumb":{"@id":"https:\/\/gerda.pl\/cs\/tedee\/zaruka\/#breadcrumb"},"inLanguage":"cs","potentialAction":[{"@type":"ReadAction","target":["https:\/\/gerda.pl\/cs\/tedee\/zaruka\/"]}]},{"@type":"BreadcrumbList","@id":"https:\/\/gerda.pl\/cs\/tedee\/zaruka\/#breadcrumb","itemListElement":[{"@type":"ListItem","position":1,"name":"Home","item":"https:\/\/gerda.pl\/cs\/"},{"@type":"ListItem","position":2,"name":"Tedee","item":"https:\/\/gerda.pl\/cs\/tedee\/"},{"@type":"ListItem","position":3,"name":"Z\u00e1ruka"}]},{"@type":"WebSite","@id":"https:\/\/gerda.pl\/cs\/#website","url":"https:\/\/gerda.pl\/cs\/","name":"Gerda","description":"Producent drzwi i zamk\u00f3w do drzwi","publisher":{"@id":"https:\/\/gerda.pl\/cs\/#organization"},"potentialAction":[{"@type":"SearchAction","target":{"@type":"EntryPoint","urlTemplate":"https:\/\/gerda.pl\/cs\/?s={search_term_string}"},"query-input":{"@type":"PropertyValueSpecification","valueRequired":true,"valueName":"search_term_string"}}],"inLanguage":"cs"},{"@type":"Organization","@id":"https:\/\/gerda.pl\/cs\/#organization","name":"Gerda","url":"https:\/\/gerda.pl\/cs\/","logo":{"@type":"ImageObject","inLanguage":"cs","@id":"https:\/\/gerda.pl\/cs\/#\/schema\/logo\/image\/","url":"https:\/\/gerda.pl\/wp-content\/uploads\/2025\/11\/Logo-Gerda_GLOBAL_rgb1-scaled.png","contentUrl":"https:\/\/gerda.pl\/wp-content\/uploads\/2025\/11\/Logo-Gerda_GLOBAL_rgb1-scaled.png","width":2560,"height":699,"caption":"Gerda"},"image":{"@id":"https:\/\/gerda.pl\/cs\/#\/schema\/logo\/image\/"},"sameAs":["https:\/\/www.facebook.com\/gerda.zamki.drzwi.bramy"]}]}},"_links":{"self":[{"href":"https:\/\/gerda.pl\/cs\/wp-json\/wp\/v2\/pages\/40482","targetHints":{"allow":["GET"]}}],"collection":[{"href":"https:\/\/gerda.pl\/cs\/wp-json\/wp\/v2\/pages"}],"about":[{"href":"https:\/\/gerda.pl\/cs\/wp-json\/wp\/v2\/types\/page"}],"author":[{"embeddable":true,"href":"https:\/\/gerda.pl\/cs\/wp-json\/wp\/v2\/users\/1"}],"replies":[{"embeddable":true,"href":"https:\/\/gerda.pl\/cs\/wp-json\/wp\/v2\/comments?post=40482"}],"version-history":[{"count":1,"href":"https:\/\/gerda.pl\/cs\/wp-json\/wp\/v2\/pages\/40482\/revisions"}],"predecessor-version":[{"id":40483,"href":"https:\/\/gerda.pl\/cs\/wp-json\/wp\/v2\/pages\/40482\/revisions\/40483"}],"up":[{"embeddable":true,"href":"https:\/\/gerda.pl\/cs\/wp-json\/wp\/v2\/pages\/40373"}],"wp:attachment":[{"href":"https:\/\/gerda.pl\/cs\/wp-json\/wp\/v2\/media?parent=40482"}],"curies":[{"name":"wp","href":"https:\/\/api.w.org\/{rel}","templated":true}]}}