{"id":40484,"date":"2022-08-01T17:06:22","date_gmt":"2022-08-01T15:06:22","guid":{"rendered":"https:\/\/gerda.pl\/?page_id=40484"},"modified":"2022-09-19T10:01:50","modified_gmt":"2022-09-19T08:01:50","slug":"stante-se-tedee-partnerem","status":"publish","type":"page","link":"https:\/\/gerda.pl\/cs\/tedee\/stante-se-tedee-partnerem\/","title":{"rendered":"Sta\u0148te se tedee partnerem"},"content":{"rendered":"\n<div style=\"height:72px\" aria-hidden=\"true\" class=\"wp-block-spacer\"><\/div>\n\n\n\n<div style=\"height:50px\" aria-hidden=\"true\" class=\"wp-block-spacer\"><\/div>\n\n\n\n<h2 class=\"has-text-align-center has-blue-color has-text-color wp-block-heading\">Sta\u0148te se tedee powered by GERDA partner<\/h2>\n\n\n\n<div class=\"wpcf7 no-js\" id=\"wpcf7-f41889-o1\" lang=\"pl-PL\" dir=\"ltr\" data-wpcf7-id=\"41889\">\n<div class=\"screen-reader-response\"><p role=\"status\" aria-live=\"polite\" aria-atomic=\"true\"><\/p> <ul><\/ul><\/div>\n<form action=\"\/cs\/wp-json\/wp\/v2\/pages\/40484#wpcf7-f41889-o1\" method=\"post\" class=\"wpcf7-form init\" aria-label=\"Formularz kontaktowy\" novalidate=\"novalidate\" data-status=\"init\">\n<fieldset class=\"hidden-fields-container\"><input type=\"hidden\" name=\"_wpcf7\" value=\"41889\" \/><input type=\"hidden\" name=\"_wpcf7_version\" value=\"6.1.5\" \/><input type=\"hidden\" name=\"_wpcf7_locale\" value=\"pl_PL\" \/><input type=\"hidden\" name=\"_wpcf7_unit_tag\" value=\"wpcf7-f41889-o1\" \/><input type=\"hidden\" name=\"_wpcf7_container_post\" value=\"0\" \/><input type=\"hidden\" name=\"_wpcf7_posted_data_hash\" value=\"\" \/><input type=\"hidden\" name=\"_wpcf7_recaptcha_response\" value=\"\" \/>\n<\/fieldset>\n<div class=\"half\">\n<div>\n<span class=\"wpcf7-form-control-wrap\" data-name=\"your-name\"><input size=\"40\" maxlength=\"400\" class=\"wpcf7-form-control wpcf7-text wpcf7-validates-as-required\" aria-required=\"true\" aria-invalid=\"false\" value=\"N\u00e1zev\" type=\"text\" name=\"your-name\" \/><\/span>\n<span class=\"wpcf7-form-control-wrap\" data-name=\"your-last-name\"><input size=\"40\" maxlength=\"400\" class=\"wpcf7-form-control wpcf7-text wpcf7-validates-as-required\" aria-required=\"true\" aria-invalid=\"false\" value=\"P\u0159\u00edjmen\u00ed\" type=\"text\" name=\"your-last-name\" \/><\/span>\n<span class=\"wpcf7-form-control-wrap\" data-name=\"your-phone\"><input size=\"40\" maxlength=\"400\" class=\"wpcf7-form-control wpcf7-text wpcf7-validates-as-required\" aria-required=\"true\" aria-invalid=\"false\" value=\"Telefon\" type=\"text\" name=\"your-phone\" \/><\/span>\n<span class=\"wpcf7-form-control-wrap\" data-name=\"your-email\"><input size=\"40\" maxlength=\"400\" class=\"wpcf7-form-control wpcf7-email wpcf7-validates-as-required wpcf7-text wpcf7-validates-as-email\" aria-required=\"true\" aria-invalid=\"false\" value=\"E-mail\" type=\"email\" name=\"your-email\" \/><\/span>\n<span class=\"wpcf7-form-control-wrap\" data-name=\"your-area\"><select class=\"wpcf7-form-control wpcf7-select wpcf7-validates-as-required\" aria-required=\"true\" aria-invalid=\"false\" name=\"your-area\"><option value=\"Hlavn\u00ed oblast \u010dinnosti\">Hlavn\u00ed oblast \u010dinnosti<\/option><option value=\"Distributor \/ Velkoobchodn\u00edk\">Distributor \/ Velkoobchodn\u00edk<\/option><option value=\"Instalat\u00e9r\">Instalat\u00e9r<\/option><option value=\"Maloobchodn\u00ed prodejce produkt\u016f pro inteligentn\u00ed dom\u00e1cnost\">Maloobchodn\u00ed prodejce produkt\u016f pro inteligentn\u00ed dom\u00e1cnost<\/option><option value=\"N\u00e1vrh\u00e1\u0159 inteligentn\u00edch dom\u00e1c\u00edch syst\u00e9m\u016f\">N\u00e1vrh\u00e1\u0159 inteligentn\u00edch dom\u00e1c\u00edch syst\u00e9m\u016f<\/option><option value=\"Architekt\">Architekt<\/option><option value=\"Dal\u0161\u00ed\">Dal\u0161\u00ed<\/option><\/select><\/span>\n<\/div>\n<div>\n<span class=\"wpcf7-form-control-wrap\" data-name=\"your-company\"><input size=\"40\" maxlength=\"400\" class=\"wpcf7-form-control wpcf7-text wpcf7-validates-as-required\" aria-required=\"true\" aria-invalid=\"false\" value=\"N\u00e1zev spole\u010dnosti\" type=\"text\" name=\"your-company\" \/><\/span>\n<span class=\"wpcf7-form-control-wrap\" data-name=\"your-address\"><input size=\"40\" maxlength=\"400\" class=\"wpcf7-form-control wpcf7-text wpcf7-validates-as-required\" aria-required=\"true\" aria-invalid=\"false\" value=\"Ulice a \u010d\u00edslo\" type=\"text\" name=\"your-address\" \/><\/span>\n<span class=\"wpcf7-form-control-wrap\" data-name=\"your-zip\"><input size=\"40\" maxlength=\"400\" class=\"wpcf7-form-control wpcf7-text wpcf7-validates-as-required\" aria-required=\"true\" aria-invalid=\"false\" value=\"Po\u0161tovn\u00ed sm\u011brovac\u00ed \u010d\u00edslo\" type=\"text\" name=\"your-zip\" \/><\/span>\n<span class=\"wpcf7-form-control-wrap\" data-name=\"your-city\"><input size=\"40\" maxlength=\"400\" class=\"wpcf7-form-control wpcf7-text wpcf7-validates-as-required\" aria-required=\"true\" aria-invalid=\"false\" value=\"M\u011bsto\" type=\"text\" name=\"your-city\" \/><\/span>\n<span class=\"wpcf7-form-control-wrap\" data-name=\"your-nip\"><input size=\"40\" maxlength=\"400\" class=\"wpcf7-form-control wpcf7-text\" aria-invalid=\"false\" value=\"Da\u0148ov\u00e9 identifika\u010dn\u00ed \u010d\u00edslo\" type=\"text\" name=\"your-nip\" \/><\/span>\n<\/div>\n<\/div>\n<strong>O jak\u00fd druh spolupr\u00e1ce m\u00e1te z\u00e1jem?<\/strong>\n<span class=\"wpcf7-form-control-wrap\" data-name=\"your-seeler\"><span class=\"wpcf7-form-control wpcf7-radio\"><span class=\"wpcf7-list-item first\"><input type=\"radio\" name=\"your-seeler\" value=\"Cht\u011bl bych se st\u00e1t maloobchodn\u00edm prodejcem\/distributorem\" \/><span class=\"wpcf7-list-item-label\">Cht\u011bl bych se st\u00e1t maloobchodn\u00edm prodejcem\/distributorem<\/span><\/span><span class=\"wpcf7-list-item last\"><input type=\"radio\" name=\"your-seeler\" value=\"R\u00e1d bych p\u0159idal tedee do sv\u00e9ho portfolia a nainstaloval produkty tedee\" \/><span class=\"wpcf7-list-item-label\">R\u00e1d bych p\u0159idal tedee do sv\u00e9ho portfolia a nainstaloval produkty tedee<\/span><\/span><\/span><\/span>\n<strong>M\u00e1te stacion\u00e1rn\u00ed prodejnu nebo showroom?<\/strong>\n<span class=\"wpcf7-form-control-wrap\" data-name=\"your-stationary-sale\"><span class=\"wpcf7-form-control wpcf7-radio\"><span class=\"wpcf7-list-item first\"><input type=\"radio\" name=\"your-stationary-sale\" value=\"Ano\" \/><span class=\"wpcf7-list-item-label\">Ano<\/span><\/span><span class=\"wpcf7-list-item last\"><input type=\"radio\" name=\"your-stationary-sale\" value=\"Ne\" \/><span class=\"wpcf7-list-item-label\">Ne<\/span><\/span><\/span><\/span>\n<strong>Prod\u00e1v\u00e1te online?<\/strong>\n<span class=\"wpcf7-form-control-wrap\" data-name=\"your-internet-sale\"><span class=\"wpcf7-form-control wpcf7-radio\"><span class=\"wpcf7-list-item first\"><input type=\"radio\" name=\"your-internet-sale\" value=\"Ano\" \/><span class=\"wpcf7-list-item-label\">Ano<\/span><\/span><span class=\"wpcf7-list-item last\"><input type=\"radio\" name=\"your-internet-sale\" value=\"Ne\" \/><span class=\"wpcf7-list-item-label\">Ne<\/span><\/span><\/span><\/span>\n<span class=\"wpcf7-form-control-wrap\" data-name=\"your-shop\"><input size=\"40\" maxlength=\"400\" class=\"wpcf7-form-control wpcf7-text\" aria-invalid=\"false\" value=\"Webov\u00e9 str\u00e1nky \/ adresa internetov\u00e9ho obchodu\" type=\"text\" name=\"your-shop\" \/><\/span>\n<span class=\"wpcf7-form-control-wrap\" data-name=\"your-message\"><textarea cols=\"40\" rows=\"10\" maxlength=\"2000\" class=\"wpcf7-form-control wpcf7-textarea\" aria-invalid=\"false\" placeholder=\"\u0158ekn\u011bte n\u00e1m v\u00edce o sv\u00e9 spole\u010dnosti: z\u00e1kazn\u00edci, prodejn\u00ed p\u0159\u00edle\u017eitosti, oblast podnik\u00e1n\u00ed, odhadovan\u00e1 ro\u010dn\u00ed \u010d\u00e1stka n\u00e1kupu atd.\" name=\"your-message\"><\/textarea><\/span>\n<div class=\"rules\">\n<div class=\"acceptance\">\n<span class=\"wpcf7-form-control-wrap\" data-name=\"acceptance\"><span class=\"wpcf7-form-control wpcf7-checkbox wpcf7-validates-as-required\"><span class=\"wpcf7-list-item first last\"><input type=\"checkbox\" name=\"acceptance[]\" value=\"\" \/><span class=\"wpcf7-list-item-label\"><\/span><\/span><\/span><\/span> Spr\u00e1vcem va\u0161ich osobn\u00edch \u00fadaj\u016f je spole\u010dnost Gerda sp. z o.o. se s\u00eddlem v Sokolov\u011b. Va\u0161e \u00fadaje budou zpracov\u00e1ny za \u00fa\u010delem reakce na v\u00e1\u0161 z\u00e1jem o zapojen\u00ed do kampan\u011b \"Sta\u0148te se partnerem Tedee\". Podrobn\u00e9 informace o zpracov\u00e1n\u00ed va\u0161ich osobn\u00edch \u00fadaj\u016f naleznete v na\u0161em <a href=\"https:\/\/gerda.pl\/serwis\/o-nas\/polityka-prywatnosci-przetwarzanie-danych-osobowych\/\">Z\u00e1sady ochrany osobn\u00edch \u00fadaj\u016f<\/a>.\n<\/div>\n<\/div>\n<input class=\"wpcf7-form-control wpcf7-submit has-spinner\" type=\"submit\" value=\"Odeslat\" \/><div class=\"wpcf7-response-output\" aria-hidden=\"true\"><\/div>\n<\/form>\n<\/div>\n\n\n\n\n<div style=\"height:50px\" aria-hidden=\"true\" class=\"wp-block-spacer\"><\/div>\n\n\n\n<p>Kontakt pro zainteresovan\u00e9 obchodn\u00ed partnery:<\/p>\n\n\n\n<p>tel.:&nbsp;<strong>+48 664 449 588<\/strong><\/p>\n\n\n\n<div style=\"height:50px\" aria-hidden=\"true\" class=\"wp-block-spacer\"><\/div>\n","protected":false},"excerpt":{"rendered":"<p>Sta\u0148te se tedee powered by GERDA partner Kontakt pro zainteresovan\u00e9 obchodn\u00ed partnery: tel.:&nbsp;+48 664 449 588<\/p>\n","protected":false},"author":1,"featured_media":0,"parent":40373,"menu_order":0,"comment_status":"closed","ping_status":"closed","template":"page-tedee-txt.php","meta":{"_acf_changed":false,"om_disable_all_campaigns":false,"inline_featured_image":false,"_monsterinsights_skip_tracking":false,"_monsterinsights_sitenote_active":false,"_monsterinsights_sitenote_note":"","_monsterinsights_sitenote_category":0,"footnotes":"","_links_to":"","_links_to_target":""},"class_list":["post-40484","page","type-page","status-publish","hentry"],"acf":[],"yoast_head":"<!-- This site is optimized with the Yoast SEO plugin v27.3 - https:\/\/yoast.com\/product\/yoast-seo-wordpress\/ -->\n<title>Sta\u0148te se tedee partnerem - Gerda<\/title>\n<meta name=\"robots\" content=\"index, follow, max-snippet:-1, max-image-preview:large, max-video-preview:-1\" \/>\n<meta property=\"og:locale\" content=\"cs_CZ\" \/>\n<meta property=\"og:type\" content=\"article\" \/>\n<meta property=\"og:title\" content=\"Sta\u0148te se tedee partnerem - Gerda\" \/>\n<meta property=\"og:description\" content=\"Sta\u0148te se tedee powered by GERDA partner Kontakt pro zainteresovan\u00e9 obchodn\u00ed partnery: tel.:&nbsp;+48 664 449 588\" \/>\n<meta property=\"og:url\" content=\"https:\/\/gerda.pl\/cs\/tedee\/stante-se-tedee-partnerem\/\" \/>\n<meta property=\"og:site_name\" content=\"Gerda\" \/>\n<meta property=\"article:publisher\" content=\"https:\/\/www.facebook.com\/gerda.zamki.drzwi.bramy\" \/>\n<meta property=\"article:modified_time\" content=\"2022-09-19T08:01:50+00:00\" \/>\n<meta name=\"twitter:card\" content=\"summary_large_image\" \/>\n<script type=\"application\/ld+json\" class=\"yoast-schema-graph\">{\"@context\":\"https:\\\/\\\/schema.org\",\"@graph\":[{\"@type\":\"WebPage\",\"@id\":\"https:\\\/\\\/gerda.pl\\\/cs\\\/tedee\\\/stante-se-tedee-partnerem\\\/\",\"url\":\"https:\\\/\\\/gerda.pl\\\/cs\\\/tedee\\\/stante-se-tedee-partnerem\\\/\",\"name\":\"Sta\u0148te se tedee partnerem - Gerda\",\"isPartOf\":{\"@id\":\"https:\\\/\\\/gerda.pl\\\/cs\\\/#website\"},\"datePublished\":\"2022-08-01T15:06:22+00:00\",\"dateModified\":\"2022-09-19T08:01:50+00:00\",\"breadcrumb\":{\"@id\":\"https:\\\/\\\/gerda.pl\\\/cs\\\/tedee\\\/stante-se-tedee-partnerem\\\/#breadcrumb\"},\"inLanguage\":\"cs\",\"potentialAction\":[{\"@type\":\"ReadAction\",\"target\":[\"https:\\\/\\\/gerda.pl\\\/cs\\\/tedee\\\/stante-se-tedee-partnerem\\\/\"]}]},{\"@type\":\"BreadcrumbList\",\"@id\":\"https:\\\/\\\/gerda.pl\\\/cs\\\/tedee\\\/stante-se-tedee-partnerem\\\/#breadcrumb\",\"itemListElement\":[{\"@type\":\"ListItem\",\"position\":1,\"name\":\"Home\",\"item\":\"https:\\\/\\\/gerda.pl\\\/cs\\\/\"},{\"@type\":\"ListItem\",\"position\":2,\"name\":\"Tedee\",\"item\":\"https:\\\/\\\/gerda.pl\\\/cs\\\/tedee\\\/\"},{\"@type\":\"ListItem\",\"position\":3,\"name\":\"Sta\u0148te se tedee partnerem\"}]},{\"@type\":\"WebSite\",\"@id\":\"https:\\\/\\\/gerda.pl\\\/cs\\\/#website\",\"url\":\"https:\\\/\\\/gerda.pl\\\/cs\\\/\",\"name\":\"Gerda\",\"description\":\"Producent drzwi i zamk\u00f3w do drzwi\",\"publisher\":{\"@id\":\"https:\\\/\\\/gerda.pl\\\/cs\\\/#organization\"},\"potentialAction\":[{\"@type\":\"SearchAction\",\"target\":{\"@type\":\"EntryPoint\",\"urlTemplate\":\"https:\\\/\\\/gerda.pl\\\/cs\\\/?s={search_term_string}\"},\"query-input\":{\"@type\":\"PropertyValueSpecification\",\"valueRequired\":true,\"valueName\":\"search_term_string\"}}],\"inLanguage\":\"cs\"},{\"@type\":\"Organization\",\"@id\":\"https:\\\/\\\/gerda.pl\\\/cs\\\/#organization\",\"name\":\"Gerda\",\"url\":\"https:\\\/\\\/gerda.pl\\\/cs\\\/\",\"logo\":{\"@type\":\"ImageObject\",\"inLanguage\":\"cs\",\"@id\":\"https:\\\/\\\/gerda.pl\\\/cs\\\/#\\\/schema\\\/logo\\\/image\\\/\",\"url\":\"https:\\\/\\\/gerda.pl\\\/wp-content\\\/uploads\\\/2025\\\/11\\\/Logo-Gerda_GLOBAL_rgb1-scaled.png\",\"contentUrl\":\"https:\\\/\\\/gerda.pl\\\/wp-content\\\/uploads\\\/2025\\\/11\\\/Logo-Gerda_GLOBAL_rgb1-scaled.png\",\"width\":2560,\"height\":699,\"caption\":\"Gerda\"},\"image\":{\"@id\":\"https:\\\/\\\/gerda.pl\\\/cs\\\/#\\\/schema\\\/logo\\\/image\\\/\"},\"sameAs\":[\"https:\\\/\\\/www.facebook.com\\\/gerda.zamki.drzwi.bramy\"]}]}<\/script>\n<!-- \/ Yoast SEO plugin. -->","yoast_head_json":{"title":"Sta\u0148te se tedee partnerem - Gerda","robots":{"index":"index","follow":"follow","max-snippet":"max-snippet:-1","max-image-preview":"max-image-preview:large","max-video-preview":"max-video-preview:-1"},"og_locale":"cs_CZ","og_type":"article","og_title":"Sta\u0148te se tedee partnerem - Gerda","og_description":"Sta\u0148te se tedee powered by GERDA partner Kontakt pro zainteresovan\u00e9 obchodn\u00ed partnery: tel.:&nbsp;+48 664 449 588","og_url":"https:\/\/gerda.pl\/cs\/tedee\/stante-se-tedee-partnerem\/","og_site_name":"Gerda","article_publisher":"https:\/\/www.facebook.com\/gerda.zamki.drzwi.bramy","article_modified_time":"2022-09-19T08:01:50+00:00","twitter_card":"summary_large_image","schema":{"@context":"https:\/\/schema.org","@graph":[{"@type":"WebPage","@id":"https:\/\/gerda.pl\/cs\/tedee\/stante-se-tedee-partnerem\/","url":"https:\/\/gerda.pl\/cs\/tedee\/stante-se-tedee-partnerem\/","name":"Sta\u0148te se tedee partnerem - Gerda","isPartOf":{"@id":"https:\/\/gerda.pl\/cs\/#website"},"datePublished":"2022-08-01T15:06:22+00:00","dateModified":"2022-09-19T08:01:50+00:00","breadcrumb":{"@id":"https:\/\/gerda.pl\/cs\/tedee\/stante-se-tedee-partnerem\/#breadcrumb"},"inLanguage":"cs","potentialAction":[{"@type":"ReadAction","target":["https:\/\/gerda.pl\/cs\/tedee\/stante-se-tedee-partnerem\/"]}]},{"@type":"BreadcrumbList","@id":"https:\/\/gerda.pl\/cs\/tedee\/stante-se-tedee-partnerem\/#breadcrumb","itemListElement":[{"@type":"ListItem","position":1,"name":"Home","item":"https:\/\/gerda.pl\/cs\/"},{"@type":"ListItem","position":2,"name":"Tedee","item":"https:\/\/gerda.pl\/cs\/tedee\/"},{"@type":"ListItem","position":3,"name":"Sta\u0148te se tedee partnerem"}]},{"@type":"WebSite","@id":"https:\/\/gerda.pl\/cs\/#website","url":"https:\/\/gerda.pl\/cs\/","name":"Gerda","description":"Producent drzwi i zamk\u00f3w do drzwi","publisher":{"@id":"https:\/\/gerda.pl\/cs\/#organization"},"potentialAction":[{"@type":"SearchAction","target":{"@type":"EntryPoint","urlTemplate":"https:\/\/gerda.pl\/cs\/?s={search_term_string}"},"query-input":{"@type":"PropertyValueSpecification","valueRequired":true,"valueName":"search_term_string"}}],"inLanguage":"cs"},{"@type":"Organization","@id":"https:\/\/gerda.pl\/cs\/#organization","name":"Gerda","url":"https:\/\/gerda.pl\/cs\/","logo":{"@type":"ImageObject","inLanguage":"cs","@id":"https:\/\/gerda.pl\/cs\/#\/schema\/logo\/image\/","url":"https:\/\/gerda.pl\/wp-content\/uploads\/2025\/11\/Logo-Gerda_GLOBAL_rgb1-scaled.png","contentUrl":"https:\/\/gerda.pl\/wp-content\/uploads\/2025\/11\/Logo-Gerda_GLOBAL_rgb1-scaled.png","width":2560,"height":699,"caption":"Gerda"},"image":{"@id":"https:\/\/gerda.pl\/cs\/#\/schema\/logo\/image\/"},"sameAs":["https:\/\/www.facebook.com\/gerda.zamki.drzwi.bramy"]}]}},"_links":{"self":[{"href":"https:\/\/gerda.pl\/cs\/wp-json\/wp\/v2\/pages\/40484","targetHints":{"allow":["GET"]}}],"collection":[{"href":"https:\/\/gerda.pl\/cs\/wp-json\/wp\/v2\/pages"}],"about":[{"href":"https:\/\/gerda.pl\/cs\/wp-json\/wp\/v2\/types\/page"}],"author":[{"embeddable":true,"href":"https:\/\/gerda.pl\/cs\/wp-json\/wp\/v2\/users\/1"}],"replies":[{"embeddable":true,"href":"https:\/\/gerda.pl\/cs\/wp-json\/wp\/v2\/comments?post=40484"}],"version-history":[{"count":2,"href":"https:\/\/gerda.pl\/cs\/wp-json\/wp\/v2\/pages\/40484\/revisions"}],"predecessor-version":[{"id":41890,"href":"https:\/\/gerda.pl\/cs\/wp-json\/wp\/v2\/pages\/40484\/revisions\/41890"}],"up":[{"embeddable":true,"href":"https:\/\/gerda.pl\/cs\/wp-json\/wp\/v2\/pages\/40373"}],"wp:attachment":[{"href":"https:\/\/gerda.pl\/cs\/wp-json\/wp\/v2\/media?parent=40484"}],"curies":[{"name":"wp","href":"https:\/\/api.w.org\/{rel}","templated":true}]}}