{"id":41895,"date":"2022-09-19T10:25:33","date_gmt":"2022-09-19T08:25:33","guid":{"rendered":"https:\/\/gerda.pl\/?page_id=41895"},"modified":"2022-09-22T10:53:42","modified_gmt":"2022-09-22T08:53:42","slug":"ke-stazeni","status":"publish","type":"page","link":"https:\/\/gerda.pl\/cs\/serwis\/ke-stazeni\/","title":{"rendered":"Ke sta\u017een\u00ed"},"content":{"rendered":"\n<h2 class=\"has-text-align-center has-blue-color has-text-color wp-block-heading\">Ke sta\u017een\u00ed<\/h2>\n\n\n\n<div style=\"height:35px\" aria-hidden=\"true\" class=\"wp-block-spacer\"><\/div>\n\n\n    <div class=\"promo-container white\">\n        <div class=\"container\">\n                        <div class=\"row\">\n                                    <div class=\"col-12 col-md-6 second\">\n                        <a  href=\"https:\/\/gerda.pl\/cs\/serwis\/ke-stazeni\/katalogy\/\"  class=\"promo\">\n                            <img decoding=\"async\" src=\"https:\/\/gerda.pl\/wp-content\/uploads\/2021\/10\/katalogi_-2.jpg\" alt=\"Katalogy v\u00fdrobk\u016f\">\n                            <h2>Katalogy v\u00fdrobk\u016f<\/h2>\n                            <p>V\u0161echny katalogy jsou k dispozici ke sta\u017een\u00ed.<\/p>\n                        <\/a>\n                    <\/div>\n                                <\/div>\n        <\/div>\n    <\/div>\n    ","protected":false},"excerpt":{"rendered":"<p>Ke sta\u017een\u00ed<\/p>\n","protected":false},"author":3,"featured_media":0,"parent":41893,"menu_order":1,"comment_status":"closed","ping_status":"closed","template":"","meta":{"_acf_changed":false,"om_disable_all_campaigns":false,"inline_featured_image":false,"_monsterinsights_skip_tracking":false,"_monsterinsights_sitenote_active":false,"_monsterinsights_sitenote_note":"","_monsterinsights_sitenote_category":0,"footnotes":"","_links_to":"","_links_to_target":""},"class_list":["post-41895","page","type-page","status-publish","hentry"],"acf":[],"yoast_head":"<!-- This site is optimized with the Yoast SEO plugin v27.3 - https:\/\/yoast.com\/product\/yoast-seo-wordpress\/ -->\n<title>Ke sta\u017een\u00ed - Gerda<\/title>\n<meta name=\"robots\" content=\"index, follow, max-snippet:-1, max-image-preview:large, max-video-preview:-1\" \/>\n<meta property=\"og:locale\" content=\"cs_CZ\" \/>\n<meta property=\"og:type\" content=\"article\" \/>\n<meta property=\"og:title\" content=\"Ke sta\u017een\u00ed - Gerda\" \/>\n<meta property=\"og:description\" content=\"Ke sta\u017een\u00ed\" \/>\n<meta property=\"og:url\" content=\"https:\/\/gerda.pl\/cs\/serwis\/ke-stazeni\/\" \/>\n<meta property=\"og:site_name\" content=\"Gerda\" \/>\n<meta property=\"article:publisher\" content=\"https:\/\/www.facebook.com\/gerda.zamki.drzwi.bramy\" \/>\n<meta property=\"article:modified_time\" content=\"2022-09-22T08:53:42+00:00\" \/>\n<meta name=\"twitter:card\" content=\"summary_large_image\" \/>\n<script type=\"application\/ld+json\" class=\"yoast-schema-graph\">{\"@context\":\"https:\\\/\\\/schema.org\",\"@graph\":[{\"@type\":\"WebPage\",\"@id\":\"https:\\\/\\\/gerda.pl\\\/cs\\\/serwis\\\/ke-stazeni\\\/\",\"url\":\"https:\\\/\\\/gerda.pl\\\/cs\\\/serwis\\\/ke-stazeni\\\/\",\"name\":\"Ke sta\u017een\u00ed - Gerda\",\"isPartOf\":{\"@id\":\"https:\\\/\\\/gerda.pl\\\/cs\\\/#website\"},\"datePublished\":\"2022-09-19T08:25:33+00:00\",\"dateModified\":\"2022-09-22T08:53:42+00:00\",\"breadcrumb\":{\"@id\":\"https:\\\/\\\/gerda.pl\\\/cs\\\/serwis\\\/ke-stazeni\\\/#breadcrumb\"},\"inLanguage\":\"cs\",\"potentialAction\":[{\"@type\":\"ReadAction\",\"target\":[\"https:\\\/\\\/gerda.pl\\\/cs\\\/serwis\\\/ke-stazeni\\\/\"]}]},{\"@type\":\"BreadcrumbList\",\"@id\":\"https:\\\/\\\/gerda.pl\\\/cs\\\/serwis\\\/ke-stazeni\\\/#breadcrumb\",\"itemListElement\":[{\"@type\":\"ListItem\",\"position\":1,\"name\":\"Home\",\"item\":\"https:\\\/\\\/gerda.pl\\\/cs\\\/\"},{\"@type\":\"ListItem\",\"position\":2,\"name\":\"Serwis\",\"item\":\"https:\\\/\\\/gerda.pl\\\/cs\\\/serwis\\\/\"},{\"@type\":\"ListItem\",\"position\":3,\"name\":\"Ke sta\u017een\u00ed\"}]},{\"@type\":\"WebSite\",\"@id\":\"https:\\\/\\\/gerda.pl\\\/cs\\\/#website\",\"url\":\"https:\\\/\\\/gerda.pl\\\/cs\\\/\",\"name\":\"Gerda\",\"description\":\"Producent drzwi i zamk\u00f3w do drzwi\",\"publisher\":{\"@id\":\"https:\\\/\\\/gerda.pl\\\/cs\\\/#organization\"},\"potentialAction\":[{\"@type\":\"SearchAction\",\"target\":{\"@type\":\"EntryPoint\",\"urlTemplate\":\"https:\\\/\\\/gerda.pl\\\/cs\\\/?s={search_term_string}\"},\"query-input\":{\"@type\":\"PropertyValueSpecification\",\"valueRequired\":true,\"valueName\":\"search_term_string\"}}],\"inLanguage\":\"cs\"},{\"@type\":\"Organization\",\"@id\":\"https:\\\/\\\/gerda.pl\\\/cs\\\/#organization\",\"name\":\"Gerda\",\"url\":\"https:\\\/\\\/gerda.pl\\\/cs\\\/\",\"logo\":{\"@type\":\"ImageObject\",\"inLanguage\":\"cs\",\"@id\":\"https:\\\/\\\/gerda.pl\\\/cs\\\/#\\\/schema\\\/logo\\\/image\\\/\",\"url\":\"https:\\\/\\\/gerda.pl\\\/wp-content\\\/uploads\\\/2025\\\/11\\\/Logo-Gerda_GLOBAL_rgb1-scaled.png\",\"contentUrl\":\"https:\\\/\\\/gerda.pl\\\/wp-content\\\/uploads\\\/2025\\\/11\\\/Logo-Gerda_GLOBAL_rgb1-scaled.png\",\"width\":2560,\"height\":699,\"caption\":\"Gerda\"},\"image\":{\"@id\":\"https:\\\/\\\/gerda.pl\\\/cs\\\/#\\\/schema\\\/logo\\\/image\\\/\"},\"sameAs\":[\"https:\\\/\\\/www.facebook.com\\\/gerda.zamki.drzwi.bramy\"]}]}<\/script>\n<!-- \/ Yoast SEO plugin. -->","yoast_head_json":{"title":"Ke sta\u017een\u00ed - Gerda","robots":{"index":"index","follow":"follow","max-snippet":"max-snippet:-1","max-image-preview":"max-image-preview:large","max-video-preview":"max-video-preview:-1"},"og_locale":"cs_CZ","og_type":"article","og_title":"Ke sta\u017een\u00ed - Gerda","og_description":"Ke sta\u017een\u00ed","og_url":"https:\/\/gerda.pl\/cs\/serwis\/ke-stazeni\/","og_site_name":"Gerda","article_publisher":"https:\/\/www.facebook.com\/gerda.zamki.drzwi.bramy","article_modified_time":"2022-09-22T08:53:42+00:00","twitter_card":"summary_large_image","schema":{"@context":"https:\/\/schema.org","@graph":[{"@type":"WebPage","@id":"https:\/\/gerda.pl\/cs\/serwis\/ke-stazeni\/","url":"https:\/\/gerda.pl\/cs\/serwis\/ke-stazeni\/","name":"Ke sta\u017een\u00ed - Gerda","isPartOf":{"@id":"https:\/\/gerda.pl\/cs\/#website"},"datePublished":"2022-09-19T08:25:33+00:00","dateModified":"2022-09-22T08:53:42+00:00","breadcrumb":{"@id":"https:\/\/gerda.pl\/cs\/serwis\/ke-stazeni\/#breadcrumb"},"inLanguage":"cs","potentialAction":[{"@type":"ReadAction","target":["https:\/\/gerda.pl\/cs\/serwis\/ke-stazeni\/"]}]},{"@type":"BreadcrumbList","@id":"https:\/\/gerda.pl\/cs\/serwis\/ke-stazeni\/#breadcrumb","itemListElement":[{"@type":"ListItem","position":1,"name":"Home","item":"https:\/\/gerda.pl\/cs\/"},{"@type":"ListItem","position":2,"name":"Serwis","item":"https:\/\/gerda.pl\/cs\/serwis\/"},{"@type":"ListItem","position":3,"name":"Ke sta\u017een\u00ed"}]},{"@type":"WebSite","@id":"https:\/\/gerda.pl\/cs\/#website","url":"https:\/\/gerda.pl\/cs\/","name":"Gerda","description":"Producent drzwi i zamk\u00f3w do drzwi","publisher":{"@id":"https:\/\/gerda.pl\/cs\/#organization"},"potentialAction":[{"@type":"SearchAction","target":{"@type":"EntryPoint","urlTemplate":"https:\/\/gerda.pl\/cs\/?s={search_term_string}"},"query-input":{"@type":"PropertyValueSpecification","valueRequired":true,"valueName":"search_term_string"}}],"inLanguage":"cs"},{"@type":"Organization","@id":"https:\/\/gerda.pl\/cs\/#organization","name":"Gerda","url":"https:\/\/gerda.pl\/cs\/","logo":{"@type":"ImageObject","inLanguage":"cs","@id":"https:\/\/gerda.pl\/cs\/#\/schema\/logo\/image\/","url":"https:\/\/gerda.pl\/wp-content\/uploads\/2025\/11\/Logo-Gerda_GLOBAL_rgb1-scaled.png","contentUrl":"https:\/\/gerda.pl\/wp-content\/uploads\/2025\/11\/Logo-Gerda_GLOBAL_rgb1-scaled.png","width":2560,"height":699,"caption":"Gerda"},"image":{"@id":"https:\/\/gerda.pl\/cs\/#\/schema\/logo\/image\/"},"sameAs":["https:\/\/www.facebook.com\/gerda.zamki.drzwi.bramy"]}]}},"_links":{"self":[{"href":"https:\/\/gerda.pl\/cs\/wp-json\/wp\/v2\/pages\/41895","targetHints":{"allow":["GET"]}}],"collection":[{"href":"https:\/\/gerda.pl\/cs\/wp-json\/wp\/v2\/pages"}],"about":[{"href":"https:\/\/gerda.pl\/cs\/wp-json\/wp\/v2\/types\/page"}],"author":[{"embeddable":true,"href":"https:\/\/gerda.pl\/cs\/wp-json\/wp\/v2\/users\/3"}],"replies":[{"embeddable":true,"href":"https:\/\/gerda.pl\/cs\/wp-json\/wp\/v2\/comments?post=41895"}],"version-history":[{"count":4,"href":"https:\/\/gerda.pl\/cs\/wp-json\/wp\/v2\/pages\/41895\/revisions"}],"predecessor-version":[{"id":41906,"href":"https:\/\/gerda.pl\/cs\/wp-json\/wp\/v2\/pages\/41895\/revisions\/41906"}],"up":[{"embeddable":true,"href":"https:\/\/gerda.pl\/cs\/wp-json\/wp\/v2\/pages\/41893"}],"wp:attachment":[{"href":"https:\/\/gerda.pl\/cs\/wp-json\/wp\/v2\/media?parent=41895"}],"curies":[{"name":"wp","href":"https:\/\/api.w.org\/{rel}","templated":true}]}}