{"id":41901,"date":"2022-09-19T10:30:23","date_gmt":"2022-09-19T08:30:23","guid":{"rendered":"https:\/\/gerda.pl\/?page_id=41901"},"modified":"2022-09-19T10:44:56","modified_gmt":"2022-09-19T08:44:56","slug":"katalogy","status":"publish","type":"page","link":"https:\/\/gerda.pl\/cs\/serwis\/ke-stazeni\/katalogy\/","title":{"rendered":"Katalogy"},"content":{"rendered":"\n<div style=\"height:30px\" aria-hidden=\"true\" class=\"wp-block-spacer\"><\/div>\n\n\n\n<div class=\"wp-block-cover alignfull\" style=\"min-height:400px;aspect-ratio:unset;\"><span aria-hidden=\"true\" class=\"wp-block-cover__background has-background-dim-0 has-background-dim\"><\/span><img loading=\"lazy\" decoding=\"async\" width=\"2560\" height=\"750\" class=\"wp-block-cover__image-background wp-image-13342\" alt=\"\" src=\"https:\/\/gerda.pl\/wp-content\/uploads\/2021\/07\/shutterstock-1477334123-copy-3@2x-5-scaled.webp\" data-object-fit=\"cover\" srcset=\"https:\/\/gerda.pl\/wp-content\/uploads\/2021\/07\/shutterstock-1477334123-copy-3@2x-5-scaled.webp 2560w, https:\/\/gerda.pl\/wp-content\/uploads\/2021\/07\/shutterstock-1477334123-copy-3@2x-5-300x88.webp 300w, https:\/\/gerda.pl\/wp-content\/uploads\/2021\/07\/shutterstock-1477334123-copy-3@2x-5-1024x300.webp 1024w, https:\/\/gerda.pl\/wp-content\/uploads\/2021\/07\/shutterstock-1477334123-copy-3@2x-5-768x225.webp 768w, https:\/\/gerda.pl\/wp-content\/uploads\/2021\/07\/shutterstock-1477334123-copy-3@2x-5-1536x450.webp 1536w, https:\/\/gerda.pl\/wp-content\/uploads\/2021\/07\/shutterstock-1477334123-copy-3@2x-5-2048x600.webp 2048w\" sizes=\"auto, (max-width: 2560px) 100vw, 2560px\" \/><div class=\"wp-block-cover__inner-container is-layout-flow wp-block-cover-is-layout-flow\">\n<p class=\"has-text-align-center has-large-font-size\"><\/p>\n<\/div><\/div>\n\n\n\n<div class=\"container\">\n\t<div class=\"row folders-list\">\n\t\t\t\t<div class=\"col-12 col-md-6 col-lg-4\">\n\t\t\t\t<div class=\"folder-element\">\n\t\t\t\t\t\t\t\t\t\t<img decoding=\"async\" src=\"https:\/\/gerda.pl\/wp-content\/uploads\/2022\/08\/CZ-DDD-2025-2_cover.jpg\" alt=\"Katalog dve\u0159\u00ed do dom\u016f\">\n\t\t\t\t\t<h3>Katalog dve\u0159\u00ed do dom\u016f<\/h3>\n\t\t\t\t\t<a href=\"https:\/\/gerda.pl\/wp-content\/uploads\/2022\/08\/CZ-DDD-2025-2_www.pdf\" >St\u00e1hnout PDF<img decoding=\"async\" src=\"https:\/\/gerda.pl\/wp-content\/themes\/gerda\/assets\/svg\/download-file.svg\" alt=\"Katalog dve\u0159\u00ed do dom\u016f\"><\/a>\n\t\t\t\t<\/div>\n\t\t\t<\/div>\n\t\t\t\n\t\t\t\t\t\t<div class=\"col-12 col-md-6 col-lg-4\">\n\t\t\t\t<div class=\"folder-element\">\n\t\t\t\t\t\t\t\t\t\t<img decoding=\"async\" src=\"https:\/\/gerda.pl\/wp-content\/uploads\/2022\/08\/ddm-cz.png\" alt=\"Katalog dve\u0159\u00ed do bytu\">\n\t\t\t\t\t<h3>Katalog dve\u0159\u00ed do bytu<\/h3>\n\t\t\t\t\t<a href=\"https:\/\/gerda.pl\/wp-content\/uploads\/2022\/08\/CZ-DDB-VYDANI-2025-1.pdf\" >St\u00e1hnout PDF<img decoding=\"async\" src=\"https:\/\/gerda.pl\/wp-content\/themes\/gerda\/assets\/svg\/download-file.svg\" alt=\"Katalog dve\u0159\u00ed do bytu\"><\/a>\n\t\t\t\t<\/div>\n\t\t\t<\/div>\n\t\t\t\n\t\t\t\t\t\t<div class=\"col-12 col-md-6 col-lg-4\">\n\t\t\t\t<div class=\"folder-element\">\n\t\t\t\t\t\t\t\t\t\t<img decoding=\"async\" src=\"https:\/\/gerda.pl\/wp-content\/uploads\/2021\/07\/Screen-Shot-09-22-23-at-08.08-AM.png\" alt=\"Kov\u00e1n\u00ed\">\n\t\t\t\t\t<h3>Kov\u00e1n\u00ed<\/h3>\n\t\t\t\t\t<a href=\"https:\/\/gerda.pl\/wp-content\/uploads\/2021\/07\/OKU_09-2023_EN_www.pdf\" >St\u00e1hnout PDF<img decoding=\"async\" src=\"https:\/\/gerda.pl\/wp-content\/themes\/gerda\/assets\/svg\/download-file.svg\" alt=\"Kov\u00e1n\u00ed\"><\/a>\n\t\t\t\t<\/div>\n\t\t\t<\/div>\n\t\t\t\n\t\t\t\t\t\t<div class=\"col-12 col-md-6 col-lg-4\">\n\t\t\t\t<div class=\"folder-element\">\n\t\t\t\t\t\t\t\t\t\t<img decoding=\"async\" src=\"https:\/\/gerda.pl\/wp-content\/uploads\/2023\/02\/Zapiecia-rowerowe.jpg\" alt=\"Katalog &#8211; Z\u00e1mky na kola\">\n\t\t\t\t\t<h3>Katalog &#8211; Z\u00e1mky na kola<\/h3>\n\t\t\t\t\t<a href=\"https:\/\/gerda.pl\/wp-content\/uploads\/2023\/02\/Katalog-zapiec-rowerowych_202304_CS_www.pdf\" >St\u00e1hnout PDF<img decoding=\"async\" src=\"https:\/\/gerda.pl\/wp-content\/themes\/gerda\/assets\/svg\/download-file.svg\" alt=\"Katalog &#8211; Z\u00e1mky na kola\"><\/a>\n\t\t\t\t<\/div>\n\t\t\t<\/div>\n\t\t\t\n\t\t\t\t\t\t<div class=\"col-12 col-md-6 col-lg-4\">\n\t\t\t\t<div class=\"folder-element\">\n\t\t\t\t\t\t\t\t\t\t<img decoding=\"async\" src=\"https:\/\/gerda.pl\/wp-content\/uploads\/2021\/07\/Screen-Shot-09-22-23-at-07.55-AM.png\" alt=\"Katalog hlin\u00edkov\u00e9 dve\u0159e pro rodinn\u00e9 domy\">\n\t\t\t\t\t<h3>Katalog hlin\u00edkov\u00e9 dve\u0159e pro rodinn\u00e9 domy<\/h3>\n\t\t\t\t\t<a href=\"https:\/\/gerda.pl\/wp-content\/uploads\/2021\/07\/DAA-2023-09_EN_www.pdf\" >St\u00e1hnout PDF<img decoding=\"async\" src=\"https:\/\/gerda.pl\/wp-content\/themes\/gerda\/assets\/svg\/download-file.svg\" alt=\"Katalog hlin\u00edkov\u00e9 dve\u0159e pro rodinn\u00e9 domy\"><\/a>\n\t\t\t\t<\/div>\n\t\t\t<\/div>\n\t\t\t\n\t\t\t\t<\/div>\n<\/div>\n","protected":false},"excerpt":{"rendered":"","protected":false},"author":3,"featured_media":0,"parent":41895,"menu_order":0,"comment_status":"closed","ping_status":"closed","template":"","meta":{"_acf_changed":false,"om_disable_all_campaigns":false,"inline_featured_image":false,"_monsterinsights_skip_tracking":false,"_monsterinsights_sitenote_active":false,"_monsterinsights_sitenote_note":"","_monsterinsights_sitenote_category":0,"footnotes":"","_links_to":"","_links_to_target":""},"class_list":["post-41901","page","type-page","status-publish","hentry"],"acf":[],"yoast_head":"<!-- This site is optimized with the Yoast SEO plugin v27.3 - https:\/\/yoast.com\/product\/yoast-seo-wordpress\/ -->\n<title>Katalogy - Gerda<\/title>\n<meta name=\"robots\" content=\"index, follow, max-snippet:-1, max-image-preview:large, max-video-preview:-1\" \/>\n<meta property=\"og:locale\" content=\"cs_CZ\" \/>\n<meta property=\"og:type\" content=\"article\" \/>\n<meta property=\"og:title\" content=\"Katalogy - Gerda\" \/>\n<meta property=\"og:url\" content=\"https:\/\/gerda.pl\/cs\/serwis\/ke-stazeni\/katalogy\/\" \/>\n<meta property=\"og:site_name\" content=\"Gerda\" \/>\n<meta property=\"article:publisher\" content=\"https:\/\/www.facebook.com\/gerda.zamki.drzwi.bramy\" \/>\n<meta property=\"article:modified_time\" content=\"2022-09-19T08:44:56+00:00\" \/>\n<meta property=\"og:image\" content=\"https:\/\/gerda.pl\/wp-content\/uploads\/2021\/07\/shutterstock-1477334123-copy-3@2x-5-scaled.webp\" \/>\n<meta name=\"twitter:card\" content=\"summary_large_image\" \/>\n<script type=\"application\/ld+json\" class=\"yoast-schema-graph\">{\"@context\":\"https:\\\/\\\/schema.org\",\"@graph\":[{\"@type\":\"WebPage\",\"@id\":\"https:\\\/\\\/gerda.pl\\\/cs\\\/serwis\\\/ke-stazeni\\\/katalogy\\\/\",\"url\":\"https:\\\/\\\/gerda.pl\\\/cs\\\/serwis\\\/ke-stazeni\\\/katalogy\\\/\",\"name\":\"Katalogy - Gerda\",\"isPartOf\":{\"@id\":\"https:\\\/\\\/gerda.pl\\\/cs\\\/#website\"},\"primaryImageOfPage\":{\"@id\":\"https:\\\/\\\/gerda.pl\\\/cs\\\/serwis\\\/ke-stazeni\\\/katalogy\\\/#primaryimage\"},\"image\":{\"@id\":\"https:\\\/\\\/gerda.pl\\\/cs\\\/serwis\\\/ke-stazeni\\\/katalogy\\\/#primaryimage\"},\"thumbnailUrl\":\"https:\\\/\\\/gerda.pl\\\/wp-content\\\/uploads\\\/2021\\\/07\\\/shutterstock-1477334123-copy-3@2x-5-scaled.webp\",\"datePublished\":\"2022-09-19T08:30:23+00:00\",\"dateModified\":\"2022-09-19T08:44:56+00:00\",\"breadcrumb\":{\"@id\":\"https:\\\/\\\/gerda.pl\\\/cs\\\/serwis\\\/ke-stazeni\\\/katalogy\\\/#breadcrumb\"},\"inLanguage\":\"cs\",\"potentialAction\":[{\"@type\":\"ReadAction\",\"target\":[\"https:\\\/\\\/gerda.pl\\\/cs\\\/serwis\\\/ke-stazeni\\\/katalogy\\\/\"]}]},{\"@type\":\"ImageObject\",\"inLanguage\":\"cs\",\"@id\":\"https:\\\/\\\/gerda.pl\\\/cs\\\/serwis\\\/ke-stazeni\\\/katalogy\\\/#primaryimage\",\"url\":\"https:\\\/\\\/gerda.pl\\\/wp-content\\\/uploads\\\/2021\\\/07\\\/shutterstock-1477334123-copy-3@2x-5-scaled.webp\",\"contentUrl\":\"https:\\\/\\\/gerda.pl\\\/wp-content\\\/uploads\\\/2021\\\/07\\\/shutterstock-1477334123-copy-3@2x-5-scaled.webp\"},{\"@type\":\"BreadcrumbList\",\"@id\":\"https:\\\/\\\/gerda.pl\\\/cs\\\/serwis\\\/ke-stazeni\\\/katalogy\\\/#breadcrumb\",\"itemListElement\":[{\"@type\":\"ListItem\",\"position\":1,\"name\":\"Home\",\"item\":\"https:\\\/\\\/gerda.pl\\\/cs\\\/\"},{\"@type\":\"ListItem\",\"position\":2,\"name\":\"Serwis\",\"item\":\"https:\\\/\\\/gerda.pl\\\/cs\\\/serwis\\\/\"},{\"@type\":\"ListItem\",\"position\":3,\"name\":\"Ke sta\u017een\u00ed\",\"item\":\"https:\\\/\\\/gerda.pl\\\/cs\\\/serwis\\\/ke-stazeni\\\/\"},{\"@type\":\"ListItem\",\"position\":4,\"name\":\"Katalogy\"}]},{\"@type\":\"WebSite\",\"@id\":\"https:\\\/\\\/gerda.pl\\\/cs\\\/#website\",\"url\":\"https:\\\/\\\/gerda.pl\\\/cs\\\/\",\"name\":\"Gerda\",\"description\":\"Producent drzwi i zamk\u00f3w do drzwi\",\"publisher\":{\"@id\":\"https:\\\/\\\/gerda.pl\\\/cs\\\/#organization\"},\"potentialAction\":[{\"@type\":\"SearchAction\",\"target\":{\"@type\":\"EntryPoint\",\"urlTemplate\":\"https:\\\/\\\/gerda.pl\\\/cs\\\/?s={search_term_string}\"},\"query-input\":{\"@type\":\"PropertyValueSpecification\",\"valueRequired\":true,\"valueName\":\"search_term_string\"}}],\"inLanguage\":\"cs\"},{\"@type\":\"Organization\",\"@id\":\"https:\\\/\\\/gerda.pl\\\/cs\\\/#organization\",\"name\":\"Gerda\",\"url\":\"https:\\\/\\\/gerda.pl\\\/cs\\\/\",\"logo\":{\"@type\":\"ImageObject\",\"inLanguage\":\"cs\",\"@id\":\"https:\\\/\\\/gerda.pl\\\/cs\\\/#\\\/schema\\\/logo\\\/image\\\/\",\"url\":\"https:\\\/\\\/gerda.pl\\\/wp-content\\\/uploads\\\/2025\\\/11\\\/Logo-Gerda_GLOBAL_rgb1-scaled.png\",\"contentUrl\":\"https:\\\/\\\/gerda.pl\\\/wp-content\\\/uploads\\\/2025\\\/11\\\/Logo-Gerda_GLOBAL_rgb1-scaled.png\",\"width\":2560,\"height\":699,\"caption\":\"Gerda\"},\"image\":{\"@id\":\"https:\\\/\\\/gerda.pl\\\/cs\\\/#\\\/schema\\\/logo\\\/image\\\/\"},\"sameAs\":[\"https:\\\/\\\/www.facebook.com\\\/gerda.zamki.drzwi.bramy\"]}]}<\/script>\n<!-- \/ Yoast SEO plugin. -->","yoast_head_json":{"title":"Katalogy - Gerda","robots":{"index":"index","follow":"follow","max-snippet":"max-snippet:-1","max-image-preview":"max-image-preview:large","max-video-preview":"max-video-preview:-1"},"og_locale":"cs_CZ","og_type":"article","og_title":"Katalogy - Gerda","og_url":"https:\/\/gerda.pl\/cs\/serwis\/ke-stazeni\/katalogy\/","og_site_name":"Gerda","article_publisher":"https:\/\/www.facebook.com\/gerda.zamki.drzwi.bramy","article_modified_time":"2022-09-19T08:44:56+00:00","og_image":[{"url":"https:\/\/gerda.pl\/wp-content\/uploads\/2021\/07\/shutterstock-1477334123-copy-3@2x-5-scaled.webp","type":"","width":"","height":""}],"twitter_card":"summary_large_image","schema":{"@context":"https:\/\/schema.org","@graph":[{"@type":"WebPage","@id":"https:\/\/gerda.pl\/cs\/serwis\/ke-stazeni\/katalogy\/","url":"https:\/\/gerda.pl\/cs\/serwis\/ke-stazeni\/katalogy\/","name":"Katalogy - Gerda","isPartOf":{"@id":"https:\/\/gerda.pl\/cs\/#website"},"primaryImageOfPage":{"@id":"https:\/\/gerda.pl\/cs\/serwis\/ke-stazeni\/katalogy\/#primaryimage"},"image":{"@id":"https:\/\/gerda.pl\/cs\/serwis\/ke-stazeni\/katalogy\/#primaryimage"},"thumbnailUrl":"https:\/\/gerda.pl\/wp-content\/uploads\/2021\/07\/shutterstock-1477334123-copy-3@2x-5-scaled.webp","datePublished":"2022-09-19T08:30:23+00:00","dateModified":"2022-09-19T08:44:56+00:00","breadcrumb":{"@id":"https:\/\/gerda.pl\/cs\/serwis\/ke-stazeni\/katalogy\/#breadcrumb"},"inLanguage":"cs","potentialAction":[{"@type":"ReadAction","target":["https:\/\/gerda.pl\/cs\/serwis\/ke-stazeni\/katalogy\/"]}]},{"@type":"ImageObject","inLanguage":"cs","@id":"https:\/\/gerda.pl\/cs\/serwis\/ke-stazeni\/katalogy\/#primaryimage","url":"https:\/\/gerda.pl\/wp-content\/uploads\/2021\/07\/shutterstock-1477334123-copy-3@2x-5-scaled.webp","contentUrl":"https:\/\/gerda.pl\/wp-content\/uploads\/2021\/07\/shutterstock-1477334123-copy-3@2x-5-scaled.webp"},{"@type":"BreadcrumbList","@id":"https:\/\/gerda.pl\/cs\/serwis\/ke-stazeni\/katalogy\/#breadcrumb","itemListElement":[{"@type":"ListItem","position":1,"name":"Home","item":"https:\/\/gerda.pl\/cs\/"},{"@type":"ListItem","position":2,"name":"Serwis","item":"https:\/\/gerda.pl\/cs\/serwis\/"},{"@type":"ListItem","position":3,"name":"Ke sta\u017een\u00ed","item":"https:\/\/gerda.pl\/cs\/serwis\/ke-stazeni\/"},{"@type":"ListItem","position":4,"name":"Katalogy"}]},{"@type":"WebSite","@id":"https:\/\/gerda.pl\/cs\/#website","url":"https:\/\/gerda.pl\/cs\/","name":"Gerda","description":"Producent drzwi i zamk\u00f3w do drzwi","publisher":{"@id":"https:\/\/gerda.pl\/cs\/#organization"},"potentialAction":[{"@type":"SearchAction","target":{"@type":"EntryPoint","urlTemplate":"https:\/\/gerda.pl\/cs\/?s={search_term_string}"},"query-input":{"@type":"PropertyValueSpecification","valueRequired":true,"valueName":"search_term_string"}}],"inLanguage":"cs"},{"@type":"Organization","@id":"https:\/\/gerda.pl\/cs\/#organization","name":"Gerda","url":"https:\/\/gerda.pl\/cs\/","logo":{"@type":"ImageObject","inLanguage":"cs","@id":"https:\/\/gerda.pl\/cs\/#\/schema\/logo\/image\/","url":"https:\/\/gerda.pl\/wp-content\/uploads\/2025\/11\/Logo-Gerda_GLOBAL_rgb1-scaled.png","contentUrl":"https:\/\/gerda.pl\/wp-content\/uploads\/2025\/11\/Logo-Gerda_GLOBAL_rgb1-scaled.png","width":2560,"height":699,"caption":"Gerda"},"image":{"@id":"https:\/\/gerda.pl\/cs\/#\/schema\/logo\/image\/"},"sameAs":["https:\/\/www.facebook.com\/gerda.zamki.drzwi.bramy"]}]}},"_links":{"self":[{"href":"https:\/\/gerda.pl\/cs\/wp-json\/wp\/v2\/pages\/41901","targetHints":{"allow":["GET"]}}],"collection":[{"href":"https:\/\/gerda.pl\/cs\/wp-json\/wp\/v2\/pages"}],"about":[{"href":"https:\/\/gerda.pl\/cs\/wp-json\/wp\/v2\/types\/page"}],"author":[{"embeddable":true,"href":"https:\/\/gerda.pl\/cs\/wp-json\/wp\/v2\/users\/3"}],"replies":[{"embeddable":true,"href":"https:\/\/gerda.pl\/cs\/wp-json\/wp\/v2\/comments?post=41901"}],"version-history":[{"count":2,"href":"https:\/\/gerda.pl\/cs\/wp-json\/wp\/v2\/pages\/41901\/revisions"}],"predecessor-version":[{"id":41904,"href":"https:\/\/gerda.pl\/cs\/wp-json\/wp\/v2\/pages\/41901\/revisions\/41904"}],"up":[{"embeddable":true,"href":"https:\/\/gerda.pl\/cs\/wp-json\/wp\/v2\/pages\/41895"}],"wp:attachment":[{"href":"https:\/\/gerda.pl\/cs\/wp-json\/wp\/v2\/media?parent=41901"}],"curies":[{"name":"wp","href":"https:\/\/api.w.org\/{rel}","templated":true}]}}