{"id":42075,"date":"2022-08-18T14:49:16","date_gmt":"2022-08-18T12:49:16","guid":{"rendered":"https:\/\/gerda.pl\/kontakt-2\/"},"modified":"2023-12-01T12:11:18","modified_gmt":"2023-12-01T11:11:18","slug":"kontakt","status":"publish","type":"page","link":"https:\/\/gerda.pl\/cs\/kontakt\/","title":{"rendered":"Kontakt"},"content":{"rendered":"<div class=\"contact-details\">\n\t<div class=\"row align-items-end\">\n\t\t<div class=\"col-12 col-md-6 white\">\n\t\t\t\t\t\t\t<h2>Kontakt na spole\u010dnost<\/h2>\n\t\t\t\t\t\t\t\t\t\t<ul class=\"contact-table\">\n\t\t\t\t\t\t\t\t\t\t\t\t\t\t\t<li>\n\t\t\t\t\t\t\t<span class=\"field\">Adresy<\/span>\n\t\t\t\t\t\t\t<span class=\"value\">Soko\u0142\u00f3w<br \/>\r\nul. Soko\u0142owska 49<br \/>\r\n05-806 Komor\u00f3w<br \/>\r\nPolsko<\/span>\n\t\t\t\t\t\t<\/li>\n\t\t\t\t\t\t\t\t\t\t\t\t\t\t\t\t\t\t\t\t<li>\n\t\t\t\t\t\t\t<span class=\"field\">Telefon<\/span>\n\t\t\t\t\t\t\t<span class=\"value\">+48 22 329 10 30<\/span>\n\t\t\t\t\t\t<\/li>\n\t\t\t\t\t\t\t\t\t\t\t\t\t\t\t\t\t\t\t\t<li>\n\t\t\t\t\t\t\t<span class=\"field\">Fax<\/span>\n\t\t\t\t\t\t\t<span class=\"value\">+48 22 329 10 94<\/span>\n\t\t\t\t\t\t<\/li>\n\t\t\t\t\t\t\t\t\t\t\t\t\t\t\t\t\t\t\t\t\t\t\t\t\t\t\t\t\t\t\t\t\t\t\t\t\t\t\t\t\t\t\t\t\t\t\t\t\t\t\t\t\t\t\t\t\t\t<\/ul>\n\t\t\t\t\t<\/div>\n\t\t<div class=\"col-12 col-md-6 gray\">\n\t\t\t\t\t\t\t<ul class=\"contact-table\">\n\t\t\t\t\t\t\t\t\t\t\t\t\t\t\t\t\t\t\t\t\t\t\t\t\t\t\t\t\t\t\t\t\t\t\t\t\t\t\t\t\t\t<li>\n\t\t\t\t\t\t\t<span class=\"field\">KRS<\/span>\n\t\t\t\t\t\t\t<span class=\"value\">0000246890<\/span>\n\t\t\t\t\t\t<\/li>\n\t\t\t\t\t\t\t\t\t\t\t\t\t\t\t\t\t\t\t\t<li>\n\t\t\t\t\t\t\t<span class=\"field\">NIP<\/span>\n\t\t\t\t\t\t\t<span class=\"value\">6751341621<\/span>\n\t\t\t\t\t\t<\/li>\n\t\t\t\t\t\t\t\t\t\t\t\t\t\t\t\t\t\t\t\t<li>\n\t\t\t\t\t\t\t<span class=\"field\">REGON<\/span>\n\t\t\t\t\t\t\t<span class=\"value\">120196154<\/span>\n\t\t\t\t\t\t<\/li>\n\t\t\t\t\t\t\t\t\t\t\t\t\t\t\t\t\t\t\t\t<li>\n\t\t\t\t\t\t\t<span class=\"field\">BDO<\/span>\n\t\t\t\t\t\t\t<span class=\"value\">000015190<\/span>\n\t\t\t\t\t\t<\/li>\n\t\t\t\t\t\t\t\t\t\t\t\t\t\t\t\t\t\t\t\t<li>\n\t\t\t\t\t\t\t<span class=\"field\">Z\u00e1kladn\u00ed kapit\u00e1l<\/span>\n\t\t\t\t\t\t\t<span class=\"value\">60 796 000,00 PLN<br \/>\r\nvyplaceno ve 100%<\/span>\n\t\t\t\t\t\t<\/li>\n\t\t\t\t\t\t\t\t\t\t\t\t\t<\/ul>\n\t\t\t\t\t<\/div>\n\t<\/div>\n<\/div>\n\n\n\n<div class=\"wp-block-cover alignfull is-light\" style=\"min-height:400px;aspect-ratio:unset;\"><span aria-hidden=\"true\" class=\"wp-block-cover__background has-background-dim-0 has-background-dim\"><\/span><img loading=\"lazy\" decoding=\"async\" width=\"1018\" height=\"296\" class=\"wp-block-cover__image-background wp-image-14574\" alt=\"\" src=\"https:\/\/gerda.pl\/wp-content\/uploads\/2021\/08\/contact.jpeg\" data-object-fit=\"cover\" srcset=\"https:\/\/gerda.pl\/wp-content\/uploads\/2021\/08\/contact.jpeg 1018w, https:\/\/gerda.pl\/wp-content\/uploads\/2021\/08\/contact-300x87.jpeg 300w, https:\/\/gerda.pl\/wp-content\/uploads\/2021\/08\/contact-768x223.jpeg 768w\" sizes=\"auto, (max-width: 1018px) 100vw, 1018px\" \/><div class=\"wp-block-cover__inner-container is-layout-flow wp-block-cover-is-layout-flow\">\n<p class=\"has-text-align-center has-large-font-size\"><\/p>\n<\/div><\/div>\n\n\n\n<h2 class=\"wp-block-heading has-text-align-center has-gray-color has-text-color\">Obchodn\u00ed odd\u011blen\u00ed<\/h2>\n\n\n<div class=\"contact-group row justify-content-center\">\n\t<div class=\"col-12 col-md-10 certifications-group\">\n\t\t<a href=\"#group-export\" class=\"open-group\">\n\t\t\t\t\t\t\t\t\t\t\t\t\t\t<div class=\"img-container\"><img decoding=\"async\" src=\"https:\/\/gerda.pl\/wp-content\/uploads\/2021\/08\/door.svg\" alt=\"Export\"><\/div>Export<span class=\"close\">Rozbalte seznam<\/span><span class=\"open\">Sbalit seznam<\/span><\/a>\n\t\t<div class=\"group\" id=\"group-export\">\n\t\t\t<div class=\"group-container\">\n\t\t\t\t\t\t\t\t\t\t<article>\n\t\t\t\t\t\t\t<h4>Pawe\u0142 Jankowski<\/h4>\n\t\t\t\t\t\t\t<a rel=\"nofollow\" href=\"mailto:\"><\/a>\n\t\t\t\t\t\t\t<p>\u0158editel pro export<br \/>\r\npawel.jankowski@gerda.pl<br \/>\r\nTelefon: +48 22 329 63 41<\/p>\n\t\t\t\t\t\t<\/article>\n\t\t\t\t\t\t\t\t\t\t<article>\n\t\t\t\t\t\t\t<h4>Marcin Rabikowski<\/h4>\n\t\t\t\t\t\t\t<a rel=\"nofollow\" href=\"mailto:\"><\/a>\n\t\t\t\t\t\t\t<p>Specialista na export<br \/>\r\nmarcin.rabikowski@gerda.pl<br \/>\r\nTelefon: +48 539 093 529<\/p>\n\t\t\t\t\t\t<\/article>\n\t\t\t\t\t\t\t<\/div>\n\t\t<\/div>\n\t<\/div>\n<\/div>\n\n\n\n<div style=\"height:60px\" aria-hidden=\"true\" class=\"wp-block-spacer\"><\/div>\n","protected":false},"excerpt":{"rendered":"<p>Obchodn\u00ed odd\u011blen\u00ed<\/p>\n","protected":false},"author":3,"featured_media":0,"parent":0,"menu_order":0,"comment_status":"closed","ping_status":"closed","template":"page-no-bread.php","meta":{"_acf_changed":false,"om_disable_all_campaigns":false,"inline_featured_image":false,"_monsterinsights_skip_tracking":false,"_monsterinsights_sitenote_active":false,"_monsterinsights_sitenote_note":"","_monsterinsights_sitenote_category":0,"footnotes":"","_links_to":"","_links_to_target":""},"class_list":["post-42075","page","type-page","status-publish","hentry"],"acf":[],"yoast_head":"<!-- This site is optimized with the Yoast SEO plugin v27.3 - https:\/\/yoast.com\/product\/yoast-seo-wordpress\/ -->\n<title>Kontakt - Gerda<\/title>\n<meta name=\"robots\" content=\"index, follow, max-snippet:-1, max-image-preview:large, max-video-preview:-1\" \/>\n<meta property=\"og:locale\" content=\"cs_CZ\" \/>\n<meta property=\"og:type\" content=\"article\" \/>\n<meta property=\"og:title\" content=\"Kontakt - Gerda\" \/>\n<meta property=\"og:description\" content=\"Obchodn\u00ed odd\u011blen\u00ed\" \/>\n<meta property=\"og:url\" content=\"https:\/\/gerda.pl\/cs\/kontakt\/\" \/>\n<meta property=\"og:site_name\" content=\"Gerda\" \/>\n<meta property=\"article:publisher\" content=\"https:\/\/www.facebook.com\/gerda.zamki.drzwi.bramy\" \/>\n<meta property=\"article:modified_time\" content=\"2023-12-01T11:11:18+00:00\" \/>\n<meta property=\"og:image\" content=\"https:\/\/gerda.pl\/wp-content\/uploads\/2021\/08\/contact.jpeg\" \/>\n<meta name=\"twitter:card\" content=\"summary_large_image\" \/>\n<meta name=\"twitter:label1\" content=\"Odhadovan\u00e1 doba \u010dten\u00ed\" \/>\n\t<meta name=\"twitter:data1\" content=\"1 minuta\" \/>\n<script type=\"application\/ld+json\" class=\"yoast-schema-graph\">{\"@context\":\"https:\\\/\\\/schema.org\",\"@graph\":[{\"@type\":\"WebPage\",\"@id\":\"https:\\\/\\\/gerda.pl\\\/cs\\\/kontakt\\\/\",\"url\":\"https:\\\/\\\/gerda.pl\\\/cs\\\/kontakt\\\/\",\"name\":\"Kontakt - Gerda\",\"isPartOf\":{\"@id\":\"https:\\\/\\\/gerda.pl\\\/cs\\\/#website\"},\"primaryImageOfPage\":{\"@id\":\"https:\\\/\\\/gerda.pl\\\/cs\\\/kontakt\\\/#primaryimage\"},\"image\":{\"@id\":\"https:\\\/\\\/gerda.pl\\\/cs\\\/kontakt\\\/#primaryimage\"},\"thumbnailUrl\":\"https:\\\/\\\/gerda.pl\\\/wp-content\\\/uploads\\\/2021\\\/08\\\/contact.jpeg\",\"datePublished\":\"2022-08-18T12:49:16+00:00\",\"dateModified\":\"2023-12-01T11:11:18+00:00\",\"breadcrumb\":{\"@id\":\"https:\\\/\\\/gerda.pl\\\/cs\\\/kontakt\\\/#breadcrumb\"},\"inLanguage\":\"cs\",\"potentialAction\":[{\"@type\":\"ReadAction\",\"target\":[\"https:\\\/\\\/gerda.pl\\\/cs\\\/kontakt\\\/\"]}]},{\"@type\":\"ImageObject\",\"inLanguage\":\"cs\",\"@id\":\"https:\\\/\\\/gerda.pl\\\/cs\\\/kontakt\\\/#primaryimage\",\"url\":\"https:\\\/\\\/gerda.pl\\\/wp-content\\\/uploads\\\/2021\\\/08\\\/contact.jpeg\",\"contentUrl\":\"https:\\\/\\\/gerda.pl\\\/wp-content\\\/uploads\\\/2021\\\/08\\\/contact.jpeg\"},{\"@type\":\"BreadcrumbList\",\"@id\":\"https:\\\/\\\/gerda.pl\\\/cs\\\/kontakt\\\/#breadcrumb\",\"itemListElement\":[{\"@type\":\"ListItem\",\"position\":1,\"name\":\"Home\",\"item\":\"https:\\\/\\\/gerda.pl\\\/cs\\\/\"},{\"@type\":\"ListItem\",\"position\":2,\"name\":\"Kontakt\"}]},{\"@type\":\"WebSite\",\"@id\":\"https:\\\/\\\/gerda.pl\\\/cs\\\/#website\",\"url\":\"https:\\\/\\\/gerda.pl\\\/cs\\\/\",\"name\":\"Gerda\",\"description\":\"Producent drzwi i zamk\u00f3w do drzwi\",\"publisher\":{\"@id\":\"https:\\\/\\\/gerda.pl\\\/cs\\\/#organization\"},\"potentialAction\":[{\"@type\":\"SearchAction\",\"target\":{\"@type\":\"EntryPoint\",\"urlTemplate\":\"https:\\\/\\\/gerda.pl\\\/cs\\\/?s={search_term_string}\"},\"query-input\":{\"@type\":\"PropertyValueSpecification\",\"valueRequired\":true,\"valueName\":\"search_term_string\"}}],\"inLanguage\":\"cs\"},{\"@type\":\"Organization\",\"@id\":\"https:\\\/\\\/gerda.pl\\\/cs\\\/#organization\",\"name\":\"Gerda\",\"url\":\"https:\\\/\\\/gerda.pl\\\/cs\\\/\",\"logo\":{\"@type\":\"ImageObject\",\"inLanguage\":\"cs\",\"@id\":\"https:\\\/\\\/gerda.pl\\\/cs\\\/#\\\/schema\\\/logo\\\/image\\\/\",\"url\":\"https:\\\/\\\/gerda.pl\\\/wp-content\\\/uploads\\\/2025\\\/11\\\/Logo-Gerda_GLOBAL_rgb1-scaled.png\",\"contentUrl\":\"https:\\\/\\\/gerda.pl\\\/wp-content\\\/uploads\\\/2025\\\/11\\\/Logo-Gerda_GLOBAL_rgb1-scaled.png\",\"width\":2560,\"height\":699,\"caption\":\"Gerda\"},\"image\":{\"@id\":\"https:\\\/\\\/gerda.pl\\\/cs\\\/#\\\/schema\\\/logo\\\/image\\\/\"},\"sameAs\":[\"https:\\\/\\\/www.facebook.com\\\/gerda.zamki.drzwi.bramy\"]}]}<\/script>\n<!-- \/ Yoast SEO plugin. -->","yoast_head_json":{"title":"Kontakt - Gerda","robots":{"index":"index","follow":"follow","max-snippet":"max-snippet:-1","max-image-preview":"max-image-preview:large","max-video-preview":"max-video-preview:-1"},"og_locale":"cs_CZ","og_type":"article","og_title":"Kontakt - Gerda","og_description":"Obchodn\u00ed odd\u011blen\u00ed","og_url":"https:\/\/gerda.pl\/cs\/kontakt\/","og_site_name":"Gerda","article_publisher":"https:\/\/www.facebook.com\/gerda.zamki.drzwi.bramy","article_modified_time":"2023-12-01T11:11:18+00:00","og_image":[{"url":"https:\/\/gerda.pl\/wp-content\/uploads\/2021\/08\/contact.jpeg","type":"","width":"","height":""}],"twitter_card":"summary_large_image","twitter_misc":{"Odhadovan\u00e1 doba \u010dten\u00ed":"1 minuta"},"schema":{"@context":"https:\/\/schema.org","@graph":[{"@type":"WebPage","@id":"https:\/\/gerda.pl\/cs\/kontakt\/","url":"https:\/\/gerda.pl\/cs\/kontakt\/","name":"Kontakt - Gerda","isPartOf":{"@id":"https:\/\/gerda.pl\/cs\/#website"},"primaryImageOfPage":{"@id":"https:\/\/gerda.pl\/cs\/kontakt\/#primaryimage"},"image":{"@id":"https:\/\/gerda.pl\/cs\/kontakt\/#primaryimage"},"thumbnailUrl":"https:\/\/gerda.pl\/wp-content\/uploads\/2021\/08\/contact.jpeg","datePublished":"2022-08-18T12:49:16+00:00","dateModified":"2023-12-01T11:11:18+00:00","breadcrumb":{"@id":"https:\/\/gerda.pl\/cs\/kontakt\/#breadcrumb"},"inLanguage":"cs","potentialAction":[{"@type":"ReadAction","target":["https:\/\/gerda.pl\/cs\/kontakt\/"]}]},{"@type":"ImageObject","inLanguage":"cs","@id":"https:\/\/gerda.pl\/cs\/kontakt\/#primaryimage","url":"https:\/\/gerda.pl\/wp-content\/uploads\/2021\/08\/contact.jpeg","contentUrl":"https:\/\/gerda.pl\/wp-content\/uploads\/2021\/08\/contact.jpeg"},{"@type":"BreadcrumbList","@id":"https:\/\/gerda.pl\/cs\/kontakt\/#breadcrumb","itemListElement":[{"@type":"ListItem","position":1,"name":"Home","item":"https:\/\/gerda.pl\/cs\/"},{"@type":"ListItem","position":2,"name":"Kontakt"}]},{"@type":"WebSite","@id":"https:\/\/gerda.pl\/cs\/#website","url":"https:\/\/gerda.pl\/cs\/","name":"Gerda","description":"Producent drzwi i zamk\u00f3w do drzwi","publisher":{"@id":"https:\/\/gerda.pl\/cs\/#organization"},"potentialAction":[{"@type":"SearchAction","target":{"@type":"EntryPoint","urlTemplate":"https:\/\/gerda.pl\/cs\/?s={search_term_string}"},"query-input":{"@type":"PropertyValueSpecification","valueRequired":true,"valueName":"search_term_string"}}],"inLanguage":"cs"},{"@type":"Organization","@id":"https:\/\/gerda.pl\/cs\/#organization","name":"Gerda","url":"https:\/\/gerda.pl\/cs\/","logo":{"@type":"ImageObject","inLanguage":"cs","@id":"https:\/\/gerda.pl\/cs\/#\/schema\/logo\/image\/","url":"https:\/\/gerda.pl\/wp-content\/uploads\/2025\/11\/Logo-Gerda_GLOBAL_rgb1-scaled.png","contentUrl":"https:\/\/gerda.pl\/wp-content\/uploads\/2025\/11\/Logo-Gerda_GLOBAL_rgb1-scaled.png","width":2560,"height":699,"caption":"Gerda"},"image":{"@id":"https:\/\/gerda.pl\/cs\/#\/schema\/logo\/image\/"},"sameAs":["https:\/\/www.facebook.com\/gerda.zamki.drzwi.bramy"]}]}},"_links":{"self":[{"href":"https:\/\/gerda.pl\/cs\/wp-json\/wp\/v2\/pages\/42075","targetHints":{"allow":["GET"]}}],"collection":[{"href":"https:\/\/gerda.pl\/cs\/wp-json\/wp\/v2\/pages"}],"about":[{"href":"https:\/\/gerda.pl\/cs\/wp-json\/wp\/v2\/types\/page"}],"author":[{"embeddable":true,"href":"https:\/\/gerda.pl\/cs\/wp-json\/wp\/v2\/users\/3"}],"replies":[{"embeddable":true,"href":"https:\/\/gerda.pl\/cs\/wp-json\/wp\/v2\/comments?post=42075"}],"version-history":[{"count":11,"href":"https:\/\/gerda.pl\/cs\/wp-json\/wp\/v2\/pages\/42075\/revisions"}],"predecessor-version":[{"id":57077,"href":"https:\/\/gerda.pl\/cs\/wp-json\/wp\/v2\/pages\/42075\/revisions\/57077"}],"wp:attachment":[{"href":"https:\/\/gerda.pl\/cs\/wp-json\/wp\/v2\/media?parent=42075"}],"curies":[{"name":"wp","href":"https:\/\/api.w.org\/{rel}","templated":true}]}}