{"id":52318,"date":"2023-05-08T11:46:24","date_gmt":"2023-05-08T09:46:24","guid":{"rendered":"https:\/\/gerda.pl\/schvaleni-a-certifikaty\/"},"modified":"2023-05-08T11:55:50","modified_gmt":"2023-05-08T09:55:50","slug":"schvaleni-a-certifikaty","status":"publish","type":"page","link":"https:\/\/gerda.pl\/cs\/schvaleni-a-certifikaty\/","title":{"rendered":"Schv\u00e1len\u00ed a certifik\u00e1ty"},"content":{"rendered":"\n<h4 class=\"wp-block-heading has-text-align-center\">St\u00e1hn\u011bte si n\u00e1\u0161<\/h4>\n\n\n\n<h2 class=\"wp-block-heading has-text-align-center has-blue-color has-text-color\">Schv\u00e1len\u00ed a certifik\u00e1ty<\/h2>\n\n\n\n<div style=\"height:30px\" aria-hidden=\"true\" class=\"wp-block-spacer\"><\/div>\n\n\n\n<div class=\"wp-block-cover alignfull is-light\" style=\"min-height:400px;aspect-ratio:unset;\"><span aria-hidden=\"true\" class=\"wp-block-cover__background has-background-dim-0 has-background-dim\"><\/span><img loading=\"lazy\" decoding=\"async\" width=\"2560\" height=\"1705\" class=\"wp-block-cover__image-background wp-image-27524\" alt=\"\" src=\"https:\/\/gerda.pl\/wp-content\/uploads\/2021\/10\/NS1-Milano-8.jpeg\" style=\"object-position:34% 65%\" data-object-fit=\"cover\" data-object-position=\"34% 65%\" srcset=\"https:\/\/gerda.pl\/wp-content\/uploads\/2021\/10\/NS1-Milano-8.jpeg 2560w, https:\/\/gerda.pl\/wp-content\/uploads\/2021\/10\/NS1-Milano-8-300x200.jpeg 300w, https:\/\/gerda.pl\/wp-content\/uploads\/2021\/10\/NS1-Milano-8-1024x682.jpeg 1024w, https:\/\/gerda.pl\/wp-content\/uploads\/2021\/10\/NS1-Milano-8-768x512.jpeg 768w, https:\/\/gerda.pl\/wp-content\/uploads\/2021\/10\/NS1-Milano-8-1536x1023.jpeg 1536w, https:\/\/gerda.pl\/wp-content\/uploads\/2021\/10\/NS1-Milano-8-2048x1364.jpeg 2048w\" sizes=\"auto, (max-width: 2560px) 100vw, 2560px\" \/><div class=\"wp-block-cover__inner-container is-layout-flow wp-block-cover-is-layout-flow\">\n<p class=\"has-text-align-center has-large-font-size\"><\/p>\n<\/div><\/div>\n\n\n\n<div class=\"container\">\n\t<div class=\"row justify-content-center\">\n\t\t\t\t<div class=\"col-12 col-md-10 certifications-group\">\n\t\t\t\t<a href=\"#group0\" class=\"open-group\">\n\t\t\t\t\t\t\t\t\t\t\t\t\t\t\t\t\t\t<div class=\"img-container\"><img decoding=\"async\" src=\"https:\/\/gerda.pl\/wp-content\/uploads\/2021\/08\/door.svg\" alt=\"Dve\u0159e\"><\/div>Dve\u0159e<span class=\"close\">Rozbalte seznam<\/span><span class=\"open\">Sbalit seznam<\/span><\/a>\n\t\t\t\t<div class=\"group\" id=\"group0\">\n\t\t\t\t\t<div class=\"group-container\">\n\t\t\t\t\t\t\t\t\t\t\t\t\t\t<a href=\"#g0-0\" class=\"open-subgroup\">PREMIUM 60<\/a>\n\t\t\t\t\t\t\t\t<div class=\"subgroup\" id=\"g0-0\">\n\t\t\t\t\t\t\t\t\t\t\t\t\t\t\t\t\t\t\t<ul>\n\t\t\t\t\t\t\t\t\t\t\t\t\t\t\t\t\t\t\t\t\t<li>\n\t\t\t\t\t\t\t\t\t\t\t\t<a href=\"https:\/\/gerda.pl\/wp-content\/uploads\/2023\/05\/216_C5_2024_0015.pdf\" target=\"_blank\" >Certifik\u00e1t v\u00fdrobku &#8211; PREMIUM 60 RC3 EI.CZ<span>Sta\u017een\u00ed<img decoding=\"async\" src=\"https:\/\/gerda.pl\/wp-content\/themes\/gerda\/assets\/svg\/download-file.svg\" alt=\"Certifik\u00e1t v\u00fdrobku - PREMIUM 60 RC3 EI.CZ\"><\/span><\/a>\n\t\t\t\t\t\t\t\t\t\t\t<\/li>\n\t\t\t\t\t\t\t\t\t\t\t\t\t\t\t\t\t\t\t\t<li>\n\t\t\t\t\t\t\t\t\t\t\t\t<a href=\"https:\/\/gerda.pl\/wp-content\/uploads\/2023\/05\/GERDA-TT-141-2023-CJ.pdf\" target=\"_blank\" >Certifik\u00e1t shody &#8211; PREMIUM 60 RC3<span>Sta\u017een\u00ed<img decoding=\"async\" src=\"https:\/\/gerda.pl\/wp-content\/themes\/gerda\/assets\/svg\/download-file.svg\" alt=\"Certifik\u00e1t shody - PREMIUM 60 RC3\"><\/span><\/a>\n\t\t\t\t\t\t\t\t\t\t\t<\/li>\n\t\t\t\t\t\t\t\t\t\t\t\t\t\t\t\t\t\t\t\t<li>\n\t\t\t\t\t\t\t\t\t\t\t\t<a href=\"https:\/\/gerda.pl\/wp-content\/uploads\/2023\/05\/GERDA-TT-141-2023-EN-1.pdf\" target=\"_blank\" >Certifik\u00e1t shody &#8211; PREMIUM 60 RC3_EN<span>Sta\u017een\u00ed<img decoding=\"async\" src=\"https:\/\/gerda.pl\/wp-content\/themes\/gerda\/assets\/svg\/download-file.svg\" alt=\"Certifik\u00e1t shody - PREMIUM 60 RC3_EN\"><\/span><\/a>\n\t\t\t\t\t\t\t\t\t\t\t<\/li>\n\t\t\t\t\t\t\t\t\t\t\t\t\t\t\t\t\t\t\t\t<li>\n\t\t\t\t\t\t\t\t\t\t\t\t<a href=\"https:\/\/gerda.pl\/wp-content\/uploads\/2023\/05\/Certificate-GERDA-NSA.pdf\" target=\"_blank\" >Certifik\u00e1t technick\u00e9ho prost\u0159edku &#8211; PREMIUM 60 RC3<span>Sta\u017een\u00ed<img decoding=\"async\" src=\"https:\/\/gerda.pl\/wp-content\/themes\/gerda\/assets\/svg\/download-file.svg\" alt=\"Certifik\u00e1t technick\u00e9ho prost\u0159edku - PREMIUM 60 RC3\"><\/span><\/a>\n\t\t\t\t\t\t\t\t\t\t\t<\/li>\n\t\t\t\t\t\t\t\t\t\t\t\t\t\t\t\t\t\t<\/ul>\n\t\t\t\t\t\t\t\t\t\t\t\t\t\t\t\t\t<\/div>\n\t\t\t\t\t\t\t\t\t\t\t<\/div>\n\t\t\t\t<\/div>\n\t\t\t<\/div>\n\t\t\t\n\t\t\t\t<\/div>\n<\/div>\n\n\n\n<div style=\"height:50px\" aria-hidden=\"true\" class=\"wp-block-spacer\"><\/div>\n","protected":false},"excerpt":{"rendered":"<p>St\u00e1hn\u011bte si n\u00e1\u0161 Schv\u00e1len\u00ed a certifik\u00e1ty<\/p>\n","protected":false},"author":1,"featured_media":0,"parent":0,"menu_order":0,"comment_status":"closed","ping_status":"closed","template":"","meta":{"_acf_changed":false,"om_disable_all_campaigns":false,"inline_featured_image":false,"_monsterinsights_skip_tracking":false,"_monsterinsights_sitenote_active":false,"_monsterinsights_sitenote_note":"","_monsterinsights_sitenote_category":0,"footnotes":"","_links_to":"","_links_to_target":""},"class_list":["post-52318","page","type-page","status-publish","hentry"],"acf":[],"yoast_head":"<!-- This site is optimized with the Yoast SEO plugin v27.3 - https:\/\/yoast.com\/product\/yoast-seo-wordpress\/ -->\n<title>Schv\u00e1len\u00ed a certifik\u00e1ty - Gerda<\/title>\n<meta name=\"robots\" content=\"index, follow, max-snippet:-1, max-image-preview:large, max-video-preview:-1\" \/>\n<meta property=\"og:locale\" content=\"cs_CZ\" \/>\n<meta property=\"og:type\" content=\"article\" \/>\n<meta property=\"og:title\" content=\"Schv\u00e1len\u00ed a certifik\u00e1ty - Gerda\" \/>\n<meta property=\"og:description\" content=\"St\u00e1hn\u011bte si n\u00e1\u0161 Schv\u00e1len\u00ed a certifik\u00e1ty\" \/>\n<meta property=\"og:url\" content=\"https:\/\/gerda.pl\/cs\/schvaleni-a-certifikaty\/\" \/>\n<meta property=\"og:site_name\" content=\"Gerda\" \/>\n<meta property=\"article:publisher\" content=\"https:\/\/www.facebook.com\/gerda.zamki.drzwi.bramy\" \/>\n<meta property=\"article:modified_time\" content=\"2023-05-08T09:55:50+00:00\" \/>\n<meta property=\"og:image\" content=\"https:\/\/gerda.pl\/wp-content\/uploads\/2021\/10\/NS1-Milano-8.jpeg\" \/>\n<meta name=\"twitter:card\" content=\"summary_large_image\" \/>\n<script type=\"application\/ld+json\" class=\"yoast-schema-graph\">{\"@context\":\"https:\\\/\\\/schema.org\",\"@graph\":[{\"@type\":\"WebPage\",\"@id\":\"https:\\\/\\\/gerda.pl\\\/cs\\\/schvaleni-a-certifikaty\\\/\",\"url\":\"https:\\\/\\\/gerda.pl\\\/cs\\\/schvaleni-a-certifikaty\\\/\",\"name\":\"Schv\u00e1len\u00ed a certifik\u00e1ty - Gerda\",\"isPartOf\":{\"@id\":\"https:\\\/\\\/gerda.pl\\\/cs\\\/#website\"},\"primaryImageOfPage\":{\"@id\":\"https:\\\/\\\/gerda.pl\\\/cs\\\/schvaleni-a-certifikaty\\\/#primaryimage\"},\"image\":{\"@id\":\"https:\\\/\\\/gerda.pl\\\/cs\\\/schvaleni-a-certifikaty\\\/#primaryimage\"},\"thumbnailUrl\":\"https:\\\/\\\/gerda.pl\\\/wp-content\\\/uploads\\\/2021\\\/10\\\/NS1-Milano-8.jpeg\",\"datePublished\":\"2023-05-08T09:46:24+00:00\",\"dateModified\":\"2023-05-08T09:55:50+00:00\",\"breadcrumb\":{\"@id\":\"https:\\\/\\\/gerda.pl\\\/cs\\\/schvaleni-a-certifikaty\\\/#breadcrumb\"},\"inLanguage\":\"cs\",\"potentialAction\":[{\"@type\":\"ReadAction\",\"target\":[\"https:\\\/\\\/gerda.pl\\\/cs\\\/schvaleni-a-certifikaty\\\/\"]}]},{\"@type\":\"ImageObject\",\"inLanguage\":\"cs\",\"@id\":\"https:\\\/\\\/gerda.pl\\\/cs\\\/schvaleni-a-certifikaty\\\/#primaryimage\",\"url\":\"https:\\\/\\\/gerda.pl\\\/wp-content\\\/uploads\\\/2021\\\/10\\\/NS1-Milano-8.jpeg\",\"contentUrl\":\"https:\\\/\\\/gerda.pl\\\/wp-content\\\/uploads\\\/2021\\\/10\\\/NS1-Milano-8.jpeg\"},{\"@type\":\"BreadcrumbList\",\"@id\":\"https:\\\/\\\/gerda.pl\\\/cs\\\/schvaleni-a-certifikaty\\\/#breadcrumb\",\"itemListElement\":[{\"@type\":\"ListItem\",\"position\":1,\"name\":\"Home\",\"item\":\"https:\\\/\\\/gerda.pl\\\/cs\\\/\"},{\"@type\":\"ListItem\",\"position\":2,\"name\":\"Schv\u00e1len\u00ed a certifik\u00e1ty\"}]},{\"@type\":\"WebSite\",\"@id\":\"https:\\\/\\\/gerda.pl\\\/cs\\\/#website\",\"url\":\"https:\\\/\\\/gerda.pl\\\/cs\\\/\",\"name\":\"Gerda\",\"description\":\"Producent drzwi i zamk\u00f3w do drzwi\",\"publisher\":{\"@id\":\"https:\\\/\\\/gerda.pl\\\/cs\\\/#organization\"},\"potentialAction\":[{\"@type\":\"SearchAction\",\"target\":{\"@type\":\"EntryPoint\",\"urlTemplate\":\"https:\\\/\\\/gerda.pl\\\/cs\\\/?s={search_term_string}\"},\"query-input\":{\"@type\":\"PropertyValueSpecification\",\"valueRequired\":true,\"valueName\":\"search_term_string\"}}],\"inLanguage\":\"cs\"},{\"@type\":\"Organization\",\"@id\":\"https:\\\/\\\/gerda.pl\\\/cs\\\/#organization\",\"name\":\"Gerda\",\"url\":\"https:\\\/\\\/gerda.pl\\\/cs\\\/\",\"logo\":{\"@type\":\"ImageObject\",\"inLanguage\":\"cs\",\"@id\":\"https:\\\/\\\/gerda.pl\\\/cs\\\/#\\\/schema\\\/logo\\\/image\\\/\",\"url\":\"https:\\\/\\\/gerda.pl\\\/wp-content\\\/uploads\\\/2025\\\/11\\\/Logo-Gerda_GLOBAL_rgb1-scaled.png\",\"contentUrl\":\"https:\\\/\\\/gerda.pl\\\/wp-content\\\/uploads\\\/2025\\\/11\\\/Logo-Gerda_GLOBAL_rgb1-scaled.png\",\"width\":2560,\"height\":699,\"caption\":\"Gerda\"},\"image\":{\"@id\":\"https:\\\/\\\/gerda.pl\\\/cs\\\/#\\\/schema\\\/logo\\\/image\\\/\"},\"sameAs\":[\"https:\\\/\\\/www.facebook.com\\\/gerda.zamki.drzwi.bramy\"]}]}<\/script>\n<!-- \/ Yoast SEO plugin. -->","yoast_head_json":{"title":"Schv\u00e1len\u00ed a certifik\u00e1ty - Gerda","robots":{"index":"index","follow":"follow","max-snippet":"max-snippet:-1","max-image-preview":"max-image-preview:large","max-video-preview":"max-video-preview:-1"},"og_locale":"cs_CZ","og_type":"article","og_title":"Schv\u00e1len\u00ed a certifik\u00e1ty - Gerda","og_description":"St\u00e1hn\u011bte si n\u00e1\u0161 Schv\u00e1len\u00ed a certifik\u00e1ty","og_url":"https:\/\/gerda.pl\/cs\/schvaleni-a-certifikaty\/","og_site_name":"Gerda","article_publisher":"https:\/\/www.facebook.com\/gerda.zamki.drzwi.bramy","article_modified_time":"2023-05-08T09:55:50+00:00","og_image":[{"url":"https:\/\/gerda.pl\/wp-content\/uploads\/2021\/10\/NS1-Milano-8.jpeg","type":"","width":"","height":""}],"twitter_card":"summary_large_image","schema":{"@context":"https:\/\/schema.org","@graph":[{"@type":"WebPage","@id":"https:\/\/gerda.pl\/cs\/schvaleni-a-certifikaty\/","url":"https:\/\/gerda.pl\/cs\/schvaleni-a-certifikaty\/","name":"Schv\u00e1len\u00ed a certifik\u00e1ty - Gerda","isPartOf":{"@id":"https:\/\/gerda.pl\/cs\/#website"},"primaryImageOfPage":{"@id":"https:\/\/gerda.pl\/cs\/schvaleni-a-certifikaty\/#primaryimage"},"image":{"@id":"https:\/\/gerda.pl\/cs\/schvaleni-a-certifikaty\/#primaryimage"},"thumbnailUrl":"https:\/\/gerda.pl\/wp-content\/uploads\/2021\/10\/NS1-Milano-8.jpeg","datePublished":"2023-05-08T09:46:24+00:00","dateModified":"2023-05-08T09:55:50+00:00","breadcrumb":{"@id":"https:\/\/gerda.pl\/cs\/schvaleni-a-certifikaty\/#breadcrumb"},"inLanguage":"cs","potentialAction":[{"@type":"ReadAction","target":["https:\/\/gerda.pl\/cs\/schvaleni-a-certifikaty\/"]}]},{"@type":"ImageObject","inLanguage":"cs","@id":"https:\/\/gerda.pl\/cs\/schvaleni-a-certifikaty\/#primaryimage","url":"https:\/\/gerda.pl\/wp-content\/uploads\/2021\/10\/NS1-Milano-8.jpeg","contentUrl":"https:\/\/gerda.pl\/wp-content\/uploads\/2021\/10\/NS1-Milano-8.jpeg"},{"@type":"BreadcrumbList","@id":"https:\/\/gerda.pl\/cs\/schvaleni-a-certifikaty\/#breadcrumb","itemListElement":[{"@type":"ListItem","position":1,"name":"Home","item":"https:\/\/gerda.pl\/cs\/"},{"@type":"ListItem","position":2,"name":"Schv\u00e1len\u00ed a certifik\u00e1ty"}]},{"@type":"WebSite","@id":"https:\/\/gerda.pl\/cs\/#website","url":"https:\/\/gerda.pl\/cs\/","name":"Gerda","description":"Producent drzwi i zamk\u00f3w do drzwi","publisher":{"@id":"https:\/\/gerda.pl\/cs\/#organization"},"potentialAction":[{"@type":"SearchAction","target":{"@type":"EntryPoint","urlTemplate":"https:\/\/gerda.pl\/cs\/?s={search_term_string}"},"query-input":{"@type":"PropertyValueSpecification","valueRequired":true,"valueName":"search_term_string"}}],"inLanguage":"cs"},{"@type":"Organization","@id":"https:\/\/gerda.pl\/cs\/#organization","name":"Gerda","url":"https:\/\/gerda.pl\/cs\/","logo":{"@type":"ImageObject","inLanguage":"cs","@id":"https:\/\/gerda.pl\/cs\/#\/schema\/logo\/image\/","url":"https:\/\/gerda.pl\/wp-content\/uploads\/2025\/11\/Logo-Gerda_GLOBAL_rgb1-scaled.png","contentUrl":"https:\/\/gerda.pl\/wp-content\/uploads\/2025\/11\/Logo-Gerda_GLOBAL_rgb1-scaled.png","width":2560,"height":699,"caption":"Gerda"},"image":{"@id":"https:\/\/gerda.pl\/cs\/#\/schema\/logo\/image\/"},"sameAs":["https:\/\/www.facebook.com\/gerda.zamki.drzwi.bramy"]}]}},"_links":{"self":[{"href":"https:\/\/gerda.pl\/cs\/wp-json\/wp\/v2\/pages\/52318","targetHints":{"allow":["GET"]}}],"collection":[{"href":"https:\/\/gerda.pl\/cs\/wp-json\/wp\/v2\/pages"}],"about":[{"href":"https:\/\/gerda.pl\/cs\/wp-json\/wp\/v2\/types\/page"}],"author":[{"embeddable":true,"href":"https:\/\/gerda.pl\/cs\/wp-json\/wp\/v2\/users\/1"}],"replies":[{"embeddable":true,"href":"https:\/\/gerda.pl\/cs\/wp-json\/wp\/v2\/comments?post=52318"}],"version-history":[{"count":6,"href":"https:\/\/gerda.pl\/cs\/wp-json\/wp\/v2\/pages\/52318\/revisions"}],"predecessor-version":[{"id":52327,"href":"https:\/\/gerda.pl\/cs\/wp-json\/wp\/v2\/pages\/52318\/revisions\/52327"}],"wp:attachment":[{"href":"https:\/\/gerda.pl\/cs\/wp-json\/wp\/v2\/media?parent=52318"}],"curies":[{"name":"wp","href":"https:\/\/api.w.org\/{rel}","templated":true}]}}