{"id":31236,"date":"2021-06-10T15:10:02","date_gmt":"2021-06-10T14:10:02","guid":{"rendered":"https:\/\/gerda.pl\/misja-i-wartosci\/"},"modified":"2022-01-04T08:40:40","modified_gmt":"2022-01-04T07:40:40","slug":"mission-und-werte","status":"publish","type":"page","link":"https:\/\/gerda.pl\/de\/service\/uber-uns\/mission-und-werte\/","title":{"rendered":"Mission und Werte"},"content":{"rendered":"\n<h5 class=\"has-text-align-center has-gray-color has-text-color wp-block-heading\">Mission und Werte<\/h5>\n\n\n\n<h2 class=\"has-text-align-center has-blue-color has-text-color wp-block-heading\">Seit \u00fcber 30 Jahren sorgen wir f\u00fcr Ihre Sicherheit<\/h2>\n\n\n\n<p class=\"has-medium-font-size\">GERDA geh\u00f6rt zu den Marktf\u00fchrern in der Produktion von T\u00fcren, Schl\u00f6ssern und Beschl\u00e4gen unter Einsatz innovativer Sicherheitstechnologien und erzielt die h\u00f6chsten Parameter im Hinblick auf Einbruchschutz und Einbruchswiderstand der einbruchshemmenden Sicherheitsbauteile.<\/p>\n\n\n\n<div class=\"wp-block-cover alignfull\" style=\"min-height:400px;aspect-ratio:unset;\"><img loading=\"lazy\" decoding=\"async\" width=\"2560\" height=\"750\" class=\"wp-block-cover__image-background wp-image-9941\" alt=\"\" src=\"https:\/\/gerda.pl\/wp-content\/uploads\/2021\/06\/shutterstock-1477334123-copy-3@2x-scaled.jpg\" data-object-fit=\"cover\" srcset=\"https:\/\/gerda.pl\/wp-content\/uploads\/2021\/06\/shutterstock-1477334123-copy-3@2x-scaled.jpg 2560w, https:\/\/gerda.pl\/wp-content\/uploads\/2021\/06\/shutterstock-1477334123-copy-3@2x-300x88.jpg 300w, https:\/\/gerda.pl\/wp-content\/uploads\/2021\/06\/shutterstock-1477334123-copy-3@2x-1024x300.jpg 1024w, https:\/\/gerda.pl\/wp-content\/uploads\/2021\/06\/shutterstock-1477334123-copy-3@2x-768x225.jpg 768w, https:\/\/gerda.pl\/wp-content\/uploads\/2021\/06\/shutterstock-1477334123-copy-3@2x-1536x450.jpg 1536w, https:\/\/gerda.pl\/wp-content\/uploads\/2021\/06\/shutterstock-1477334123-copy-3@2x-2048x600.jpg 2048w\" sizes=\"auto, (max-width: 2560px) 100vw, 2560px\" \/><div class=\"wp-block-cover__inner-container is-layout-flow wp-block-cover-is-layout-flow\">\n<p class=\"has-text-align-center has-large-font-size\"><\/p>\n<\/div><\/div>\n\n\n\n<p class=\"has-medium-font-size\">GERDA operiert seit 1987 am Markt der Sicherheitsprodukte. Dank der engen Zusammenarbeit sowohl mit den Gesch\u00e4ftspartnern und Kunden als auch mit Forschungs- und Zertifizierungsstellen sowie Sicherheitsinstitutionen verbessern wir st\u00e4ndig unsere Produktpalette, damit sie den Anforderungen der Kunden bez\u00fcglich Nutzungskomfort, Zuverl\u00e4ssigkeit und Sicherheit gen\u00fcgt.<\/p>\n\n\n\n<figure class=\"wp-block-embed is-type-video is-provider-youtube wp-block-embed-youtube wp-embed-aspect-16-9 wp-has-aspect-ratio\"><div class=\"wp-block-embed__wrapper\">\n<iframe loading=\"lazy\" title=\"Gerda   znamy si\u0119 ju\u017c od 30 lat\" width=\"500\" height=\"281\" src=\"https:\/\/www.youtube.com\/embed\/-SSxcrjAGVc?feature=oembed\" frameborder=\"0\" allow=\"accelerometer; autoplay; clipboard-write; encrypted-media; gyroscope; picture-in-picture; web-share\" referrerpolicy=\"strict-origin-when-cross-origin\" allowfullscreen><\/iframe>\n<\/div><\/figure>\n\n\n\n<div style=\"height:20px\" aria-hidden=\"true\" class=\"wp-block-spacer\"><\/div>\n\n\n<div class=\"mission\">\n\t<h2>Unsere Mission<\/h2>\n\t\t\t<div class=\"element\">\n\t\t\t<div class=\"head\">\n\t\t\t\t<img decoding=\"async\" src=\"https:\/\/gerda.pl\/wp-content\/uploads\/2021\/06\/illustration-security.svg\" alt=\"Qualit\u00e4t\">\n\t\t\t\t<h3>Qualit\u00e4t<\/h3>\n\t\t\t<\/div>\n\t\t\t<p>Ausgezeichnete Qualit\u00e4t sowie h\u00f6chste Festigkeits- und Nutzungsparameter der Erzeugnisse, garantiert durch die ISO 9001:2015-Verfahren und Zertifikate. Mit unserem h\u00f6chsten Produktstandard werden wir den st\u00e4ndig wachsenden Marktanforderungen gerecht. Autorisierte Montage und professionelle Kundenbetreuung sichern Ihnen Komfort und bequeme Handhabung.<\/p>\n\t\t<\/div>\n\t\t\t<div class=\"element\">\n\t\t\t<div class=\"head\">\n\t\t\t\t<img decoding=\"async\" src=\"https:\/\/gerda.pl\/wp-content\/uploads\/2021\/06\/illustration-mobile-copy-3.svg\" alt=\"Technologie\">\n\t\t\t\t<h3>Technologie<\/h3>\n\t\t\t<\/div>\n\t\t\t<p>Ausgezeichnete Qualit\u00e4t sowie h\u00f6chste Festigkeits- und Nutzungsparameter der Erzeugnisse, garantiert durch die ISO 9001:2015-Verfahren und Zertifikate. Mit unserem h\u00f6chsten Produktstandard werden wir den st\u00e4ndig wachsenden Marktanforderungen gerecht. Autorisierte Montage und professionelle Kundenbetreuung sichern Ihnen Komfort und bequeme Handhabung.<\/p>\n\t\t<\/div>\n\t\t\t<div class=\"element\">\n\t\t\t<div class=\"head\">\n\t\t\t\t<img decoding=\"async\" src=\"https:\/\/gerda.pl\/wp-content\/uploads\/2021\/06\/illustration-mobile-copy.svg\" alt=\"Komfort\">\n\t\t\t\t<h3>Komfort<\/h3>\n\t\t\t<\/div>\n\t\t\t<p>Unser ausgebautes Vertriebs- und H\u00e4ndlernetz im In- und Ausland stellt die allgemeine Verf\u00fcgbarkeit der GERDA-Produkte sicher, was sowohl f\u00fcr Individualkunden als auch f\u00fcr Gro\u00dfhandelsabnehmer gilt. Wir begleiten Sie als kompetenter Partner vom kostenlosen Aufma\u00df bis zur Beratung und fachgerechten Umsetzung der Projekte. Dank der Zusammenarbeit mit Bautr\u00e4gern, Architektur- und Planungsb\u00fcros sowie Wohnungsgenossenschaften und Generalunternehmern kommen die GERDA-Produkte auch in der Investitionsbranche beim Bau von B\u00fcros, \u00f6ffentlichen Einrichtungen, Lagern, Wohnsiedlungen, Appartements und in anderen Bereichen zum Einsatz.<\/p>\n\t\t<\/div>\n\t\t\t<div class=\"element\">\n\t\t\t<div class=\"head\">\n\t\t\t\t<img decoding=\"async\" src=\"https:\/\/gerda.pl\/wp-content\/uploads\/2021\/06\/illustration-mobile-copy-6.svg\" alt=\"Nachhaltige Produktion\">\n\t\t\t\t<h3>Nachhaltige Produktion<\/h3>\n\t\t\t<\/div>\n\t\t\t<p>Wir arbeiten nachhaltig und umweltbewusst. Dabei erf\u00fcllen wir im Hinblick auf Verwertung und Recycling die Vorgaben des polnischen Gesetzes \u00fcber Verpackungen und Verpackungsabf\u00e4lle vom 13. Juni 2013. Wir wenden firmeneigene patentierte L\u00f6sungen an, um das Sicherheitsniveau zu erh\u00f6hen und uns gleichzeitig einen Vorsprung gegen\u00fcber den Wettbewerbern zu verschaffen. Zur st\u00e4ndigen Weiterentwicklung unserer einbruchhemmenden T\u00fcren arbeiten wir mit dem B\u00fcro f\u00fcr Anti-Terror-Operationen zusammen.<\/p>\n\t\t<\/div>\n\t\n<\/div>\n\n\n\t\t<\/article>\n\t<\/div>\n<\/section>\n<div class=\"values\">\n\t<div class=\"container\">\n\t\t<div class=\"row justify-content-center\">\n\t\t\t<article class=\"col-12 col-md-10 col-lg-8 entry-content\">\n\t\t\t\t<h2>Mission und Werte<\/h2>\n\t\t\t\t<p>Unsere Mission ist ein umfassender Ansatz im Bereich moderner Sicherheitstechnologien, der die individuellen Erwartungen unserer Kunden und die Bed\u00fcrfnisse eines innovativen Marktes erf\u00fcllt.<\/p>\n\t\t\t\t\t\t\t\t\t<div class=\"element\">\n\t\t\t\t\t\t<div class=\"photo\" style=\"background-image: url('https:\/\/gerda.pl\/wp-content\/uploads\/2021\/06\/tedee-lock-packshot-3-1170-copy-23@2x.jpg');\">\n\t\t\t\t\t\t\t\n\t\t\t\t\t\t<\/div><div class=\"desc\">\n\t\t\t\t\t\t\t<h3>Sicherheit<\/h3>\n\t\t\t\t\t\t\t<p>Wir entwickeln unsere Sicherheitssysteme st\u00e4ndig weiter, um die Erwartungen unserer Kunden, Auftragnehmer und Partner zu erf\u00fcllen. Ein Team von exzellenten Ingenieuren-Designern und einzigartigen patentierten L\u00f6sungen garantieren qualitativ hochwertige Produkte und eine sichere Anwendung.<\/p>\n\t\t\t\t\t\t<\/div>\n\t\t\t\t\t<\/div>\n\t\t\t\t\t\t\t\t\t<div class=\"element\">\n\t\t\t\t\t\t<div class=\"photo\" style=\"background-image: url('https:\/\/gerda.pl\/wp-content\/uploads\/2021\/06\/shutterstock-1295889346-copy-45@2x.jpg');\">\n\t\t\t\t\t\t\t\n\t\t\t\t\t\t<\/div><div class=\"desc\">\n\t\t\t\t\t\t\t<h3>Respekt<\/h3>\n\t\t\t\t\t\t\t<p>Wir bem\u00fchen uns, ein Arbeitsumfeld zu schaffen, das auf gegenseitigem Respekt zwischen all unseren Mitarbeitern, Kunden, Auftragnehmern, Lieferanten, der Gesellschaft und der nat\u00fcrlichen Umwelt, in der wir leben, basiert. Es bedeutet auch, t\u00e4glich auf die nat\u00fcrlichen Ressourcen zu achten und sicherzustellen, dass unsere Aktivit\u00e4ten die Umwelt so wenig wie m\u00f6glich belasten.<\/p>\n\t\t\t\t\t\t<\/div>\n\t\t\t\t\t<\/div>\n\t\t\t\t\t\t\t\t\t<div class=\"element\">\n\t\t\t\t\t\t<div class=\"photo\" style=\"background-image: url('https:\/\/gerda.pl\/wp-content\/uploads\/2021\/06\/shutterstock-1295889346-copy-50@2x.jpg');\">\n\t\t\t\t\t\t\t\n\t\t\t\t\t\t<\/div><div class=\"desc\">\n\t\t\t\t\t\t\t<h3>Loyalit\u00e4t<\/h3>\n\t\t\t\t\t\t\t<p>Grundlage unserer Entwicklung und des Unternehmenserfolges ist eine langfristige Zusammenarbeit mit unseren Auftragnehmern, die auf das Erreichen gemeinsamer Ziele ausgerichtet ist. Wir wollen zum Gesch\u00e4ftserfolg aller unserer Partner beitragen und die F\u00e4higkeiten und Kompetenzen unserer Mitarbeiter weiterentwickeln.<\/p>\n\t\t\t\t\t\t<\/div>\n\t\t\t\t\t<\/div>\n\t\t\t\t\t\t\t\t\t<div class=\"element\">\n\t\t\t\t\t\t<div class=\"photo\" style=\"background-image: url('https:\/\/gerda.pl\/wp-content\/uploads\/2021\/06\/shutterstock-1295889346-copy-54@2x.jpg');\">\n\t\t\t\t\t\t\t\n\t\t\t\t\t\t<\/div><div class=\"desc\">\n\t\t\t\t\t\t\t<h3>Qualit\u00e4t<\/h3>\n\t\t\t\t\t\t\t<p>Unsere Mitarbeiter sind kreative und innovative Menschen, dank derer L\u00f6sungen entwickelt werden, die den aktuellen und zuk\u00fcnftigen Bed\u00fcrfnissen unserer Kunden entsprechen. Um diese Erwartungen zu erf\u00fcllen, bieten wir Produkte von h\u00f6chster Qualit\u00e4t unter Verwendung der neuesten technologischen L\u00f6sungen.<\/p>\n\t\t\t\t\t\t<\/div>\n\t\t\t\t\t<\/div>\n\t\t\t\t\t\t\t<\/article>\n\t\t<\/div>\n\t<\/div>\n<\/div>\n<section class=\"container\">\n\t<div class=\"row justify-content-center\">\n\t\t<article class=\"col-12 col-md-10 col-lg-8 entry-content\">\n\n\n<div class=\"section-title-details\">\n\t<h3>UNSER WISSEN<\/h3>\n\t<h4>unser-wissen<\/h4>\n<\/div>\n\n<\/article>\n\t<\/div>\n<\/section>\n<div class=\"product-inspirations-container\" \nid=\"unser-wissen\">\n\t<div class=\"product-title-container\">\n\t\t<div class=\"container\">\n\t\t\t<div class=\"row\">\n\t\t\t\t<div class=\"col-12\">\n\t\t\t\t\t<h2>UNSER WISSEN<\/h2>\n\t\t\t\t<\/div>\n\t\t\t<\/div>\n\t\t<\/div>\n\t<\/div>\n\t<div class=\"container\">\n\t\t<div class=\"row\">\n\t\t\t<div class=\"col-12\">\n\t\t\t\t<div class=\"inspirations-carousel owl-carousel owl-theme\">\n\t\t\t\t\t\t\t\t\t\t\t<a class=\"item\" href=\"https:\/\/gerda.pl\/de\/produkt\/drzwi-do-domow\/\">\n\t\t\t\t\t\t\t<img decoding=\"async\" src=\"https:\/\/gerda.pl\/wp-content\/uploads\/2021\/10\/KWT-Kassel-1kopia.jpeg\" alt=\"\">\n\t\t\t\t\t\t\t<div class=\"inspitation-description\">\n\t\t\t\t\t\t\t\t<img decoding=\"async\" src=\"https:\/\/gerda.pl\/wp-content\/uploads\/2019\/02\/Kassel-1-Ciemny-antracyt.jpeg\" alt=\"\">\n\t\t\t\t\t\t\t\t<div>\n\t\t\t\t\t\t\t\t<h3>KWT Kassel 1<\/h3>\n\t\t\t\t\t\t\t\t<h4>THERMO PRIME <br \/>\r\nTHERMO PREMIUM<\/h4>\n\t\t\t\t\t\t\t\t<\/div>\n\t\t\t\t\t\t\t<\/div>\n\t\t\t\t\t\t\t\n\t\t\t\t\t\t<\/a>\n\t\t\t\t\t\t\t\t\t\t\t<a class=\"item\" href=\"https:\/\/gerda.pl\/de\/produkt\/drzwi-do-domow\/\">\n\t\t\t\t\t\t\t<img decoding=\"async\" src=\"https:\/\/gerda.pl\/wp-content\/uploads\/2021\/10\/AGG-Graz-3_2.jpeg\" alt=\"\">\n\t\t\t\t\t\t\t<div class=\"inspitation-description\">\n\t\t\t\t\t\t\t\t<img decoding=\"async\" src=\"https:\/\/gerda.pl\/wp-content\/uploads\/2019\/02\/Graz-3.jpeg\" alt=\"\">\n\t\t\t\t\t\t\t\t<div>\n\t\t\t\t\t\t\t\t<h3>AGG Graz 3<\/h3>\n\t\t\t\t\t\t\t\t<h4>THERMO PRIME<br \/>\r\nTHERMO PREMIUM<\/h4>\n\t\t\t\t\t\t\t\t<\/div>\n\t\t\t\t\t\t\t<\/div>\n\t\t\t\t\t\t\t\n\t\t\t\t\t\t<\/a>\n\t\t\t\t\t\t\t\t\t\t\t<a class=\"item\" href=\"https:\/\/gerda.pl\/de\/produkt\/drzwi-do-domow\/\">\n\t\t\t\t\t\t\t<img decoding=\"async\" src=\"https:\/\/gerda.pl\/wp-content\/uploads\/2021\/10\/ELB-Olten-1.jpeg\" alt=\"\">\n\t\t\t\t\t\t\t<div class=\"inspitation-description\">\n\t\t\t\t\t\t\t\t<img decoding=\"async\" src=\"https:\/\/gerda.pl\/wp-content\/uploads\/2021\/04\/Olten-scaled.jpg\" alt=\"\">\n\t\t\t\t\t\t\t\t<div>\n\t\t\t\t\t\t\t\t<h3>ELB Olten<\/h3>\n\t\t\t\t\t\t\t\t<h4>THERMO PRIME<br \/>\r\nTHERMO PREMIUM<\/h4>\n\t\t\t\t\t\t\t\t<\/div>\n\t\t\t\t\t\t\t<\/div>\n\t\t\t\t\t\t\t\n\t\t\t\t\t\t<\/a>\n\t\t\t\t\t\t\t\t\t<\/div>\n\t\t\t<\/div>\n\t\t<\/div>\n\t<\/div>\n<\/div>\n\n<section class=\"container \">\n\t<div class=\"row\">\n\t\t<article class=\"col-12\">\n\n\n\n\n<p><\/p>\n","protected":false},"excerpt":{"rendered":"<p>Mission und Werte Seit \u00fcber 30 Jahren sorgen wir f\u00fcr Ihre Sicherheit GERDA geh\u00f6rt zu den Marktf\u00fchrern in der Produktion von T\u00fcren, Schl\u00f6ssern und Beschl\u00e4gen unter Einsatz innovativer Sicherheitstechnologien und erzielt die h\u00f6chsten Parameter im Hinblick auf Einbruchschutz und Einbruchswiderstand der einbruchshemmenden Sicherheitsbauteile. GERDA operiert seit 1987 am Markt der Sicherheitsprodukte. Dank der engen Zusammenarbeit [&hellip;]<\/p>\n","protected":false},"author":1,"featured_media":0,"parent":31238,"menu_order":0,"comment_status":"closed","ping_status":"closed","template":"page-mission.php","meta":{"_acf_changed":false,"om_disable_all_campaigns":false,"inline_featured_image":false,"_monsterinsights_skip_tracking":false,"_monsterinsights_sitenote_active":false,"_monsterinsights_sitenote_note":"","_monsterinsights_sitenote_category":0,"footnotes":"","_links_to":"","_links_to_target":""},"class_list":["post-31236","page","type-page","status-publish","hentry"],"acf":[],"yoast_head":"<!-- This site is optimized with the Yoast SEO plugin v27.3 - https:\/\/yoast.com\/product\/yoast-seo-wordpress\/ -->\n<title>Mission und Werte - Gerda<\/title>\n<meta name=\"robots\" content=\"index, follow, max-snippet:-1, max-image-preview:large, max-video-preview:-1\" \/>\n<meta property=\"og:locale\" content=\"de_DE\" \/>\n<meta property=\"og:type\" content=\"article\" \/>\n<meta property=\"og:title\" content=\"Mission und Werte - Gerda\" \/>\n<meta property=\"og:description\" content=\"Mission und Werte Seit \u00fcber 30 Jahren sorgen wir f\u00fcr Ihre Sicherheit GERDA geh\u00f6rt zu den Marktf\u00fchrern in der Produktion von T\u00fcren, Schl\u00f6ssern und Beschl\u00e4gen unter Einsatz innovativer Sicherheitstechnologien und erzielt die h\u00f6chsten Parameter im Hinblick auf Einbruchschutz und Einbruchswiderstand der einbruchshemmenden Sicherheitsbauteile. GERDA operiert seit 1987 am Markt der Sicherheitsprodukte. Dank der engen Zusammenarbeit [&hellip;]\" \/>\n<meta property=\"og:url\" content=\"https:\/\/gerda.pl\/de\/service\/uber-uns\/mission-und-werte\/\" \/>\n<meta property=\"og:site_name\" content=\"Gerda\" \/>\n<meta property=\"article:publisher\" content=\"https:\/\/www.facebook.com\/gerda.zamki.drzwi.bramy\" \/>\n<meta property=\"article:modified_time\" content=\"2022-01-04T07:40:40+00:00\" \/>\n<meta property=\"og:image\" content=\"https:\/\/gerda.pl\/wp-content\/uploads\/2021\/06\/shutterstock-1477334123-copy-3@2x-scaled.jpg\" \/>\n<meta name=\"twitter:card\" content=\"summary_large_image\" \/>\n<meta name=\"twitter:label1\" content=\"Gesch\u00e4tzte Lesezeit\" \/>\n\t<meta name=\"twitter:data1\" content=\"1\u00a0Minute\" \/>\n<script type=\"application\/ld+json\" class=\"yoast-schema-graph\">{\"@context\":\"https:\\\/\\\/schema.org\",\"@graph\":[{\"@type\":\"WebPage\",\"@id\":\"https:\\\/\\\/gerda.pl\\\/de\\\/service\\\/uber-uns\\\/mission-und-werte\\\/\",\"url\":\"https:\\\/\\\/gerda.pl\\\/de\\\/service\\\/uber-uns\\\/mission-und-werte\\\/\",\"name\":\"Mission und Werte - Gerda\",\"isPartOf\":{\"@id\":\"https:\\\/\\\/gerda.pl\\\/de\\\/#website\"},\"primaryImageOfPage\":{\"@id\":\"https:\\\/\\\/gerda.pl\\\/de\\\/service\\\/uber-uns\\\/mission-und-werte\\\/#primaryimage\"},\"image\":{\"@id\":\"https:\\\/\\\/gerda.pl\\\/de\\\/service\\\/uber-uns\\\/mission-und-werte\\\/#primaryimage\"},\"thumbnailUrl\":\"https:\\\/\\\/gerda.pl\\\/wp-content\\\/uploads\\\/2021\\\/06\\\/shutterstock-1477334123-copy-3@2x-scaled.jpg\",\"datePublished\":\"2021-06-10T14:10:02+00:00\",\"dateModified\":\"2022-01-04T07:40:40+00:00\",\"breadcrumb\":{\"@id\":\"https:\\\/\\\/gerda.pl\\\/de\\\/service\\\/uber-uns\\\/mission-und-werte\\\/#breadcrumb\"},\"inLanguage\":\"de\",\"potentialAction\":[{\"@type\":\"ReadAction\",\"target\":[\"https:\\\/\\\/gerda.pl\\\/de\\\/service\\\/uber-uns\\\/mission-und-werte\\\/\"]}]},{\"@type\":\"ImageObject\",\"inLanguage\":\"de\",\"@id\":\"https:\\\/\\\/gerda.pl\\\/de\\\/service\\\/uber-uns\\\/mission-und-werte\\\/#primaryimage\",\"url\":\"https:\\\/\\\/gerda.pl\\\/wp-content\\\/uploads\\\/2021\\\/06\\\/shutterstock-1477334123-copy-3@2x-scaled.jpg\",\"contentUrl\":\"https:\\\/\\\/gerda.pl\\\/wp-content\\\/uploads\\\/2021\\\/06\\\/shutterstock-1477334123-copy-3@2x-scaled.jpg\"},{\"@type\":\"BreadcrumbList\",\"@id\":\"https:\\\/\\\/gerda.pl\\\/de\\\/service\\\/uber-uns\\\/mission-und-werte\\\/#breadcrumb\",\"itemListElement\":[{\"@type\":\"ListItem\",\"position\":1,\"name\":\"Heim\",\"item\":\"https:\\\/\\\/gerda.pl\\\/de\\\/\"},{\"@type\":\"ListItem\",\"position\":2,\"name\":\"Serwis\",\"item\":\"https:\\\/\\\/gerda.pl\\\/de\\\/service\\\/\"},{\"@type\":\"ListItem\",\"position\":3,\"name\":\"\u00dcber uns\",\"item\":\"https:\\\/\\\/gerda.pl\\\/de\\\/service\\\/uber-uns\\\/\"},{\"@type\":\"ListItem\",\"position\":4,\"name\":\"Mission und Werte\"}]},{\"@type\":\"WebSite\",\"@id\":\"https:\\\/\\\/gerda.pl\\\/de\\\/#website\",\"url\":\"https:\\\/\\\/gerda.pl\\\/de\\\/\",\"name\":\"Gerda\",\"description\":\"Producent drzwi i zamk\u00f3w do drzwi\",\"publisher\":{\"@id\":\"https:\\\/\\\/gerda.pl\\\/de\\\/#organization\"},\"potentialAction\":[{\"@type\":\"SearchAction\",\"target\":{\"@type\":\"EntryPoint\",\"urlTemplate\":\"https:\\\/\\\/gerda.pl\\\/de\\\/?s={search_term_string}\"},\"query-input\":{\"@type\":\"PropertyValueSpecification\",\"valueRequired\":true,\"valueName\":\"search_term_string\"}}],\"inLanguage\":\"de\"},{\"@type\":\"Organization\",\"@id\":\"https:\\\/\\\/gerda.pl\\\/de\\\/#organization\",\"name\":\"Gerda\",\"url\":\"https:\\\/\\\/gerda.pl\\\/de\\\/\",\"logo\":{\"@type\":\"ImageObject\",\"inLanguage\":\"de\",\"@id\":\"https:\\\/\\\/gerda.pl\\\/de\\\/#\\\/schema\\\/logo\\\/image\\\/\",\"url\":\"https:\\\/\\\/gerda.pl\\\/wp-content\\\/uploads\\\/2025\\\/11\\\/Logo-Gerda_GLOBAL_rgb1-scaled.png\",\"contentUrl\":\"https:\\\/\\\/gerda.pl\\\/wp-content\\\/uploads\\\/2025\\\/11\\\/Logo-Gerda_GLOBAL_rgb1-scaled.png\",\"width\":2560,\"height\":699,\"caption\":\"Gerda\"},\"image\":{\"@id\":\"https:\\\/\\\/gerda.pl\\\/de\\\/#\\\/schema\\\/logo\\\/image\\\/\"},\"sameAs\":[\"https:\\\/\\\/www.facebook.com\\\/gerda.zamki.drzwi.bramy\"]}]}<\/script>\n<!-- \/ Yoast SEO plugin. -->","yoast_head_json":{"title":"Mission und Werte - Gerda","robots":{"index":"index","follow":"follow","max-snippet":"max-snippet:-1","max-image-preview":"max-image-preview:large","max-video-preview":"max-video-preview:-1"},"og_locale":"de_DE","og_type":"article","og_title":"Mission und Werte - Gerda","og_description":"Mission und Werte Seit \u00fcber 30 Jahren sorgen wir f\u00fcr Ihre Sicherheit GERDA geh\u00f6rt zu den Marktf\u00fchrern in der Produktion von T\u00fcren, Schl\u00f6ssern und Beschl\u00e4gen unter Einsatz innovativer Sicherheitstechnologien und erzielt die h\u00f6chsten Parameter im Hinblick auf Einbruchschutz und Einbruchswiderstand der einbruchshemmenden Sicherheitsbauteile. GERDA operiert seit 1987 am Markt der Sicherheitsprodukte. Dank der engen Zusammenarbeit [&hellip;]","og_url":"https:\/\/gerda.pl\/de\/service\/uber-uns\/mission-und-werte\/","og_site_name":"Gerda","article_publisher":"https:\/\/www.facebook.com\/gerda.zamki.drzwi.bramy","article_modified_time":"2022-01-04T07:40:40+00:00","og_image":[{"url":"https:\/\/gerda.pl\/wp-content\/uploads\/2021\/06\/shutterstock-1477334123-copy-3@2x-scaled.jpg","type":"","width":"","height":""}],"twitter_card":"summary_large_image","twitter_misc":{"Gesch\u00e4tzte Lesezeit":"1\u00a0Minute"},"schema":{"@context":"https:\/\/schema.org","@graph":[{"@type":"WebPage","@id":"https:\/\/gerda.pl\/de\/service\/uber-uns\/mission-und-werte\/","url":"https:\/\/gerda.pl\/de\/service\/uber-uns\/mission-und-werte\/","name":"Mission und Werte - Gerda","isPartOf":{"@id":"https:\/\/gerda.pl\/de\/#website"},"primaryImageOfPage":{"@id":"https:\/\/gerda.pl\/de\/service\/uber-uns\/mission-und-werte\/#primaryimage"},"image":{"@id":"https:\/\/gerda.pl\/de\/service\/uber-uns\/mission-und-werte\/#primaryimage"},"thumbnailUrl":"https:\/\/gerda.pl\/wp-content\/uploads\/2021\/06\/shutterstock-1477334123-copy-3@2x-scaled.jpg","datePublished":"2021-06-10T14:10:02+00:00","dateModified":"2022-01-04T07:40:40+00:00","breadcrumb":{"@id":"https:\/\/gerda.pl\/de\/service\/uber-uns\/mission-und-werte\/#breadcrumb"},"inLanguage":"de","potentialAction":[{"@type":"ReadAction","target":["https:\/\/gerda.pl\/de\/service\/uber-uns\/mission-und-werte\/"]}]},{"@type":"ImageObject","inLanguage":"de","@id":"https:\/\/gerda.pl\/de\/service\/uber-uns\/mission-und-werte\/#primaryimage","url":"https:\/\/gerda.pl\/wp-content\/uploads\/2021\/06\/shutterstock-1477334123-copy-3@2x-scaled.jpg","contentUrl":"https:\/\/gerda.pl\/wp-content\/uploads\/2021\/06\/shutterstock-1477334123-copy-3@2x-scaled.jpg"},{"@type":"BreadcrumbList","@id":"https:\/\/gerda.pl\/de\/service\/uber-uns\/mission-und-werte\/#breadcrumb","itemListElement":[{"@type":"ListItem","position":1,"name":"Heim","item":"https:\/\/gerda.pl\/de\/"},{"@type":"ListItem","position":2,"name":"Serwis","item":"https:\/\/gerda.pl\/de\/service\/"},{"@type":"ListItem","position":3,"name":"\u00dcber uns","item":"https:\/\/gerda.pl\/de\/service\/uber-uns\/"},{"@type":"ListItem","position":4,"name":"Mission und Werte"}]},{"@type":"WebSite","@id":"https:\/\/gerda.pl\/de\/#website","url":"https:\/\/gerda.pl\/de\/","name":"Gerda","description":"Producent drzwi i zamk\u00f3w do drzwi","publisher":{"@id":"https:\/\/gerda.pl\/de\/#organization"},"potentialAction":[{"@type":"SearchAction","target":{"@type":"EntryPoint","urlTemplate":"https:\/\/gerda.pl\/de\/?s={search_term_string}"},"query-input":{"@type":"PropertyValueSpecification","valueRequired":true,"valueName":"search_term_string"}}],"inLanguage":"de"},{"@type":"Organization","@id":"https:\/\/gerda.pl\/de\/#organization","name":"Gerda","url":"https:\/\/gerda.pl\/de\/","logo":{"@type":"ImageObject","inLanguage":"de","@id":"https:\/\/gerda.pl\/de\/#\/schema\/logo\/image\/","url":"https:\/\/gerda.pl\/wp-content\/uploads\/2025\/11\/Logo-Gerda_GLOBAL_rgb1-scaled.png","contentUrl":"https:\/\/gerda.pl\/wp-content\/uploads\/2025\/11\/Logo-Gerda_GLOBAL_rgb1-scaled.png","width":2560,"height":699,"caption":"Gerda"},"image":{"@id":"https:\/\/gerda.pl\/de\/#\/schema\/logo\/image\/"},"sameAs":["https:\/\/www.facebook.com\/gerda.zamki.drzwi.bramy"]}]}},"_links":{"self":[{"href":"https:\/\/gerda.pl\/de\/wp-json\/wp\/v2\/pages\/31236","targetHints":{"allow":["GET"]}}],"collection":[{"href":"https:\/\/gerda.pl\/de\/wp-json\/wp\/v2\/pages"}],"about":[{"href":"https:\/\/gerda.pl\/de\/wp-json\/wp\/v2\/types\/page"}],"author":[{"embeddable":true,"href":"https:\/\/gerda.pl\/de\/wp-json\/wp\/v2\/users\/1"}],"replies":[{"embeddable":true,"href":"https:\/\/gerda.pl\/de\/wp-json\/wp\/v2\/comments?post=31236"}],"version-history":[{"count":5,"href":"https:\/\/gerda.pl\/de\/wp-json\/wp\/v2\/pages\/31236\/revisions"}],"predecessor-version":[{"id":32215,"href":"https:\/\/gerda.pl\/de\/wp-json\/wp\/v2\/pages\/31236\/revisions\/32215"}],"up":[{"embeddable":true,"href":"https:\/\/gerda.pl\/de\/wp-json\/wp\/v2\/pages\/31238"}],"wp:attachment":[{"href":"https:\/\/gerda.pl\/de\/wp-json\/wp\/v2\/media?parent=31236"}],"curies":[{"name":"wp","href":"https:\/\/api.w.org\/{rel}","templated":true}]}}