{"id":31238,"date":"2021-06-10T15:08:44","date_gmt":"2021-06-10T14:08:44","guid":{"rendered":"https:\/\/gerda.pl\/serwis\/o-nas\/"},"modified":"2022-01-04T08:36:07","modified_gmt":"2022-01-04T07:36:07","slug":"uber-uns","status":"publish","type":"page","link":"https:\/\/gerda.pl\/de\/service\/uber-uns\/","title":{"rendered":"\u00dcber uns"},"content":{"rendered":"\n<h1 class=\"has-text-align-center has-blue-color has-text-color wp-block-heading\">\u00dcber uns<\/h1>\n\n\n\n<h4 class=\"has-text-align-center wp-block-heading\">Hersteller von T\u00fcren, Garagentoren sowie Beschl\u00e4gen und Schl\u00f6ssern f\u00fcr T\u00fcren auf h\u00f6chstem Qualit\u00e4tsniveau<\/h4>\n\n\n\n<div class=\"wp-block-cover alignfull\" style=\"min-height:400px;aspect-ratio:unset;\"><img loading=\"lazy\" decoding=\"async\" width=\"2560\" height=\"1705\" class=\"wp-block-cover__image-background wp-image-25618\" alt=\"\" src=\"https:\/\/gerda.pl\/wp-content\/uploads\/2020\/10\/ALTUS_1.jpg\" style=\"object-position:60% 71%\" data-object-fit=\"cover\" data-object-position=\"60% 71%\" srcset=\"https:\/\/gerda.pl\/wp-content\/uploads\/2020\/10\/ALTUS_1.jpg 2560w, https:\/\/gerda.pl\/wp-content\/uploads\/2020\/10\/ALTUS_1-300x200.jpg 300w, https:\/\/gerda.pl\/wp-content\/uploads\/2020\/10\/ALTUS_1-1024x682.jpg 1024w, https:\/\/gerda.pl\/wp-content\/uploads\/2020\/10\/ALTUS_1-768x512.jpg 768w, https:\/\/gerda.pl\/wp-content\/uploads\/2020\/10\/ALTUS_1-1536x1023.jpg 1536w, https:\/\/gerda.pl\/wp-content\/uploads\/2020\/10\/ALTUS_1-2048x1364.jpg 2048w\" sizes=\"auto, (max-width: 2560px) 100vw, 2560px\" \/><div class=\"wp-block-cover__inner-container is-layout-flow wp-block-cover-is-layout-flow\">\n<p class=\"has-text-align-center has-large-font-size\"><\/p>\n<\/div><\/div>\n\n\n\n<p>Wir sind ein polnisches Unternehmen, das seit \u00fcber 30 Jahren in der Branche der Produktion von T\u00fcren, Schl\u00f6ssern, Beschl\u00e4gen und Sektionaltoren operiert. Unsere langj\u00e4hrige Pr\u00e4senz am Markt ist eine Best\u00e4tigung daf\u00fcr, dass die Gerda-Produkte die Kundinnen und Kunden durch solide Verarbeitung, Widerstandsf\u00e4higkeit und h\u00f6chste Sicherheitsstandards \u00fcberzeugen. Unser Team setzt auf innovative Technologien, sucht nach den besten L\u00f6sungen und hebt bei jedem Projekt die Messlatte noch h\u00f6her. Dank der Leidenschaft und des Engagements unserer Spezialisten punkten die Gerda-T\u00fcren mit professioneller Ausf\u00fchrungsqualit\u00e4t.<\/p>\n","protected":false},"excerpt":{"rendered":"<p>\u00dcber uns Hersteller von T\u00fcren, Garagentoren sowie Beschl\u00e4gen und Schl\u00f6ssern f\u00fcr T\u00fcren auf h\u00f6chstem Qualit\u00e4tsniveau Wir sind ein polnisches Unternehmen, das seit \u00fcber 30 Jahren in der Branche der Produktion von T\u00fcren, Schl\u00f6ssern, Beschl\u00e4gen und Sektionaltoren operiert. Unsere langj\u00e4hrige Pr\u00e4senz am Markt ist eine Best\u00e4tigung daf\u00fcr, dass die Gerda-Produkte die Kundinnen und Kunden durch solide [&hellip;]<\/p>\n","protected":false},"author":1,"featured_media":0,"parent":20884,"menu_order":0,"comment_status":"closed","ping_status":"closed","template":"","meta":{"_acf_changed":false,"om_disable_all_campaigns":false,"inline_featured_image":false,"_monsterinsights_skip_tracking":false,"_monsterinsights_sitenote_active":false,"_monsterinsights_sitenote_note":"","_monsterinsights_sitenote_category":0,"footnotes":"","_links_to":"","_links_to_target":""},"class_list":["post-31238","page","type-page","status-publish","hentry"],"acf":[],"yoast_head":"<!-- This site is optimized with the Yoast SEO plugin v27.5 - https:\/\/yoast.com\/product\/yoast-seo-wordpress\/ -->\n<title>\u00dcber uns - Gerda<\/title>\n<meta name=\"robots\" content=\"index, follow, max-snippet:-1, max-image-preview:large, max-video-preview:-1\" \/>\n<meta property=\"og:locale\" content=\"de_DE\" \/>\n<meta property=\"og:type\" content=\"article\" \/>\n<meta property=\"og:title\" content=\"\u00dcber uns - Gerda\" \/>\n<meta property=\"og:description\" content=\"\u00dcber uns Hersteller von T\u00fcren, Garagentoren sowie Beschl\u00e4gen und Schl\u00f6ssern f\u00fcr T\u00fcren auf h\u00f6chstem Qualit\u00e4tsniveau Wir sind ein polnisches Unternehmen, das seit \u00fcber 30 Jahren in der Branche der Produktion von T\u00fcren, Schl\u00f6ssern, Beschl\u00e4gen und Sektionaltoren operiert. Unsere langj\u00e4hrige Pr\u00e4senz am Markt ist eine Best\u00e4tigung daf\u00fcr, dass die Gerda-Produkte die Kundinnen und Kunden durch solide [&hellip;]\" \/>\n<meta property=\"og:url\" content=\"https:\/\/gerda.pl\/de\/service\/uber-uns\/\" \/>\n<meta property=\"og:site_name\" content=\"Gerda\" \/>\n<meta property=\"article:publisher\" content=\"https:\/\/www.facebook.com\/gerda.zamki.drzwi.bramy\" \/>\n<meta property=\"article:modified_time\" content=\"2022-01-04T07:36:07+00:00\" \/>\n<meta property=\"og:image\" content=\"https:\/\/gerda.pl\/wp-content\/uploads\/2020\/10\/ALTUS_1.jpg\" \/>\n<meta name=\"twitter:card\" content=\"summary_large_image\" \/>\n<meta name=\"twitter:label1\" content=\"Gesch\u00e4tzte Lesezeit\" \/>\n\t<meta name=\"twitter:data1\" content=\"1\u00a0Minute\" \/>\n<script type=\"application\/ld+json\" class=\"yoast-schema-graph\">{\"@context\":\"https:\\\/\\\/schema.org\",\"@graph\":[{\"@type\":\"WebPage\",\"@id\":\"https:\\\/\\\/gerda.pl\\\/de\\\/service\\\/uber-uns\\\/\",\"url\":\"https:\\\/\\\/gerda.pl\\\/de\\\/service\\\/uber-uns\\\/\",\"name\":\"\u00dcber uns - Gerda\",\"isPartOf\":{\"@id\":\"https:\\\/\\\/gerda.pl\\\/de\\\/#website\"},\"primaryImageOfPage\":{\"@id\":\"https:\\\/\\\/gerda.pl\\\/de\\\/service\\\/uber-uns\\\/#primaryimage\"},\"image\":{\"@id\":\"https:\\\/\\\/gerda.pl\\\/de\\\/service\\\/uber-uns\\\/#primaryimage\"},\"thumbnailUrl\":\"https:\\\/\\\/gerda.pl\\\/wp-content\\\/uploads\\\/2020\\\/10\\\/ALTUS_1.jpg\",\"datePublished\":\"2021-06-10T14:08:44+00:00\",\"dateModified\":\"2022-01-04T07:36:07+00:00\",\"breadcrumb\":{\"@id\":\"https:\\\/\\\/gerda.pl\\\/de\\\/service\\\/uber-uns\\\/#breadcrumb\"},\"inLanguage\":\"de\",\"potentialAction\":[{\"@type\":\"ReadAction\",\"target\":[\"https:\\\/\\\/gerda.pl\\\/de\\\/service\\\/uber-uns\\\/\"]}]},{\"@type\":\"ImageObject\",\"inLanguage\":\"de\",\"@id\":\"https:\\\/\\\/gerda.pl\\\/de\\\/service\\\/uber-uns\\\/#primaryimage\",\"url\":\"https:\\\/\\\/gerda.pl\\\/wp-content\\\/uploads\\\/2020\\\/10\\\/ALTUS_1.jpg\",\"contentUrl\":\"https:\\\/\\\/gerda.pl\\\/wp-content\\\/uploads\\\/2020\\\/10\\\/ALTUS_1.jpg\"},{\"@type\":\"BreadcrumbList\",\"@id\":\"https:\\\/\\\/gerda.pl\\\/de\\\/service\\\/uber-uns\\\/#breadcrumb\",\"itemListElement\":[{\"@type\":\"ListItem\",\"position\":1,\"name\":\"Heim\",\"item\":\"https:\\\/\\\/gerda.pl\\\/de\\\/\"},{\"@type\":\"ListItem\",\"position\":2,\"name\":\"Serwis\",\"item\":\"https:\\\/\\\/gerda.pl\\\/de\\\/service\\\/\"},{\"@type\":\"ListItem\",\"position\":3,\"name\":\"\u00dcber uns\"}]},{\"@type\":\"WebSite\",\"@id\":\"https:\\\/\\\/gerda.pl\\\/de\\\/#website\",\"url\":\"https:\\\/\\\/gerda.pl\\\/de\\\/\",\"name\":\"Gerda\",\"description\":\"Producent drzwi i zamk\u00f3w do drzwi\",\"publisher\":{\"@id\":\"https:\\\/\\\/gerda.pl\\\/de\\\/#organization\"},\"potentialAction\":[{\"@type\":\"SearchAction\",\"target\":{\"@type\":\"EntryPoint\",\"urlTemplate\":\"https:\\\/\\\/gerda.pl\\\/de\\\/?s={search_term_string}\"},\"query-input\":{\"@type\":\"PropertyValueSpecification\",\"valueRequired\":true,\"valueName\":\"search_term_string\"}}],\"inLanguage\":\"de\"},{\"@type\":\"Organization\",\"@id\":\"https:\\\/\\\/gerda.pl\\\/de\\\/#organization\",\"name\":\"Gerda\",\"url\":\"https:\\\/\\\/gerda.pl\\\/de\\\/\",\"logo\":{\"@type\":\"ImageObject\",\"inLanguage\":\"de\",\"@id\":\"https:\\\/\\\/gerda.pl\\\/de\\\/#\\\/schema\\\/logo\\\/image\\\/\",\"url\":\"https:\\\/\\\/gerda.pl\\\/wp-content\\\/uploads\\\/2025\\\/11\\\/Logo-Gerda_GLOBAL_rgb1-scaled.png\",\"contentUrl\":\"https:\\\/\\\/gerda.pl\\\/wp-content\\\/uploads\\\/2025\\\/11\\\/Logo-Gerda_GLOBAL_rgb1-scaled.png\",\"width\":2560,\"height\":699,\"caption\":\"Gerda\"},\"image\":{\"@id\":\"https:\\\/\\\/gerda.pl\\\/de\\\/#\\\/schema\\\/logo\\\/image\\\/\"},\"sameAs\":[\"https:\\\/\\\/www.facebook.com\\\/gerda.zamki.drzwi.bramy\"]}]}<\/script>\n<!-- \/ Yoast SEO plugin. -->","yoast_head_json":{"title":"\u00dcber uns - Gerda","robots":{"index":"index","follow":"follow","max-snippet":"max-snippet:-1","max-image-preview":"max-image-preview:large","max-video-preview":"max-video-preview:-1"},"og_locale":"de_DE","og_type":"article","og_title":"\u00dcber uns - Gerda","og_description":"\u00dcber uns Hersteller von T\u00fcren, Garagentoren sowie Beschl\u00e4gen und Schl\u00f6ssern f\u00fcr T\u00fcren auf h\u00f6chstem Qualit\u00e4tsniveau Wir sind ein polnisches Unternehmen, das seit \u00fcber 30 Jahren in der Branche der Produktion von T\u00fcren, Schl\u00f6ssern, Beschl\u00e4gen und Sektionaltoren operiert. Unsere langj\u00e4hrige Pr\u00e4senz am Markt ist eine Best\u00e4tigung daf\u00fcr, dass die Gerda-Produkte die Kundinnen und Kunden durch solide [&hellip;]","og_url":"https:\/\/gerda.pl\/de\/service\/uber-uns\/","og_site_name":"Gerda","article_publisher":"https:\/\/www.facebook.com\/gerda.zamki.drzwi.bramy","article_modified_time":"2022-01-04T07:36:07+00:00","og_image":[{"url":"https:\/\/gerda.pl\/wp-content\/uploads\/2020\/10\/ALTUS_1.jpg","type":"","width":"","height":""}],"twitter_card":"summary_large_image","twitter_misc":{"Gesch\u00e4tzte Lesezeit":"1\u00a0Minute"},"schema":{"@context":"https:\/\/schema.org","@graph":[{"@type":"WebPage","@id":"https:\/\/gerda.pl\/de\/service\/uber-uns\/","url":"https:\/\/gerda.pl\/de\/service\/uber-uns\/","name":"\u00dcber uns - Gerda","isPartOf":{"@id":"https:\/\/gerda.pl\/de\/#website"},"primaryImageOfPage":{"@id":"https:\/\/gerda.pl\/de\/service\/uber-uns\/#primaryimage"},"image":{"@id":"https:\/\/gerda.pl\/de\/service\/uber-uns\/#primaryimage"},"thumbnailUrl":"https:\/\/gerda.pl\/wp-content\/uploads\/2020\/10\/ALTUS_1.jpg","datePublished":"2021-06-10T14:08:44+00:00","dateModified":"2022-01-04T07:36:07+00:00","breadcrumb":{"@id":"https:\/\/gerda.pl\/de\/service\/uber-uns\/#breadcrumb"},"inLanguage":"de","potentialAction":[{"@type":"ReadAction","target":["https:\/\/gerda.pl\/de\/service\/uber-uns\/"]}]},{"@type":"ImageObject","inLanguage":"de","@id":"https:\/\/gerda.pl\/de\/service\/uber-uns\/#primaryimage","url":"https:\/\/gerda.pl\/wp-content\/uploads\/2020\/10\/ALTUS_1.jpg","contentUrl":"https:\/\/gerda.pl\/wp-content\/uploads\/2020\/10\/ALTUS_1.jpg"},{"@type":"BreadcrumbList","@id":"https:\/\/gerda.pl\/de\/service\/uber-uns\/#breadcrumb","itemListElement":[{"@type":"ListItem","position":1,"name":"Heim","item":"https:\/\/gerda.pl\/de\/"},{"@type":"ListItem","position":2,"name":"Serwis","item":"https:\/\/gerda.pl\/de\/service\/"},{"@type":"ListItem","position":3,"name":"\u00dcber uns"}]},{"@type":"WebSite","@id":"https:\/\/gerda.pl\/de\/#website","url":"https:\/\/gerda.pl\/de\/","name":"Gerda","description":"Producent drzwi i zamk\u00f3w do drzwi","publisher":{"@id":"https:\/\/gerda.pl\/de\/#organization"},"potentialAction":[{"@type":"SearchAction","target":{"@type":"EntryPoint","urlTemplate":"https:\/\/gerda.pl\/de\/?s={search_term_string}"},"query-input":{"@type":"PropertyValueSpecification","valueRequired":true,"valueName":"search_term_string"}}],"inLanguage":"de"},{"@type":"Organization","@id":"https:\/\/gerda.pl\/de\/#organization","name":"Gerda","url":"https:\/\/gerda.pl\/de\/","logo":{"@type":"ImageObject","inLanguage":"de","@id":"https:\/\/gerda.pl\/de\/#\/schema\/logo\/image\/","url":"https:\/\/gerda.pl\/wp-content\/uploads\/2025\/11\/Logo-Gerda_GLOBAL_rgb1-scaled.png","contentUrl":"https:\/\/gerda.pl\/wp-content\/uploads\/2025\/11\/Logo-Gerda_GLOBAL_rgb1-scaled.png","width":2560,"height":699,"caption":"Gerda"},"image":{"@id":"https:\/\/gerda.pl\/de\/#\/schema\/logo\/image\/"},"sameAs":["https:\/\/www.facebook.com\/gerda.zamki.drzwi.bramy"]}]}},"_links":{"self":[{"href":"https:\/\/gerda.pl\/de\/wp-json\/wp\/v2\/pages\/31238","targetHints":{"allow":["GET"]}}],"collection":[{"href":"https:\/\/gerda.pl\/de\/wp-json\/wp\/v2\/pages"}],"about":[{"href":"https:\/\/gerda.pl\/de\/wp-json\/wp\/v2\/types\/page"}],"author":[{"embeddable":true,"href":"https:\/\/gerda.pl\/de\/wp-json\/wp\/v2\/users\/1"}],"replies":[{"embeddable":true,"href":"https:\/\/gerda.pl\/de\/wp-json\/wp\/v2\/comments?post=31238"}],"version-history":[{"count":3,"href":"https:\/\/gerda.pl\/de\/wp-json\/wp\/v2\/pages\/31238\/revisions"}],"predecessor-version":[{"id":32208,"href":"https:\/\/gerda.pl\/de\/wp-json\/wp\/v2\/pages\/31238\/revisions\/32208"}],"up":[{"embeddable":true,"href":"https:\/\/gerda.pl\/de\/wp-json\/wp\/v2\/pages\/20884"}],"wp:attachment":[{"href":"https:\/\/gerda.pl\/de\/wp-json\/wp\/v2\/media?parent=31238"}],"curies":[{"name":"wp","href":"https:\/\/api.w.org\/{rel}","templated":true}]}}