{"id":31241,"date":"2021-06-29T10:22:09","date_gmt":"2021-06-29T08:22:09","guid":{"rendered":"https:\/\/gerda.pl\/serwis\/o-nas\/zostan-partnerem\/"},"modified":"2024-07-23T15:19:12","modified_gmt":"2024-07-23T13:19:12","slug":"gerda-partner-index-html","status":"publish","type":"page","link":"https:\/\/gerda.pl\/de\/service\/uber-uns\/gerda-partner-index-html\/","title":{"rendered":"Zosta\u0144 partnerem Gerda"},"content":{"rendered":"\n<h2 class=\"has-text-align-center has-gray-color has-text-color wp-block-heading\">Dzia\u0142y sprzeda\u017cy<\/h2>\n\n\n<div class=\"contact-group row justify-content-center\">\n\t<div class=\"col-12 col-md-10 certifications-group\">\n\t\t<a href=\"#group-drzwi-i-bramy\" class=\"open-group\">\n\t\t\t\t\t\t\t\t\t\t\t\t\t\t<div class=\"img-container\"><img decoding=\"async\" src=\"https:\/\/gerda.pl\/wp-content\/uploads\/2021\/08\/door.svg\" alt=\"Drzwi i bramy\"><\/div>Drzwi i bramy<span class=\"close\">Erweitern Sie die Liste<\/span><span class=\"open\">Liste ausblenden<\/span><\/a>\n\t\t<div class=\"group\" id=\"group-drzwi-i-bramy\">\n\t\t\t<div class=\"group-container\">\n\t\t\t\t\t\t\t\t\t\t<article>\n\t\t\t\t\t\t\t<h4>Region 1<\/h4>\n\t\t\t\t\t\t\t<a rel=\"nofollow\" href=\"mailto:region1@gerda.pl\">region1@gerda.pl<\/a>\n\t\t\t\t\t\t\t<p>(woj.: mazowieckie bez powiat\u00f3w Ostro\u0142\u0119ka, Ostr\u00f3w Mazowiecka, Bia\u0142obrzegi, Kozienice, Przysucha, Radom, Zwole\u0144, Szyd\u0142owiec, Lipsko, Gostynin, P\u0142ock, Sierpc)<\/p>\n\t\t\t\t\t\t<\/article>\n\t\t\t\t\t\t\t\t\t\t<article>\n\t\t\t\t\t\t\t<h4>Region 2<\/h4>\n\t\t\t\t\t\t\t<a rel=\"nofollow\" href=\"mailto:region2@gerda.pl\">region2@gerda.pl<\/a>\n\t\t\t\t\t\t\t<p>(woj.: kujawsko-pomorskie, \u0142\u00f3dzkie oraz powiaty woj. mazowieckiego \u2013 Gostynin, P\u0142ock, Sierpc) a tak\u017ce powiaty woj. wielkopolskiego \u2013 Gosty\u0144, Jarocin, Kalisz, K\u0119pno, Ko\u0142o, Konin, Krotoszyn, Ostr\u00f3w Wlkp., Ostrzesz\u00f3w, Pleszew, Rawicz, S\u0142upca, \u015arem, \u015aroda Wlkp., Turek, Wrze\u015bnia)<\/p>\n\t\t\t\t\t\t<\/article>\n\t\t\t\t\t\t\t\t\t\t<article>\n\t\t\t\t\t\t\t<h4>Region 3<\/h4>\n\t\t\t\t\t\t\t<a rel=\"nofollow\" href=\"mailto:region3@gerda.pl\">region3@gerda.pl<\/a>\n\t\t\t\t\t\t\t<p>(woj.: ma\u0142opolskie, \u015bl\u0105skie)<\/p>\n\t\t\t\t\t\t<\/article>\n\t\t\t\t\t\t\t\t\t\t<article>\n\t\t\t\t\t\t\t<h4>Region 4<\/h4>\n\t\t\t\t\t\t\t<a rel=\"nofollow\" href=\"mailto:region4@gerda.pl\">region4@gerda.pl<\/a>\n\t\t\t\t\t\t\t<p>(woj.: zachodnio-pomorskie, lubuskie, wielkopolskie bez powiat\u00f3w Gosty\u0144, Jarocin, Kalisz, K\u0119pno, Ko\u0142o, Konin, Krotoszyn, Ostr\u00f3w Wlkp., Ostrzesz\u00f3w, Pleszew, Rawicz, S\u0142upca, \u015arem, \u015aroda Wlkp., Turek, Wrze\u015bnia)<\/p>\n\t\t\t\t\t\t<\/article>\n\t\t\t\t\t\t\t\t\t\t<article>\n\t\t\t\t\t\t\t<h4>Region 5<\/h4>\n\t\t\t\t\t\t\t<a rel=\"nofollow\" href=\"mailto:region5@gerda.pl\">region5@gerda.pl<\/a>\n\t\t\t\t\t\t\t<p>(woj.: dolno\u015bl\u0105skie, opolskie)<\/p>\n\t\t\t\t\t\t<\/article>\n\t\t\t\t\t\t\t\t\t\t<article>\n\t\t\t\t\t\t\t<h4>Region 6<\/h4>\n\t\t\t\t\t\t\t<a rel=\"nofollow\" href=\"mailto:region6@gerda.pl\">region6@gerda.pl<\/a>\n\t\t\t\t\t\t\t<p>(woj.: pomorskie, warmi\u0144sko-mazurskie, podlaskie, oraz powiaty woj. mazowieckiego: Ostro\u0142\u0119ka, Ostr\u00f3w Mazowiecka)<\/p>\n\t\t\t\t\t\t<\/article>\n\t\t\t\t\t\t\t\t\t\t<article>\n\t\t\t\t\t\t\t<h4>Region 7<\/h4>\n\t\t\t\t\t\t\t<a rel=\"nofollow\" href=\"mailto:region7@gerda.pl\">region7@gerda.pl<\/a>\n\t\t\t\t\t\t\t<p>(woj.: \u015bwi\u0119tokrzyskie, lubelskie, podkarpackie oraz powiaty woj. mazowieckiego \u2013 Bia\u0142obrzegi, Kozienice, Przysucha, Radom, Zwole\u0144, Szyd\u0142owiec, Lipsko)<\/p>\n\t\t\t\t\t\t<\/article>\n\t\t\t\t\t\t\t<\/div>\n\t\t<\/div>\n\t<\/div>\n<\/div>\n\n\n<div class=\"contact-group row justify-content-center\">\n\t<div class=\"col-12 col-md-10 certifications-group\">\n\t\t<a href=\"#group-zamki-i-okucia\" class=\"open-group\">\n\t\t\t\t\t\t\t\t\t\t\t\t\t\t<div class=\"img-container\"><img decoding=\"async\" src=\"https:\/\/gerda.pl\/wp-content\/uploads\/2021\/08\/zamki.svg\" alt=\"Zamki i okucia\"><\/div>Zamki i okucia<span class=\"close\">Erweitern Sie die Liste<\/span><span class=\"open\">Liste ausblenden<\/span><\/a>\n\t\t<div class=\"group\" id=\"group-zamki-i-okucia\">\n\t\t\t<div class=\"group-container\">\n\t\t\t\t\t\t\t\t\t\t<article>\n\t\t\t\t\t\t\t<h4>Region 1<\/h4>\n\t\t\t\t\t\t\t<a rel=\"nofollow\" href=\"mailto:marcin.grzes@gerda.pl\">marcin.grzes@gerda.pl<\/a>\n\t\t\t\t\t\t\t<p>(woj.: pomorskie, warmi\u0144sko-mazurskie, podlaskie, kujawsko-pomorskie, mazowieckie)<\/p>\n\t\t\t\t\t\t<\/article>\n\t\t\t\t\t\t\t\t\t\t<article>\n\t\t\t\t\t\t\t<h4>Region 2<\/h4>\n\t\t\t\t\t\t\t<a rel=\"nofollow\" href=\"mailto:robert.pasieko@gerda.pl\">robert.pasieko@gerda.pl<\/a>\n\t\t\t\t\t\t\t<p>(woj.: \u0142\u00f3dzkie, lubelskie, \u015bwi\u0119tokrzyskie, podkarpackie, ma\u0142opolskie, \u015bl\u0105skie)<\/p>\n\t\t\t\t\t\t<\/article>\n\t\t\t\t\t\t\t\t\t\t<article>\n\t\t\t\t\t\t\t<h4>Region 3<\/h4>\n\t\t\t\t\t\t\t<a rel=\"nofollow\" href=\"mailto:piotr.adamski@gerda.pl\">piotr.adamski@gerda.pl<\/a>\n\t\t\t\t\t\t\t<p>(woj.: opolskie, dolno\u015bl\u0105skie, wielkopolskie, lubuskie, zachodniopomorskie)<\/p>\n\t\t\t\t\t\t<\/article>\n\t\t\t\t\t\t\t<\/div>\n\t\t<\/div>\n\t<\/div>\n<\/div>\n\n\n\n<div style=\"height:60px\" aria-hidden=\"true\" class=\"wp-block-spacer\"><\/div>\n\n\n<div class=\"departaments\">\n\t<div class=\"row\">\n\t\t<div class=\"col-12\">\n\t\t\t\t\t\t\t<h2>Dzia\u0142y produktowe<\/h2>\n\t\t\t\t\t\t\t\t\t\t\t\t\t\t<article>\n\t\t\t\t\t<img decoding=\"async\" src=\"https:\/\/gerda.pl\/wp-content\/uploads\/2021\/08\/combined-shape-2.svg\" alt=\"Zamki i okucia\">\n\t\t\t\t\t<h3>Zamki i okucia<\/h3>\n\t\t\t\t\t<a href=\"mailto:zamki@gerda.pl\">zamki@gerda.pl<\/a>\n\t\t\t\t<\/article>\n\t\t\t\t\t\t\t\t<article>\n\t\t\t\t\t<img decoding=\"async\" src=\"https:\/\/gerda.pl\/wp-content\/uploads\/2021\/08\/85.svg\" alt=\"Master Key\">\n\t\t\t\t\t<h3>Master Key<\/h3>\n\t\t\t\t\t<a href=\"mailto:mk@gerda.pl\">mk@gerda.pl<\/a>\n\t\t\t\t<\/article>\n\t\t\t\t\t\t\t\t<article>\n\t\t\t\t\t<img decoding=\"async\" src=\"https:\/\/gerda.pl\/wp-content\/uploads\/2021\/08\/combined-shape-1.svg\" alt=\"Bramy przemys\u0142owe\">\n\t\t\t\t\t<h3>Bramy przemys\u0142owe<\/h3>\n\t\t\t\t\t<a href=\"mailto:bramy@gerda.pl\">bramy@gerda.pl<\/a>\n\t\t\t\t<\/article>\n\t\t\t\t\t\t\t\t<article>\n\t\t\t\t\t<img decoding=\"async\" src=\"https:\/\/gerda.pl\/wp-content\/uploads\/2021\/08\/combined-shape.svg\" alt=\"Inwestycje budowlane\">\n\t\t\t\t\t<h3>Inwestycje budowlane<\/h3>\n\t\t\t\t\t<a href=\"mailto:inwestycje@gerda.pl\">inwestycje@gerda.pl<\/a>\n\t\t\t\t<\/article>\n\t\t\t\t\t\t\t\t\t<\/div>\n\t<\/div>\n<\/div>\n\n\n<div class=\"departaments\">\n\t<div class=\"row\">\n\t\t<div class=\"col-12\">\n\t\t\t\t\t\t\t<h2>Pozosta\u0142e kontakty<\/h2>\n\t\t\t\t\t\t\t\t\t\t\t\t\t\t<article>\n\t\t\t\t\t<img decoding=\"async\" src=\"https:\/\/gerda.pl\/wp-content\/uploads\/2021\/08\/icon-other-car-1.svg\" alt=\"Export\">\n\t\t\t\t\t<h3>Export<\/h3>\n\t\t\t\t\t<a href=\"mailto:export@gerda.pl\">export@gerda.pl<\/a>\n\t\t\t\t<\/article>\n\t\t\t\t\t\t\t\t<article>\n\t\t\t\t\t<img decoding=\"async\" src=\"https:\/\/gerda.pl\/wp-content\/uploads\/2021\/08\/icon-shopo.svg\" alt=\"Pion zakup\u00f3w\">\n\t\t\t\t\t<h3>Pion zakup\u00f3w<\/h3>\n\t\t\t\t\t<a href=\"mailto:dzialzakupow@gerda.pl\">dzialzakupow@gerda.pl<\/a>\n\t\t\t\t<\/article>\n\t\t\t\t\t\t\t\t<article>\n\t\t\t\t\t<img decoding=\"async\" src=\"https:\/\/gerda.pl\/wp-content\/uploads\/2021\/08\/icon-stolarka.svg\" alt=\"Stolarka aluminiowa\">\n\t\t\t\t\t<h3>Stolarka aluminiowa<\/h3>\n\t\t\t\t\t<a href=\"mailto:inwestycje@gerda.pl\">inwestycje@gerda.pl<\/a>\n\t\t\t\t<\/article>\n\t\t\t\t\t\t\t\t<article>\n\t\t\t\t\t<img decoding=\"async\" src=\"https:\/\/gerda.pl\/wp-content\/uploads\/2021\/08\/icon-maintenance.svg\" alt=\"Producenci stolarek\">\n\t\t\t\t\t<h3>Producenci stolarek<\/h3>\n\t\t\t\t\t<a href=\"mailto:oem@gerda.pl\">oem@gerda.pl<\/a>\n\t\t\t\t<\/article>\n\t\t\t\t\t\t\t\t<article>\n\t\t\t\t\t<img decoding=\"async\" src=\"https:\/\/gerda.pl\/wp-content\/uploads\/2021\/08\/icon-other-building.svg\" alt=\"Inwestycje budowlane\">\n\t\t\t\t\t<h3>Inwestycje budowlane<\/h3>\n\t\t\t\t\t<a href=\"mailto:inwestycje@gerda.pl\">inwestycje@gerda.pl<\/a>\n\t\t\t\t<\/article>\n\t\t\t\t\t\t\t\t<article>\n\t\t\t\t\t<img decoding=\"async\" src=\"https:\/\/gerda.pl\/wp-content\/uploads\/2021\/08\/icon-other-camera.svg\" alt=\"Dla medi\u00f3w\">\n\t\t\t\t\t<h3>Dla medi\u00f3w<\/h3>\n\t\t\t\t\t<a href=\"mailto:marketing@gerda.pl\">marketing@gerda.pl<\/a>\n\t\t\t\t<\/article>\n\t\t\t\t\t\t\t\t<article>\n\t\t\t\t\t<img decoding=\"async\" src=\"https:\/\/gerda.pl\/wp-content\/uploads\/2021\/08\/icon-other-notebook.svg\" alt=\"Akademia GERDA\">\n\t\t\t\t\t<h3>Akademia GERDA<\/h3>\n\t\t\t\t\t<a href=\"mailto:akademia@gerda.pl\">akademia@gerda.pl<\/a>\n\t\t\t\t<\/article>\n\t\t\t\t\t\t\t\t<article>\n\t\t\t\t\t<img decoding=\"async\" src=\"https:\/\/gerda.pl\/wp-content\/uploads\/2021\/08\/icon-other-umbrella.svg\" alt=\"Inspektor Ochrony Danych Tomasz Gwara\">\n\t\t\t\t\t<h3>Inspektor Ochrony Danych Tomasz Gwara<\/h3>\n\t\t\t\t\t<a href=\"mailto:gerda.iod@discretia.pl\">gerda.iod@discretia.pl<\/a>\n\t\t\t\t<\/article>\n\t\t\t\t\t\t\t\t\t<\/div>\n\t<\/div>\n<\/div>\n\n\n<div class=\"container help\">\n    <div class=\"row\">\n        <div class=\"col-12 help-title\">\n                    <p class=\"page__help--title\">Service<\/p>\n            <\/div>\n    <\/div>\n    <div class=\"row\">\n                <div class=\"col-12 col-md-4 help-box\">\n                <a class=\"help-element h-0\" href=\"https:\/\/gerda.pl\/de\/verkaufsstellen\/\">\n                <p class=\"help__subtitle--opt4\">n\u00e4chste<\/p>\n                <p class=\"help__subtitle--opt3\">Schreibwarenladen<\/p>\n                <p class=\"help__subtitle--opt5\"><img decoding=\"async\" src=\"https:\/\/gerda.pl\/wp-content\/uploads\/2021\/04\/localization.svg\" alt=\"Finden\">Finden<\/p>\n            <\/a>\n            <\/div>\n        <\/div>\n<\/div>\n","protected":false},"excerpt":{"rendered":"<p>Dzia\u0142y sprzeda\u017cy<\/p>\n","protected":false},"author":1,"featured_media":0,"parent":31238,"menu_order":0,"comment_status":"closed","ping_status":"closed","template":"","meta":{"_acf_changed":false,"om_disable_all_campaigns":false,"inline_featured_image":false,"_monsterinsights_skip_tracking":false,"_monsterinsights_sitenote_active":false,"_monsterinsights_sitenote_note":"","_monsterinsights_sitenote_category":0,"footnotes":"","_links_to":"","_links_to_target":""},"class_list":["post-31241","page","type-page","status-publish","hentry"],"acf":[],"yoast_head":"<!-- This site is optimized with the Yoast SEO plugin v27.5 - https:\/\/yoast.com\/product\/yoast-seo-wordpress\/ -->\n<title>Zosta\u0144 partnerem Gerda - Gerda<\/title>\n<meta name=\"robots\" content=\"index, follow, max-snippet:-1, max-image-preview:large, max-video-preview:-1\" \/>\n<meta property=\"og:locale\" content=\"de_DE\" \/>\n<meta property=\"og:type\" content=\"article\" \/>\n<meta property=\"og:title\" content=\"Zosta\u0144 partnerem Gerda - Gerda\" \/>\n<meta property=\"og:description\" content=\"Dzia\u0142y sprzeda\u017cy\" \/>\n<meta property=\"og:url\" content=\"https:\/\/gerda.pl\/de\/service\/uber-uns\/gerda-partner-index-html\/\" \/>\n<meta property=\"og:site_name\" content=\"Gerda\" \/>\n<meta property=\"article:publisher\" content=\"https:\/\/www.facebook.com\/gerda.zamki.drzwi.bramy\" \/>\n<meta property=\"article:modified_time\" content=\"2024-07-23T13:19:12+00:00\" \/>\n<meta name=\"twitter:card\" content=\"summary_large_image\" \/>\n<script type=\"application\/ld+json\" class=\"yoast-schema-graph\">{\"@context\":\"https:\\\/\\\/schema.org\",\"@graph\":[{\"@type\":\"WebPage\",\"@id\":\"https:\\\/\\\/gerda.pl\\\/de\\\/service\\\/uber-uns\\\/gerda-partner-index-html\\\/\",\"url\":\"https:\\\/\\\/gerda.pl\\\/de\\\/service\\\/uber-uns\\\/gerda-partner-index-html\\\/\",\"name\":\"Zosta\u0144 partnerem Gerda - Gerda\",\"isPartOf\":{\"@id\":\"https:\\\/\\\/gerda.pl\\\/de\\\/#website\"},\"datePublished\":\"2021-06-29T08:22:09+00:00\",\"dateModified\":\"2024-07-23T13:19:12+00:00\",\"breadcrumb\":{\"@id\":\"https:\\\/\\\/gerda.pl\\\/de\\\/service\\\/uber-uns\\\/gerda-partner-index-html\\\/#breadcrumb\"},\"inLanguage\":\"de\",\"potentialAction\":[{\"@type\":\"ReadAction\",\"target\":[\"https:\\\/\\\/gerda.pl\\\/de\\\/service\\\/uber-uns\\\/gerda-partner-index-html\\\/\"]}]},{\"@type\":\"BreadcrumbList\",\"@id\":\"https:\\\/\\\/gerda.pl\\\/de\\\/service\\\/uber-uns\\\/gerda-partner-index-html\\\/#breadcrumb\",\"itemListElement\":[{\"@type\":\"ListItem\",\"position\":1,\"name\":\"Heim\",\"item\":\"https:\\\/\\\/gerda.pl\\\/de\\\/\"},{\"@type\":\"ListItem\",\"position\":2,\"name\":\"Serwis\",\"item\":\"https:\\\/\\\/gerda.pl\\\/de\\\/service\\\/\"},{\"@type\":\"ListItem\",\"position\":3,\"name\":\"\u00dcber uns\",\"item\":\"https:\\\/\\\/gerda.pl\\\/de\\\/service\\\/uber-uns\\\/\"},{\"@type\":\"ListItem\",\"position\":4,\"name\":\"Zosta\u0144 partnerem Gerda\"}]},{\"@type\":\"WebSite\",\"@id\":\"https:\\\/\\\/gerda.pl\\\/de\\\/#website\",\"url\":\"https:\\\/\\\/gerda.pl\\\/de\\\/\",\"name\":\"Gerda\",\"description\":\"Producent drzwi i zamk\u00f3w do drzwi\",\"publisher\":{\"@id\":\"https:\\\/\\\/gerda.pl\\\/de\\\/#organization\"},\"potentialAction\":[{\"@type\":\"SearchAction\",\"target\":{\"@type\":\"EntryPoint\",\"urlTemplate\":\"https:\\\/\\\/gerda.pl\\\/de\\\/?s={search_term_string}\"},\"query-input\":{\"@type\":\"PropertyValueSpecification\",\"valueRequired\":true,\"valueName\":\"search_term_string\"}}],\"inLanguage\":\"de\"},{\"@type\":\"Organization\",\"@id\":\"https:\\\/\\\/gerda.pl\\\/de\\\/#organization\",\"name\":\"Gerda\",\"url\":\"https:\\\/\\\/gerda.pl\\\/de\\\/\",\"logo\":{\"@type\":\"ImageObject\",\"inLanguage\":\"de\",\"@id\":\"https:\\\/\\\/gerda.pl\\\/de\\\/#\\\/schema\\\/logo\\\/image\\\/\",\"url\":\"https:\\\/\\\/gerda.pl\\\/wp-content\\\/uploads\\\/2025\\\/11\\\/Logo-Gerda_GLOBAL_rgb1-scaled.png\",\"contentUrl\":\"https:\\\/\\\/gerda.pl\\\/wp-content\\\/uploads\\\/2025\\\/11\\\/Logo-Gerda_GLOBAL_rgb1-scaled.png\",\"width\":2560,\"height\":699,\"caption\":\"Gerda\"},\"image\":{\"@id\":\"https:\\\/\\\/gerda.pl\\\/de\\\/#\\\/schema\\\/logo\\\/image\\\/\"},\"sameAs\":[\"https:\\\/\\\/www.facebook.com\\\/gerda.zamki.drzwi.bramy\"]}]}<\/script>\n<!-- \/ Yoast SEO plugin. -->","yoast_head_json":{"title":"Zosta\u0144 partnerem Gerda - Gerda","robots":{"index":"index","follow":"follow","max-snippet":"max-snippet:-1","max-image-preview":"max-image-preview:large","max-video-preview":"max-video-preview:-1"},"og_locale":"de_DE","og_type":"article","og_title":"Zosta\u0144 partnerem Gerda - Gerda","og_description":"Dzia\u0142y sprzeda\u017cy","og_url":"https:\/\/gerda.pl\/de\/service\/uber-uns\/gerda-partner-index-html\/","og_site_name":"Gerda","article_publisher":"https:\/\/www.facebook.com\/gerda.zamki.drzwi.bramy","article_modified_time":"2024-07-23T13:19:12+00:00","twitter_card":"summary_large_image","schema":{"@context":"https:\/\/schema.org","@graph":[{"@type":"WebPage","@id":"https:\/\/gerda.pl\/de\/service\/uber-uns\/gerda-partner-index-html\/","url":"https:\/\/gerda.pl\/de\/service\/uber-uns\/gerda-partner-index-html\/","name":"Zosta\u0144 partnerem Gerda - Gerda","isPartOf":{"@id":"https:\/\/gerda.pl\/de\/#website"},"datePublished":"2021-06-29T08:22:09+00:00","dateModified":"2024-07-23T13:19:12+00:00","breadcrumb":{"@id":"https:\/\/gerda.pl\/de\/service\/uber-uns\/gerda-partner-index-html\/#breadcrumb"},"inLanguage":"de","potentialAction":[{"@type":"ReadAction","target":["https:\/\/gerda.pl\/de\/service\/uber-uns\/gerda-partner-index-html\/"]}]},{"@type":"BreadcrumbList","@id":"https:\/\/gerda.pl\/de\/service\/uber-uns\/gerda-partner-index-html\/#breadcrumb","itemListElement":[{"@type":"ListItem","position":1,"name":"Heim","item":"https:\/\/gerda.pl\/de\/"},{"@type":"ListItem","position":2,"name":"Serwis","item":"https:\/\/gerda.pl\/de\/service\/"},{"@type":"ListItem","position":3,"name":"\u00dcber uns","item":"https:\/\/gerda.pl\/de\/service\/uber-uns\/"},{"@type":"ListItem","position":4,"name":"Zosta\u0144 partnerem Gerda"}]},{"@type":"WebSite","@id":"https:\/\/gerda.pl\/de\/#website","url":"https:\/\/gerda.pl\/de\/","name":"Gerda","description":"Producent drzwi i zamk\u00f3w do drzwi","publisher":{"@id":"https:\/\/gerda.pl\/de\/#organization"},"potentialAction":[{"@type":"SearchAction","target":{"@type":"EntryPoint","urlTemplate":"https:\/\/gerda.pl\/de\/?s={search_term_string}"},"query-input":{"@type":"PropertyValueSpecification","valueRequired":true,"valueName":"search_term_string"}}],"inLanguage":"de"},{"@type":"Organization","@id":"https:\/\/gerda.pl\/de\/#organization","name":"Gerda","url":"https:\/\/gerda.pl\/de\/","logo":{"@type":"ImageObject","inLanguage":"de","@id":"https:\/\/gerda.pl\/de\/#\/schema\/logo\/image\/","url":"https:\/\/gerda.pl\/wp-content\/uploads\/2025\/11\/Logo-Gerda_GLOBAL_rgb1-scaled.png","contentUrl":"https:\/\/gerda.pl\/wp-content\/uploads\/2025\/11\/Logo-Gerda_GLOBAL_rgb1-scaled.png","width":2560,"height":699,"caption":"Gerda"},"image":{"@id":"https:\/\/gerda.pl\/de\/#\/schema\/logo\/image\/"},"sameAs":["https:\/\/www.facebook.com\/gerda.zamki.drzwi.bramy"]}]}},"_links":{"self":[{"href":"https:\/\/gerda.pl\/de\/wp-json\/wp\/v2\/pages\/31241","targetHints":{"allow":["GET"]}}],"collection":[{"href":"https:\/\/gerda.pl\/de\/wp-json\/wp\/v2\/pages"}],"about":[{"href":"https:\/\/gerda.pl\/de\/wp-json\/wp\/v2\/types\/page"}],"author":[{"embeddable":true,"href":"https:\/\/gerda.pl\/de\/wp-json\/wp\/v2\/users\/1"}],"replies":[{"embeddable":true,"href":"https:\/\/gerda.pl\/de\/wp-json\/wp\/v2\/comments?post=31241"}],"version-history":[{"count":6,"href":"https:\/\/gerda.pl\/de\/wp-json\/wp\/v2\/pages\/31241\/revisions"}],"predecessor-version":[{"id":62058,"href":"https:\/\/gerda.pl\/de\/wp-json\/wp\/v2\/pages\/31241\/revisions\/62058"}],"up":[{"embeddable":true,"href":"https:\/\/gerda.pl\/de\/wp-json\/wp\/v2\/pages\/31238"}],"wp:attachment":[{"href":"https:\/\/gerda.pl\/de\/wp-json\/wp\/v2\/media?parent=31241"}],"curies":[{"name":"wp","href":"https:\/\/api.w.org\/{rel}","templated":true}]}}