{"id":31897,"date":"2021-11-23T14:10:35","date_gmt":"2021-11-23T13:10:35","guid":{"rendered":"https:\/\/gerda.pl\/tedee\/jak-to-dziala\/"},"modified":"2022-01-11T09:23:18","modified_gmt":"2022-01-11T08:23:18","slug":"wie-funktioniert-das","status":"publish","type":"page","link":"https:\/\/gerda.pl\/de\/tedee\/wie-funktioniert-das\/","title":{"rendered":"Wie es funktioniert"},"content":{"rendered":"\n<div class=\"tedee-header-how\" style=\"background-image:url('https:\/\/gerda.pl\/wp-content\/uploads\/2021\/11\/group-3@2x-scaled.jpeg')\" id=\"top\">\n\t<div class=\"container\">\n\t\t<div class=\"row\">\n\t\t\t<div class=\"col-12 header-elements\">\n\t\t\t\t<div class=\"tedee-logo\">\n\t\t\t\t\t\t\t\t\t\t<div class=\"logo-container\">\n\t\t\t\t\t\t<img decoding=\"async\" src=\"https:\/\/gerda.pl\/wp-content\/themes\/gerda\/assets\/svg\/tedee.svg\" alt=\"Tedee\">\n\t\t\t\t\t\t<h4>powered by GERDA<\/h4>\n\t\t\t\t\t<\/div>\n\t\t\t\t\t\t\t\t\t\t\n\t\t\t\t\t<p><h3>Steuern Sie das T\u00fcrschloss mit Ihrem Smartphone<\/h3>\n<p>Lernen Sie das intelligente T\u00fcrschloss f\u00fcr H\u00e4user, Wohnungen und B\u00fcros kennen.<\/p>\n<\/p>\n\t\t\t\t\n\t\t\t\t<\/div>\n\t\t\t\t\n\t\t\t\t\n\t\t\t<\/div>\n\t\t\t\t\t\t\t\t<div class=\"logos\">\n\t\t\t\t\t\t\t\t\t\t\t\t\t<img decoding=\"async\" src=\"https:\/\/gerda.pl\/wp-content\/uploads\/2021\/10\/WorksWith_Badge.png\" alt=\"Tedee\">\n\t\t\t\t\t\t\t\t\t\t\t\t\t<img decoding=\"async\" src=\"https:\/\/gerda.pl\/wp-content\/uploads\/2021\/10\/avtest_smart_home_en_11_2020.png\" alt=\"Tedee\">\n\t\t\t\t\t\t\t\t\t\t\t<\/div>\n\t\t\t\t\t\t<\/div>\n\t<\/div>\n<\/div>\n\n\n\n<div class=\"tedee-tutorials\">\n\t<h2 >Tutorials<\/h2>\n\t\t\t<div class=\"tutorials-carousel owl-carousel owl-theme\">\n\t\t\t\t\t<div class=\"item\">\n\t\t\t\t<h3>Montage eines neuen Schlie\u00dfzylinders<\/h3>\n\t\t\t\t<div class=\"iframe-container\">\n\t\t\t\t\t<iframe loading=\"lazy\" width=\"560\" height=\"315\" src=\"https:\/\/www.youtube.com\/embed\/DGPWnoPCUgE\" title=\"Montage eines neuen Schlie\u00dfzylinders\" frameborder=\"0\" allow=\"accelerometer; autoplay; clipboard-write; encrypted-media; gyroscope; picture-in-picture\" allowfullscreen><\/iframe>\n\t\t\t\t<\/div>\n\t\t\t<\/div>\n\t\t\t\t\t<div class=\"item\">\n\t\t\t\t<h3>Montage eines tedee-T\u00fcrschlosses<\/h3>\n\t\t\t\t<div class=\"iframe-container\">\n\t\t\t\t\t<iframe loading=\"lazy\" width=\"560\" height=\"315\" src=\"https:\/\/www.youtube.com\/embed\/AAfmhcx3jvE\" title=\"Montage eines tedee-T\u00fcrschlosses\" frameborder=\"0\" allow=\"accelerometer; autoplay; clipboard-write; encrypted-media; gyroscope; picture-in-picture\" allowfullscreen><\/iframe>\n\t\t\t\t<\/div>\n\t\t\t<\/div>\n\t\t\t\t\t<div class=\"item\">\n\t\t\t\t<h3>Demontage des T\u00fcrbeschlages<\/h3>\n\t\t\t\t<div class=\"iframe-container\">\n\t\t\t\t\t<iframe loading=\"lazy\" width=\"560\" height=\"315\" src=\"https:\/\/www.youtube.com\/embed\/cqIsoxnURm8\" title=\"Demontage des T\u00fcrbeschlages\" frameborder=\"0\" allow=\"accelerometer; autoplay; clipboard-write; encrypted-media; gyroscope; picture-in-picture\" allowfullscreen><\/iframe>\n\t\t\t\t<\/div>\n\t\t\t<\/div>\n\t\t\t\t\t<div class=\"item\">\n\t\t\t\t<h3>Montage eines modularen Schlie\u00dfzylinders<\/h3>\n\t\t\t\t<div class=\"iframe-container\">\n\t\t\t\t\t<iframe loading=\"lazy\" width=\"560\" height=\"315\" src=\"https:\/\/www.youtube.com\/embed\/2_aYo5XWEnE\" title=\"Montage eines modularen Schlie\u00dfzylinders\" frameborder=\"0\" allow=\"accelerometer; autoplay; clipboard-write; encrypted-media; gyroscope; picture-in-picture\" allowfullscreen><\/iframe>\n\t\t\t\t<\/div>\n\t\t\t<\/div>\n\t\t\t\t\t<div class=\"item\">\n\t\t\t\t<h3>Demontage des T\u00fcrbeschlages und Schlie\u00dfzylinders<\/h3>\n\t\t\t\t<div class=\"iframe-container\">\n\t\t\t\t\t<iframe loading=\"lazy\" width=\"560\" height=\"315\" src=\"https:\/\/www.youtube.com\/embed\/E2R5N5Q97o4\" title=\"Demontage des T\u00fcrbeschlages und Schlie\u00dfzylinders\" frameborder=\"0\" allow=\"accelerometer; autoplay; clipboard-write; encrypted-media; gyroscope; picture-in-picture\" allowfullscreen><\/iframe>\n\t\t\t\t<\/div>\n\t\t\t<\/div>\n\t\t\t<\/div>\n\t\t\n<\/div>\n\n\n<div class=\"tedee \">\t<div class=\"img\" style=\"background-image: url('https:\/\/gerda.pl\/wp-content\/uploads\/2022\/01\/gerda_grafika-fon-ang-1.jpg');\"><\/div>\n\t<div class=\"desc\">\n\t\t<div class=\"description-container\">\n\t\t\t<h2>Transparente App<\/h2>\n\t\t\t<h3>Virtuelle Schl\u00fcssel in Ihrem Smartphone<br \/>\noder Ihrer Smartwatch<\/h3>\n<p>Sie brauchen keine herk\u00f6mmlichen Schl\u00fcssel mehr, die oft verloren gehen. Installieren Sie einfach unsere App auf Ihren Mobilger\u00e4ten, um T\u00fcren zu \u00f6ffnen und zu schlie\u00dfen.<\/p>\n<h3>Ber\u00fchrungsloses \u00d6ffnen und Schlie\u00dfen<\/h3>\n<p>Wenn Sie nach Hause kommen und die H\u00e4nde voller Eink\u00e4ufe haben, m\u00fcssen Sie nicht mehr nach Ihren Schl\u00fcsseln suchen. Stellen Sie einfach die automatische \u00d6ffnung auf Ihrem Smartphone ein und das T\u00fcrschloss \u00f6ffnet sich selbst, wenn Sie sich der T\u00fcr n\u00e4hern.<\/p>\n<h3>Schl\u00fcssel aus der Ferne teilen<\/h3>\n<p>Machen Sie sich keine Sorgen, wenn die G\u00e4ste vor Ihnen gekommen sind. \u00d6ffnen Sie T\u00fcren per Fernzugriff von jedem Ort der Welt aus und gew\u00e4hren Sie zeitweisen oder dauerhaften Zugang.<\/p>\n\t\t\t<div class=\"button-container\">\n\t\t\t\t\t\t\t\t\t\t\t<\/div>\n\t\t<\/div>\n\t<\/div>\n<\/div>\n\n\n<div class=\"tedee reversed\">\t<div class=\"img\" style=\"background-image: url('https:\/\/gerda.pl\/wp-content\/uploads\/2021\/11\/tedee-zlozenie-render-1-e-lock-c-842-copy@2x_0.jpeg');\"><\/div>\n\t<div class=\"desc\">\n\t\t<div class=\"description-container\">\n\t\t\t<h2>Drei Zugriffsebenen<\/h2>\n\t\t\t<h3>Eigent\u00fcmer<\/h3>\n<p>Der Eigent\u00fcmer hat vollen Zugriff auf alle Sperroptionen und verwaltet die Zugriffe aller Benutzer.<\/p>\n<h3>Administrator<\/h3>\n<p>Der Administrator hat ebenfalls vollen Zugriff auf alle Optionen, verwaltet aber nur den Zugang f\u00fcr G\u00e4ste.<\/p>\n<h3>Besucher<\/h3>\n<p>Der Besucher kann die T\u00fcr entsprechend dem gew\u00e4hrten Zugang \u00f6ffnen und schlie\u00dfen.<\/p>\n\t\t\t<div class=\"button-container\">\n\t\t\t\t\t\t\t\t\t\t\t<\/div>\n\t\t<\/div>\n\t<\/div>\n<\/div>\n\n\n<div class=\"tedee \">\t<div class=\"img\" style=\"background-image: url('https:\/\/gerda.pl\/wp-content\/uploads\/2021\/11\/tedee-zlozenie-render-1-e-lock-c-842-copy-2@2x_0.jpeg');\"><\/div>\n\t<div class=\"desc\">\n\t\t<div class=\"description-container\">\n\t\t\t<h2>Sicherheit und Effizienz<\/h2>\n\t\t\t<h3>Automatisches Schlie\u00dfen<\/h3>\n<p>Kein Zur\u00fcckgehen mehr, um die T\u00fcr zu schlie\u00dfen. Stellen Sie ein, dass die T\u00fcr automatisch verriegelt werden, wenn Sie das Haus verlassen, und tedee powered by GERDA erledigt das f\u00fcr Sie zur festgelegten Zeit.<\/p>\n<h3>Sechs Monate ohne Strom<\/h3>\n<p>Die von koreanischen Ingenieuren entwickelte Batterie ist ein fester Bestandteil des Schlosses und erm\u00f6glicht es, dass es 6 Monate lang ohne Aufladen funktioniert. Wenn die Batterie Strom braucht, sagt die App relativ fr\u00fch Bescheid und eine Nacht reicht aus, dass die Batterie die n\u00e4chste sechs Monate durchhaltet.<\/p>\n\t\t\t<div class=\"button-container\">\n\t\t\t\t\t\t\t\t\t\t\t<\/div>\n\t\t<\/div>\n\t<\/div>\n<\/div>\n\n\n\n\n<div class=\"tedee-application-desc\">\n\t<div class=\"container\">\n\t\t<div class=\"row\">\n\t\t\t<div class=\"col-12\">\n\t\t\t\t<h2>App f\u00fcr iOS und Android<\/h2>\n\t\t\t<\/div>\n\t\t<\/div>\n\t\t<div class=\"row\">\n\t\t\t\t\t\t\t<div class=\"col-12 col-md-6 application-desc\">\n\t\t\t\t\t<img decoding=\"async\" src=\"https:\/\/gerda.pl\/wp-content\/uploads\/2021\/11\/ico1.svg\" alt=\"Steuerung aus der Ferne\">\n\t\t\t\t\t<h3>Steuerung aus der Ferne<\/h3>\n\t\t\t\t\t<p>\u00d6ffnen und schlie\u00dfen. Gew\u00e4hren Sie Zugangsberechtigungen und f\u00fcgen Sie Benutzer von \u00fcberall auf der Welt hinzu. Egal wo Sie sich befinden, brauchen Sie nur einen Internetzugang, um das T\u00fcrschloss in Ihrer T\u00fcr zu steuern.<\/p>\n\t\t\t\t<\/div>\n\t\t\t\t\t\t\t<div class=\"col-12 col-md-6 application-desc\">\n\t\t\t\t\t<img decoding=\"async\" src=\"https:\/\/gerda.pl\/wp-content\/uploads\/2021\/11\/ico2.svg\" alt=\"Aktivit\u00e4tsprotokoll \">\n\t\t\t\t\t<h3>Aktivit\u00e4tsprotokoll <\/h3>\n\t\t\t\t\t<p>Sie k\u00f6nnen jederzeit \u00fcberpr\u00fcfen, wer das Geb\u00e4ude betreten und verlassen hat. Mit der App haben Sie die volle Kontrolle \u00fcber den Zugang zu Ihrem Haus und zu Ihrem Unternehmen.<\/p>\n\t\t\t\t<\/div>\n\t\t\t\t\t\t\t<div class=\"col-12 col-md-6 application-desc\">\n\t\t\t\t\t<img decoding=\"async\" src=\"https:\/\/gerda.pl\/wp-content\/uploads\/2021\/11\/ico3.svg\" alt=\"Benachrichtigungen\">\n\t\t\t\t\t<h3>Benachrichtigungen<\/h3>\n\t\t\t\t\t<p>Personalisieren Sie die App nach Ihren Bed\u00fcrfnissen und erhalten Sie nur die Informationen, die Sie interessieren.<\/p>\n\t\t\t\t<\/div>\n\t\t\t\t\t\t\t<div class=\"col-12 col-md-6 application-desc\">\n\t\t\t\t\t<img decoding=\"async\" src=\"https:\/\/gerda.pl\/wp-content\/uploads\/2021\/11\/ico4.svg\" alt=\"Mehrere T\u00fcrschl\u00f6sser - ein Schl\u00fcssel \">\n\t\t\t\t\t<h3>Mehrere T\u00fcrschl\u00f6sser &#8211; ein Schl\u00fcssel <\/h3>\n\t\t\t\t\t<p>Verwalten Sie mehrere T\u00fcrschl\u00f6sser, die sich an verschiedenen Orten befinden. Nutzen Sie die mobile App und verwandeln Sie Ihr Smartphone in einen GERDA-tedee-Universalschl\u00fcssel.<\/p>\n\t\t\t\t<\/div>\n\t\t\t\t\t<\/div>\n\t<\/div>\t\t\n<\/div>\n<div class=\"tedee-application-gallery\">\n\t<div class=\"container\">\n\t\t<div class=\"row\">\n\t\t\t\t\t<div class=\"col-12 col-md-4\">\n\t\t\t\t<img decoding=\"async\" src=\"https:\/\/gerda.pl\/wp-content\/uploads\/2021\/11\/group-2@2x.png\" alt=\"App f\u00fcr iOS und Android\">\n\t\t\t<\/div>\n\t\t\t\t\t\t<div class=\"col-12 col-md-4\">\n\t\t\t\t<img decoding=\"async\" src=\"https:\/\/gerda.pl\/wp-content\/uploads\/2021\/11\/group-2-copy@2x.png\" alt=\"App f\u00fcr iOS und Android\">\n\t\t\t<\/div>\n\t\t\t\t\t\t<div class=\"col-12 col-md-4\">\n\t\t\t\t<img decoding=\"async\" src=\"https:\/\/gerda.pl\/wp-content\/uploads\/2021\/11\/group-2-copy-2@2x.png\" alt=\"App f\u00fcr iOS und Android\">\n\t\t\t<\/div>\n\t\t\t\t\t<\/div>\n\t<\/div>\t\n<\/div>\n\n\n\n\n<div class=\"tedee-lock\">\n\t<div class=\"container\">\n\t\t<div class=\"row\">\n\t\t\t<div class=\"col-12\">\n\t\t\t\t<h2>Stilvoll, funktionell, sicher<\/h2>\n\t\t\t\t<h4>Das Aluminiumgeh\u00e4use und das innovative Design sorgen daf\u00fcr, dass es in jedes Interieur passt.<\/h4>\n\t\t\t<\/div>\n\t\t<\/div>\n\t\t<div class=\"row\">\n\t\t\t<div class=\"col-12\">\n\t\t\t\t\t\t\t\t<img decoding=\"async\" src=\"https:\/\/gerda.pl\/wp-content\/uploads\/2021\/11\/tedee-zlozenie-render-1-e-lock-c-842-copy-2@2x-scaled.jpeg\" alt=\"Stilvoll, funktionell, sicher\">\n\t\t\t\t\t\t\t<\/div>\n\t\t<\/div>\n\t\t<div class=\"row\">\n\t\t\t\t\t\t\t<div class=\"col-12 col-md-4\">\n\t\t\t\t\t<h3>GERDA patented drive<\/h3>\n\t\t\t\t\t<p>Das kleinste und st\u00e4rkste T\u00fcrschloss der Welt, entwickelt von GERDA-Ingenieuren. Im tedee-Set erhalten Sie auch einen Gerda-Schlie\u00dfzylinder in der sechsten Sicherheitsklasse.<\/p>\n\t\t\t\t<\/div>\n\t\t\t\t\t\t\t<div class=\"col-12 col-md-4\">\n\t\t\t\t\t<h3>256-Bit-Sicherheitsschl\u00fcssel<\/h3>\n\t\t\t\t\t<p>Alle Anwendungsdaten werden \u00fcber das sicherste TLS 1.3-Protokoll mit einem 256-Bit-Sicherheitsschl\u00fcssel verschl\u00fcsselt. Dasselbe Sicherheitssystem wird auch bei Zahlungen wie Apple Pay verwendet.<\/p>\n\t\t\t\t<\/div>\n\t\t\t\t\t\t\t<div class=\"col-12 col-md-4\">\n\t\t\t\t\t<h3>Einwandfreies Produkt<\/h3>\n\t\t\t\t\t<p>Eine intuitive App mit einer benutzerfreundlichen Schnittstelle wurde von den Internet-of-Things-Experten von tedee entwickelt.<\/p>\n\t\t\t\t<\/div>\n\t\t\t\t\t<\/div>\n\t<\/div>\t\t\n<\/div>\n\n\n\n<p><\/p>\n","protected":false},"excerpt":{"rendered":"","protected":false},"author":1,"featured_media":0,"parent":31216,"menu_order":0,"comment_status":"closed","ping_status":"closed","template":"page-tedee.php","meta":{"_acf_changed":false,"om_disable_all_campaigns":false,"inline_featured_image":false,"_monsterinsights_skip_tracking":false,"_monsterinsights_sitenote_active":false,"_monsterinsights_sitenote_note":"","_monsterinsights_sitenote_category":0,"footnotes":"","_links_to":"","_links_to_target":""},"class_list":["post-31897","page","type-page","status-publish","hentry"],"acf":[],"yoast_head":"<!-- This site is optimized with the Yoast SEO plugin v27.3 - https:\/\/yoast.com\/product\/yoast-seo-wordpress\/ -->\n<title>Wie es funktioniert - Gerda<\/title>\n<meta name=\"robots\" content=\"index, follow, max-snippet:-1, max-image-preview:large, max-video-preview:-1\" \/>\n<meta property=\"og:locale\" content=\"de_DE\" \/>\n<meta property=\"og:type\" content=\"article\" \/>\n<meta property=\"og:title\" content=\"Wie es funktioniert - Gerda\" \/>\n<meta property=\"og:url\" content=\"https:\/\/gerda.pl\/de\/tedee\/wie-funktioniert-das\/\" \/>\n<meta property=\"og:site_name\" content=\"Gerda\" \/>\n<meta property=\"article:publisher\" content=\"https:\/\/www.facebook.com\/gerda.zamki.drzwi.bramy\" \/>\n<meta property=\"article:modified_time\" content=\"2022-01-11T08:23:18+00:00\" \/>\n<meta name=\"twitter:card\" content=\"summary_large_image\" \/>\n<script type=\"application\/ld+json\" class=\"yoast-schema-graph\">{\"@context\":\"https:\\\/\\\/schema.org\",\"@graph\":[{\"@type\":\"WebPage\",\"@id\":\"https:\\\/\\\/gerda.pl\\\/de\\\/tedee\\\/wie-funktioniert-das\\\/\",\"url\":\"https:\\\/\\\/gerda.pl\\\/de\\\/tedee\\\/wie-funktioniert-das\\\/\",\"name\":\"Wie es funktioniert - Gerda\",\"isPartOf\":{\"@id\":\"https:\\\/\\\/gerda.pl\\\/de\\\/#website\"},\"datePublished\":\"2021-11-23T13:10:35+00:00\",\"dateModified\":\"2022-01-11T08:23:18+00:00\",\"breadcrumb\":{\"@id\":\"https:\\\/\\\/gerda.pl\\\/de\\\/tedee\\\/wie-funktioniert-das\\\/#breadcrumb\"},\"inLanguage\":\"de\",\"potentialAction\":[{\"@type\":\"ReadAction\",\"target\":[\"https:\\\/\\\/gerda.pl\\\/de\\\/tedee\\\/wie-funktioniert-das\\\/\"]}]},{\"@type\":\"BreadcrumbList\",\"@id\":\"https:\\\/\\\/gerda.pl\\\/de\\\/tedee\\\/wie-funktioniert-das\\\/#breadcrumb\",\"itemListElement\":[{\"@type\":\"ListItem\",\"position\":1,\"name\":\"Heim\",\"item\":\"https:\\\/\\\/gerda.pl\\\/de\\\/\"},{\"@type\":\"ListItem\",\"position\":2,\"name\":\"Tedee\",\"item\":\"https:\\\/\\\/gerda.pl\\\/de\\\/tedee\\\/\"},{\"@type\":\"ListItem\",\"position\":3,\"name\":\"Wie es funktioniert\"}]},{\"@type\":\"WebSite\",\"@id\":\"https:\\\/\\\/gerda.pl\\\/de\\\/#website\",\"url\":\"https:\\\/\\\/gerda.pl\\\/de\\\/\",\"name\":\"Gerda\",\"description\":\"Producent drzwi i zamk\u00f3w do drzwi\",\"publisher\":{\"@id\":\"https:\\\/\\\/gerda.pl\\\/de\\\/#organization\"},\"potentialAction\":[{\"@type\":\"SearchAction\",\"target\":{\"@type\":\"EntryPoint\",\"urlTemplate\":\"https:\\\/\\\/gerda.pl\\\/de\\\/?s={search_term_string}\"},\"query-input\":{\"@type\":\"PropertyValueSpecification\",\"valueRequired\":true,\"valueName\":\"search_term_string\"}}],\"inLanguage\":\"de\"},{\"@type\":\"Organization\",\"@id\":\"https:\\\/\\\/gerda.pl\\\/de\\\/#organization\",\"name\":\"Gerda\",\"url\":\"https:\\\/\\\/gerda.pl\\\/de\\\/\",\"logo\":{\"@type\":\"ImageObject\",\"inLanguage\":\"de\",\"@id\":\"https:\\\/\\\/gerda.pl\\\/de\\\/#\\\/schema\\\/logo\\\/image\\\/\",\"url\":\"https:\\\/\\\/gerda.pl\\\/wp-content\\\/uploads\\\/2025\\\/11\\\/Logo-Gerda_GLOBAL_rgb1-scaled.png\",\"contentUrl\":\"https:\\\/\\\/gerda.pl\\\/wp-content\\\/uploads\\\/2025\\\/11\\\/Logo-Gerda_GLOBAL_rgb1-scaled.png\",\"width\":2560,\"height\":699,\"caption\":\"Gerda\"},\"image\":{\"@id\":\"https:\\\/\\\/gerda.pl\\\/de\\\/#\\\/schema\\\/logo\\\/image\\\/\"},\"sameAs\":[\"https:\\\/\\\/www.facebook.com\\\/gerda.zamki.drzwi.bramy\"]}]}<\/script>\n<!-- \/ Yoast SEO plugin. -->","yoast_head_json":{"title":"Wie es funktioniert - Gerda","robots":{"index":"index","follow":"follow","max-snippet":"max-snippet:-1","max-image-preview":"max-image-preview:large","max-video-preview":"max-video-preview:-1"},"og_locale":"de_DE","og_type":"article","og_title":"Wie es funktioniert - Gerda","og_url":"https:\/\/gerda.pl\/de\/tedee\/wie-funktioniert-das\/","og_site_name":"Gerda","article_publisher":"https:\/\/www.facebook.com\/gerda.zamki.drzwi.bramy","article_modified_time":"2022-01-11T08:23:18+00:00","twitter_card":"summary_large_image","schema":{"@context":"https:\/\/schema.org","@graph":[{"@type":"WebPage","@id":"https:\/\/gerda.pl\/de\/tedee\/wie-funktioniert-das\/","url":"https:\/\/gerda.pl\/de\/tedee\/wie-funktioniert-das\/","name":"Wie es funktioniert - Gerda","isPartOf":{"@id":"https:\/\/gerda.pl\/de\/#website"},"datePublished":"2021-11-23T13:10:35+00:00","dateModified":"2022-01-11T08:23:18+00:00","breadcrumb":{"@id":"https:\/\/gerda.pl\/de\/tedee\/wie-funktioniert-das\/#breadcrumb"},"inLanguage":"de","potentialAction":[{"@type":"ReadAction","target":["https:\/\/gerda.pl\/de\/tedee\/wie-funktioniert-das\/"]}]},{"@type":"BreadcrumbList","@id":"https:\/\/gerda.pl\/de\/tedee\/wie-funktioniert-das\/#breadcrumb","itemListElement":[{"@type":"ListItem","position":1,"name":"Heim","item":"https:\/\/gerda.pl\/de\/"},{"@type":"ListItem","position":2,"name":"Tedee","item":"https:\/\/gerda.pl\/de\/tedee\/"},{"@type":"ListItem","position":3,"name":"Wie es funktioniert"}]},{"@type":"WebSite","@id":"https:\/\/gerda.pl\/de\/#website","url":"https:\/\/gerda.pl\/de\/","name":"Gerda","description":"Producent drzwi i zamk\u00f3w do drzwi","publisher":{"@id":"https:\/\/gerda.pl\/de\/#organization"},"potentialAction":[{"@type":"SearchAction","target":{"@type":"EntryPoint","urlTemplate":"https:\/\/gerda.pl\/de\/?s={search_term_string}"},"query-input":{"@type":"PropertyValueSpecification","valueRequired":true,"valueName":"search_term_string"}}],"inLanguage":"de"},{"@type":"Organization","@id":"https:\/\/gerda.pl\/de\/#organization","name":"Gerda","url":"https:\/\/gerda.pl\/de\/","logo":{"@type":"ImageObject","inLanguage":"de","@id":"https:\/\/gerda.pl\/de\/#\/schema\/logo\/image\/","url":"https:\/\/gerda.pl\/wp-content\/uploads\/2025\/11\/Logo-Gerda_GLOBAL_rgb1-scaled.png","contentUrl":"https:\/\/gerda.pl\/wp-content\/uploads\/2025\/11\/Logo-Gerda_GLOBAL_rgb1-scaled.png","width":2560,"height":699,"caption":"Gerda"},"image":{"@id":"https:\/\/gerda.pl\/de\/#\/schema\/logo\/image\/"},"sameAs":["https:\/\/www.facebook.com\/gerda.zamki.drzwi.bramy"]}]}},"_links":{"self":[{"href":"https:\/\/gerda.pl\/de\/wp-json\/wp\/v2\/pages\/31897","targetHints":{"allow":["GET"]}}],"collection":[{"href":"https:\/\/gerda.pl\/de\/wp-json\/wp\/v2\/pages"}],"about":[{"href":"https:\/\/gerda.pl\/de\/wp-json\/wp\/v2\/types\/page"}],"author":[{"embeddable":true,"href":"https:\/\/gerda.pl\/de\/wp-json\/wp\/v2\/users\/1"}],"replies":[{"embeddable":true,"href":"https:\/\/gerda.pl\/de\/wp-json\/wp\/v2\/comments?post=31897"}],"version-history":[{"count":5,"href":"https:\/\/gerda.pl\/de\/wp-json\/wp\/v2\/pages\/31897\/revisions"}],"predecessor-version":[{"id":32940,"href":"https:\/\/gerda.pl\/de\/wp-json\/wp\/v2\/pages\/31897\/revisions\/32940"}],"up":[{"embeddable":true,"href":"https:\/\/gerda.pl\/de\/wp-json\/wp\/v2\/pages\/31216"}],"wp:attachment":[{"href":"https:\/\/gerda.pl\/de\/wp-json\/wp\/v2\/media?parent=31897"}],"curies":[{"name":"wp","href":"https:\/\/api.w.org\/{rel}","templated":true}]}}