{"id":31908,"date":"2021-11-23T13:58:55","date_gmt":"2021-11-23T12:58:55","guid":{"rendered":"https:\/\/gerda.pl\/tedee\/bridge\/"},"modified":"2022-01-11T09:37:03","modified_gmt":"2022-01-11T08:37:03","slug":"tedee-kit-komponenten","status":"publish","type":"page","link":"https:\/\/gerda.pl\/de\/tedee\/tedee-kit-komponenten\/","title":{"rendered":"Elemente setzen tedee powered by Gerda"},"content":{"rendered":"\n<div style=\"height:100px\" aria-hidden=\"true\" class=\"wp-block-spacer\"><\/div>\n\n\n\n<h2 class=\"has-blue-color has-text-color wp-block-heading\">tedee powered by Gerda kit komponenten<\/h2>\n\n\n\n<div style=\"height:85px\" aria-hidden=\"true\" class=\"wp-block-spacer\"><\/div>\n\n\n\n<div class=\"wp-block-columns is-layout-flex wp-container-core-columns-is-layout-28f84493 wp-block-columns-is-layout-flex\">\n<div class=\"wp-block-column is-layout-flow wp-block-column-is-layout-flow\" style=\"flex-basis:66.66%\">\n<div class=\"wp-block-image\"><figure class=\"alignright size-large is-resized\"><img loading=\"lazy\" decoding=\"async\" src=\"https:\/\/gerda.pl\/wp-content\/uploads\/2021\/11\/tedee_ZLOZENIE_RENDER_1e_LOCK_a-1024x640.png\" alt=\"\" class=\"wp-image-30656\" width=\"768\" height=\"480\" srcset=\"https:\/\/gerda.pl\/wp-content\/uploads\/2021\/11\/tedee_ZLOZENIE_RENDER_1e_LOCK_a-1024x640.png 1024w, https:\/\/gerda.pl\/wp-content\/uploads\/2021\/11\/tedee_ZLOZENIE_RENDER_1e_LOCK_a-300x187.png 300w, https:\/\/gerda.pl\/wp-content\/uploads\/2021\/11\/tedee_ZLOZENIE_RENDER_1e_LOCK_a-768x480.png 768w, https:\/\/gerda.pl\/wp-content\/uploads\/2021\/11\/tedee_ZLOZENIE_RENDER_1e_LOCK_a-2048x1280.png 2048w\" sizes=\"auto, (max-width: 768px) 100vw, 768px\" \/><\/figure><\/div>\n<\/div>\n\n\n\n<div class=\"wp-block-column is-vertically-aligned-center is-layout-flow wp-block-column-is-layout-flow\" style=\"flex-basis:40%\">\n<p style=\"font-size:30px\"><strong>Smart lock tedee powered by GERDA<\/strong><\/p>\n\n\n\n<p>Das tedee powered by GERDA ist das Herzst\u00fcck des tedee-Sets von GERDA. Es erm\u00f6glicht Ihnen, die T\u00fcr zu Ihrem Haus, Ihrer Wohnung oder Ihrem Gesch\u00e4ft aus der Ferne zu \u00f6ffnen. Das von GERDA-Ingenieuren und IoT-Spezialisten entwickelte T\u00fcrschloss erm\u00f6glicht das \u00d6ffnen und Schlie\u00dfen von T\u00fcren mit einem mobilen Ger\u00e4t. Dies kann Ihr Smartphone, iOS- oder Android-Tablet sein. Die App funktioniert auch auf der Apple Watch.<\/p>\n\n\n\n<p>Eine spezielle Batterie sorgt daf\u00fcr, dass das T\u00fcrschloss 6 Monate lang funktioniert. Wenn es aufgeladen werden muss, informiert Sie die App rechtzeitig dar\u00fcber. Es dauert nur wenige Stunden, zum Beispiel \u00fcber Nacht, bis das Ger\u00e4t vollst\u00e4ndig aufgeladen ist. Dies reicht aus, um das Ger\u00e4t weitere sechs Monate in Betrieb zu halten.<\/p>\n<\/div>\n<\/div>\n\n\n\n<div class=\"wp-block-columns is-layout-flex wp-container-core-columns-is-layout-28f84493 wp-block-columns-is-layout-flex\">\n<div class=\"wp-block-column is-vertically-aligned-center is-layout-flow wp-block-column-is-layout-flow\" style=\"flex-basis:40%\">\n<p style=\"font-size:30px\"><strong>Bridge<\/strong><\/p>\n\n\n\n<p>WLAN-Router \/ Bluetooth, der erm\u00f6glicht es Ihnen, \u00fcber das Internet eine Fernverbindung herzustellen. Dank des Bridges k\u00f6nnen Sie das T\u00fcrschloss jederzeit von jedem Ort der Welt aus kontrollieren und das Aktivit\u00e4tsprotokoll einsehen. Bridge bietet Ihnen auch automatische Software-Updates.<\/p>\n<\/div>\n\n\n\n<div class=\"wp-block-column is-layout-flow wp-block-column-is-layout-flow\" style=\"flex-basis:66.66%\">\n<div class=\"wp-block-image\"><figure class=\"aligncenter size-large is-resized\"><img loading=\"lazy\" decoding=\"async\" src=\"https:\/\/gerda.pl\/wp-content\/uploads\/2021\/11\/tedee_ZLOZENIE_RENDER_1e-1-1024x640.png\" alt=\"\" class=\"wp-image-30669\" width=\"768\" height=\"480\" srcset=\"https:\/\/gerda.pl\/wp-content\/uploads\/2021\/11\/tedee_ZLOZENIE_RENDER_1e-1-1024x640.png 1024w, https:\/\/gerda.pl\/wp-content\/uploads\/2021\/11\/tedee_ZLOZENIE_RENDER_1e-1-300x187.png 300w, https:\/\/gerda.pl\/wp-content\/uploads\/2021\/11\/tedee_ZLOZENIE_RENDER_1e-1-768x480.png 768w, https:\/\/gerda.pl\/wp-content\/uploads\/2021\/11\/tedee_ZLOZENIE_RENDER_1e-1-2048x1280.png 2048w\" sizes=\"auto, (max-width: 768px) 100vw, 768px\" \/><\/figure><\/div>\n<\/div>\n<\/div>\n\n\n\n<div class=\"wp-block-columns is-layout-flex wp-container-core-columns-is-layout-28f84493 wp-block-columns-is-layout-flex\">\n<div class=\"wp-block-column is-layout-flow wp-block-column-is-layout-flow\" style=\"flex-basis:66.66%\">\n<div class=\"wp-block-image\"><figure class=\"aligncenter size-large is-resized\"><img loading=\"lazy\" decoding=\"async\" src=\"https:\/\/gerda.pl\/wp-content\/uploads\/2021\/11\/TEDEE_WKLADKI.822-1024x640.png\" alt=\"\" class=\"wp-image-30727\" width=\"512\" height=\"320\" srcset=\"https:\/\/gerda.pl\/wp-content\/uploads\/2021\/11\/TEDEE_WKLADKI.822-1024x640.png 1024w, https:\/\/gerda.pl\/wp-content\/uploads\/2021\/11\/TEDEE_WKLADKI.822-300x187.png 300w, https:\/\/gerda.pl\/wp-content\/uploads\/2021\/11\/TEDEE_WKLADKI.822-768x480.png 768w, https:\/\/gerda.pl\/wp-content\/uploads\/2021\/11\/TEDEE_WKLADKI.822-2048x1280.png 2048w\" sizes=\"auto, (max-width: 512px) 100vw, 512px\" \/><\/figure><\/div>\n<\/div>\n\n\n\n<div class=\"wp-block-column is-vertically-aligned-center is-layout-flow wp-block-column-is-layout-flow\" style=\"flex-basis:40%\">\n<p style=\"font-size:30px\"><strong>Schlie\u00dfzylinder<br><\/strong><\/p>\n\n\n\n<p>Der modulare Aufbau des Schlie\u00dfzylinders erm\u00f6glicht es Ihnen, ihn selbst in Ihrer T\u00fcr zu installieren. Das in Klasse 6 zugelassene Produkt gibt Ihnen das Gef\u00fchl von Sicherheit und Qualit\u00e4t, das seit \u00fcber 30 Jahren das Design der GERDA-Markent\u00fcrschl\u00f6sser bestimmt.<\/p>\n\n\n\n<p>Sie k\u00f6nnen das Schloss immer mit einem der drei im Set enthaltenen traditionellen Schl\u00fcssel \u00f6ffnen. Das Schl\u00fcsselprofil ist beim Patentamt eingetragen und kann nur \u00fcber <a href=\"http:\/\/www.igerda.pl\">igerda.pl<\/a> hergestellt werden<\/p>\n<\/div>\n<\/div>\n\n\n\n<div class=\"wp-block-columns is-layout-flex wp-container-core-columns-is-layout-28f84493 wp-block-columns-is-layout-flex\">\n<div class=\"wp-block-column is-vertically-aligned-center is-layout-flow wp-block-column-is-layout-flow\" style=\"flex-basis:40%\">\n<p style=\"font-size:30px\"><strong>Zubeh\u00f6r<br><\/strong><\/p>\n\n\n\n<p>\u0417\u0430\u043a\u0430\u0437\u0430\u043d\u043d\u044b\u0439 \u043a\u043e\u043c\u043f\u043b\u0435\u043a\u0442 tedee powered by Das bestellte tedee-Set powered by GERDA wird zusammen mit einem Zubeh\u00f6rset an die angegebene Adresse geschickt.<\/p>\n\n\n\n<p>Das Set enth\u00e4lt 3 Schl\u00fcssel f\u00fcr den Schlie\u00dfzylinder, 1 Micro-USB-Kabel mit magnetischer Spitze, damit Sie das T\u00fcrschloss w\u00e4hrend des Aufladens frei benutzen k\u00f6nnen, einen Schl\u00fcssel-Set zur Selbstmontage und ein Netzladeger\u00e4t.<\/p>\n<\/div>\n\n\n\n<div class=\"wp-block-column is-layout-flow wp-block-column-is-layout-flow\" style=\"flex-basis:66.66%\">\n<div class=\"wp-block-image\"><figure class=\"aligncenter size-full is-resized\"><img loading=\"lazy\" decoding=\"async\" src=\"https:\/\/gerda.pl\/wp-content\/uploads\/2021\/11\/Kabel_Ladowarka_900_x_700_px-3.jpg\" alt=\"\" class=\"wp-image-30683\" width=\"450\" height=\"350\" srcset=\"https:\/\/gerda.pl\/wp-content\/uploads\/2021\/11\/Kabel_Ladowarka_900_x_700_px-3.jpg 900w, https:\/\/gerda.pl\/wp-content\/uploads\/2021\/11\/Kabel_Ladowarka_900_x_700_px-3-300x233.jpg 300w, https:\/\/gerda.pl\/wp-content\/uploads\/2021\/11\/Kabel_Ladowarka_900_x_700_px-3-768x597.jpg 768w\" sizes=\"auto, (max-width: 450px) 100vw, 450px\" \/><\/figure><\/div>\n<\/div>\n<\/div>\n","protected":false},"excerpt":{"rendered":"<p>tedee powered by Gerda kit komponenten Smart lock tedee powered by GERDA Das tedee powered by GERDA ist das Herzst\u00fcck des tedee-Sets von GERDA. Es erm\u00f6glicht Ihnen, die T\u00fcr zu Ihrem Haus, Ihrer Wohnung oder Ihrem Gesch\u00e4ft aus der Ferne zu \u00f6ffnen. Das von GERDA-Ingenieuren und IoT-Spezialisten entwickelte T\u00fcrschloss erm\u00f6glicht das \u00d6ffnen und Schlie\u00dfen von [&hellip;]<\/p>\n","protected":false},"author":1,"featured_media":29986,"parent":31216,"menu_order":0,"comment_status":"closed","ping_status":"closed","template":"page-tedee-txt.php","meta":{"_acf_changed":false,"om_disable_all_campaigns":false,"inline_featured_image":false,"_monsterinsights_skip_tracking":false,"_monsterinsights_sitenote_active":false,"_monsterinsights_sitenote_note":"","_monsterinsights_sitenote_category":0,"footnotes":"","_links_to":"","_links_to_target":""},"class_list":["post-31908","page","type-page","status-publish","has-post-thumbnail","hentry"],"acf":[],"yoast_head":"<!-- This site is optimized with the Yoast SEO plugin v27.4 - https:\/\/yoast.com\/product\/yoast-seo-wordpress\/ -->\n<title>Elemente setzen tedee powered by Gerda - Gerda<\/title>\n<meta name=\"robots\" content=\"index, follow, max-snippet:-1, max-image-preview:large, max-video-preview:-1\" \/>\n<meta property=\"og:locale\" content=\"de_DE\" \/>\n<meta property=\"og:type\" content=\"article\" \/>\n<meta property=\"og:title\" content=\"Elemente setzen tedee powered by Gerda - Gerda\" \/>\n<meta property=\"og:description\" content=\"tedee powered by Gerda kit komponenten Smart lock tedee powered by GERDA Das tedee powered by GERDA ist das Herzst\u00fcck des tedee-Sets von GERDA. Es erm\u00f6glicht Ihnen, die T\u00fcr zu Ihrem Haus, Ihrer Wohnung oder Ihrem Gesch\u00e4ft aus der Ferne zu \u00f6ffnen. Das von GERDA-Ingenieuren und IoT-Spezialisten entwickelte T\u00fcrschloss erm\u00f6glicht das \u00d6ffnen und Schlie\u00dfen von [&hellip;]\" \/>\n<meta property=\"og:url\" content=\"https:\/\/gerda.pl\/de\/tedee\/tedee-kit-komponenten\/\" \/>\n<meta property=\"og:site_name\" content=\"Gerda\" \/>\n<meta property=\"article:publisher\" content=\"https:\/\/www.facebook.com\/gerda.zamki.drzwi.bramy\" \/>\n<meta property=\"article:modified_time\" content=\"2022-01-11T08:37:03+00:00\" \/>\n<meta property=\"og:image\" content=\"https:\/\/gerda.pl\/wp-content\/uploads\/2021\/11\/tedee.png\" \/>\n\t<meta property=\"og:image:width\" content=\"708\" \/>\n\t<meta property=\"og:image:height\" content=\"622\" \/>\n\t<meta property=\"og:image:type\" content=\"image\/png\" \/>\n<meta name=\"twitter:card\" content=\"summary_large_image\" \/>\n<meta name=\"twitter:label1\" content=\"Gesch\u00e4tzte Lesezeit\" \/>\n\t<meta name=\"twitter:data1\" content=\"3\u00a0Minuten\" \/>\n<script type=\"application\/ld+json\" class=\"yoast-schema-graph\">{\"@context\":\"https:\\\/\\\/schema.org\",\"@graph\":[{\"@type\":\"WebPage\",\"@id\":\"https:\\\/\\\/gerda.pl\\\/de\\\/tedee\\\/tedee-kit-komponenten\\\/\",\"url\":\"https:\\\/\\\/gerda.pl\\\/de\\\/tedee\\\/tedee-kit-komponenten\\\/\",\"name\":\"Elemente setzen tedee powered by Gerda - Gerda\",\"isPartOf\":{\"@id\":\"https:\\\/\\\/gerda.pl\\\/de\\\/#website\"},\"primaryImageOfPage\":{\"@id\":\"https:\\\/\\\/gerda.pl\\\/de\\\/tedee\\\/tedee-kit-komponenten\\\/#primaryimage\"},\"image\":{\"@id\":\"https:\\\/\\\/gerda.pl\\\/de\\\/tedee\\\/tedee-kit-komponenten\\\/#primaryimage\"},\"thumbnailUrl\":\"https:\\\/\\\/gerda.pl\\\/wp-content\\\/uploads\\\/2021\\\/11\\\/tedee.png\",\"datePublished\":\"2021-11-23T12:58:55+00:00\",\"dateModified\":\"2022-01-11T08:37:03+00:00\",\"breadcrumb\":{\"@id\":\"https:\\\/\\\/gerda.pl\\\/de\\\/tedee\\\/tedee-kit-komponenten\\\/#breadcrumb\"},\"inLanguage\":\"de\",\"potentialAction\":[{\"@type\":\"ReadAction\",\"target\":[\"https:\\\/\\\/gerda.pl\\\/de\\\/tedee\\\/tedee-kit-komponenten\\\/\"]}]},{\"@type\":\"ImageObject\",\"inLanguage\":\"de\",\"@id\":\"https:\\\/\\\/gerda.pl\\\/de\\\/tedee\\\/tedee-kit-komponenten\\\/#primaryimage\",\"url\":\"https:\\\/\\\/gerda.pl\\\/wp-content\\\/uploads\\\/2021\\\/11\\\/tedee.png\",\"contentUrl\":\"https:\\\/\\\/gerda.pl\\\/wp-content\\\/uploads\\\/2021\\\/11\\\/tedee.png\",\"width\":708,\"height\":622},{\"@type\":\"BreadcrumbList\",\"@id\":\"https:\\\/\\\/gerda.pl\\\/de\\\/tedee\\\/tedee-kit-komponenten\\\/#breadcrumb\",\"itemListElement\":[{\"@type\":\"ListItem\",\"position\":1,\"name\":\"Heim\",\"item\":\"https:\\\/\\\/gerda.pl\\\/de\\\/\"},{\"@type\":\"ListItem\",\"position\":2,\"name\":\"Tedee\",\"item\":\"https:\\\/\\\/gerda.pl\\\/de\\\/tedee\\\/\"},{\"@type\":\"ListItem\",\"position\":3,\"name\":\"Elemente setzen tedee powered by Gerda\"}]},{\"@type\":\"WebSite\",\"@id\":\"https:\\\/\\\/gerda.pl\\\/de\\\/#website\",\"url\":\"https:\\\/\\\/gerda.pl\\\/de\\\/\",\"name\":\"Gerda\",\"description\":\"Producent drzwi i zamk\u00f3w do drzwi\",\"publisher\":{\"@id\":\"https:\\\/\\\/gerda.pl\\\/de\\\/#organization\"},\"potentialAction\":[{\"@type\":\"SearchAction\",\"target\":{\"@type\":\"EntryPoint\",\"urlTemplate\":\"https:\\\/\\\/gerda.pl\\\/de\\\/?s={search_term_string}\"},\"query-input\":{\"@type\":\"PropertyValueSpecification\",\"valueRequired\":true,\"valueName\":\"search_term_string\"}}],\"inLanguage\":\"de\"},{\"@type\":\"Organization\",\"@id\":\"https:\\\/\\\/gerda.pl\\\/de\\\/#organization\",\"name\":\"Gerda\",\"url\":\"https:\\\/\\\/gerda.pl\\\/de\\\/\",\"logo\":{\"@type\":\"ImageObject\",\"inLanguage\":\"de\",\"@id\":\"https:\\\/\\\/gerda.pl\\\/de\\\/#\\\/schema\\\/logo\\\/image\\\/\",\"url\":\"https:\\\/\\\/gerda.pl\\\/wp-content\\\/uploads\\\/2025\\\/11\\\/Logo-Gerda_GLOBAL_rgb1-scaled.png\",\"contentUrl\":\"https:\\\/\\\/gerda.pl\\\/wp-content\\\/uploads\\\/2025\\\/11\\\/Logo-Gerda_GLOBAL_rgb1-scaled.png\",\"width\":2560,\"height\":699,\"caption\":\"Gerda\"},\"image\":{\"@id\":\"https:\\\/\\\/gerda.pl\\\/de\\\/#\\\/schema\\\/logo\\\/image\\\/\"},\"sameAs\":[\"https:\\\/\\\/www.facebook.com\\\/gerda.zamki.drzwi.bramy\"]}]}<\/script>\n<!-- \/ Yoast SEO plugin. -->","yoast_head_json":{"title":"Elemente setzen tedee powered by Gerda - Gerda","robots":{"index":"index","follow":"follow","max-snippet":"max-snippet:-1","max-image-preview":"max-image-preview:large","max-video-preview":"max-video-preview:-1"},"og_locale":"de_DE","og_type":"article","og_title":"Elemente setzen tedee powered by Gerda - Gerda","og_description":"tedee powered by Gerda kit komponenten Smart lock tedee powered by GERDA Das tedee powered by GERDA ist das Herzst\u00fcck des tedee-Sets von GERDA. Es erm\u00f6glicht Ihnen, die T\u00fcr zu Ihrem Haus, Ihrer Wohnung oder Ihrem Gesch\u00e4ft aus der Ferne zu \u00f6ffnen. Das von GERDA-Ingenieuren und IoT-Spezialisten entwickelte T\u00fcrschloss erm\u00f6glicht das \u00d6ffnen und Schlie\u00dfen von [&hellip;]","og_url":"https:\/\/gerda.pl\/de\/tedee\/tedee-kit-komponenten\/","og_site_name":"Gerda","article_publisher":"https:\/\/www.facebook.com\/gerda.zamki.drzwi.bramy","article_modified_time":"2022-01-11T08:37:03+00:00","og_image":[{"width":708,"height":622,"url":"https:\/\/gerda.pl\/wp-content\/uploads\/2021\/11\/tedee.png","type":"image\/png"}],"twitter_card":"summary_large_image","twitter_misc":{"Gesch\u00e4tzte Lesezeit":"3\u00a0Minuten"},"schema":{"@context":"https:\/\/schema.org","@graph":[{"@type":"WebPage","@id":"https:\/\/gerda.pl\/de\/tedee\/tedee-kit-komponenten\/","url":"https:\/\/gerda.pl\/de\/tedee\/tedee-kit-komponenten\/","name":"Elemente setzen tedee powered by Gerda - Gerda","isPartOf":{"@id":"https:\/\/gerda.pl\/de\/#website"},"primaryImageOfPage":{"@id":"https:\/\/gerda.pl\/de\/tedee\/tedee-kit-komponenten\/#primaryimage"},"image":{"@id":"https:\/\/gerda.pl\/de\/tedee\/tedee-kit-komponenten\/#primaryimage"},"thumbnailUrl":"https:\/\/gerda.pl\/wp-content\/uploads\/2021\/11\/tedee.png","datePublished":"2021-11-23T12:58:55+00:00","dateModified":"2022-01-11T08:37:03+00:00","breadcrumb":{"@id":"https:\/\/gerda.pl\/de\/tedee\/tedee-kit-komponenten\/#breadcrumb"},"inLanguage":"de","potentialAction":[{"@type":"ReadAction","target":["https:\/\/gerda.pl\/de\/tedee\/tedee-kit-komponenten\/"]}]},{"@type":"ImageObject","inLanguage":"de","@id":"https:\/\/gerda.pl\/de\/tedee\/tedee-kit-komponenten\/#primaryimage","url":"https:\/\/gerda.pl\/wp-content\/uploads\/2021\/11\/tedee.png","contentUrl":"https:\/\/gerda.pl\/wp-content\/uploads\/2021\/11\/tedee.png","width":708,"height":622},{"@type":"BreadcrumbList","@id":"https:\/\/gerda.pl\/de\/tedee\/tedee-kit-komponenten\/#breadcrumb","itemListElement":[{"@type":"ListItem","position":1,"name":"Heim","item":"https:\/\/gerda.pl\/de\/"},{"@type":"ListItem","position":2,"name":"Tedee","item":"https:\/\/gerda.pl\/de\/tedee\/"},{"@type":"ListItem","position":3,"name":"Elemente setzen tedee powered by Gerda"}]},{"@type":"WebSite","@id":"https:\/\/gerda.pl\/de\/#website","url":"https:\/\/gerda.pl\/de\/","name":"Gerda","description":"Producent drzwi i zamk\u00f3w do drzwi","publisher":{"@id":"https:\/\/gerda.pl\/de\/#organization"},"potentialAction":[{"@type":"SearchAction","target":{"@type":"EntryPoint","urlTemplate":"https:\/\/gerda.pl\/de\/?s={search_term_string}"},"query-input":{"@type":"PropertyValueSpecification","valueRequired":true,"valueName":"search_term_string"}}],"inLanguage":"de"},{"@type":"Organization","@id":"https:\/\/gerda.pl\/de\/#organization","name":"Gerda","url":"https:\/\/gerda.pl\/de\/","logo":{"@type":"ImageObject","inLanguage":"de","@id":"https:\/\/gerda.pl\/de\/#\/schema\/logo\/image\/","url":"https:\/\/gerda.pl\/wp-content\/uploads\/2025\/11\/Logo-Gerda_GLOBAL_rgb1-scaled.png","contentUrl":"https:\/\/gerda.pl\/wp-content\/uploads\/2025\/11\/Logo-Gerda_GLOBAL_rgb1-scaled.png","width":2560,"height":699,"caption":"Gerda"},"image":{"@id":"https:\/\/gerda.pl\/de\/#\/schema\/logo\/image\/"},"sameAs":["https:\/\/www.facebook.com\/gerda.zamki.drzwi.bramy"]}]}},"_links":{"self":[{"href":"https:\/\/gerda.pl\/de\/wp-json\/wp\/v2\/pages\/31908","targetHints":{"allow":["GET"]}}],"collection":[{"href":"https:\/\/gerda.pl\/de\/wp-json\/wp\/v2\/pages"}],"about":[{"href":"https:\/\/gerda.pl\/de\/wp-json\/wp\/v2\/types\/page"}],"author":[{"embeddable":true,"href":"https:\/\/gerda.pl\/de\/wp-json\/wp\/v2\/users\/1"}],"replies":[{"embeddable":true,"href":"https:\/\/gerda.pl\/de\/wp-json\/wp\/v2\/comments?post=31908"}],"version-history":[{"count":5,"href":"https:\/\/gerda.pl\/de\/wp-json\/wp\/v2\/pages\/31908\/revisions"}],"predecessor-version":[{"id":33081,"href":"https:\/\/gerda.pl\/de\/wp-json\/wp\/v2\/pages\/31908\/revisions\/33081"}],"up":[{"embeddable":true,"href":"https:\/\/gerda.pl\/de\/wp-json\/wp\/v2\/pages\/31216"}],"wp:featuredmedia":[{"embeddable":true,"href":"https:\/\/gerda.pl\/de\/wp-json\/wp\/v2\/media\/29986"}],"wp:attachment":[{"href":"https:\/\/gerda.pl\/de\/wp-json\/wp\/v2\/media?parent=31908"}],"curies":[{"name":"wp","href":"https:\/\/api.w.org\/{rel}","templated":true}]}}