{"id":31912,"date":"2021-11-23T13:56:57","date_gmt":"2021-11-23T12:56:57","guid":{"rendered":"https:\/\/gerda.pl\/tedee\/aplikacja\/"},"modified":"2022-01-11T09:36:32","modified_gmt":"2022-01-11T08:36:32","slug":"dedizierte-applikation","status":"publish","type":"page","link":"https:\/\/gerda.pl\/de\/tedee\/dedizierte-applikation\/","title":{"rendered":"App"},"content":{"rendered":"\n<div style=\"height:120px\" aria-hidden=\"true\" class=\"wp-block-spacer\"><\/div>\n\n\n\n<h2 class=\"has-blue-color has-text-color wp-block-heading\">Spezielle App f\u00fcr das T\u00fcrschloss von tedee powered by Gerda<\/h2>\n\n\n\n<p>Die st\u00e4ndige Hektik, \u00fcberschrittene Fristen und viel zu viele Dinge, die auf einmal erledigt werden m\u00fcssen. Und dann ist da noch dieser Gedanke&#8230; Ist die Eingangst\u00fcr zum Haus verschlossen worden? Dieses morgendliche Szenario ist wahrscheinlich jedem schon einmal passiert und hat zu unn\u00f6tiger Verwirrung und Verz\u00f6gerungen gef\u00fchrt oder sogar die Pl\u00e4ne f\u00fcr den Rest des Tages durcheinander gebracht. Zum Gl\u00fcck liegt die L\u00f6sung f\u00fcr diese Herausforderung buchst\u00e4blich in Ihren H\u00e4nden!<\/p>\n\n\n\n<h3 class=\"has-blue-color has-text-color wp-block-heading\">Laden Sie die spezielle tedee-App powered by Gerda herunter<\/h3>\n\n\n\n<p>Was w\u00e4re, wenn Sie Ihr T\u00fcrschloss von jedem Ort der Welt aus steuern k\u00f6nnten? Jetzt ist dies dank einer einzigartigen L\u00f6sung m\u00f6glich \u2013 dem tedee-Set powered by Gerda und der Internetverbindung dank des Bridge-Ger\u00e4ts. Im Produkt enthalten sind:<\/p>\n\n\n\n<ul class=\"wp-block-list\"><li>Ein intelligentes T\u00fcrschloss, das vollst\u00e4ndig von Ihrem Smartphone oder Ihrer Apple Watch \u00fcber eine mobile App gesteuert werden kann, die sowohl f\u00fcr <a href=\"https:\/\/play.google.com\/store\/apps\/details?id=tedee.mobile&amp;hl=pl\">Android<\/a> als auch f\u00fcr <a href=\"https:\/\/apps.apple.com\/us\/app\/tedee\/id1481874162?l=pl\">iOS<\/a> geeignet ist.<\/li><li>WiFi-Router \/ Bluetooth Bridge, der es erm\u00f6glicht, das T\u00fcrschloss mit dem Internet zu verbinden und somit von jedem Ort der Welt aus zu steuern.<\/li><li>Modularer GERDA-Schlie\u00dfzylinder, der es erm\u00f6glicht, das T\u00fcrschloss traditionell mit einem speziellen Schl\u00fcssel zu \u00f6ffnen.<\/li><\/ul>\n\n\n\n<p>Die T\u00fcrschloss-Steuerung \u00fcber eine App erm\u00f6glicht es Ihnen nicht nur schnell zu sehen, ob die Haust\u00fcr verschlossen ist, sondern erleichtert auch den Zugang zur Wohnung bei Abwesenheit der Haushaltsmitglieder. Der digitale Schl\u00fcssel kann z. B. mit Familienmitgliedern und Freunden geteilt werden und die M\u00f6glichkeit mehrere Szenarios zu verwenden erlaubt es, den Zugang zeitweise oder sogar zyklisch zu kontrollieren.<\/p>\n\n\n\n<p>Dar\u00fcber hinaus verf\u00fcgt die App \u00fcber drei Zugriffsebenen:<\/p>\n\n\n\n<ul class=\"wp-block-list\"><li><strong>Besitzer<\/strong> \u2013 erm\u00f6glicht den vollen Zugriff auf alle T\u00fcrschlossfunktionen und verwaltet die Zugriffsrechte aller Benutzer.<\/li><li><strong>Administrator<\/strong> \u2013 hat wie der Eigent\u00fcmer Zugriff auf alle Funktionen, kann aber nur den Zugang f\u00fcr G\u00e4ste verwalten.<\/li><li><strong>Gast<\/strong> \u2013 kann die T\u00fcr \u00f6ffnen und schlie\u00dfen, aber nur gem\u00e4\u00df dem ihm zugewiesenen Szenario, z. B. zyklisch zu einem bestimmten Datum.<\/li><\/ul>\n\n\n\n<h2 class=\"wp-block-heading\">Transparenz und Benutzerfreundlichkeit<\/h2>\n\n\n\n<p>Ein gro\u00dfer Vorteil der speziellen tedee-App powered by Gerda ist ihre einfache und intuitive Schnittstelle. Sowohl Kinder als auch \u00e4ltere Menschen k\u00f6nnen problemlos lernen, die verschiedenen Einrichtungen zu nutzen.<\/p>\n\n\n\n<p>Mit intelligenten T\u00fcrschl\u00f6ssern haben Sie die volle Kontrolle dar\u00fcber, wer das T\u00fcrschloss Ihrer T\u00fcr \u00f6ffnet und zu welchen Zeiten. Erhalten Sie Zugriff auf die Historie der T\u00fcr\u00f6ffnungs- und T\u00fcrschlie\u00dfvorg\u00e4nge. Vergewissern Sie sich, dass Ihr Kind bereits aus der Schule zur\u00fcckgekehrt ist und die G\u00e4ste die T\u00fcr abgeschlossen haben, nachdem sie die Wohnung verlassen haben. Verschaffen Sie sich die volle Kontrolle \u00fcber den Zugang zu Ihrem eigenen Haus.<\/p>\n\n\n\n<p>Au\u00dferdem k\u00f6nnen Sie bei Erkennung eines Ereignisses sofort \u00fcberpr\u00fcfen, ob das T\u00fcrschloss noch gesperrt ist. Bei Bedarf verriegelt das System die Wohnung wieder und ruft die Notrufnummer an, wenn zu diesem Zeitpunkt keine Freunde oder Familienangeh\u00f6rigen in die Wohnung gelassen wurden.<\/p>\n\n\n\n<p>Die von der tedee-App powered by Gerda angebotene L\u00f6sung erm\u00f6glicht es, unbegrenzte Zugangsszenarios zu erstellen oder eine Datenbank mit Benutzern aufzubauen, die mehr oder weniger Zugangsberechtigungen zum \u00d6ffnen des T\u00fcrschlosses haben. Au\u00dferdem k\u00f6nnen Sie damit alle T\u00fcrschl\u00f6sser in Ihrer Wohnung ohne zus\u00e4tzliche Module oder Zusatzanwendungen steuern. Setzen Sie auf die vollst\u00e4ndige Sicherheit Ihres Hauses oder Ihrer Wohnung mit dem innovativen tedee-T\u00fcrschloss powered by Gerda.<\/p>\n","protected":false},"excerpt":{"rendered":"<p>Spezielle App f\u00fcr das T\u00fcrschloss von tedee powered by Gerda Die st\u00e4ndige Hektik, \u00fcberschrittene Fristen und viel zu viele Dinge, die auf einmal erledigt werden m\u00fcssen. Und dann ist da noch dieser Gedanke&#8230; Ist die Eingangst\u00fcr zum Haus verschlossen worden? Dieses morgendliche Szenario ist wahrscheinlich jedem schon einmal passiert und hat zu unn\u00f6tiger Verwirrung und [&hellip;]<\/p>\n","protected":false},"author":1,"featured_media":0,"parent":31216,"menu_order":0,"comment_status":"closed","ping_status":"closed","template":"page-tedee-txt.php","meta":{"_acf_changed":false,"om_disable_all_campaigns":false,"inline_featured_image":false,"_monsterinsights_skip_tracking":false,"_monsterinsights_sitenote_active":false,"_monsterinsights_sitenote_note":"","_monsterinsights_sitenote_category":0,"footnotes":"","_links_to":"","_links_to_target":""},"class_list":["post-31912","page","type-page","status-publish","hentry"],"acf":[],"yoast_head":"<!-- This site is optimized with the Yoast SEO plugin v27.3 - https:\/\/yoast.com\/product\/yoast-seo-wordpress\/ -->\n<title>App - Gerda<\/title>\n<meta name=\"robots\" content=\"index, follow, max-snippet:-1, max-image-preview:large, max-video-preview:-1\" \/>\n<meta property=\"og:locale\" content=\"de_DE\" \/>\n<meta property=\"og:type\" content=\"article\" \/>\n<meta property=\"og:title\" content=\"App - Gerda\" \/>\n<meta property=\"og:description\" content=\"Spezielle App f\u00fcr das T\u00fcrschloss von tedee powered by Gerda Die st\u00e4ndige Hektik, \u00fcberschrittene Fristen und viel zu viele Dinge, die auf einmal erledigt werden m\u00fcssen. Und dann ist da noch dieser Gedanke&#8230; Ist die Eingangst\u00fcr zum Haus verschlossen worden? Dieses morgendliche Szenario ist wahrscheinlich jedem schon einmal passiert und hat zu unn\u00f6tiger Verwirrung und [&hellip;]\" \/>\n<meta property=\"og:url\" content=\"https:\/\/gerda.pl\/de\/tedee\/dedizierte-applikation\/\" \/>\n<meta property=\"og:site_name\" content=\"Gerda\" \/>\n<meta property=\"article:publisher\" content=\"https:\/\/www.facebook.com\/gerda.zamki.drzwi.bramy\" \/>\n<meta property=\"article:modified_time\" content=\"2022-01-11T08:36:32+00:00\" \/>\n<meta name=\"twitter:card\" content=\"summary_large_image\" \/>\n<meta name=\"twitter:label1\" content=\"Gesch\u00e4tzte Lesezeit\" \/>\n\t<meta name=\"twitter:data1\" content=\"3\u00a0Minuten\" \/>\n<script type=\"application\/ld+json\" class=\"yoast-schema-graph\">{\"@context\":\"https:\\\/\\\/schema.org\",\"@graph\":[{\"@type\":\"WebPage\",\"@id\":\"https:\\\/\\\/gerda.pl\\\/de\\\/tedee\\\/dedizierte-applikation\\\/\",\"url\":\"https:\\\/\\\/gerda.pl\\\/de\\\/tedee\\\/dedizierte-applikation\\\/\",\"name\":\"App - Gerda\",\"isPartOf\":{\"@id\":\"https:\\\/\\\/gerda.pl\\\/de\\\/#website\"},\"datePublished\":\"2021-11-23T12:56:57+00:00\",\"dateModified\":\"2022-01-11T08:36:32+00:00\",\"breadcrumb\":{\"@id\":\"https:\\\/\\\/gerda.pl\\\/de\\\/tedee\\\/dedizierte-applikation\\\/#breadcrumb\"},\"inLanguage\":\"de\",\"potentialAction\":[{\"@type\":\"ReadAction\",\"target\":[\"https:\\\/\\\/gerda.pl\\\/de\\\/tedee\\\/dedizierte-applikation\\\/\"]}]},{\"@type\":\"BreadcrumbList\",\"@id\":\"https:\\\/\\\/gerda.pl\\\/de\\\/tedee\\\/dedizierte-applikation\\\/#breadcrumb\",\"itemListElement\":[{\"@type\":\"ListItem\",\"position\":1,\"name\":\"Heim\",\"item\":\"https:\\\/\\\/gerda.pl\\\/de\\\/\"},{\"@type\":\"ListItem\",\"position\":2,\"name\":\"Tedee\",\"item\":\"https:\\\/\\\/gerda.pl\\\/de\\\/tedee\\\/\"},{\"@type\":\"ListItem\",\"position\":3,\"name\":\"App\"}]},{\"@type\":\"WebSite\",\"@id\":\"https:\\\/\\\/gerda.pl\\\/de\\\/#website\",\"url\":\"https:\\\/\\\/gerda.pl\\\/de\\\/\",\"name\":\"Gerda\",\"description\":\"Producent drzwi i zamk\u00f3w do drzwi\",\"publisher\":{\"@id\":\"https:\\\/\\\/gerda.pl\\\/de\\\/#organization\"},\"potentialAction\":[{\"@type\":\"SearchAction\",\"target\":{\"@type\":\"EntryPoint\",\"urlTemplate\":\"https:\\\/\\\/gerda.pl\\\/de\\\/?s={search_term_string}\"},\"query-input\":{\"@type\":\"PropertyValueSpecification\",\"valueRequired\":true,\"valueName\":\"search_term_string\"}}],\"inLanguage\":\"de\"},{\"@type\":\"Organization\",\"@id\":\"https:\\\/\\\/gerda.pl\\\/de\\\/#organization\",\"name\":\"Gerda\",\"url\":\"https:\\\/\\\/gerda.pl\\\/de\\\/\",\"logo\":{\"@type\":\"ImageObject\",\"inLanguage\":\"de\",\"@id\":\"https:\\\/\\\/gerda.pl\\\/de\\\/#\\\/schema\\\/logo\\\/image\\\/\",\"url\":\"https:\\\/\\\/gerda.pl\\\/wp-content\\\/uploads\\\/2025\\\/11\\\/Logo-Gerda_GLOBAL_rgb1-scaled.png\",\"contentUrl\":\"https:\\\/\\\/gerda.pl\\\/wp-content\\\/uploads\\\/2025\\\/11\\\/Logo-Gerda_GLOBAL_rgb1-scaled.png\",\"width\":2560,\"height\":699,\"caption\":\"Gerda\"},\"image\":{\"@id\":\"https:\\\/\\\/gerda.pl\\\/de\\\/#\\\/schema\\\/logo\\\/image\\\/\"},\"sameAs\":[\"https:\\\/\\\/www.facebook.com\\\/gerda.zamki.drzwi.bramy\"]}]}<\/script>\n<!-- \/ Yoast SEO plugin. -->","yoast_head_json":{"title":"App - Gerda","robots":{"index":"index","follow":"follow","max-snippet":"max-snippet:-1","max-image-preview":"max-image-preview:large","max-video-preview":"max-video-preview:-1"},"og_locale":"de_DE","og_type":"article","og_title":"App - Gerda","og_description":"Spezielle App f\u00fcr das T\u00fcrschloss von tedee powered by Gerda Die st\u00e4ndige Hektik, \u00fcberschrittene Fristen und viel zu viele Dinge, die auf einmal erledigt werden m\u00fcssen. Und dann ist da noch dieser Gedanke&#8230; Ist die Eingangst\u00fcr zum Haus verschlossen worden? Dieses morgendliche Szenario ist wahrscheinlich jedem schon einmal passiert und hat zu unn\u00f6tiger Verwirrung und [&hellip;]","og_url":"https:\/\/gerda.pl\/de\/tedee\/dedizierte-applikation\/","og_site_name":"Gerda","article_publisher":"https:\/\/www.facebook.com\/gerda.zamki.drzwi.bramy","article_modified_time":"2022-01-11T08:36:32+00:00","twitter_card":"summary_large_image","twitter_misc":{"Gesch\u00e4tzte Lesezeit":"3\u00a0Minuten"},"schema":{"@context":"https:\/\/schema.org","@graph":[{"@type":"WebPage","@id":"https:\/\/gerda.pl\/de\/tedee\/dedizierte-applikation\/","url":"https:\/\/gerda.pl\/de\/tedee\/dedizierte-applikation\/","name":"App - Gerda","isPartOf":{"@id":"https:\/\/gerda.pl\/de\/#website"},"datePublished":"2021-11-23T12:56:57+00:00","dateModified":"2022-01-11T08:36:32+00:00","breadcrumb":{"@id":"https:\/\/gerda.pl\/de\/tedee\/dedizierte-applikation\/#breadcrumb"},"inLanguage":"de","potentialAction":[{"@type":"ReadAction","target":["https:\/\/gerda.pl\/de\/tedee\/dedizierte-applikation\/"]}]},{"@type":"BreadcrumbList","@id":"https:\/\/gerda.pl\/de\/tedee\/dedizierte-applikation\/#breadcrumb","itemListElement":[{"@type":"ListItem","position":1,"name":"Heim","item":"https:\/\/gerda.pl\/de\/"},{"@type":"ListItem","position":2,"name":"Tedee","item":"https:\/\/gerda.pl\/de\/tedee\/"},{"@type":"ListItem","position":3,"name":"App"}]},{"@type":"WebSite","@id":"https:\/\/gerda.pl\/de\/#website","url":"https:\/\/gerda.pl\/de\/","name":"Gerda","description":"Producent drzwi i zamk\u00f3w do drzwi","publisher":{"@id":"https:\/\/gerda.pl\/de\/#organization"},"potentialAction":[{"@type":"SearchAction","target":{"@type":"EntryPoint","urlTemplate":"https:\/\/gerda.pl\/de\/?s={search_term_string}"},"query-input":{"@type":"PropertyValueSpecification","valueRequired":true,"valueName":"search_term_string"}}],"inLanguage":"de"},{"@type":"Organization","@id":"https:\/\/gerda.pl\/de\/#organization","name":"Gerda","url":"https:\/\/gerda.pl\/de\/","logo":{"@type":"ImageObject","inLanguage":"de","@id":"https:\/\/gerda.pl\/de\/#\/schema\/logo\/image\/","url":"https:\/\/gerda.pl\/wp-content\/uploads\/2025\/11\/Logo-Gerda_GLOBAL_rgb1-scaled.png","contentUrl":"https:\/\/gerda.pl\/wp-content\/uploads\/2025\/11\/Logo-Gerda_GLOBAL_rgb1-scaled.png","width":2560,"height":699,"caption":"Gerda"},"image":{"@id":"https:\/\/gerda.pl\/de\/#\/schema\/logo\/image\/"},"sameAs":["https:\/\/www.facebook.com\/gerda.zamki.drzwi.bramy"]}]}},"_links":{"self":[{"href":"https:\/\/gerda.pl\/de\/wp-json\/wp\/v2\/pages\/31912","targetHints":{"allow":["GET"]}}],"collection":[{"href":"https:\/\/gerda.pl\/de\/wp-json\/wp\/v2\/pages"}],"about":[{"href":"https:\/\/gerda.pl\/de\/wp-json\/wp\/v2\/types\/page"}],"author":[{"embeddable":true,"href":"https:\/\/gerda.pl\/de\/wp-json\/wp\/v2\/users\/1"}],"replies":[{"embeddable":true,"href":"https:\/\/gerda.pl\/de\/wp-json\/wp\/v2\/comments?post=31912"}],"version-history":[{"count":3,"href":"https:\/\/gerda.pl\/de\/wp-json\/wp\/v2\/pages\/31912\/revisions"}],"predecessor-version":[{"id":33083,"href":"https:\/\/gerda.pl\/de\/wp-json\/wp\/v2\/pages\/31912\/revisions\/33083"}],"up":[{"embeddable":true,"href":"https:\/\/gerda.pl\/de\/wp-json\/wp\/v2\/pages\/31216"}],"wp:attachment":[{"href":"https:\/\/gerda.pl\/de\/wp-json\/wp\/v2\/media?parent=31912"}],"curies":[{"name":"wp","href":"https:\/\/api.w.org\/{rel}","templated":true}]}}