{"id":33037,"date":"2021-11-23T14:06:58","date_gmt":"2021-11-23T13:06:58","guid":{"rendered":"https:\/\/gerda.pl\/tedee\/gwarancja\/"},"modified":"2022-01-12T08:47:07","modified_gmt":"2022-01-12T07:47:07","slug":"garantie","status":"publish","type":"page","link":"https:\/\/gerda.pl\/de\/tedee\/garantie\/","title":{"rendered":"Garantie"},"content":{"rendered":"\n<h3 class=\"wp-block-heading\">Garantiekarte<\/h3>\n\n\n\n<p>TEDEE SP\u00d3\u0141KA Z OGRANICZON\u0104 ODPOWIEDZIALNO\u015aCI\u0104<br>Korrespondenzadresse: ul. Altowa 2, 02-386 Warszawa<br>telefon: (+48) 884 088 011<br>E-Mail-Adresse:\u00a0<a href=\"mailto:support@tedee.com\">support@tedee.com<\/a><br><br>gew\u00e4hrt dem Antragsteller hiermit eine Garantie f\u00fcr das Produkt, dem dieser Garantieschein beigef\u00fcgt ist.<\/p>\n\n\n\n<h4 class=\"wp-block-heading\">Gegenstand, Dauer und Umfang der Garantie<\/h4>\n\n\n\n<h5 class=\"wp-block-heading\">1. Gegenstand der Garantie<\/h5>\n\n\n\n<p>Die Garantie bezieht sich nur auf die mechanische Haltbarkeit und die Aufrechterhaltung der funktionellen Eigenschaften des Produkts. Die mobile App und die Batterie sind nicht durch die Garantie abgedeckt. Die Garantie beschr\u00e4nkt sich auf M\u00e4ngel am Produkt, die auf eine unsachgem\u00e4\u00dfe Herstellung oder M\u00e4ngel an den bei der Herstellung verwendeten Materialien zur\u00fcckzuf\u00fchren sind, vorbehaltlich der in der Garantiekarte beschriebenen Bedingungen.<\/p>\n\n\n\n<h5 class=\"wp-block-heading\">2. Garantiezeit<\/h5>\n\n\n\n<p>Die Garantie wird f\u00fcr einen Zeitraum von 24 Monaten ab dem Datum der Lieferung des Produkts an den Beg\u00fcnstigten gew\u00e4hrt.<\/p>\n\n\n\n<h5 class=\"wp-block-heading\">3. Ausschl\u00fcsse<\/h5>\n\n\n\n<p>Die Garantie erstreckt sich nicht auf M\u00e4ngel oder Sch\u00e4den am Produkt:<\/p>\n\n\n\n<ul class=\"wp-block-list\"><li>die zum Zeitpunkt der Annahme bekannt gegeben wurden und gegen die der Beg\u00fcnstigte nicht vertragsgem\u00e4\u00df Einspruch erhoben hat,<\/li><li>die durch unsachgem\u00e4\u00dfen Gebrauch, Betrieb oder Wartung des Produkts verursacht wurden, insbesondere durch Nichtbeachtung der Gebrauchs- und Montageanleitung des Produkts,<\/li><li>die im Zusammenhang mit unsachgem\u00e4\u00dfer Bef\u00f6rderung, Lagerung, Behandlung oder Montage durch den Beg\u00fcnstigten oder einen Dritten entstanden haben,<\/li><li>geringf\u00fcgige Sch\u00e4den, einschlie\u00dflich Kratzer und Dellen, die f\u00fcr das ordnungsgem\u00e4\u00dfe Funktionieren des Produkts unerheblich sind,<\/li><li>f\u00fcr Bauteile, die sich mit der Zeit abnutzen, wie z. B. Schutzbeschichtungen, es sei denn, der Schaden wurde unmittelbar durch Material- oder Verarbeitungsfehler verursacht,<\/li><li>die nach der Abnahme auftreten und physische M\u00e4ngel sind, einschlie\u00dflich Risse, Verformungen, Kratzer und durch sie verursachte M\u00e4ngel,<\/li><li>die auf Ursachen zur\u00fcckzuf\u00fchren sind, die sich der Kontrolle des Unternehmens entziehen.<\/li><\/ul>\n\n\n\n<h5 class=\"wp-block-heading\">4. Verwirkung der Garantie<\/h5>\n\n\n\n<p>Ungeachtet der vorstehenden Ausschl\u00fcsse erlischt die Garantie und der Beg\u00fcnstigte verliert alle sich daraus ergebenden Rechte automatisch, wenn einer der folgenden Umst\u00e4nde eintritt:<\/p>\n\n\n\n<ul class=\"wp-block-list\"><li>\u00c4nderungen am Produkt oder Reparaturen unter Verwendung von nicht durch das Unternehmen genehmigten Komponenten oder Teilen an Dritte vorzunehmen,<\/li><li>Wartungsarbeiten, die von Personen durchgef\u00fchrt werden, die keine Vertreter des Unternehmens sind,<\/li><li>\u00c4nderungen (schriftliche oder anderweitige) am Produkt von dem Beg\u00fcnstigten oder der Dritten ohne die Zustimmung des Unternehmens,<\/li><li>jede andere Verletzung der in der Garantiekarte beschriebenen Bedingungen durch die bevollm\u00e4chtigte Person, einschlie\u00dflich des Vers\u00e4umnisses, eine Forderung gem\u00e4\u00df den nachstehenden Regeln einzureichen,<\/li><li>Weiterverkauf (sonstige \u00dcbertragung von Rechten) des Produkts durch den Beg\u00fcnstigten an eine andere Einrichtung.<\/li><\/ul>\n\n\n\n<h5 class=\"wp-block-heading\">5. Geltungsbereich der Garantie<\/h5>\n\n\n\n<p>Der Beg\u00fcnstigte kann seine Rechte aus der Garantie uneingeschr\u00e4nkt und unentgeltlich auf dem Gebiet der Republik Polen und des Europ\u00e4ischen Wirtschaftsraums aus\u00fcben. Der einzige Anspruchsberechtigte aus der Garantie ist der Beg\u00fcnstigte, und die M\u00f6glichkeit einer Abtretung der Rechte und Pflichten der autorisierten Person aus der Garantie ist ausgeschlossen.<\/p>\n\n\n\n<h4 class=\"wp-block-heading\">Pflichten und Befugnisse der Parteien<\/h4>\n\n\n\n<h5 class=\"wp-block-heading\">6. Garantieleistungen<\/h5>\n\n\n\n<p>Im Falle eines Defekts am Produkt, der unter die Garantie f\u00e4llt, hat der Beg\u00fcnstigte das Recht:<\/p>\n\n\n\n<ul class=\"wp-block-list\"><li>zu verlangen, dass das Produkt repariert wird, oder, wenn das Produkt bereits zweimal repariert wurde, zu verlangen, dass das Produkt durch ein neues, fehlerfreies Produkt ersetzt wird, wobei das Unternehmen nach eigenem Ermessen das fehlerhafte Produkt ersetzen kann, wenn die Reparatur mit \u00fcberm\u00e4\u00dfigen Kosten verbunden w\u00e4re, oder<\/li><li>von der Gesellschaft die Erstattung des gezahlten Preises zu verlangen, wenn das Produkt nicht ersetzt oder repariert werden kann.<\/li><\/ul>\n\n\n\n<h5 class=\"wp-block-heading\">7. Pflichten des Beg\u00fcnstigten<\/h5>\n\n\n\n<p>Im Falle der Feststellung eines Mangels an dem von der Garantie abgedeckten Produkt ist der Beg\u00fcnstigte verpflichtet:<\/p>\n\n\n\n<ul class=\"wp-block-list\"><li>unverz\u00fcglich, sp\u00e4testens jedoch innerhalb von 7 Tagen nach Feststellung des Mangels, eine Reklamation gem\u00e4\u00df Artikel 8 unten zu reichen;<\/li><li>alle m\u00f6glichen Ma\u00dfnahmen zu ergreifen, um eine Ausweitung des Schadens zu verhindern.<\/li><\/ul>\n\n\n\n<h5 class=\"wp-block-heading\">8. Reklamationen<\/h5>\n\n\n\n<p>Der Beg\u00fcnstigte reicht per E-Mail oder Telefon eine Reklamation bei dem Unternehmen ein (unter den zu Beginn angegebenen Daten oder anderen aktuellen Daten, die das Unternehmen des Beg\u00fcnstigten mitgeteilt hat). Um vollst\u00e4ndig zu sein, sollte die Reklamation Folgendes enthalten:<\/p>\n\n\n\n<ul class=\"wp-block-list\"><li>Datum und Auftragsnummer,<\/li><li>ein geeignetes Buchhaltungsdokument, z. B. eine Rechnung oder eine Mehrwertsteuerrechnung (Original, Kopie oder Scan),<\/li><li>Beschreibung des Mangels und<\/li><li>einen Hinweis auf die vom Beg\u00fcnstigten bevorzugte Garantieleistung. Das Unternehmen best\u00e4tigt den Eingang der Reklamation, indem es eine Fallnummer vergibt und sie per E-Mail an die von dem Beg\u00fcnstigten angegebene E-Mail-Adresse schickt.<\/li><\/ul>\n\n\n\n<h5 class=\"wp-block-heading\">9. Verfahren<\/h5>\n\n\n\n<p>Innerhalb von 30 Tagen nach Erhalt einer vollst\u00e4ndigen Reklamation wird das Unternehmen:<\/p>\n\n\n\n<ul class=\"wp-block-list\"><li>die Garantieleistung nach Wahl des Beg\u00fcnstigten erbringen; oder<\/li><li>wird die Garantieleistung nach seiner Wahl erbringen, wenn die Benennung des Beg\u00fcnstigten (i) unm\u00f6glich oder unangemessen teuer w\u00e4re oder (ii) der Beg\u00fcnstigte keinen Anspruch darauf im Rahmen der Garantie h\u00e4tte;<\/li><li>informiert den Beg\u00fcnstigten \u00fcber die \u00c4nderung der Frist f\u00fcr die Bearbeitung der Reklamation\/Erf\u00fcllung der Garantieleistungen, wenn der Umfang der M\u00e4ngel eine rechtzeitige Beseitigung unm\u00f6glich macht;<\/li><li>informiert den Beg\u00fcnstigten \u00fcber den negativen Ausgang des Antrags und die Gr\u00fcnde f\u00fcr die Ablehnung der Garantie.<\/li><\/ul>\n\n\n\n<h4 class=\"wp-block-heading\">Schlussbestimmungen<\/h4>\n\n\n\n<h5 class=\"wp-block-heading\">10. Haftungsausschluss<\/h5>\n\n\n\n<p>Die Garantie umfasst weder die Haftung des Unternehmens f\u00fcr die \u00dcbereinstimmung des Produkts mit den \u00f6rtlichen Gesetzen, Richtlinien und Unterlagen noch f\u00fcr die korrekte Anwendung des Produkts oder die Eignung f\u00fcr den beabsichtigten Zweck des Beg\u00fcnstigten. Das Unternehmen haftet nicht f\u00fcr Verlust, Besch\u00e4digung oder Zerst\u00f6rung des Produkts, die auf andere Ursachen als die von der Garantie abgedeckten zur\u00fcckzuf\u00fchren sind, es sei denn, zwingende gesetzliche Bestimmungen sehen ausdr\u00fccklich etwas anderes vor. Soweit gesetzlich zul\u00e4ssig, wird die Haftung des Unternehmens im Rahmen der Gew\u00e4hrleistung ausgeschlossen. Die Garantie schlie\u00dft die Haftung des Unternehmens nach zwingenden gesetzlichen Bestimmungen, insbesondere zum Schutz der Verbraucherrechte, nicht aus.<\/p>\n\n\n\n<h5 class=\"wp-block-heading\">11. Anwendbares Recht<\/h5>\n\n\n\n<p>Die Garantie unterliegt polnischem Recht, sofern nicht zwingende gesetzliche Bestimmungen etwas anderes vorschreiben (insbesondere in Bezug auf Beg\u00fcnstigte, die Verbraucher sind).<\/p>\n\n\n\n<h5 class=\"wp-block-heading\">12. Individuelle \u00c4nderungen der Garantie<\/h5>\n\n\n\n<p>Alle individuellen \u00c4nderungen der Garantiebedingungen, die zwischen dem Beg\u00fcnstigten und dem Unternehmen vereinbart werden, bed\u00fcrfen zu ihrer G\u00fcltigkeit der Schriftform.<\/p>\n\n\n\n<h5 class=\"wp-block-heading\">13. \u00c4nderung der Garantiebedingungen<\/h5>\n\n\n\n<p>Das Unternehmen beh\u00e4lt sich das Recht vor, die Garantiebedingungen und den Inhalt der Garantiekarte jederzeit und ohne besonderes Verfahren zu \u00e4ndern, vorausgesetzt, dass die zum Zeitpunkt des Kaufs durch den Beg\u00fcnstigten geltenden Garantiebedingungen f\u00fcr die Produkte gelten.<\/p>\n\n\n\n<h5 class=\"wp-block-heading\">14. Anwendbarkeit<\/h5>\n\n\n\n<p>Diese Version des Garantiescheins ist ab dem 20. Mai 2020 g\u00fcltig.<\/p>\n\n\n\n<h3 class=\"wp-block-heading\">Definitionen<\/h3>\n\n\n\n<h5 class=\"wp-block-heading\">Garantie<\/h5>\n\n\n\n<p>Das Unternehmen ist verpflichtet, den Beg\u00fcnstigten eine Garantieleistung aufgrund eines Mangels des Produkts in dem Umfang und unter den Bedingungen zu gew\u00e4hren, die in der Garantiekarte angegeben sind.<\/p>\n\n\n\n<h5 class=\"wp-block-heading\">Garantiekarte<\/h5>\n\n\n\n<p>Dieses Dokument, in dem die Bedingungen f\u00fcr die Garantieleistungen des Unternehmens an den Beg\u00fcnstigten festgelegt sind.<\/p>\n\n\n\n<h5 class=\"wp-block-heading\">Produkt<\/h5>\n\n\n\n<p>Ein vom Unternehmen hergestelltes T\u00fcrschloss, das f\u00fcr den Einbau vorbereitet ist.<\/p>\n\n\n\n<h5 class=\"wp-block-heading\">Reklamationen<\/h5>\n\n\n\n<p>Eine von dem Beg\u00fcnstigten an das Unternehmen gesendete Reklamation, in der ein Produktfehler gemeldet wird und die mindestens die unter Punkt 8 beschriebene Umst\u00e4nde und Daten enth\u00e4lt.<\/p>\n\n\n\n<h5 class=\"wp-block-heading\">Unternehmen<\/h5>\n\n\n\n<p>Das Unternehmen Tedee sp\u00f3\u0142ka z ograniczon\u0105 odpowiedzialno\u015bci\u0105 (Gesellschaft mit Beschr\u00e4nkter Haftung) mit Sitz in Warschau in der ul. Altowa 2, 02-386 Warschau, eingetragen im Unternehmerregister des Nationalen Gerichtsregisters unter der Nummer KRS 0000712451, dessen Registerakten beim Bezirksgericht (S\u0105d Rejonowy) f\u00fcr die Hauptstadt Warschau gef\u00fchrt werden, XII. Handelsabteilung des Landesgerichtsregisters, NIP 7010795542, REGON 369188621, mit einem Stammkapital von 2.400.000 PLN eingetragen.<\/p>\n\n\n\n<h5 class=\"wp-block-heading\">Beg\u00fcnstigte<\/h5>\n\n\n\n<p>Die Person, die als K\u00e4ufer einen Kaufvertrag \u00fcber das Produkt mit dem Unternehmen abgeschlossen hat.<\/p>\n\n\n\n<h5 class=\"wp-block-heading\">Mangel<\/h5>\n\n\n\n<p>Ein Sachmangel im Sinne von Artikel 556 \u00a7 1 des polnischen B\u00fcrgerlichen Gesetzbuchs.<\/p>\n\n\n\n<div style=\"height:50px\" aria-hidden=\"true\" class=\"wp-block-spacer\"><\/div>\n","protected":false},"excerpt":{"rendered":"<p>Garantiekarte TEDEE SP\u00d3\u0141KA Z OGRANICZON\u0104 ODPOWIEDZIALNO\u015aCI\u0104Korrespondenzadresse: ul. Altowa 2, 02-386 Warszawatelefon: (+48) 884 088 011E-Mail-Adresse:\u00a0support@tedee.com gew\u00e4hrt dem Antragsteller hiermit eine Garantie f\u00fcr das Produkt, dem dieser Garantieschein beigef\u00fcgt ist. Gegenstand, Dauer und Umfang der Garantie 1. Gegenstand der Garantie Die Garantie bezieht sich nur auf die mechanische Haltbarkeit und die Aufrechterhaltung der funktionellen Eigenschaften des [&hellip;]<\/p>\n","protected":false},"author":1,"featured_media":0,"parent":31216,"menu_order":0,"comment_status":"closed","ping_status":"closed","template":"page-tedee-txt.php","meta":{"_acf_changed":false,"om_disable_all_campaigns":false,"inline_featured_image":false,"_monsterinsights_skip_tracking":false,"_monsterinsights_sitenote_active":false,"_monsterinsights_sitenote_note":"","_monsterinsights_sitenote_category":0,"footnotes":"","_links_to":"","_links_to_target":""},"class_list":["post-33037","page","type-page","status-publish","hentry"],"acf":[],"yoast_head":"<!-- This site is optimized with the Yoast SEO plugin v27.3 - https:\/\/yoast.com\/product\/yoast-seo-wordpress\/ -->\n<title>Garantie - Gerda<\/title>\n<meta name=\"robots\" content=\"index, follow, max-snippet:-1, max-image-preview:large, max-video-preview:-1\" \/>\n<meta property=\"og:locale\" content=\"de_DE\" \/>\n<meta property=\"og:type\" content=\"article\" \/>\n<meta property=\"og:title\" content=\"Garantie - Gerda\" \/>\n<meta property=\"og:description\" content=\"Garantiekarte TEDEE SP\u00d3\u0141KA Z OGRANICZON\u0104 ODPOWIEDZIALNO\u015aCI\u0104Korrespondenzadresse: ul. Altowa 2, 02-386 Warszawatelefon: (+48) 884 088 011E-Mail-Adresse:\u00a0support@tedee.com gew\u00e4hrt dem Antragsteller hiermit eine Garantie f\u00fcr das Produkt, dem dieser Garantieschein beigef\u00fcgt ist. Gegenstand, Dauer und Umfang der Garantie 1. Gegenstand der Garantie Die Garantie bezieht sich nur auf die mechanische Haltbarkeit und die Aufrechterhaltung der funktionellen Eigenschaften des [&hellip;]\" \/>\n<meta property=\"og:url\" content=\"https:\/\/gerda.pl\/de\/tedee\/garantie\/\" \/>\n<meta property=\"og:site_name\" content=\"Gerda\" \/>\n<meta property=\"article:publisher\" content=\"https:\/\/www.facebook.com\/gerda.zamki.drzwi.bramy\" \/>\n<meta property=\"article:modified_time\" content=\"2022-01-12T07:47:07+00:00\" \/>\n<meta name=\"twitter:card\" content=\"summary_large_image\" \/>\n<meta name=\"twitter:label1\" content=\"Gesch\u00e4tzte Lesezeit\" \/>\n\t<meta name=\"twitter:data1\" content=\"6\u00a0Minuten\" \/>\n<script type=\"application\/ld+json\" class=\"yoast-schema-graph\">{\"@context\":\"https:\\\/\\\/schema.org\",\"@graph\":[{\"@type\":\"WebPage\",\"@id\":\"https:\\\/\\\/gerda.pl\\\/de\\\/tedee\\\/garantie\\\/\",\"url\":\"https:\\\/\\\/gerda.pl\\\/de\\\/tedee\\\/garantie\\\/\",\"name\":\"Garantie - Gerda\",\"isPartOf\":{\"@id\":\"https:\\\/\\\/gerda.pl\\\/de\\\/#website\"},\"datePublished\":\"2021-11-23T13:06:58+00:00\",\"dateModified\":\"2022-01-12T07:47:07+00:00\",\"breadcrumb\":{\"@id\":\"https:\\\/\\\/gerda.pl\\\/de\\\/tedee\\\/garantie\\\/#breadcrumb\"},\"inLanguage\":\"de\",\"potentialAction\":[{\"@type\":\"ReadAction\",\"target\":[\"https:\\\/\\\/gerda.pl\\\/de\\\/tedee\\\/garantie\\\/\"]}]},{\"@type\":\"BreadcrumbList\",\"@id\":\"https:\\\/\\\/gerda.pl\\\/de\\\/tedee\\\/garantie\\\/#breadcrumb\",\"itemListElement\":[{\"@type\":\"ListItem\",\"position\":1,\"name\":\"Heim\",\"item\":\"https:\\\/\\\/gerda.pl\\\/de\\\/\"},{\"@type\":\"ListItem\",\"position\":2,\"name\":\"Tedee\",\"item\":\"https:\\\/\\\/gerda.pl\\\/de\\\/tedee\\\/\"},{\"@type\":\"ListItem\",\"position\":3,\"name\":\"Garantie\"}]},{\"@type\":\"WebSite\",\"@id\":\"https:\\\/\\\/gerda.pl\\\/de\\\/#website\",\"url\":\"https:\\\/\\\/gerda.pl\\\/de\\\/\",\"name\":\"Gerda\",\"description\":\"Producent drzwi i zamk\u00f3w do drzwi\",\"publisher\":{\"@id\":\"https:\\\/\\\/gerda.pl\\\/de\\\/#organization\"},\"potentialAction\":[{\"@type\":\"SearchAction\",\"target\":{\"@type\":\"EntryPoint\",\"urlTemplate\":\"https:\\\/\\\/gerda.pl\\\/de\\\/?s={search_term_string}\"},\"query-input\":{\"@type\":\"PropertyValueSpecification\",\"valueRequired\":true,\"valueName\":\"search_term_string\"}}],\"inLanguage\":\"de\"},{\"@type\":\"Organization\",\"@id\":\"https:\\\/\\\/gerda.pl\\\/de\\\/#organization\",\"name\":\"Gerda\",\"url\":\"https:\\\/\\\/gerda.pl\\\/de\\\/\",\"logo\":{\"@type\":\"ImageObject\",\"inLanguage\":\"de\",\"@id\":\"https:\\\/\\\/gerda.pl\\\/de\\\/#\\\/schema\\\/logo\\\/image\\\/\",\"url\":\"https:\\\/\\\/gerda.pl\\\/wp-content\\\/uploads\\\/2025\\\/11\\\/Logo-Gerda_GLOBAL_rgb1-scaled.png\",\"contentUrl\":\"https:\\\/\\\/gerda.pl\\\/wp-content\\\/uploads\\\/2025\\\/11\\\/Logo-Gerda_GLOBAL_rgb1-scaled.png\",\"width\":2560,\"height\":699,\"caption\":\"Gerda\"},\"image\":{\"@id\":\"https:\\\/\\\/gerda.pl\\\/de\\\/#\\\/schema\\\/logo\\\/image\\\/\"},\"sameAs\":[\"https:\\\/\\\/www.facebook.com\\\/gerda.zamki.drzwi.bramy\"]}]}<\/script>\n<!-- \/ Yoast SEO plugin. -->","yoast_head_json":{"title":"Garantie - Gerda","robots":{"index":"index","follow":"follow","max-snippet":"max-snippet:-1","max-image-preview":"max-image-preview:large","max-video-preview":"max-video-preview:-1"},"og_locale":"de_DE","og_type":"article","og_title":"Garantie - Gerda","og_description":"Garantiekarte TEDEE SP\u00d3\u0141KA Z OGRANICZON\u0104 ODPOWIEDZIALNO\u015aCI\u0104Korrespondenzadresse: ul. Altowa 2, 02-386 Warszawatelefon: (+48) 884 088 011E-Mail-Adresse:\u00a0support@tedee.com gew\u00e4hrt dem Antragsteller hiermit eine Garantie f\u00fcr das Produkt, dem dieser Garantieschein beigef\u00fcgt ist. Gegenstand, Dauer und Umfang der Garantie 1. Gegenstand der Garantie Die Garantie bezieht sich nur auf die mechanische Haltbarkeit und die Aufrechterhaltung der funktionellen Eigenschaften des [&hellip;]","og_url":"https:\/\/gerda.pl\/de\/tedee\/garantie\/","og_site_name":"Gerda","article_publisher":"https:\/\/www.facebook.com\/gerda.zamki.drzwi.bramy","article_modified_time":"2022-01-12T07:47:07+00:00","twitter_card":"summary_large_image","twitter_misc":{"Gesch\u00e4tzte Lesezeit":"6\u00a0Minuten"},"schema":{"@context":"https:\/\/schema.org","@graph":[{"@type":"WebPage","@id":"https:\/\/gerda.pl\/de\/tedee\/garantie\/","url":"https:\/\/gerda.pl\/de\/tedee\/garantie\/","name":"Garantie - Gerda","isPartOf":{"@id":"https:\/\/gerda.pl\/de\/#website"},"datePublished":"2021-11-23T13:06:58+00:00","dateModified":"2022-01-12T07:47:07+00:00","breadcrumb":{"@id":"https:\/\/gerda.pl\/de\/tedee\/garantie\/#breadcrumb"},"inLanguage":"de","potentialAction":[{"@type":"ReadAction","target":["https:\/\/gerda.pl\/de\/tedee\/garantie\/"]}]},{"@type":"BreadcrumbList","@id":"https:\/\/gerda.pl\/de\/tedee\/garantie\/#breadcrumb","itemListElement":[{"@type":"ListItem","position":1,"name":"Heim","item":"https:\/\/gerda.pl\/de\/"},{"@type":"ListItem","position":2,"name":"Tedee","item":"https:\/\/gerda.pl\/de\/tedee\/"},{"@type":"ListItem","position":3,"name":"Garantie"}]},{"@type":"WebSite","@id":"https:\/\/gerda.pl\/de\/#website","url":"https:\/\/gerda.pl\/de\/","name":"Gerda","description":"Producent drzwi i zamk\u00f3w do drzwi","publisher":{"@id":"https:\/\/gerda.pl\/de\/#organization"},"potentialAction":[{"@type":"SearchAction","target":{"@type":"EntryPoint","urlTemplate":"https:\/\/gerda.pl\/de\/?s={search_term_string}"},"query-input":{"@type":"PropertyValueSpecification","valueRequired":true,"valueName":"search_term_string"}}],"inLanguage":"de"},{"@type":"Organization","@id":"https:\/\/gerda.pl\/de\/#organization","name":"Gerda","url":"https:\/\/gerda.pl\/de\/","logo":{"@type":"ImageObject","inLanguage":"de","@id":"https:\/\/gerda.pl\/de\/#\/schema\/logo\/image\/","url":"https:\/\/gerda.pl\/wp-content\/uploads\/2025\/11\/Logo-Gerda_GLOBAL_rgb1-scaled.png","contentUrl":"https:\/\/gerda.pl\/wp-content\/uploads\/2025\/11\/Logo-Gerda_GLOBAL_rgb1-scaled.png","width":2560,"height":699,"caption":"Gerda"},"image":{"@id":"https:\/\/gerda.pl\/de\/#\/schema\/logo\/image\/"},"sameAs":["https:\/\/www.facebook.com\/gerda.zamki.drzwi.bramy"]}]}},"_links":{"self":[{"href":"https:\/\/gerda.pl\/de\/wp-json\/wp\/v2\/pages\/33037","targetHints":{"allow":["GET"]}}],"collection":[{"href":"https:\/\/gerda.pl\/de\/wp-json\/wp\/v2\/pages"}],"about":[{"href":"https:\/\/gerda.pl\/de\/wp-json\/wp\/v2\/types\/page"}],"author":[{"embeddable":true,"href":"https:\/\/gerda.pl\/de\/wp-json\/wp\/v2\/users\/1"}],"replies":[{"embeddable":true,"href":"https:\/\/gerda.pl\/de\/wp-json\/wp\/v2\/comments?post=33037"}],"version-history":[{"count":3,"href":"https:\/\/gerda.pl\/de\/wp-json\/wp\/v2\/pages\/33037\/revisions"}],"predecessor-version":[{"id":33182,"href":"https:\/\/gerda.pl\/de\/wp-json\/wp\/v2\/pages\/33037\/revisions\/33182"}],"up":[{"embeddable":true,"href":"https:\/\/gerda.pl\/de\/wp-json\/wp\/v2\/pages\/31216"}],"wp:attachment":[{"href":"https:\/\/gerda.pl\/de\/wp-json\/wp\/v2\/media?parent=33037"}],"curies":[{"name":"wp","href":"https:\/\/api.w.org\/{rel}","templated":true}]}}