{"id":9449,"date":"2021-04-12T15:57:51","date_gmt":"2021-04-12T15:57:51","guid":{"rendered":"https:\/\/gerda.pl\/sample-page\/"},"modified":"2022-02-16T08:16:40","modified_gmt":"2022-02-16T07:16:40","slug":"sample-page","status":"publish","type":"page","link":"https:\/\/gerda.pl\/de\/","title":{"rendered":"Strona g\u0142\u00f3wna"},"content":{"rendered":"<div class=\"slider owl-carousel owl-theme\">\n            <a class=\"item\"  href=\"https:\/\/gerda.pl\/de\/produkt\/turen-zum-haus\/\"\n            >\n            <div class=\"text-container\">\n                <div class=\"container\">\n                    <div class=\"row\">\n                        <div class=\"col-12\">\n                            <div class=\"box left-bottom\">\n                                <p class=\"slider__title\">Kaufen Sie unsere Haust\u00fcren und profitieren Sie von dem Programm \u201eSaubere Luft\u201c oder der Steuerverg\u00fcnstigung f\u00fcr die Thermomodernisierung<\/p>\n                                <p>GERDA-T\u00fcren erf\u00fcllen die Anforderungen des Programms \u201eSaubere Luft\u201c<\/p>\n                                <span class=\"arrow\"><img decoding=\"async\" src=\"https:\/\/gerda.pl\/wp-content\/themes\/gerda\/assets\/svg\/arrow-white.svg\" class=\"Kaufen Sie unsere Haust\u00fcren und profitieren Sie von dem Programm \u201eSaubere Luft\u201c oder der Steuerverg\u00fcnstigung f\u00fcr die Thermomodernisierung\"><\/span>\n                            <\/div>\n                        <\/div>\n                    <\/div>\n                <\/div>\n            <\/div>\n            <img decoding=\"async\" src=\"https:\/\/gerda.pl\/wp-content\/uploads\/2021\/10\/Czyste-powietrze.jpg\" alt=\"Kaufen Sie unsere Haust\u00fcren und profitieren Sie von dem Programm \u201eSaubere Luft\u201c oder der Steuerverg\u00fcnstigung f\u00fcr die Thermomodernisierung\">\n        <\/a>\n                <a class=\"item\"  href=\"https:\/\/gerda.pl\/de\/produkt\/tueren-zu-wohnungen\/\"\n            target=\"_blank\">\n            <div class=\"text-container\">\n                <div class=\"container\">\n                    <div class=\"row\">\n                        <div class=\"col-12\">\n                            <div class=\"box left-top\">\n                                <p class=\"slider__title\">Neues Angebot an Wohnungst\u00fcren<\/p>\n                                <p>W\u00e4hlen Sie T\u00fcren aus den modernen Serien Comfort, Premium und Star<\/p>\n                                <span class=\"arrow\"><img decoding=\"async\" src=\"https:\/\/gerda.pl\/wp-content\/themes\/gerda\/assets\/svg\/arrow-white.svg\" class=\"Neues Angebot an Wohnungst\u00fcren\"><\/span>\n                            <\/div>\n                        <\/div>\n                    <\/div>\n                <\/div>\n            <\/div>\n            <img decoding=\"async\" src=\"https:\/\/gerda.pl\/wp-content\/uploads\/2021\/10\/Drzwi-do-mieszkan.jpg\" alt=\"Neues Angebot an Wohnungst\u00fcren\">\n        <\/a>\n                <a class=\"item\"  href=\"https:\/\/gerda.pl\/de\/tedee\/\"\n            >\n            <div class=\"text-container\">\n                <div class=\"container\">\n                    <div class=\"row\">\n                        <div class=\"col-12\">\n                            <div class=\"box left-top\">\n                                <p class=\"slider__title\">Smart lock tedee<\/p>\n                                <p>Innovatives und intelligentes tedee-T\u00fcrschloss powered by Gerda<\/p>\n                                <span class=\"arrow\"><img decoding=\"async\" src=\"https:\/\/gerda.pl\/wp-content\/themes\/gerda\/assets\/svg\/arrow-white.svg\" class=\"Smart lock tedee\"><\/span>\n                            <\/div>\n                        <\/div>\n                    <\/div>\n                <\/div>\n            <\/div>\n            <img decoding=\"async\" src=\"https:\/\/gerda.pl\/wp-content\/uploads\/2022\/01\/gerda_slider-de.jpg\" alt=\"Smart lock tedee\">\n        <\/a>\n                <a class=\"item\"  href=\"https:\/\/gerda.pl\/de\/produkt\/garagentoren\/\"\n            >\n            <div class=\"text-container\">\n                <div class=\"container\">\n                    <div class=\"row\">\n                        <div class=\"col-12\">\n                            <div class=\"box left-top\">\n                                <p class=\"slider__title\">Garagentore<\/p>\n                                <p>Entdecken Sie das Angebot an robusten und funktionellen Garagentoren von Gerda!<\/p>\n                                <span class=\"arrow\"><img decoding=\"async\" src=\"https:\/\/gerda.pl\/wp-content\/themes\/gerda\/assets\/svg\/arrow-white.svg\" class=\"Garagentore\"><\/span>\n                            <\/div>\n                        <\/div>\n                    <\/div>\n                <\/div>\n            <\/div>\n            <img decoding=\"async\" src=\"https:\/\/gerda.pl\/wp-content\/uploads\/2021\/11\/Bramy-1.jpg\" alt=\"Garagentore\">\n        <\/a>\n        <\/div>\n\n\n<div class=\"offer-container\">\n    <div class=\"container \">\n        <div class=\"row\">\n            <div class=\"col-12 offer-title\">\n                                    <p class=\"h1-title\">UNSER ANGEBOT<\/p>\n                                <\/div>\n            <div class=\"col-12\">\n                <div class=\"offer\" \">\n                                            <a class=\"item\" href=\"https:\/\/gerda.pl\/de\/produkt\/turen-zum-haus\/\">\n                            <img decoding=\"async\" src=\"https:\/\/gerda.pl\/wp-content\/uploads\/2021\/09\/Drzwi_do_domu.png\" alt=\"Haust\u00fcren\">\n                            <p class=\"page__offer--item\">Haust\u00fcren<\/p>\n                        <\/a>\n                                                <a class=\"item\" href=\"https:\/\/gerda.pl\/de\/produkt\/tueren-zu-wohnungen\/\">\n                            <img decoding=\"async\" src=\"https:\/\/gerda.pl\/wp-content\/uploads\/2021\/09\/Drzwi_do_mieszkan.png\" alt=\"Wohnungst\u00fcren\">\n                            <p class=\"page__offer--item\">Wohnungst\u00fcren<\/p>\n                        <\/a>\n                                                <a class=\"item\" href=\"https:\/\/gerda.pl\/de\/produkt\/schloesser-und-beschlaege\/\">\n                            <img decoding=\"async\" src=\"https:\/\/gerda.pl\/wp-content\/uploads\/2021\/10\/Zamki-i-okucia.png\" alt=\"Schl\u00f6sser und Beschl\u00e4ge\">\n                            <p class=\"page__offer--item\">Schl\u00f6sser und Beschl\u00e4ge<\/p>\n                        <\/a>\n                                                <a class=\"item\" href=\"https:\/\/gerda.pl\/de\/produkt\/zubehoer\/\">\n                            <img decoding=\"async\" src=\"https:\/\/gerda.pl\/wp-content\/uploads\/2021\/09\/Akcesoria.png\" alt=\"Zubeh\u00f6r\">\n                            <p class=\"page__offer--item\">Zubeh\u00f6r<\/p>\n                        <\/a>\n                                                <a class=\"item\" href=\"https:\/\/gerda.pl\/de\/produkt\/garagentoren\/\">\n                            <img decoding=\"async\" src=\"https:\/\/gerda.pl\/wp-content\/uploads\/2021\/09\/Bramy_garazowe.png\" alt=\"Garagentoren\">\n                            <p class=\"page__offer--item\">Garagentoren<\/p>\n                        <\/a>\n                                                <a class=\"item\" href=\"https:\/\/gerda.pl\/de\/tedee\/\">\n                            <img decoding=\"async\" src=\"https:\/\/gerda.pl\/wp-content\/uploads\/2021\/10\/Inteligentny-zamek-1.png\" alt=\"Smart lock\">\n                            <p class=\"page__offer--item\">Smart lock<\/p>\n                        <\/a>\n                                        <\/div>\n            <\/div>\n        <\/div>\n    <\/div>\n<\/div>\n\n\n    <div class=\"promo-container white\">\n        <div class=\"container\">\n                            <div class=\"row\">\n                    <div class=\"col-12 offer-title\">\n                        <p class=\"page__promo--title\">NEUHEITEN UND PROMOTIONEN<\/p>\n                    <\/div>\n                <\/div>\n                            <div class=\"row\">\n                                    <div class=\"col-12 col-md-6 second\">\n                        <a  class=\"promo\">\n                            <img decoding=\"async\" src=\"https:\/\/gerda.pl\/wp-content\/uploads\/2022\/01\/gerda_grafika-drzwi-ang.jpg\" alt=\"\u00d6ffnen und schlie\u00dfen Sie T\u00fcren mit Ihrem Smartphone und \u00fcbergeben Sie die Schl\u00fcssel aus der Ferne!\">\n                            <h2>\u00d6ffnen und schlie\u00dfen Sie T\u00fcren mit Ihrem Smartphone und \u00fcbergeben Sie die Schl\u00fcssel aus der Ferne!<\/h2>\n                            <p>Sie brauchen keine herk\u00f6mmlichen Schl\u00fcssel mehr, die oft verloren gehen. Installieren Sie einfach unsere App auf Ihren Mobilger\u00e4ten, um T\u00fcren zu \u00f6ffnen und zu schlie\u00dfen.<\/p>\n                        <\/a>\n                    <\/div>\n                                        <div class=\"col-12 col-md-6 second\">\n                        <a  href=\"https:\/\/gerda.pl\/de\/produkt\/turen-zum-haus\/\"  class=\"promo\">\n                            <img decoding=\"async\" src=\"https:\/\/gerda.pl\/wp-content\/uploads\/2021\/09\/Box_-_skorzystaj_z_programu_czyste_powietrze.jpg\" alt=\"Sehen Sie sich unsere Haust\u00fcren an\">\n                            <h2>Sehen Sie sich unsere Haust\u00fcren an<\/h2>\n                            <p>Neues Angebot an Au\u00dfent\u00fcren<\/p>\n                        <\/a>\n                    <\/div>\n                                        <div class=\"col-12 col-md-6 second\">\n                        <a  href=\"https:\/\/gerda.pl\/de\/produkt\/fahrradschloesser\/\"  class=\"promo\">\n                            <img decoding=\"async\" src=\"https:\/\/gerda.pl\/wp-content\/uploads\/2021\/11\/Box-Zapiecia-rowerowe-2.jpg\" alt=\"Fahrradschl\u00f6sser\">\n                            <h2>Fahrradschl\u00f6sser<\/h2>\n                            <p>Mehr erfahren<\/p>\n                        <\/a>\n                    <\/div>\n                                        <div class=\"col-12 col-md-6 second\">\n                        <a  class=\"promo\">\n                            <img decoding=\"async\" src=\"\" alt=\"\">\n                            <h2><\/h2>\n                                                    <\/a>\n                    <\/div>\n                                <\/div>\n        <\/div>\n    <\/div>\n    \n\n<div class=\"container help\">\n    <div class=\"row\">\n        <div class=\"col-12 help-title\">\n                    <p class=\"page__help--title\">Service<\/p>\n            <\/div>\n    <\/div>\n    <div class=\"row\">\n                <div class=\"col-12 col-md-4 help-box\">\n                <a class=\"help-element h-0\" href=\"https:\/\/gerda.pl\/de\/verkaufsstellen\/\">\n                <p class=\"help__subtitle--opt4\">n\u00e4chste<\/p>\n                <p class=\"help__subtitle--opt3\">Schreibwarenladen<\/p>\n                <p class=\"help__subtitle--opt5\"><img decoding=\"async\" src=\"https:\/\/gerda.pl\/wp-content\/uploads\/2021\/04\/localization.svg\" alt=\"Finden\">Finden<\/p>\n            <\/a>\n            <\/div>\n        <\/div>\n<\/div>\n\n\n<div class=\"doors\">\n\t<div class=\"container\">\n\t\t<div class=\"row\">\n\t\t\t<div class=\"col-12 doors-title\">\n\t\t\t\t\t\t\t\t\t<p class=\"page__doors--title\">Passen Sie die T\u00fcren an Ihre Bed\u00fcrfnisse an<\/p>\n\t\t\t\t\t\t\t\t<p class=\"doors__subtitle\">\n\t\t\t\tWir bieten 199 T\u00fcrdesigns in 8887 Konfigurationen an.\t\t\t\t<\/p>\n\t\t\t<\/div>\n\t\t<\/div>\n\t\t<div class=\"row\">\n\t\t\t\t\t\t\t<div class=\"col-12 col-md-4 box-door\">\n\t\t\t\t\t<p class=\"page__doors--item\"><a class=\"opt-door-link\" href=\"https:\/\/gerda.pl\/de\/produkt\/turen-zum-haus\/\">Haust\u00fcren <\/a><\/p>\n\t\t\t\t\t<a rel=\"nofollow\" href=\"https:\/\/gerda.pl\/de\/produkt\/turen-zum-haus\/\">\n\t\t\t\t\t\t<img decoding=\"async\" src=\"https:\/\/gerda.pl\/wp-content\/uploads\/2021\/09\/1._Drzwi_do_domow.jpeg.jpg\" alt=\"Haust\u00fcren \">\n\t\t\t\t\t<\/a>\n\t\t\t\t\t<p class=\"doors__description\">Sicherheit und elegantes Design<\/p>\n\t\t\t\t\t<a rel=\"nofollow\" href=\"https:\/\/gerda.pl\/de\/produkt\/turen-zum-haus\/\" class=\"btn\">alles sehen<\/a>\n\t\t\t\t<\/div>\n\t\t\t\t\t\t\t<div class=\"col-12 col-md-4 box-door\">\n\t\t\t\t\t<p class=\"page__doors--item\"><a class=\"opt-door-link\" href=\"https:\/\/gerda.pl\/de\/produkt\/tueren-zu-wohnungen\/\">Wohnungst\u00fcren<\/a><\/p>\n\t\t\t\t\t<a rel=\"nofollow\" href=\"https:\/\/gerda.pl\/de\/produkt\/tueren-zu-wohnungen\/\">\n\t\t\t\t\t\t<img decoding=\"async\" src=\"https:\/\/gerda.pl\/wp-content\/uploads\/2019\/12\/Star-Winchester.jpeg\" alt=\"Wohnungst\u00fcren\">\n\t\t\t\t\t<\/a>\n\t\t\t\t\t<p class=\"doors__description\">Hohe Schalld\u00e4mmung<\/p>\n\t\t\t\t\t<a rel=\"nofollow\" href=\"https:\/\/gerda.pl\/de\/produkt\/tueren-zu-wohnungen\/\" class=\"btn\">alles sehen<\/a>\n\t\t\t\t<\/div>\n\t\t\t\t\t\t\t<div class=\"col-12 col-md-4 box-door\">\n\t\t\t\t\t<p class=\"page__doors--item\"><a class=\"opt-door-link\" href=\"https:\/\/gerda.pl\/de\/produkt\/turen-zum-haus\/altus-aluminiumtueren\/\">ALTUS Aluminium-T\u00fcren<\/a><\/p>\n\t\t\t\t\t<a rel=\"nofollow\" href=\"https:\/\/gerda.pl\/de\/produkt\/turen-zum-haus\/altus-aluminiumtueren\/\">\n\t\t\t\t\t\t<img decoding=\"async\" src=\"https:\/\/gerda.pl\/wp-content\/uploads\/2020\/10\/GC3-kolor-RAL-7016.jpeg\" alt=\"ALTUS Aluminium-T\u00fcren\">\n\t\t\t\t\t<\/a>\n\t\t\t\t\t<p class=\"doors__description\">Energieeffizienz in Bestform<\/p>\n\t\t\t\t\t<a rel=\"nofollow\" href=\"https:\/\/gerda.pl\/de\/produkt\/turen-zum-haus\/altus-aluminiumtueren\/\" class=\"btn\">alles sehen<\/a>\n\t\t\t\t<\/div>\n\t\t\t\t\t<\/div>\n\t<\/div>\n<\/div>\n\n\n<div class=\"tedee \">\t<div class=\"img\" style=\"background-image: url('https:\/\/gerda.pl\/wp-content\/uploads\/2022\/01\/gerda_grafika-fon-ang.jpg');\"><\/div>\n\t<div class=\"desc\">\n\t\t<div class=\"description-container\">\n\t\t\t<h2>Virtuelle Schl\u00fcssel in einem Smartphone oder einer Smartwatch<\/h2>\n\t\t\t<p>Sie brauchen keine herk\u00f6mmlichen Schl\u00fcssel mehr, die oft verloren gehen. Installieren Sie einfach unsere App auf Ihren Mobilger\u00e4ten, um T\u00fcren zu \u00f6ffnen und zu schlie\u00dfen.<\/p>\n\t\t\t<div class=\"button-container\">\n\t\t\t\t\t\t\t\t\t<a href=\"https:\/\/gerda.pl\/de\/tedee\/wie-funktioniert-das\/\" class=\"btn blue\">Mehr erfahren<\/a>\n\t\t\t\t\t\t\t\t\t\t\t\t\t<a href=\"https:\/\/gerda.pl\/de\/tedee\/\" class=\"btn\">Ansicht in 3D<\/a>\n\t\t\t\t\t\t\t<\/div>\n\t\t<\/div>\n\t<\/div>\n<\/div>\n\n\n\n<div style=\"height:90px\" aria-hidden=\"true\" class=\"wp-block-spacer\"><\/div>\n\n\n<div class=\"info\">\n\t<div class=\"container\">\n\t\t<div class=\"row\">\n\t\t\t\t\t\t\t<div class=\"col-12 col-md-4 info-box\">\n\t\t\t\t\t<div class=\"info-container\">\n\t\t\t\t\t\t<img decoding=\"async\" src=\"https:\/\/gerda.pl\/wp-content\/uploads\/2021\/04\/mobile-copy.svg\" alt=\"Erfahrung\">\n\t\t\t\t\t\t<p class=\"info--title\">Erfahrung<\/p>\n\t\t\t\t\t\t<p>seit \u00fcber 30 Jahren k\u00fcmmern wir uns um Ihre Sicherheit<\/p>\n\t\t\t\t\t<\/div>\n\t\t\t\t<\/div>\n\t\t\t\t\t\t\t<div class=\"col-12 col-md-4 info-box\">\n\t\t\t\t\t<div class=\"info-container\">\n\t\t\t\t\t\t<img decoding=\"async\" src=\"https:\/\/gerda.pl\/wp-content\/uploads\/2021\/04\/security.svg\" alt=\"Sicherheit\">\n\t\t\t\t\t\t<p class=\"info--title\">Sicherheit<\/p>\n\t\t\t\t\t\t<p>garantiert durch die ISO 9001:2015 und Zertifikate<\/p>\n\t\t\t\t\t<\/div>\n\t\t\t\t<\/div>\n\t\t\t\t\t\t\t<div class=\"col-12 col-md-4 info-box\">\n\t\t\t\t\t<div class=\"info-container\">\n\t\t\t\t\t\t<img decoding=\"async\" src=\"https:\/\/gerda.pl\/wp-content\/uploads\/2021\/04\/mobile.svg\" alt=\"Technologie\">\n\t\t\t\t\t\t<p class=\"info--title\">Technologie<\/p>\n\t\t\t\t\t\t<p>unsere Produkte werden nach neuesten Technologien hergestellt<\/p>\n\t\t\t\t\t<\/div>\n\t\t\t\t<\/div>\n\t\t\t\t\t<\/div>\n\t<\/div>\n<\/div>\n","protected":false},"excerpt":{"rendered":"","protected":false},"author":1,"featured_media":0,"parent":0,"menu_order":0,"comment_status":"closed","ping_status":"open","template":"","meta":{"_acf_changed":false,"om_disable_all_campaigns":false,"inline_featured_image":false,"_monsterinsights_skip_tracking":false,"_monsterinsights_sitenote_active":false,"_monsterinsights_sitenote_note":"","_monsterinsights_sitenote_category":0,"footnotes":"","_links_to":"","_links_to_target":""},"class_list":["post-9449","page","type-page","status-publish","hentry"],"acf":[],"yoast_head":"<!-- This site is optimized with the Yoast SEO plugin v27.4 - https:\/\/yoast.com\/product\/yoast-seo-wordpress\/ -->\n<title>Strona g\u0142\u00f3wna - Gerda<\/title>\n<meta name=\"robots\" content=\"index, follow, max-snippet:-1, max-image-preview:large, max-video-preview:-1\" \/>\n<meta property=\"og:locale\" content=\"de_DE\" \/>\n<meta property=\"og:type\" content=\"article\" \/>\n<meta property=\"og:title\" content=\"Strona g\u0142\u00f3wna - Gerda\" \/>\n<meta property=\"og:url\" content=\"https:\/\/gerda.pl\/de\/\" \/>\n<meta property=\"og:site_name\" content=\"Gerda\" \/>\n<meta property=\"article:publisher\" content=\"https:\/\/www.facebook.com\/gerda.zamki.drzwi.bramy\" \/>\n<meta property=\"article:modified_time\" content=\"2022-02-16T07:16:40+00:00\" \/>\n<meta name=\"twitter:card\" content=\"summary_large_image\" \/>\n<script type=\"application\/ld+json\" class=\"yoast-schema-graph\">{\"@context\":\"https:\\\/\\\/schema.org\",\"@graph\":[{\"@type\":\"WebPage\",\"@id\":\"https:\\\/\\\/gerda.pl\\\/de\\\/\",\"url\":\"https:\\\/\\\/gerda.pl\\\/de\\\/\",\"name\":\"Strona g\u0142\u00f3wna - Gerda\",\"isPartOf\":{\"@id\":\"https:\\\/\\\/gerda.pl\\\/de\\\/#website\"},\"datePublished\":\"2021-04-12T15:57:51+00:00\",\"dateModified\":\"2022-02-16T07:16:40+00:00\",\"breadcrumb\":{\"@id\":\"https:\\\/\\\/gerda.pl\\\/de\\\/#breadcrumb\"},\"inLanguage\":\"de\",\"potentialAction\":[{\"@type\":\"ReadAction\",\"target\":[\"https:\\\/\\\/gerda.pl\\\/de\\\/\"]}]},{\"@type\":\"BreadcrumbList\",\"@id\":\"https:\\\/\\\/gerda.pl\\\/de\\\/#breadcrumb\",\"itemListElement\":[{\"@type\":\"ListItem\",\"position\":1,\"name\":\"Heim\",\"item\":\"https:\\\/\\\/gerda.pl\\\/de\\\/\"},{\"@type\":\"ListItem\",\"position\":2,\"name\":\"Strona g\u0142\u00f3wna\"}]},{\"@type\":\"WebSite\",\"@id\":\"https:\\\/\\\/gerda.pl\\\/de\\\/#website\",\"url\":\"https:\\\/\\\/gerda.pl\\\/de\\\/\",\"name\":\"Gerda\",\"description\":\"Producent drzwi i zamk\u00f3w do drzwi\",\"publisher\":{\"@id\":\"https:\\\/\\\/gerda.pl\\\/de\\\/#organization\"},\"potentialAction\":[{\"@type\":\"SearchAction\",\"target\":{\"@type\":\"EntryPoint\",\"urlTemplate\":\"https:\\\/\\\/gerda.pl\\\/de\\\/?s={search_term_string}\"},\"query-input\":{\"@type\":\"PropertyValueSpecification\",\"valueRequired\":true,\"valueName\":\"search_term_string\"}}],\"inLanguage\":\"de\"},{\"@type\":\"Organization\",\"@id\":\"https:\\\/\\\/gerda.pl\\\/de\\\/#organization\",\"name\":\"Gerda\",\"url\":\"https:\\\/\\\/gerda.pl\\\/de\\\/\",\"logo\":{\"@type\":\"ImageObject\",\"inLanguage\":\"de\",\"@id\":\"https:\\\/\\\/gerda.pl\\\/de\\\/#\\\/schema\\\/logo\\\/image\\\/\",\"url\":\"https:\\\/\\\/gerda.pl\\\/wp-content\\\/uploads\\\/2025\\\/11\\\/Logo-Gerda_GLOBAL_rgb1-scaled.png\",\"contentUrl\":\"https:\\\/\\\/gerda.pl\\\/wp-content\\\/uploads\\\/2025\\\/11\\\/Logo-Gerda_GLOBAL_rgb1-scaled.png\",\"width\":2560,\"height\":699,\"caption\":\"Gerda\"},\"image\":{\"@id\":\"https:\\\/\\\/gerda.pl\\\/de\\\/#\\\/schema\\\/logo\\\/image\\\/\"},\"sameAs\":[\"https:\\\/\\\/www.facebook.com\\\/gerda.zamki.drzwi.bramy\"]}]}<\/script>\n<!-- \/ Yoast SEO plugin. -->","yoast_head_json":{"title":"Strona g\u0142\u00f3wna - Gerda","robots":{"index":"index","follow":"follow","max-snippet":"max-snippet:-1","max-image-preview":"max-image-preview:large","max-video-preview":"max-video-preview:-1"},"og_locale":"de_DE","og_type":"article","og_title":"Strona g\u0142\u00f3wna - Gerda","og_url":"https:\/\/gerda.pl\/de\/","og_site_name":"Gerda","article_publisher":"https:\/\/www.facebook.com\/gerda.zamki.drzwi.bramy","article_modified_time":"2022-02-16T07:16:40+00:00","twitter_card":"summary_large_image","schema":{"@context":"https:\/\/schema.org","@graph":[{"@type":"WebPage","@id":"https:\/\/gerda.pl\/de\/","url":"https:\/\/gerda.pl\/de\/","name":"Strona g\u0142\u00f3wna - Gerda","isPartOf":{"@id":"https:\/\/gerda.pl\/de\/#website"},"datePublished":"2021-04-12T15:57:51+00:00","dateModified":"2022-02-16T07:16:40+00:00","breadcrumb":{"@id":"https:\/\/gerda.pl\/de\/#breadcrumb"},"inLanguage":"de","potentialAction":[{"@type":"ReadAction","target":["https:\/\/gerda.pl\/de\/"]}]},{"@type":"BreadcrumbList","@id":"https:\/\/gerda.pl\/de\/#breadcrumb","itemListElement":[{"@type":"ListItem","position":1,"name":"Heim","item":"https:\/\/gerda.pl\/de\/"},{"@type":"ListItem","position":2,"name":"Strona g\u0142\u00f3wna"}]},{"@type":"WebSite","@id":"https:\/\/gerda.pl\/de\/#website","url":"https:\/\/gerda.pl\/de\/","name":"Gerda","description":"Producent drzwi i zamk\u00f3w do drzwi","publisher":{"@id":"https:\/\/gerda.pl\/de\/#organization"},"potentialAction":[{"@type":"SearchAction","target":{"@type":"EntryPoint","urlTemplate":"https:\/\/gerda.pl\/de\/?s={search_term_string}"},"query-input":{"@type":"PropertyValueSpecification","valueRequired":true,"valueName":"search_term_string"}}],"inLanguage":"de"},{"@type":"Organization","@id":"https:\/\/gerda.pl\/de\/#organization","name":"Gerda","url":"https:\/\/gerda.pl\/de\/","logo":{"@type":"ImageObject","inLanguage":"de","@id":"https:\/\/gerda.pl\/de\/#\/schema\/logo\/image\/","url":"https:\/\/gerda.pl\/wp-content\/uploads\/2025\/11\/Logo-Gerda_GLOBAL_rgb1-scaled.png","contentUrl":"https:\/\/gerda.pl\/wp-content\/uploads\/2025\/11\/Logo-Gerda_GLOBAL_rgb1-scaled.png","width":2560,"height":699,"caption":"Gerda"},"image":{"@id":"https:\/\/gerda.pl\/de\/#\/schema\/logo\/image\/"},"sameAs":["https:\/\/www.facebook.com\/gerda.zamki.drzwi.bramy"]}]}},"_links":{"self":[{"href":"https:\/\/gerda.pl\/de\/wp-json\/wp\/v2\/pages\/9449","targetHints":{"allow":["GET"]}}],"collection":[{"href":"https:\/\/gerda.pl\/de\/wp-json\/wp\/v2\/pages"}],"about":[{"href":"https:\/\/gerda.pl\/de\/wp-json\/wp\/v2\/types\/page"}],"author":[{"embeddable":true,"href":"https:\/\/gerda.pl\/de\/wp-json\/wp\/v2\/users\/1"}],"replies":[{"embeddable":true,"href":"https:\/\/gerda.pl\/de\/wp-json\/wp\/v2\/comments?post=9449"}],"version-history":[{"count":5,"href":"https:\/\/gerda.pl\/de\/wp-json\/wp\/v2\/pages\/9449\/revisions"}],"predecessor-version":[{"id":34078,"href":"https:\/\/gerda.pl\/de\/wp-json\/wp\/v2\/pages\/9449\/revisions\/34078"}],"wp:attachment":[{"href":"https:\/\/gerda.pl\/de\/wp-json\/wp\/v2\/media?parent=9449"}],"curies":[{"name":"wp","href":"https:\/\/api.w.org\/{rel}","templated":true}]}}