{"id":29415,"date":"2021-11-14T17:58:53","date_gmt":"2021-11-14T16:58:53","guid":{"rendered":"https:\/\/gerda.pl\/?page_id=29415"},"modified":"2021-11-16T11:46:17","modified_gmt":"2021-11-16T10:46:17","slug":"measurement-of-doors-and-gates","status":"publish","type":"page","link":"https:\/\/gerda.pl\/en\/serwis\/uslugi\/measurement-of-doors-and-gates\/","title":{"rendered":"Measurement of doors and gates"},"content":{"rendered":"\n<div style=\"height:30px\" aria-hidden=\"true\" class=\"wp-block-spacer\"><\/div>\n\n\n\n<article class=\"wp-block-group column-wide is-layout-flow wp-block-group-is-layout-flow\">\n<h2 class=\"has-text-align-center has-blue-color has-text-color wp-block-heading\">Free measurement of garage doors and gates<\/h2>\n\n\n\n<p>Are you not sure how to measure the door to your apartment, house or garage door? You need help? Gerda meets your expectations &#8211; we can provide you with a professional free door measurement and free garage door measurement.<\/p>\n\n\n\n<p>It is very often the case that people who do not have qualifications or experience in taking measurements give incorrect data when ordering or purchasing doors or garage doors. This causes later problems and unnecessary negative emotions during assembly. By using our services, you will avoid misunderstandings, and above all, unnecessary costs and procedures for the possible return of the door.<\/p>\n\n\n\n<div class=\"wp-block-buttons is-content-justification-center is-layout-flex wp-block-buttons-is-layout-flex\">\n<div class=\"wp-block-button is-style-fill\"><a class=\"wp-block-button__link has-white-color has-blue-background-color has-text-color has-background\" href=\"https:\/\/gerda.pl\/serwis\/uslugi\/pomiar-drzwi-i-bram\/#formularz\">Order a free door measurement<\/a><\/div>\n<\/div>\n\n\n\n<div style=\"height:30px\" aria-hidden=\"true\" class=\"wp-block-spacer\"><\/div>\n\n\n\n<div class=\"wp-block-cover alignfull\" style=\"min-height:400px;aspect-ratio:unset;\"><img loading=\"lazy\" decoding=\"async\" width=\"2560\" height=\"1705\" class=\"wp-block-cover__image-background wp-image-27503\" alt=\"\" src=\"https:\/\/gerda.pl\/wp-content\/uploads\/2021\/10\/AGG-Graz-3_22.jpeg\" style=\"object-position:45% 84%\" data-object-fit=\"cover\" data-object-position=\"45% 84%\" srcset=\"https:\/\/gerda.pl\/wp-content\/uploads\/2021\/10\/AGG-Graz-3_22.jpeg 2560w, https:\/\/gerda.pl\/wp-content\/uploads\/2021\/10\/AGG-Graz-3_22-300x200.jpeg 300w, https:\/\/gerda.pl\/wp-content\/uploads\/2021\/10\/AGG-Graz-3_22-1024x682.jpeg 1024w, https:\/\/gerda.pl\/wp-content\/uploads\/2021\/10\/AGG-Graz-3_22-768x512.jpeg 768w, https:\/\/gerda.pl\/wp-content\/uploads\/2021\/10\/AGG-Graz-3_22-1536x1023.jpeg 1536w, https:\/\/gerda.pl\/wp-content\/uploads\/2021\/10\/AGG-Graz-3_22-2048x1364.jpeg 2048w\" sizes=\"auto, (max-width: 2560px) 100vw, 2560px\" \/><div class=\"wp-block-cover__inner-container is-layout-flow wp-block-cover-is-layout-flow\">\n<p class=\"has-text-align-center has-large-font-size\"><\/p>\n<\/div><\/div>\n\n\n\n<div class=\"wp-block-buttons is-layout-flex wp-block-buttons-is-layout-flex\"><\/div>\n\n\n<div class=\"guarantee\">\n\t\t\t<h2>How to order a free door measurement?<\/h2>\n\t\t\t\t<h3>Save time when ordering and save nerves during assembly guaranteed!<\/h3>\n\t\t<div class=\"steps \">\n\t\t\t\t\t<article>\n\t\t\t\t\t\t\t\t<div class=\"image-container\">\n\t\t\t\t\t<img decoding=\"async\" src=\"https:\/\/gerda.pl\/wp-content\/uploads\/2021\/08\/illustration-mobile-copy-4.svg\">\n\t\t\t\t<\/div>\t\n\t\t\t\t\t\t\t\t\t\t\t\t\t<h4> Filling the form<\/h4>\n\t\t\t\t\t\t\t\t<p>Fill in the free measurement order form available on our website.<\/p>\n\t\t\t<\/article>\n\t\t\t\t\t<article>\n\t\t\t\t\t\t\t\t<div class=\"image-container\">\n\t\t\t\t\t<img decoding=\"async\" src=\"https:\/\/gerda.pl\/wp-content\/uploads\/2021\/08\/illustration-mobile-copy.svg\">\n\t\t\t\t<\/div>\t\n\t\t\t\t\t\t\t\t\t\t\t\t\t<h4> Make an appointment<\/h4>\n\t\t\t\t\t\t\t\t<p>Our representative will make an appointment with you for a date convenient for you.<\/p>\n\t\t\t<\/article>\n\t\t\t\t\t<article>\n\t\t\t\t\t\t\t\t<div class=\"image-container\">\n\t\t\t\t\t<img decoding=\"async\" src=\"https:\/\/gerda.pl\/wp-content\/uploads\/2021\/08\/illustration-mobile-copy-7.svg\">\n\t\t\t\t<\/div>\t\n\t\t\t\t\t\t\t\t\t\t\t\t\t<h4> Taking the measurement<\/h4>\n\t\t\t\t\t\t\t\t<p>A Gerda representative will accurately measure your door.<\/p>\n\t\t\t<\/article>\n\t\t\t\t\t<article>\n\t\t\t\t\t\t\t\t<div class=\"image-container\">\n\t\t\t\t\t<img decoding=\"async\" src=\"https:\/\/gerda.pl\/wp-content\/uploads\/2021\/08\/illustration-mobile-copy-5.svg\">\n\t\t\t\t<\/div>\t\n\t\t\t\t\t\t\t\t\t\t\t\t\t<h4>Help in choosing the door<\/h4>\n\t\t\t\t\t\t\t\t<p>We will help you choose the door and answer all your questions.<\/p>\n\t\t\t<\/article>\n\t\t\t<\/div>\n\t\t\t<a href=\"http:\/\/gerda.pl\/serwis\/uslugi\/pomiar-drzwi-i-bram\/#formularz\" class=\"btn blue\">Order a free door measurement<\/a>\n\t<\/div>\n\n\n\n<div class=\"wp-block-group alignfull has-background is-layout-flow wp-block-group-is-layout-flow\" style=\"background-color:#f4f4f4\">\n<div style=\"height:80px\" aria-hidden=\"true\" class=\"wp-block-spacer\"><\/div>\n\n\n\n<div class=\"wp-block-group container column-wide is-layout-flow wp-block-group-is-layout-flow\">\n<h2 class=\"wp-block-heading\">Free door measurement &#8211; what does it look like?<\/h2>\n\n\n\n<p>To minimize the number of steps you need to take, we&#8217;ve simplified the ordering process to just the steps you need to take. All you need to do is to fill in the free measurement order form available on our website, for example by choosing the front door to the house. Then you receive confirmation of order acceptance by Gerda and our representative will arrange a date convenient for you. After carefully measuring the door, our employee can also help you choose the door and answer all your questions.<\/p>\n\n\n\n<p>The free door measurement service is addressed to everyone who wants to buy a new door without unnecessary stress. We recommend it to everyone &#8211; not only to people who have no experience in performing professional measurements. Save time when ordering and save nerves during assembly guaranteed!<\/p>\n\n\n\n<h2 class=\"wp-block-heading\">Free garage door measurement &#8211;<\/h2>\n\n\n\n<p>The necessity to properly measure the equipment, such as a garage door, may also cause many difficulties or doubts. Therefore, and in this case, it is worth using our free garage door measurement service. The measurement process is similar to the case of the door &#8211; all you need to do is conveniently order the service on our website, and our representative will contact you and take the measurement on a convenient day for you. If you have any questions about choosing a garage door, they will certainly provide you with answers and advice.<\/p>\n\n\n\n<p>Do not wait &#8211; order a measurement for your home and do not worry about unnecessary complications during the assembly!<\/p>\n<\/div>\n\n\n\n<div style=\"height:50px\" aria-hidden=\"true\" class=\"wp-block-spacer\"><\/div>\n<\/div>\n<\/article>\n\n\n\n<div id=\"formularz\" class=\"wp-block-group column-wide aype-form is-layout-flow wp-block-group-is-layout-flow\">\n<div class=\"wpcf7 no-js\" id=\"wpcf7-f15661-o1\" lang=\"pl-PL\" dir=\"ltr\" data-wpcf7-id=\"15661\">\n<div class=\"screen-reader-response\"><p role=\"status\" aria-live=\"polite\" aria-atomic=\"true\"><\/p> <ul><\/ul><\/div>\n<form action=\"\/en\/wp-json\/wp\/v2\/pages\/29415#wpcf7-f15661-o1\" method=\"post\" class=\"wpcf7-form init\" aria-label=\"Formularz kontaktowy\" novalidate=\"novalidate\" data-status=\"init\">\n<fieldset class=\"hidden-fields-container\"><input type=\"hidden\" name=\"_wpcf7\" value=\"15661\" \/><input type=\"hidden\" name=\"_wpcf7_version\" value=\"6.1.5\" \/><input type=\"hidden\" name=\"_wpcf7_locale\" value=\"pl_PL\" \/><input type=\"hidden\" name=\"_wpcf7_unit_tag\" value=\"wpcf7-f15661-o1\" \/><input type=\"hidden\" name=\"_wpcf7_container_post\" value=\"0\" \/><input type=\"hidden\" name=\"_wpcf7_posted_data_hash\" value=\"\" \/><input type=\"hidden\" name=\"_wpcf7_recaptcha_response\" value=\"\" \/>\n<\/fieldset>\n<input class=\"wpcf7-form-control wpcf7-hidden\" value=\"\" type=\"hidden\" name=\"your-city\" \/>\n<h3>Zam\u00f3w bezp\u0142atny pomiar<\/h3>\n<p class=\"center\">Oszcz\u0119dno\u015b\u0107 czasu przy zam\u00f3wieniu i nerw\u00f3w podczas monta\u017cu gwarantowana!<\/p>\n<div class=\"measurement-form\">\n<label>Jestem zainteresowany pomiarem:<\/label><div class=\"list pomiar\">\n<span class=\"wpcf7-form-control-wrap\" data-name=\"pomiar\"><span class=\"wpcf7-form-control wpcf7-checkbox wpcf7-validates-as-required\" id=\"pomiar\"><span class=\"wpcf7-list-item first\"><input type=\"checkbox\" name=\"pomiar[]\" value=\"Drzwi do dom\u00f3w\" \/><span class=\"wpcf7-list-item-label\">Drzwi do dom\u00f3w<\/span><\/span><span class=\"wpcf7-list-item\"><input type=\"checkbox\" name=\"pomiar[]\" value=\"Drzwi do mieszka\u0144\" \/><span class=\"wpcf7-list-item-label\">Drzwi do mieszka\u0144<\/span><\/span><span class=\"wpcf7-list-item last\"><input type=\"checkbox\" name=\"pomiar[]\" value=\"Bramy gara\u017cowe\" \/><span class=\"wpcf7-list-item-label\">Bramy gara\u017cowe<\/span><\/span><\/span><\/span>\n\n<\/div>\n\n<span class=\"wpcf7-form-control-wrap\" data-name=\"your-name\"><input size=\"40\" maxlength=\"400\" class=\"wpcf7-form-control wpcf7-text wpcf7-validates-as-required\" id=\"your-name\" aria-required=\"true\" aria-invalid=\"false\" placeholder=\"Imi\u0119 i nazwisko\" value=\"\" type=\"text\" name=\"your-name\" \/><\/span><div class=\"half-wrapper\">\n<div class=\"half\"><span class=\"wpcf7-form-control-wrap\" data-name=\"your-city2\"><input size=\"40\" maxlength=\"400\" class=\"wpcf7-form-control wpcf7-text wpcf7-validates-as-required\" id=\"miasto\" aria-required=\"true\" aria-invalid=\"false\" placeholder=\"Miejscowo\u015b\u0107\" value=\"\" type=\"text\" name=\"your-city2\" \/><\/span><\/div>\n<div class=\"half\"><span class=\"wpcf7-form-control-wrap\" data-name=\"your-zip\"><input size=\"40\" maxlength=\"400\" class=\"wpcf7-form-control wpcf7-text wpcf7-validates-as-required\" id=\"your-zip\" aria-required=\"true\" aria-invalid=\"false\" placeholder=\"Kod pocztowy\" value=\"\" type=\"text\" name=\"your-zip\" \/><\/span><\/div>\n<div class=\"half\"><span class=\"wpcf7-form-control-wrap\" data-name=\"your-email\"><input size=\"40\" maxlength=\"400\" class=\"wpcf7-form-control wpcf7-email wpcf7-validates-as-required wpcf7-text wpcf7-validates-as-email\" id=\"your-email\" aria-required=\"true\" aria-invalid=\"false\" placeholder=\"Adres email\" value=\"\" type=\"email\" name=\"your-email\" \/><\/span><\/div>\n<div class=\"half\"><span class=\"wpcf7-form-control-wrap\" data-name=\"your-phone\"><input size=\"40\" maxlength=\"400\" class=\"wpcf7-form-control wpcf7-text wpcf7-validates-as-required\" id=\"your-phone\" aria-required=\"true\" aria-invalid=\"false\" placeholder=\"Telefon\" value=\"\" type=\"text\" name=\"your-phone\" \/><\/span><\/div>\n<\/div>\n<div class=\"rules\">\n<div class=\"acceptance\">\n<span class=\"wpcf7-form-control-wrap\" data-name=\"acceptance_all\"><span class=\"wpcf7-form-control wpcf7-acceptance optional\"><span class=\"wpcf7-list-item\"><label><input type=\"checkbox\" name=\"acceptance_all\" value=\"1\" class=\"js-acceptance-all\" aria-invalid=\"false\" \/><span class=\"wpcf7-list-item-label\">Zaznacz wszystkie zgody.<\/span><\/label><\/span><\/span><\/span>\n<\/div>\n<div class=\"acceptance\">\n<span class=\"wpcf7-form-control-wrap\" data-name=\"acceptance\"><span class=\"wpcf7-form-control wpcf7-acceptance\"><span class=\"wpcf7-list-item\"><label><input type=\"checkbox\" name=\"acceptance\" value=\"1\" aria-invalid=\"false\" \/><span class=\"wpcf7-list-item-label\">Zapozna\u0142am\/em si\u0119 z informacj\u0105 o przetwarzaniu danych osobowych. <a href=\"https:\/\/gerda.pl\/serwis\/o-nas\/polityka-prywatnosci-przetwarzanie-danych-osobowych\" target=\"_blank\"> Poka\u017c informacj\u0119 o przetwarzaniu danych. <\/a>*<\/span><\/label><\/span><\/span><\/span>\n<\/div>\n<div class=\"acceptance\">\n<span class=\"wpcf7-form-control-wrap\" data-name=\"acceptance_email\"><span class=\"wpcf7-form-control wpcf7-acceptance optional\"><span class=\"wpcf7-list-item\"><label><input type=\"checkbox\" name=\"acceptance_email\" value=\"1\" aria-invalid=\"false\" \/><span class=\"wpcf7-list-item-label\">Chc\u0119 otrzymywa\u0107 mailem informacje marketingowe od Gerda sp. z o.o. <span class=\"more-less\"><span class=\"more-less__content\">Wyra\u017cam zgod\u0119 na przetwarzanie przez Gerda sp. z o.o. moich danych osobowych wskazanych w formularzu w celu marketingu bezpo\u015bredniego produkt\u00f3w i us\u0142ug w\u0142asnych sp\u00f3\u0142ki, w postaci wysy\u0142ki przez sp\u00f3\u0142k\u0119 informacji handlowych drog\u0105 elektroniczn\u0105 na podany przeze mnie adres e-mail.<\/span> <button type=\"button\" class=\"more-less__btn js-more-less\"><span class=\"more-less__more\">wi\u0119cej<\/span><span class=\"more-less__less\">mniej<\/span><\/button><\/span><\/span><\/label><\/span><\/span><\/span>\n<\/div>\n<div class=\"acceptance\">\n<span class=\"wpcf7-form-control-wrap\" data-name=\"acceptance_sms\"><span class=\"wpcf7-form-control wpcf7-acceptance optional\"><span class=\"wpcf7-list-item\"><label><input type=\"checkbox\" name=\"acceptance_sms\" value=\"1\" aria-invalid=\"false\" \/><span class=\"wpcf7-list-item-label\">Chc\u0119 otrzymywa\u0107 SMS-em informacje marketingowe od Gerda sp. z o.o. <span class=\"more-less\"><span class=\"more-less__content\">Wyra\u017cam zgod\u0119 na przetwarzanie przez Gerda sp. z o.o. moich danych osobowych wskazanych w formularzu w celu marketingu bezpo\u015bredniego produkt\u00f3w i us\u0142ug w\u0142asnych sp\u00f3\u0142ki, w postaci wysy\u0142ki przez sp\u00f3\u0142k\u0119 informacji handlowych za po\u015brednictwem wiadomo\u015bci SMS na podany przeze mnie nr telefonu.<\/span> <button type=\"button\" class=\"more-less__btn js-more-less\"><span class=\"more-less__more\">wi\u0119cej<\/span><span class=\"more-less__less\">mniej<\/span><\/button><\/span><\/span><\/label><\/span><\/span><\/span>\n<\/div>\n<div class=\"acceptance\">\n<span class=\"wpcf7-form-control-wrap\" data-name=\"acceptance_phone\"><span class=\"wpcf7-form-control wpcf7-acceptance optional\"><span class=\"wpcf7-list-item\"><label><input type=\"checkbox\" name=\"acceptance_phone\" value=\"1\" aria-invalid=\"false\" \/><span class=\"wpcf7-list-item-label\">Zgadzam si\u0119 na kontakt telefoniczny w celach marketingowych Gerda sp. z o.o. <span class=\"more-less\"><span class=\"more-less__content\">Wyra\u017cam zgod\u0119 na przetwarzanie przez Gerda sp. z o.o. moich danych osobowych wskazanych w formularzu w celu marketingu bezpo\u015bredniego produkt\u00f3w i us\u0142ug w\u0142asnych sp\u00f3\u0142ki, poprzez wykonywanie przez sp\u00f3\u0142k\u0119 po\u0142\u0105cze\u0144 telefonicznych na podany przeze mnie nr telefonu.<\/span> <button type=\"button\" class=\"more-less__btn js-more-less\"><span class=\"more-less__more\">wi\u0119cej<\/span><span class=\"more-less__less\">mniej<\/span><\/button><\/span><\/span><\/label><\/span><\/span><\/span>\n<\/div>\n<p style=\"font-size: 14px;\">* Pole obowi\u0105zkowe<\/p>\n\n<p style=\"font-size: 14px;\">Administratorem danych osobowych zawartych w formularzu jest Gerda sp. z o.o. z siedzib\u0105 w Soko\u0142owie. Dane b\u0119d\u0105 przetwarzane w celu obs\u0142ugi zg\u0142oszenia przes\u0142anego za po\u015brednictwem formularza oraz (pod warunkiem wyra\u017cenia na niniejsze zgody) w celach marketingowych sp\u00f3\u0142ki. Pami\u0119taj, \u017ce w ka\u017cdym momencie mo\u017cesz cofn\u0105\u0107 wyra\u017cone przez siebie zgody, bez wp\u0142ywu na zgodno\u015b\u0107 z prawem przetwarzania do chwili ich cofni\u0119cia. Wi\u0119cej informacji o przetwarzaniu danych osobowych znajduje si\u0119 w naszej <a href=\"https:\/\/gerda.pl\/serwis\/o-nas\/polityka-prywatnosci-przetwarzanie-danych-osobowych\" target=\"_blank\">Polityce prywatno\u015bci<\/a>.<\/p>\n<\/div>\n<\/div>\n<div class=\"submit-container\">\n<div class=\"submit-button\"><input class=\"wpcf7-form-control wpcf7-submit has-spinner\" type=\"submit\" value=\"Wy\u015blij\" \/><\/div>\n<\/div>\n<\/div><div class=\"wpcf7-response-output\" aria-hidden=\"true\"><\/div>\n<\/form>\n<\/div>\n\n<\/div>\n","protected":false},"excerpt":{"rendered":"<p>Free measurement of garage doors and gates Are you not sure how to measure the door to your apartment, house or garage door? You need help? Gerda meets your expectations &#8211; we can provide you with a professional free door measurement and free garage door measurement. It is very often the case that people who [&hellip;]<\/p>\n","protected":false},"author":1,"featured_media":35327,"parent":27351,"menu_order":0,"comment_status":"closed","ping_status":"closed","template":"","meta":{"_acf_changed":false,"om_disable_all_campaigns":false,"inline_featured_image":false,"_monsterinsights_skip_tracking":false,"_monsterinsights_sitenote_active":false,"_monsterinsights_sitenote_note":"","_monsterinsights_sitenote_category":0,"footnotes":"","_links_to":"","_links_to_target":""},"class_list":["post-29415","page","type-page","status-publish","has-post-thumbnail","hentry"],"acf":[],"yoast_head":"<!-- This site is optimized with the Yoast SEO plugin v27.5 - https:\/\/yoast.com\/product\/yoast-seo-wordpress\/ -->\n<title>Measurement of doors and gates - Gerda<\/title>\n<meta name=\"robots\" content=\"index, follow, max-snippet:-1, max-image-preview:large, max-video-preview:-1\" \/>\n<meta property=\"og:locale\" content=\"en_US\" \/>\n<meta property=\"og:type\" content=\"article\" \/>\n<meta property=\"og:title\" content=\"Measurement of doors and gates - Gerda\" \/>\n<meta property=\"og:description\" content=\"Free measurement of garage doors and gates Are you not sure how to measure the door to your apartment, house or garage door? You need help? Gerda meets your expectations &#8211; we can provide you with a professional free door measurement and free garage door measurement. It is very often the case that people who [&hellip;]\" \/>\n<meta property=\"og:url\" content=\"https:\/\/gerda.pl\/en\/serwis\/uslugi\/measurement-of-doors-and-gates\/\" \/>\n<meta property=\"og:site_name\" content=\"Gerda\" \/>\n<meta property=\"article:publisher\" content=\"https:\/\/www.facebook.com\/gerda.zamki.drzwi.bramy\" \/>\n<meta property=\"article:modified_time\" content=\"2021-11-16T10:46:17+00:00\" \/>\n<meta property=\"og:image\" content=\"https:\/\/gerda.pl\/wp-content\/uploads\/2022\/06\/Kreacja-3-1.jpg\" \/>\n\t<meta property=\"og:image:width\" content=\"1080\" \/>\n\t<meta property=\"og:image:height\" content=\"1080\" \/>\n\t<meta property=\"og:image:type\" content=\"image\/jpeg\" \/>\n<meta name=\"twitter:card\" content=\"summary_large_image\" \/>\n<meta name=\"twitter:label1\" content=\"Est. reading time\" \/>\n\t<meta name=\"twitter:data1\" content=\"2 minutes\" \/>\n<script type=\"application\/ld+json\" class=\"yoast-schema-graph\">{\"@context\":\"https:\\\/\\\/schema.org\",\"@graph\":[{\"@type\":\"WebPage\",\"@id\":\"https:\\\/\\\/gerda.pl\\\/en\\\/serwis\\\/uslugi\\\/measurement-of-doors-and-gates\\\/\",\"url\":\"https:\\\/\\\/gerda.pl\\\/en\\\/serwis\\\/uslugi\\\/measurement-of-doors-and-gates\\\/\",\"name\":\"Measurement of doors and gates - Gerda\",\"isPartOf\":{\"@id\":\"https:\\\/\\\/gerda.pl\\\/en\\\/#website\"},\"primaryImageOfPage\":{\"@id\":\"https:\\\/\\\/gerda.pl\\\/en\\\/serwis\\\/uslugi\\\/measurement-of-doors-and-gates\\\/#primaryimage\"},\"image\":{\"@id\":\"https:\\\/\\\/gerda.pl\\\/en\\\/serwis\\\/uslugi\\\/measurement-of-doors-and-gates\\\/#primaryimage\"},\"thumbnailUrl\":\"https:\\\/\\\/gerda.pl\\\/wp-content\\\/uploads\\\/2022\\\/06\\\/Kreacja-3-1.jpg\",\"datePublished\":\"2021-11-14T16:58:53+00:00\",\"dateModified\":\"2021-11-16T10:46:17+00:00\",\"breadcrumb\":{\"@id\":\"https:\\\/\\\/gerda.pl\\\/en\\\/serwis\\\/uslugi\\\/measurement-of-doors-and-gates\\\/#breadcrumb\"},\"inLanguage\":\"en-US\",\"potentialAction\":[{\"@type\":\"ReadAction\",\"target\":[\"https:\\\/\\\/gerda.pl\\\/en\\\/serwis\\\/uslugi\\\/measurement-of-doors-and-gates\\\/\"]}]},{\"@type\":\"ImageObject\",\"inLanguage\":\"en-US\",\"@id\":\"https:\\\/\\\/gerda.pl\\\/en\\\/serwis\\\/uslugi\\\/measurement-of-doors-and-gates\\\/#primaryimage\",\"url\":\"https:\\\/\\\/gerda.pl\\\/wp-content\\\/uploads\\\/2022\\\/06\\\/Kreacja-3-1.jpg\",\"contentUrl\":\"https:\\\/\\\/gerda.pl\\\/wp-content\\\/uploads\\\/2022\\\/06\\\/Kreacja-3-1.jpg\",\"width\":1080,\"height\":1080},{\"@type\":\"BreadcrumbList\",\"@id\":\"https:\\\/\\\/gerda.pl\\\/en\\\/serwis\\\/uslugi\\\/measurement-of-doors-and-gates\\\/#breadcrumb\",\"itemListElement\":[{\"@type\":\"ListItem\",\"position\":1,\"name\":\"Home\",\"item\":\"https:\\\/\\\/gerda.pl\\\/en\\\/\"},{\"@type\":\"ListItem\",\"position\":2,\"name\":\"Service\",\"item\":\"https:\\\/\\\/gerda.pl\\\/en\\\/serwis\\\/\"},{\"@type\":\"ListItem\",\"position\":3,\"name\":\"Services\",\"item\":\"http:\\\/\\\/en\\\/punkty-sprzedazy\\\/\"},{\"@type\":\"ListItem\",\"position\":4,\"name\":\"Measurement of doors and gates\"}]},{\"@type\":\"WebSite\",\"@id\":\"https:\\\/\\\/gerda.pl\\\/en\\\/#website\",\"url\":\"https:\\\/\\\/gerda.pl\\\/en\\\/\",\"name\":\"Gerda\",\"description\":\"Producent drzwi i zamk\u00f3w do drzwi\",\"publisher\":{\"@id\":\"https:\\\/\\\/gerda.pl\\\/en\\\/#organization\"},\"potentialAction\":[{\"@type\":\"SearchAction\",\"target\":{\"@type\":\"EntryPoint\",\"urlTemplate\":\"https:\\\/\\\/gerda.pl\\\/en\\\/?s={search_term_string}\"},\"query-input\":{\"@type\":\"PropertyValueSpecification\",\"valueRequired\":true,\"valueName\":\"search_term_string\"}}],\"inLanguage\":\"en-US\"},{\"@type\":\"Organization\",\"@id\":\"https:\\\/\\\/gerda.pl\\\/en\\\/#organization\",\"name\":\"Gerda\",\"url\":\"https:\\\/\\\/gerda.pl\\\/en\\\/\",\"logo\":{\"@type\":\"ImageObject\",\"inLanguage\":\"en-US\",\"@id\":\"https:\\\/\\\/gerda.pl\\\/en\\\/#\\\/schema\\\/logo\\\/image\\\/\",\"url\":\"https:\\\/\\\/gerda.pl\\\/wp-content\\\/uploads\\\/2025\\\/11\\\/Logo-Gerda_GLOBAL_rgb1-scaled.png\",\"contentUrl\":\"https:\\\/\\\/gerda.pl\\\/wp-content\\\/uploads\\\/2025\\\/11\\\/Logo-Gerda_GLOBAL_rgb1-scaled.png\",\"width\":2560,\"height\":699,\"caption\":\"Gerda\"},\"image\":{\"@id\":\"https:\\\/\\\/gerda.pl\\\/en\\\/#\\\/schema\\\/logo\\\/image\\\/\"},\"sameAs\":[\"https:\\\/\\\/www.facebook.com\\\/gerda.zamki.drzwi.bramy\"]}]}<\/script>\n<!-- \/ Yoast SEO plugin. -->","yoast_head_json":{"title":"Measurement of doors and gates - Gerda","robots":{"index":"index","follow":"follow","max-snippet":"max-snippet:-1","max-image-preview":"max-image-preview:large","max-video-preview":"max-video-preview:-1"},"og_locale":"en_US","og_type":"article","og_title":"Measurement of doors and gates - Gerda","og_description":"Free measurement of garage doors and gates Are you not sure how to measure the door to your apartment, house or garage door? You need help? Gerda meets your expectations &#8211; we can provide you with a professional free door measurement and free garage door measurement. It is very often the case that people who [&hellip;]","og_url":"https:\/\/gerda.pl\/en\/serwis\/uslugi\/measurement-of-doors-and-gates\/","og_site_name":"Gerda","article_publisher":"https:\/\/www.facebook.com\/gerda.zamki.drzwi.bramy","article_modified_time":"2021-11-16T10:46:17+00:00","og_image":[{"width":1080,"height":1080,"url":"https:\/\/gerda.pl\/wp-content\/uploads\/2022\/06\/Kreacja-3-1.jpg","type":"image\/jpeg"}],"twitter_card":"summary_large_image","twitter_misc":{"Est. reading time":"2 minutes"},"schema":{"@context":"https:\/\/schema.org","@graph":[{"@type":"WebPage","@id":"https:\/\/gerda.pl\/en\/serwis\/uslugi\/measurement-of-doors-and-gates\/","url":"https:\/\/gerda.pl\/en\/serwis\/uslugi\/measurement-of-doors-and-gates\/","name":"Measurement of doors and gates - Gerda","isPartOf":{"@id":"https:\/\/gerda.pl\/en\/#website"},"primaryImageOfPage":{"@id":"https:\/\/gerda.pl\/en\/serwis\/uslugi\/measurement-of-doors-and-gates\/#primaryimage"},"image":{"@id":"https:\/\/gerda.pl\/en\/serwis\/uslugi\/measurement-of-doors-and-gates\/#primaryimage"},"thumbnailUrl":"https:\/\/gerda.pl\/wp-content\/uploads\/2022\/06\/Kreacja-3-1.jpg","datePublished":"2021-11-14T16:58:53+00:00","dateModified":"2021-11-16T10:46:17+00:00","breadcrumb":{"@id":"https:\/\/gerda.pl\/en\/serwis\/uslugi\/measurement-of-doors-and-gates\/#breadcrumb"},"inLanguage":"en-US","potentialAction":[{"@type":"ReadAction","target":["https:\/\/gerda.pl\/en\/serwis\/uslugi\/measurement-of-doors-and-gates\/"]}]},{"@type":"ImageObject","inLanguage":"en-US","@id":"https:\/\/gerda.pl\/en\/serwis\/uslugi\/measurement-of-doors-and-gates\/#primaryimage","url":"https:\/\/gerda.pl\/wp-content\/uploads\/2022\/06\/Kreacja-3-1.jpg","contentUrl":"https:\/\/gerda.pl\/wp-content\/uploads\/2022\/06\/Kreacja-3-1.jpg","width":1080,"height":1080},{"@type":"BreadcrumbList","@id":"https:\/\/gerda.pl\/en\/serwis\/uslugi\/measurement-of-doors-and-gates\/#breadcrumb","itemListElement":[{"@type":"ListItem","position":1,"name":"Home","item":"https:\/\/gerda.pl\/en\/"},{"@type":"ListItem","position":2,"name":"Service","item":"https:\/\/gerda.pl\/en\/serwis\/"},{"@type":"ListItem","position":3,"name":"Services","item":"http:\/\/en\/punkty-sprzedazy\/"},{"@type":"ListItem","position":4,"name":"Measurement of doors and gates"}]},{"@type":"WebSite","@id":"https:\/\/gerda.pl\/en\/#website","url":"https:\/\/gerda.pl\/en\/","name":"Gerda","description":"Producent drzwi i zamk\u00f3w do drzwi","publisher":{"@id":"https:\/\/gerda.pl\/en\/#organization"},"potentialAction":[{"@type":"SearchAction","target":{"@type":"EntryPoint","urlTemplate":"https:\/\/gerda.pl\/en\/?s={search_term_string}"},"query-input":{"@type":"PropertyValueSpecification","valueRequired":true,"valueName":"search_term_string"}}],"inLanguage":"en-US"},{"@type":"Organization","@id":"https:\/\/gerda.pl\/en\/#organization","name":"Gerda","url":"https:\/\/gerda.pl\/en\/","logo":{"@type":"ImageObject","inLanguage":"en-US","@id":"https:\/\/gerda.pl\/en\/#\/schema\/logo\/image\/","url":"https:\/\/gerda.pl\/wp-content\/uploads\/2025\/11\/Logo-Gerda_GLOBAL_rgb1-scaled.png","contentUrl":"https:\/\/gerda.pl\/wp-content\/uploads\/2025\/11\/Logo-Gerda_GLOBAL_rgb1-scaled.png","width":2560,"height":699,"caption":"Gerda"},"image":{"@id":"https:\/\/gerda.pl\/en\/#\/schema\/logo\/image\/"},"sameAs":["https:\/\/www.facebook.com\/gerda.zamki.drzwi.bramy"]}]}},"_links":{"self":[{"href":"https:\/\/gerda.pl\/en\/wp-json\/wp\/v2\/pages\/29415","targetHints":{"allow":["GET"]}}],"collection":[{"href":"https:\/\/gerda.pl\/en\/wp-json\/wp\/v2\/pages"}],"about":[{"href":"https:\/\/gerda.pl\/en\/wp-json\/wp\/v2\/types\/page"}],"author":[{"embeddable":true,"href":"https:\/\/gerda.pl\/en\/wp-json\/wp\/v2\/users\/1"}],"replies":[{"embeddable":true,"href":"https:\/\/gerda.pl\/en\/wp-json\/wp\/v2\/comments?post=29415"}],"version-history":[{"count":4,"href":"https:\/\/gerda.pl\/en\/wp-json\/wp\/v2\/pages\/29415\/revisions"}],"predecessor-version":[{"id":29766,"href":"https:\/\/gerda.pl\/en\/wp-json\/wp\/v2\/pages\/29415\/revisions\/29766"}],"up":[{"embeddable":true,"href":"https:\/\/gerda.pl\/en\/wp-json\/wp\/v2\/pages\/27351"}],"wp:featuredmedia":[{"embeddable":true,"href":"https:\/\/gerda.pl\/en\/wp-json\/wp\/v2\/media\/35327"}],"wp:attachment":[{"href":"https:\/\/gerda.pl\/en\/wp-json\/wp\/v2\/media?parent=29415"}],"curies":[{"name":"wp","href":"https:\/\/api.w.org\/{rel}","templated":true}]}}