{"id":31220,"date":"2021-06-29T10:14:01","date_gmt":"2021-06-29T09:14:01","guid":{"rendered":"https:\/\/gerda.pl\/serwis\/uslugi\/przedluz-gwarancje\/"},"modified":"2023-02-08T15:50:30","modified_gmt":"2023-02-08T14:50:30","slug":"przedluz-gwarancje","status":"publish","type":"page","link":"https:\/\/gerda.pl\/ru\/serwis\/uslugi\/przedluz-gwarancje\/","title":{"rendered":"Przed\u0142u\u017c gwarancj\u0119"},"content":{"rendered":"\n<h2 class=\"has-text-align-center has-blue-color has-text-color wp-block-heading\" id=\"przedluz-gwarancje\">Przed\u0142u\u017c gwarancj\u0119<\/h2>\n\n\n\n<div style=\"height:30px\" aria-hidden=\"true\" class=\"wp-block-spacer\"><\/div>\n\n\n\n<div class=\"wp-block-cover alignfull is-light\"><span aria-hidden=\"true\" class=\"wp-block-cover__background has-background-dim-0 has-background-dim\"><\/span><img loading=\"lazy\" decoding=\"async\" width=\"2560\" height=\"1705\" class=\"wp-block-cover__image-background wp-image-27510\" alt=\"\" src=\"https:\/\/gerda.pl\/wp-content\/uploads\/2021\/10\/AGC-Linz-2_3.jpeg\" style=\"object-position:52% 72%\" data-object-fit=\"cover\" data-object-position=\"52% 72%\" srcset=\"https:\/\/gerda.pl\/wp-content\/uploads\/2021\/10\/AGC-Linz-2_3.jpeg 2560w, https:\/\/gerda.pl\/wp-content\/uploads\/2021\/10\/AGC-Linz-2_3-300x200.jpeg 300w, https:\/\/gerda.pl\/wp-content\/uploads\/2021\/10\/AGC-Linz-2_3-1024x682.jpeg 1024w, https:\/\/gerda.pl\/wp-content\/uploads\/2021\/10\/AGC-Linz-2_3-768x512.jpeg 768w, https:\/\/gerda.pl\/wp-content\/uploads\/2021\/10\/AGC-Linz-2_3-1536x1023.jpeg 1536w, https:\/\/gerda.pl\/wp-content\/uploads\/2021\/10\/AGC-Linz-2_3-2048x1364.jpeg 2048w\" sizes=\"auto, (max-width: 2560px) 100vw, 2560px\" \/><div class=\"wp-block-cover__inner-container is-layout-flow wp-block-cover-is-layout-flow\">\n<p class=\"has-text-align-center has-large-font-size\"><\/p>\n<\/div><\/div>\n\n\n\n<div class=\"section-title-details\">\n\t<h3>Jak przed\u0142u\u017cy\u0107 gwarancj\u0119 na drzwi marki Gerda?<\/h3>\n\t<h4>jak-przedluzyc-gwarancje-na-drzwi-marki-gerda<\/h4>\n<\/div>\n\n<\/article>\n\t<\/div>\n<\/section>\n<div class=\"product-construction-container\" \nid=\"jak-przedluzyc-gwarancje-na-drzwi-marki-gerda\">\n\t<div class=\"product-title-container title-hide-section\">\n\t\t<div class=\"container\">\n\t\t\t<div class=\"row\">\n\t\t\t\t<div class=\"col-12\">\n\t\t\t\t\t<h2>Jak przed\u0142u\u017cy\u0107 gwarancj\u0119 na drzwi marki Gerda?<\/h2>\n\t\t\t\t\t<a href=\"#jak-przedluzyc-gwarancje-na-drzwi-marki-gerda\" class=\"hide-section\">\u0421\u043a\u0440\u044b\u0432\u0430\u0442\u044c<\/a>\n\t\t\t\t<\/div>\n\t\t\t<\/div>\n\t\t<\/div>\n\t<\/div>\n\t<div class=\"container for-hide\">\n\t\t<div class=\"row\">\n\t\t\t<div class=\"col-12\">\n\t\t\t\t\t\t\t\t\t\t\t\t\t\t\t<div class=\"product \n\t\t\t\t\t\tactive with-phono-on-right\" id=\"p-0\">\n\t\t\t\t\t\t<div class=\"product-wrapper\">\n\t\t\t\t\t\t\t\t\t\t\t\t\t\t\t\t\t\t\t\t\t\t\t\t<div class=\"pic\">\n\t\t\t\t\t\t\t\t\t\t<img decoding=\"async\" src=\"https:\/\/gerda.pl\/wp-content\/uploads\/2021\/10\/Gwarancja.png\" alt=\"\">\n\t\t\t\t\t\t\t\t\t<\/div>\n\t\t\t\t\t\t\t\t\t\t\t\t\t\t\t\t\t\t\t\t\t\t<div class=\"desc\">\n\t\t\t\t\t\t\t\t\t\t\t\t\t\t\t\t\t\t\t\t\t\t\t\t<div>\n<p>Dowiedz si\u0119 jak przed\u0142u\u017cy\u0107 gwarancj\u0119 do <strong>36 miesi\u0119cy<\/strong> na drzwi <b>marki Gerda.<\/b><\/p>\n<\/div>\n<div>\n<p>Je\u017celi zale\u017cy Ci na tym, aby nowo zakupione drzwi wej\u015bciowe GERDA spe\u0142nia\u0142y swoje zadanie i wykaza\u0142y swoje wszelkie zalety, zdecyduj si\u0119 na dobry monta\u017c przez certyfikowan\u0105 ekip\u0119. Dodatkow\u0105 korzy\u015bci\u0105, w przypadku instalacji drzwi marki GERDA\u00a0przez certyfikowanego monta\u017cyst\u0119, jest wyd\u0142u\u017cenie gwarancji do 36 miesi\u0119cy.<\/p>\n<p><a href=\"https:\/\/gerda.pl\/akademia\/znajdz-certyfikowanego-montazyste\/\">Aktualna lista certyfikowanych monta\u017cyst\u00f3w<\/a>.<\/p>\n<p>Jak przed\u0142u\u017cy\u0107 gwarancj\u0119 na drzwi <b>marki Gerda<\/b>?<br \/>\nDrzwi marki GERDA, to najwy\u017cszej jako\u015bci produkty. Charakteryzuj\u0105 si\u0119 doskona\u0142ymi parametrami, trwa\u0142o\u015bci\u0105, bezawaryjno\u015bci\u0105 oraz nowoczesnym wygl\u0105dem.<br \/>\nStandardowa gwarancja na drzwi, to 24 miesi\u0105ce. Natomiast w przypadku zakupu naszych drzwi do marki GERDA, istnieje mo\u017cliwo\u015b\u0107 przed\u0142u\u017cenia gwarancji do <strong>36 miesi\u0119cy<\/strong>.<\/p>\n<p>&nbsp;<\/p>\n<\/div>\n<div>\n<p>Nale\u017cy spe\u0142ni\u0107 okre\u015blone poni\u017cej warunki:<\/p>\n<ol>\n<li>Zadbaj, aby fakt zakupu zosta\u0142 odnotowany na karcie gwarancyjnej.<\/li>\n<li>Monta\u017cu nowo zakupionych drzwi musi dokona\u0107 certyfikowany monta\u017cysta, sprawd\u017a, czy okazany certyfikat jest aktualny. Na karcie gwarancyjnej monta\u017cysta powinien wpisa\u0107 dat\u0119 monta\u017cu, nr certyfikatu oraz dat\u0119 jego wa\u017cno\u015bci.<\/li>\n<li><a href=\"https:\/\/gerda.pl\/serwis\/pomoc\/zarejestruj-swoj-produkt\/\">Zarejestruj sw\u00f3j produkt na stronie www.<\/a><\/li>\n<li>Zle\u0107 dokonanie przegl\u0105du drzwi w okresie mi\u0119dzy 18 a 24 miesi\u0105cem u\u017cytkowania, przegl\u0105d powinien wykona\u0107 monta\u017cysta posiadaj\u0105cy wa\u017cny certyfikat.<\/li>\n<\/ol>\n<p>Dopilnuj, aby przegl\u0105d zosta\u0142 odnotowany na karcie gwarancyjnej.<\/p>\n<p><a href=\"https:\/\/gerda.pl\/akademia\/znajdz-certyfikowanego-montazyste\/\">Aktualna lista certyfikowanych monta\u017cyst\u00f3w<\/a>.<\/p>\n<\/div>\n\t\t\t\t\t\t\t<\/div>\n\t\t\t\t\t\t<\/div>\n\n\t\t\t\t\t\t\t\t\t\t\t\t<\/div>\n\t\t\t\t\t\t\t\t\t\t\t\t<\/div>\n\t\t<\/div>\n\t<\/div>\n<\/div>\n<section class=\"container \">\n\t<div class=\"row\">\n\t\t<article class=\"col-12\">\n\n\n\n\n<div class=\"wp-block-buttons is-content-justification-center is-layout-flex wp-container-core-buttons-is-layout-a89b3969 wp-block-buttons-is-layout-flex\">\n<div class=\"wp-block-button has-custom-width wp-block-button__width-50 has-custom-font-size is-style-fill\" style=\"font-size:25px\"><a class=\"wp-block-button__link has-white-color has-blue-background-color has-text-color has-background wp-element-button\" href=\"https:\/\/gerda.pl\/ru\/serwis\/pomoc\/zarejestruj-swoj-produkt\/\" style=\"border-radius:100px\"><strong>Zarejestruj sw\u00f3j produkt<\/strong><\/a><\/div>\n<\/div>\n\n\n\n<div style=\"height:100px\" aria-hidden=\"true\" class=\"wp-block-spacer\"><\/div>\n","protected":false},"excerpt":{"rendered":"<p>Przed\u0142u\u017c gwarancj\u0119<\/p>\n","protected":false},"author":1,"featured_media":0,"parent":27353,"menu_order":0,"comment_status":"closed","ping_status":"closed","template":"","meta":{"_acf_changed":false,"om_disable_all_campaigns":false,"inline_featured_image":false,"_monsterinsights_skip_tracking":false,"_monsterinsights_sitenote_active":false,"_monsterinsights_sitenote_note":"","_monsterinsights_sitenote_category":0,"footnotes":"","_links_to":"","_links_to_target":""},"class_list":["post-31220","page","type-page","status-publish","hentry"],"acf":[],"yoast_head":"<!-- This site is optimized with the Yoast SEO plugin v27.4 - https:\/\/yoast.com\/product\/yoast-seo-wordpress\/ -->\n<title>Przed\u0142u\u017c gwarancj\u0119 - Gerda<\/title>\n<meta name=\"robots\" content=\"index, follow, max-snippet:-1, max-image-preview:large, max-video-preview:-1\" \/>\n<meta property=\"og:locale\" content=\"ru_RU\" \/>\n<meta property=\"og:type\" content=\"article\" \/>\n<meta property=\"og:title\" content=\"Przed\u0142u\u017c gwarancj\u0119 - Gerda\" \/>\n<meta property=\"og:description\" content=\"Przed\u0142u\u017c gwarancj\u0119\" \/>\n<meta property=\"og:url\" content=\"https:\/\/gerda.pl\/ru\/serwis\/uslugi\/przedluz-gwarancje\/\" \/>\n<meta property=\"og:site_name\" content=\"Gerda\" \/>\n<meta property=\"article:publisher\" content=\"https:\/\/www.facebook.com\/gerda.zamki.drzwi.bramy\" \/>\n<meta property=\"article:modified_time\" content=\"2023-02-08T14:50:30+00:00\" \/>\n<meta property=\"og:image\" content=\"https:\/\/gerda.pl\/wp-content\/uploads\/2021\/10\/AGC-Linz-2_3.jpeg\" \/>\n<meta name=\"twitter:card\" content=\"summary_large_image\" \/>\n<script type=\"application\/ld+json\" class=\"yoast-schema-graph\">{\"@context\":\"https:\\\/\\\/schema.org\",\"@graph\":[{\"@type\":\"WebPage\",\"@id\":\"https:\\\/\\\/gerda.pl\\\/ru\\\/serwis\\\/uslugi\\\/przedluz-gwarancje\\\/\",\"url\":\"https:\\\/\\\/gerda.pl\\\/ru\\\/serwis\\\/uslugi\\\/przedluz-gwarancje\\\/\",\"name\":\"Przed\u0142u\u017c gwarancj\u0119 - Gerda\",\"isPartOf\":{\"@id\":\"https:\\\/\\\/gerda.pl\\\/ru\\\/#website\"},\"primaryImageOfPage\":{\"@id\":\"https:\\\/\\\/gerda.pl\\\/ru\\\/serwis\\\/uslugi\\\/przedluz-gwarancje\\\/#primaryimage\"},\"image\":{\"@id\":\"https:\\\/\\\/gerda.pl\\\/ru\\\/serwis\\\/uslugi\\\/przedluz-gwarancje\\\/#primaryimage\"},\"thumbnailUrl\":\"https:\\\/\\\/gerda.pl\\\/wp-content\\\/uploads\\\/2021\\\/10\\\/AGC-Linz-2_3.jpeg\",\"datePublished\":\"2021-06-29T09:14:01+00:00\",\"dateModified\":\"2023-02-08T14:50:30+00:00\",\"breadcrumb\":{\"@id\":\"https:\\\/\\\/gerda.pl\\\/ru\\\/serwis\\\/uslugi\\\/przedluz-gwarancje\\\/#breadcrumb\"},\"inLanguage\":\"ru-RU\",\"potentialAction\":[{\"@type\":\"ReadAction\",\"target\":[\"https:\\\/\\\/gerda.pl\\\/ru\\\/serwis\\\/uslugi\\\/przedluz-gwarancje\\\/\"]}]},{\"@type\":\"ImageObject\",\"inLanguage\":\"ru-RU\",\"@id\":\"https:\\\/\\\/gerda.pl\\\/ru\\\/serwis\\\/uslugi\\\/przedluz-gwarancje\\\/#primaryimage\",\"url\":\"https:\\\/\\\/gerda.pl\\\/wp-content\\\/uploads\\\/2021\\\/10\\\/AGC-Linz-2_3.jpeg\",\"contentUrl\":\"https:\\\/\\\/gerda.pl\\\/wp-content\\\/uploads\\\/2021\\\/10\\\/AGC-Linz-2_3.jpeg\"},{\"@type\":\"BreadcrumbList\",\"@id\":\"https:\\\/\\\/gerda.pl\\\/ru\\\/serwis\\\/uslugi\\\/przedluz-gwarancje\\\/#breadcrumb\",\"itemListElement\":[{\"@type\":\"ListItem\",\"position\":1,\"name\":\"\u0414\u043e\u043c\",\"item\":\"https:\\\/\\\/gerda.pl\\\/ru\\\/\"},{\"@type\":\"ListItem\",\"position\":2,\"name\":\"Serwis\",\"item\":\"https:\\\/\\\/gerda.pl\\\/ru\\\/serwis\\\/\"},{\"@type\":\"ListItem\",\"position\":3,\"name\":\"Us\u0142ugi\",\"item\":\"https:\\\/\\\/gerda.pl\\\/ru\\\/serwis\\\/uslugi\\\/\"},{\"@type\":\"ListItem\",\"position\":4,\"name\":\"Przed\u0142u\u017c gwarancj\u0119\"}]},{\"@type\":\"WebSite\",\"@id\":\"https:\\\/\\\/gerda.pl\\\/ru\\\/#website\",\"url\":\"https:\\\/\\\/gerda.pl\\\/ru\\\/\",\"name\":\"Gerda\",\"description\":\"Producent drzwi i zamk\u00f3w do drzwi\",\"publisher\":{\"@id\":\"https:\\\/\\\/gerda.pl\\\/ru\\\/#organization\"},\"potentialAction\":[{\"@type\":\"SearchAction\",\"target\":{\"@type\":\"EntryPoint\",\"urlTemplate\":\"https:\\\/\\\/gerda.pl\\\/ru\\\/?s={search_term_string}\"},\"query-input\":{\"@type\":\"PropertyValueSpecification\",\"valueRequired\":true,\"valueName\":\"search_term_string\"}}],\"inLanguage\":\"ru-RU\"},{\"@type\":\"Organization\",\"@id\":\"https:\\\/\\\/gerda.pl\\\/ru\\\/#organization\",\"name\":\"Gerda\",\"url\":\"https:\\\/\\\/gerda.pl\\\/ru\\\/\",\"logo\":{\"@type\":\"ImageObject\",\"inLanguage\":\"ru-RU\",\"@id\":\"https:\\\/\\\/gerda.pl\\\/ru\\\/#\\\/schema\\\/logo\\\/image\\\/\",\"url\":\"https:\\\/\\\/gerda.pl\\\/wp-content\\\/uploads\\\/2025\\\/11\\\/Logo-Gerda_GLOBAL_rgb1-scaled.png\",\"contentUrl\":\"https:\\\/\\\/gerda.pl\\\/wp-content\\\/uploads\\\/2025\\\/11\\\/Logo-Gerda_GLOBAL_rgb1-scaled.png\",\"width\":2560,\"height\":699,\"caption\":\"Gerda\"},\"image\":{\"@id\":\"https:\\\/\\\/gerda.pl\\\/ru\\\/#\\\/schema\\\/logo\\\/image\\\/\"},\"sameAs\":[\"https:\\\/\\\/www.facebook.com\\\/gerda.zamki.drzwi.bramy\"]}]}<\/script>\n<!-- \/ Yoast SEO plugin. -->","yoast_head_json":{"title":"Przed\u0142u\u017c gwarancj\u0119 - Gerda","robots":{"index":"index","follow":"follow","max-snippet":"max-snippet:-1","max-image-preview":"max-image-preview:large","max-video-preview":"max-video-preview:-1"},"og_locale":"ru_RU","og_type":"article","og_title":"Przed\u0142u\u017c gwarancj\u0119 - Gerda","og_description":"Przed\u0142u\u017c gwarancj\u0119","og_url":"https:\/\/gerda.pl\/ru\/serwis\/uslugi\/przedluz-gwarancje\/","og_site_name":"Gerda","article_publisher":"https:\/\/www.facebook.com\/gerda.zamki.drzwi.bramy","article_modified_time":"2023-02-08T14:50:30+00:00","og_image":[{"url":"https:\/\/gerda.pl\/wp-content\/uploads\/2021\/10\/AGC-Linz-2_3.jpeg","type":"","width":"","height":""}],"twitter_card":"summary_large_image","schema":{"@context":"https:\/\/schema.org","@graph":[{"@type":"WebPage","@id":"https:\/\/gerda.pl\/ru\/serwis\/uslugi\/przedluz-gwarancje\/","url":"https:\/\/gerda.pl\/ru\/serwis\/uslugi\/przedluz-gwarancje\/","name":"Przed\u0142u\u017c gwarancj\u0119 - Gerda","isPartOf":{"@id":"https:\/\/gerda.pl\/ru\/#website"},"primaryImageOfPage":{"@id":"https:\/\/gerda.pl\/ru\/serwis\/uslugi\/przedluz-gwarancje\/#primaryimage"},"image":{"@id":"https:\/\/gerda.pl\/ru\/serwis\/uslugi\/przedluz-gwarancje\/#primaryimage"},"thumbnailUrl":"https:\/\/gerda.pl\/wp-content\/uploads\/2021\/10\/AGC-Linz-2_3.jpeg","datePublished":"2021-06-29T09:14:01+00:00","dateModified":"2023-02-08T14:50:30+00:00","breadcrumb":{"@id":"https:\/\/gerda.pl\/ru\/serwis\/uslugi\/przedluz-gwarancje\/#breadcrumb"},"inLanguage":"ru-RU","potentialAction":[{"@type":"ReadAction","target":["https:\/\/gerda.pl\/ru\/serwis\/uslugi\/przedluz-gwarancje\/"]}]},{"@type":"ImageObject","inLanguage":"ru-RU","@id":"https:\/\/gerda.pl\/ru\/serwis\/uslugi\/przedluz-gwarancje\/#primaryimage","url":"https:\/\/gerda.pl\/wp-content\/uploads\/2021\/10\/AGC-Linz-2_3.jpeg","contentUrl":"https:\/\/gerda.pl\/wp-content\/uploads\/2021\/10\/AGC-Linz-2_3.jpeg"},{"@type":"BreadcrumbList","@id":"https:\/\/gerda.pl\/ru\/serwis\/uslugi\/przedluz-gwarancje\/#breadcrumb","itemListElement":[{"@type":"ListItem","position":1,"name":"\u0414\u043e\u043c","item":"https:\/\/gerda.pl\/ru\/"},{"@type":"ListItem","position":2,"name":"Serwis","item":"https:\/\/gerda.pl\/ru\/serwis\/"},{"@type":"ListItem","position":3,"name":"Us\u0142ugi","item":"https:\/\/gerda.pl\/ru\/serwis\/uslugi\/"},{"@type":"ListItem","position":4,"name":"Przed\u0142u\u017c gwarancj\u0119"}]},{"@type":"WebSite","@id":"https:\/\/gerda.pl\/ru\/#website","url":"https:\/\/gerda.pl\/ru\/","name":"Gerda","description":"Producent drzwi i zamk\u00f3w do drzwi","publisher":{"@id":"https:\/\/gerda.pl\/ru\/#organization"},"potentialAction":[{"@type":"SearchAction","target":{"@type":"EntryPoint","urlTemplate":"https:\/\/gerda.pl\/ru\/?s={search_term_string}"},"query-input":{"@type":"PropertyValueSpecification","valueRequired":true,"valueName":"search_term_string"}}],"inLanguage":"ru-RU"},{"@type":"Organization","@id":"https:\/\/gerda.pl\/ru\/#organization","name":"Gerda","url":"https:\/\/gerda.pl\/ru\/","logo":{"@type":"ImageObject","inLanguage":"ru-RU","@id":"https:\/\/gerda.pl\/ru\/#\/schema\/logo\/image\/","url":"https:\/\/gerda.pl\/wp-content\/uploads\/2025\/11\/Logo-Gerda_GLOBAL_rgb1-scaled.png","contentUrl":"https:\/\/gerda.pl\/wp-content\/uploads\/2025\/11\/Logo-Gerda_GLOBAL_rgb1-scaled.png","width":2560,"height":699,"caption":"Gerda"},"image":{"@id":"https:\/\/gerda.pl\/ru\/#\/schema\/logo\/image\/"},"sameAs":["https:\/\/www.facebook.com\/gerda.zamki.drzwi.bramy"]}]}},"_links":{"self":[{"href":"https:\/\/gerda.pl\/ru\/wp-json\/wp\/v2\/pages\/31220","targetHints":{"allow":["GET"]}}],"collection":[{"href":"https:\/\/gerda.pl\/ru\/wp-json\/wp\/v2\/pages"}],"about":[{"href":"https:\/\/gerda.pl\/ru\/wp-json\/wp\/v2\/types\/page"}],"author":[{"embeddable":true,"href":"https:\/\/gerda.pl\/ru\/wp-json\/wp\/v2\/users\/1"}],"replies":[{"embeddable":true,"href":"https:\/\/gerda.pl\/ru\/wp-json\/wp\/v2\/comments?post=31220"}],"version-history":[{"count":13,"href":"https:\/\/gerda.pl\/ru\/wp-json\/wp\/v2\/pages\/31220\/revisions"}],"predecessor-version":[{"id":50993,"href":"https:\/\/gerda.pl\/ru\/wp-json\/wp\/v2\/pages\/31220\/revisions\/50993"}],"up":[{"embeddable":true,"href":"https:\/\/gerda.pl\/ru\/wp-json\/wp\/v2\/pages\/27353"}],"wp:attachment":[{"href":"https:\/\/gerda.pl\/ru\/wp-json\/wp\/v2\/media?parent=31220"}],"curies":[{"name":"wp","href":"https:\/\/api.w.org\/{rel}","templated":true}]}}