{"id":31227,"date":"2021-06-29T10:16:45","date_gmt":"2021-06-29T09:16:45","guid":{"rendered":"https:\/\/gerda.pl\/serwis\/pomoc\/zarejestruj-swoj-produkt\/"},"modified":"2025-03-18T13:51:45","modified_gmt":"2025-03-18T12:51:45","slug":"zarejestruj-swoj-produkt","status":"publish","type":"page","link":"https:\/\/gerda.pl\/ru\/serwis\/pomoc\/zarejestruj-swoj-produkt\/","title":{"rendered":"Zarejestruj sw\u00f3j produkt"},"content":{"rendered":"\n<h2 class=\"wp-block-heading\">Zarejestruj swoje drzwi GERDA<\/h2>\n\n\n\n<p>W celu uzyskania 36-miesi\u0119cznego okresu gwarancyjnego dokonaj rejestracji produktu poprzez wype\u0142nienie poni\u017cszego formularza lub drog\u0105 pocztow\u0105 na adres Gerda Sp. z o.o. Soko\u0142\u00f3w, ul. Soko\u0142owska 49, 05-806 Komor\u00f3w.<\/p>\n\n\n\n<p>Dane oznaczone (*) s\u0105 wymagane, pozosta\u0142e informacje s\u0105 dobrowolne.<\/p>\n\n\n\n<div class=\"wpcf7 no-js\" id=\"wpcf7-f24090-o1\" lang=\"pl-PL\" dir=\"ltr\" data-wpcf7-id=\"24090\">\n<div class=\"screen-reader-response\"><p role=\"status\" aria-live=\"polite\" aria-atomic=\"true\"><\/p> <ul><\/ul><\/div>\n<form action=\"\/ru\/wp-json\/wp\/v2\/pages\/31227#wpcf7-f24090-o1\" method=\"post\" class=\"wpcf7-form init\" id=\"Gwarancja_36_miesiecy\" aria-label=\"Formularz kontaktowy\" novalidate=\"novalidate\" data-status=\"init\">\n<fieldset class=\"hidden-fields-container\"><input type=\"hidden\" name=\"_wpcf7\" value=\"24090\" \/><input type=\"hidden\" name=\"_wpcf7_version\" value=\"6.1.5\" \/><input type=\"hidden\" name=\"_wpcf7_locale\" value=\"pl_PL\" \/><input type=\"hidden\" name=\"_wpcf7_unit_tag\" value=\"wpcf7-f24090-o1\" \/><input type=\"hidden\" name=\"_wpcf7_container_post\" value=\"0\" \/><input type=\"hidden\" name=\"_wpcf7_posted_data_hash\" value=\"\" \/><input type=\"hidden\" name=\"warranty\" value=\"Gwarancja_36_miesiecy\" \/><input type=\"hidden\" name=\"_wpcf7_recaptcha_response\" value=\"\" \/>\n<\/fieldset>\n<div class=\"register-form\">\n<h4>DANE OSOBOWE<\/h4>\n<label>Nazwisko (*)<\/label><span class=\"wpcf7-form-control-wrap\" data-name=\"your-surname\"><input size=\"40\" maxlength=\"400\" class=\"wpcf7-form-control wpcf7-text wpcf7-validates-as-required\" aria-required=\"true\" aria-invalid=\"false\" value=\"\" type=\"text\" name=\"your-surname\" \/><\/span> \n<label>Imi\u0119 (*)<\/label><span class=\"wpcf7-form-control-wrap\" data-name=\"your-name\"><input size=\"40\" maxlength=\"400\" class=\"wpcf7-form-control wpcf7-text wpcf7-validates-as-required\" aria-required=\"true\" aria-invalid=\"false\" value=\"\" type=\"text\" name=\"your-name\" \/><\/span> \n<label>Telefon (*)<\/label><span class=\"wpcf7-form-control-wrap\" data-name=\"your-phone\"><input size=\"40\" maxlength=\"400\" class=\"wpcf7-form-control wpcf7-text wpcf7-validates-as-required\" aria-required=\"true\" aria-invalid=\"false\" value=\"\" type=\"text\" name=\"your-phone\" \/><\/span> \n<label>Email (*)<\/label><span class=\"wpcf7-form-control-wrap\" data-name=\"your-email\"><input size=\"40\" maxlength=\"400\" class=\"wpcf7-form-control wpcf7-email wpcf7-validates-as-required wpcf7-text wpcf7-validates-as-email\" aria-required=\"true\" aria-invalid=\"false\" value=\"\" type=\"email\" name=\"your-email\" \/><\/span>\n\n<label>Kod pocztowy (*)<\/label><span class=\"wpcf7-form-control-wrap\" data-name=\"your-zip\"><input size=\"40\" maxlength=\"400\" class=\"wpcf7-form-control wpcf7-text wpcf7-validates-as-required\" aria-required=\"true\" aria-invalid=\"false\" value=\"\" type=\"text\" name=\"your-zip\" \/><\/span> \n<label>Miejscowo\u015b\u0107 (*)<\/label><span class=\"wpcf7-form-control-wrap\" data-name=\"your-city\"><input size=\"40\" maxlength=\"400\" class=\"wpcf7-form-control wpcf7-text wpcf7-validates-as-required\" aria-required=\"true\" aria-invalid=\"false\" value=\"\" type=\"text\" name=\"your-city\" \/><\/span> \n<label>Ulica (*)<\/label><span class=\"wpcf7-form-control-wrap\" data-name=\"your-street\"><input size=\"40\" maxlength=\"400\" class=\"wpcf7-form-control wpcf7-text wpcf7-validates-as-required\" aria-required=\"true\" aria-invalid=\"false\" value=\"\" type=\"text\" name=\"your-street\" \/><\/span> \n<label>Nr domu (*)<\/label><span class=\"wpcf7-form-control-wrap\" data-name=\"your-home\"><input size=\"40\" maxlength=\"400\" class=\"wpcf7-form-control wpcf7-text wpcf7-validates-as-required\" aria-required=\"true\" aria-invalid=\"false\" value=\"\" type=\"text\" name=\"your-home\" \/><\/span> \n<label>Numer lokalu<\/label><span class=\"wpcf7-form-control-wrap\" data-name=\"your-flat\"><input size=\"40\" maxlength=\"400\" class=\"wpcf7-form-control wpcf7-text\" aria-invalid=\"false\" value=\"\" type=\"text\" name=\"your-flat\" \/><\/span> \n<label>Wojew\u00f3dztwo (*)<\/label><span class=\"wpcf7-form-control-wrap\" data-name=\"your-region\"><input size=\"40\" maxlength=\"400\" class=\"wpcf7-form-control wpcf7-text wpcf7-validates-as-required\" aria-required=\"true\" aria-invalid=\"false\" value=\"\" type=\"text\" name=\"your-region\" \/><\/span> \n<h4>DANE DOTYCZ\u0104CE ZAKUPIONYCH DRZWI<\/h4>\n<label>Model i numer fabryczny drzwi<br><span> (znajduj\u0119 si\u0119 na tabliczce znamionowej na drzwiach)<\/span>(*)\n<\/label><span class=\"wpcf7-form-control-wrap\" data-name=\"your-door-model\"><input size=\"40\" maxlength=\"400\" class=\"wpcf7-form-control wpcf7-text wpcf7-validates-as-required\" aria-required=\"true\" aria-invalid=\"false\" value=\"\" type=\"text\" name=\"your-door-model\" \/><\/span> \n<label>Data zakupu(*)<\/label><span class=\"wpcf7-form-control-wrap\" data-name=\"your-date\"><input class=\"wpcf7-form-control wpcf7-date wpcf7-validates-as-required wpcf7-validates-as-date\" aria-required=\"true\" aria-invalid=\"false\" value=\"\" type=\"date\" name=\"your-date\" \/><\/span>\n<label>Nr dowodu zakupu(*)<\/label><span class=\"wpcf7-form-control-wrap\" data-name=\"your-paragon\"><input size=\"40\" maxlength=\"400\" class=\"wpcf7-form-control wpcf7-text wpcf7-validates-as-required\" aria-required=\"true\" aria-invalid=\"false\" value=\"\" type=\"text\" name=\"your-paragon\" \/><\/span> \n<label>Nazwa punktu sprzeda\u017cy<\/label><span class=\"wpcf7-form-control-wrap\" data-name=\"your-partner\"><textarea cols=\"40\" rows=\"10\" maxlength=\"2000\" class=\"wpcf7-form-control wpcf7-textarea\" aria-invalid=\"false\" name=\"your-partner\"><\/textarea><\/span> \n<label>Nr certyfikatu monta\u017cysty<br><span>(sprawd\u017a czy nie up\u0142yn\u0105\u0142 termin wa\u017cno\u015bci)<\/span>(*)\n<\/label><span class=\"wpcf7-form-control-wrap\" data-name=\"your-certyficate\"><input size=\"40\" maxlength=\"400\" class=\"wpcf7-form-control wpcf7-text wpcf7-validates-as-required\" aria-required=\"true\" aria-invalid=\"false\" value=\"\" type=\"text\" name=\"your-certyficate\" \/><\/span> \n<label  class=\"full\">Sk\u0105d dowiedzia\u0142 si\u0119 Pan\/Pani o produkcie GERDA<\/label><div class=\"list\"><span class=\"wpcf7-form-control-wrap\" data-name=\"your-from\"><span class=\"wpcf7-form-control wpcf7-checkbox\"><span class=\"wpcf7-list-item first\"><input type=\"checkbox\" name=\"your-from[]\" value=\"folder \/ katalog Gerda\" \/><span class=\"wpcf7-list-item-label\">folder \/ katalog Gerda<\/span><\/span><span class=\"wpcf7-list-item\"><input type=\"checkbox\" name=\"your-from[]\" value=\"strona internetowa Gerda\" \/><span class=\"wpcf7-list-item-label\">strona internetowa Gerda<\/span><\/span><span class=\"wpcf7-list-item\"><input type=\"checkbox\" name=\"your-from[]\" value=\"prasa\" \/><span class=\"wpcf7-list-item-label\">prasa<\/span><\/span><span class=\"wpcf7-list-item\"><input type=\"checkbox\" name=\"your-from[]\" value=\"radio\" \/><span class=\"wpcf7-list-item-label\">radio<\/span><\/span><span class=\"wpcf7-list-item\"><input type=\"checkbox\" name=\"your-from[]\" value=\"TV\" \/><span class=\"wpcf7-list-item-label\">TV<\/span><\/span><span class=\"wpcf7-list-item\"><input type=\"checkbox\" name=\"your-from[]\" value=\"reklama zewn\u0119trzna\" \/><span class=\"wpcf7-list-item-label\">reklama zewn\u0119trzna<\/span><\/span><span class=\"wpcf7-list-item\"><input type=\"checkbox\" name=\"your-from[]\" value=\"internet - reklama\" \/><span class=\"wpcf7-list-item-label\">internet - reklama<\/span><\/span><span class=\"wpcf7-list-item\"><input type=\"checkbox\" name=\"your-from[]\" value=\"znajomi\" \/><span class=\"wpcf7-list-item-label\">znajomi<\/span><\/span><span class=\"wpcf7-list-item last\"><input type=\"checkbox\" name=\"your-from[]\" value=\"informacja na opakowaniu \/ wewn\u0105trz opakowania\" \/><span class=\"wpcf7-list-item-label\">informacja na opakowaniu \/ wewn\u0105trz opakowania<\/span><\/span><\/span><\/span><\/div>\n<label class=\"full\">Co wp\u0142yn\u0119\u0142o na decyzj\u0119 zakupu drzwi GERDA<\/label><div class=\"list\"><span class=\"wpcf7-form-control-wrap\" data-name=\"your-what\"><span class=\"wpcf7-form-control wpcf7-checkbox\"><span class=\"wpcf7-list-item first\"><input type=\"checkbox\" name=\"your-what[]\" value=\"marka\" \/><span class=\"wpcf7-list-item-label\">marka<\/span><\/span><span class=\"wpcf7-list-item\"><input type=\"checkbox\" name=\"your-what[]\" value=\"cena\" \/><span class=\"wpcf7-list-item-label\">cena<\/span><\/span><span class=\"wpcf7-list-item\"><input type=\"checkbox\" name=\"your-what[]\" value=\"cechy i wyposa\u017cenie produktu\" \/><span class=\"wpcf7-list-item-label\">cechy i wyposa\u017cenie produktu<\/span><\/span><span class=\"wpcf7-list-item\"><input type=\"checkbox\" name=\"your-what[]\" value=\"estetyka\" \/><span class=\"wpcf7-list-item-label\">estetyka<\/span><\/span><span class=\"wpcf7-list-item\"><input type=\"checkbox\" name=\"your-what[]\" value=\"polecenie przez znajomych\" \/><span class=\"wpcf7-list-item-label\">polecenie przez znajomych<\/span><\/span><span class=\"wpcf7-list-item last\"><input type=\"checkbox\" name=\"your-what[]\" value=\"sprzedawca\" \/><span class=\"wpcf7-list-item-label\">sprzedawca<\/span><\/span><\/span><\/span><\/div>\n<label>P\u0142e\u0107<\/label><div class=\"list\"><span class=\"wpcf7-form-control-wrap\" data-name=\"your-sex\"><span class=\"wpcf7-form-control wpcf7-checkbox wpcf7-exclusive-checkbox\"><span class=\"wpcf7-list-item first\"><input type=\"checkbox\" name=\"your-sex\" value=\"Kobieta\" \/><span class=\"wpcf7-list-item-label\">Kobieta<\/span><\/span><span class=\"wpcf7-list-item last\"><input type=\"checkbox\" name=\"your-sex\" value=\"M\u0119\u017cczyzna\" \/><span class=\"wpcf7-list-item-label\">M\u0119\u017cczyzna<\/span><\/span><\/span><\/span><\/div>\n<label>Przedzia\u0142 wiekowy<\/label><div class=\"list\"><span class=\"wpcf7-form-control-wrap\" data-name=\"your-age\"><span class=\"wpcf7-form-control wpcf7-checkbox wpcf7-exclusive-checkbox\"><span class=\"wpcf7-list-item first\"><input type=\"checkbox\" name=\"your-age\" value=\"poni\u017cej 25\" \/><span class=\"wpcf7-list-item-label\">poni\u017cej 25<\/span><\/span><span class=\"wpcf7-list-item\"><input type=\"checkbox\" name=\"your-age\" value=\"26-35\" \/><span class=\"wpcf7-list-item-label\">26-35<\/span><\/span><span class=\"wpcf7-list-item\"><input type=\"checkbox\" name=\"your-age\" value=\"36-40\" \/><span class=\"wpcf7-list-item-label\">36-40<\/span><\/span><span class=\"wpcf7-list-item\"><input type=\"checkbox\" name=\"your-age\" value=\"41-50\" \/><span class=\"wpcf7-list-item-label\">41-50<\/span><\/span><span class=\"wpcf7-list-item last\"><input type=\"checkbox\" name=\"your-age\" value=\"powy\u017cej 51\" \/><span class=\"wpcf7-list-item-label\">powy\u017cej 51<\/span><\/span><\/span><\/span><\/div>\n<div class=\"rules\">\n<div class=\"acceptance\">\n<span class=\"wpcf7-form-control-wrap\" data-name=\"acceptance\"><span class=\"wpcf7-form-control wpcf7-checkbox wpcf7-validates-as-required\"><span class=\"wpcf7-list-item first last\"><input type=\"checkbox\" name=\"acceptance[]\" value=\"tak\" \/><span class=\"wpcf7-list-item-label\">tak<\/span><\/span><\/span><\/span> (*) Zapozna\u0142am\/em si\u0119 z informacj\u0105 o przetwarzaniu danych osobowych. <a href=\"https:\/\/gerda.pl\/serwis\/o-nas\/polityka-prywatnosci-przetwarzanie-danych-osobowych\/\">Poka\u017c informacj\u0119 o przetwarzaniu danych<\/a>.\n<\/div>\n<\/div>\n<div class=\"submit-container\">\n<div class=\"submit-button\"><input class=\"wpcf7-form-control wpcf7-submit has-spinner\" type=\"submit\" value=\"Wy\u015blij\" \/><\/div>\n<\/div>\n<\/div><div class=\"wpcf7-response-output\" aria-hidden=\"true\"><\/div>\n<\/form>\n<\/div>\n\n\n\n\n<div style=\"height:51px\" aria-hidden=\"true\" class=\"wp-block-spacer\"><\/div>\n\n\n\n<p><\/p>\n","protected":false},"excerpt":{"rendered":"<p>Zarejestruj swoje drzwi GERDA W celu uzyskania 36-miesi\u0119cznego okresu gwarancyjnego dokonaj rejestracji produktu poprzez wype\u0142nienie poni\u017cszego formularza lub drog\u0105 pocztow\u0105 na adres Gerda Sp. z o.o. Soko\u0142\u00f3w, ul. Soko\u0142owska 49, 05-806 Komor\u00f3w. Dane oznaczone (*) s\u0105 wymagane, pozosta\u0142e informacje s\u0105 dobrowolne.<\/p>\n","protected":false},"author":1,"featured_media":0,"parent":27358,"menu_order":0,"comment_status":"closed","ping_status":"closed","template":"","meta":{"_acf_changed":false,"om_disable_all_campaigns":false,"inline_featured_image":false,"_monsterinsights_skip_tracking":false,"_monsterinsights_sitenote_active":false,"_monsterinsights_sitenote_note":"","_monsterinsights_sitenote_category":0,"footnotes":"","_links_to":"","_links_to_target":""},"class_list":["post-31227","page","type-page","status-publish","hentry"],"acf":[],"yoast_head":"<!-- This site is optimized with the Yoast SEO plugin v27.4 - https:\/\/yoast.com\/product\/yoast-seo-wordpress\/ -->\n<title>Zarejestruj sw\u00f3j produkt - Gerda<\/title>\n<meta name=\"robots\" content=\"index, follow, max-snippet:-1, max-image-preview:large, max-video-preview:-1\" \/>\n<meta property=\"og:locale\" content=\"ru_RU\" \/>\n<meta property=\"og:type\" content=\"article\" \/>\n<meta property=\"og:title\" content=\"Zarejestruj sw\u00f3j produkt - Gerda\" \/>\n<meta property=\"og:description\" content=\"Zarejestruj swoje drzwi GERDA W celu uzyskania 36-miesi\u0119cznego okresu gwarancyjnego dokonaj rejestracji produktu poprzez wype\u0142nienie poni\u017cszego formularza lub drog\u0105 pocztow\u0105 na adres Gerda Sp. z o.o. Soko\u0142\u00f3w, ul. Soko\u0142owska 49, 05-806 Komor\u00f3w. Dane oznaczone (*) s\u0105 wymagane, pozosta\u0142e informacje s\u0105 dobrowolne.\" \/>\n<meta property=\"og:url\" content=\"https:\/\/gerda.pl\/ru\/serwis\/pomoc\/zarejestruj-swoj-produkt\/\" \/>\n<meta property=\"og:site_name\" content=\"Gerda\" \/>\n<meta property=\"article:publisher\" content=\"https:\/\/www.facebook.com\/gerda.zamki.drzwi.bramy\" \/>\n<meta property=\"article:modified_time\" content=\"2025-03-18T12:51:45+00:00\" \/>\n<meta name=\"twitter:card\" content=\"summary_large_image\" \/>\n<script type=\"application\/ld+json\" class=\"yoast-schema-graph\">{\"@context\":\"https:\\\/\\\/schema.org\",\"@graph\":[{\"@type\":\"WebPage\",\"@id\":\"https:\\\/\\\/gerda.pl\\\/ru\\\/serwis\\\/pomoc\\\/zarejestruj-swoj-produkt\\\/\",\"url\":\"https:\\\/\\\/gerda.pl\\\/ru\\\/serwis\\\/pomoc\\\/zarejestruj-swoj-produkt\\\/\",\"name\":\"Zarejestruj sw\u00f3j produkt - Gerda\",\"isPartOf\":{\"@id\":\"https:\\\/\\\/gerda.pl\\\/ru\\\/#website\"},\"datePublished\":\"2021-06-29T09:16:45+00:00\",\"dateModified\":\"2025-03-18T12:51:45+00:00\",\"breadcrumb\":{\"@id\":\"https:\\\/\\\/gerda.pl\\\/ru\\\/serwis\\\/pomoc\\\/zarejestruj-swoj-produkt\\\/#breadcrumb\"},\"inLanguage\":\"ru-RU\",\"potentialAction\":[{\"@type\":\"ReadAction\",\"target\":[\"https:\\\/\\\/gerda.pl\\\/ru\\\/serwis\\\/pomoc\\\/zarejestruj-swoj-produkt\\\/\"]}]},{\"@type\":\"BreadcrumbList\",\"@id\":\"https:\\\/\\\/gerda.pl\\\/ru\\\/serwis\\\/pomoc\\\/zarejestruj-swoj-produkt\\\/#breadcrumb\",\"itemListElement\":[{\"@type\":\"ListItem\",\"position\":1,\"name\":\"\u0414\u043e\u043c\",\"item\":\"https:\\\/\\\/gerda.pl\\\/ru\\\/\"},{\"@type\":\"ListItem\",\"position\":2,\"name\":\"Serwis\",\"item\":\"https:\\\/\\\/gerda.pl\\\/ru\\\/serwis\\\/\"},{\"@type\":\"ListItem\",\"position\":3,\"name\":\"Pomoc\",\"item\":\"https:\\\/\\\/gerda.pl\\\/ru\\\/serwis\\\/pomoc\\\/\"},{\"@type\":\"ListItem\",\"position\":4,\"name\":\"Zarejestruj sw\u00f3j produkt\"}]},{\"@type\":\"WebSite\",\"@id\":\"https:\\\/\\\/gerda.pl\\\/ru\\\/#website\",\"url\":\"https:\\\/\\\/gerda.pl\\\/ru\\\/\",\"name\":\"Gerda\",\"description\":\"Producent drzwi i zamk\u00f3w do drzwi\",\"publisher\":{\"@id\":\"https:\\\/\\\/gerda.pl\\\/ru\\\/#organization\"},\"potentialAction\":[{\"@type\":\"SearchAction\",\"target\":{\"@type\":\"EntryPoint\",\"urlTemplate\":\"https:\\\/\\\/gerda.pl\\\/ru\\\/?s={search_term_string}\"},\"query-input\":{\"@type\":\"PropertyValueSpecification\",\"valueRequired\":true,\"valueName\":\"search_term_string\"}}],\"inLanguage\":\"ru-RU\"},{\"@type\":\"Organization\",\"@id\":\"https:\\\/\\\/gerda.pl\\\/ru\\\/#organization\",\"name\":\"Gerda\",\"url\":\"https:\\\/\\\/gerda.pl\\\/ru\\\/\",\"logo\":{\"@type\":\"ImageObject\",\"inLanguage\":\"ru-RU\",\"@id\":\"https:\\\/\\\/gerda.pl\\\/ru\\\/#\\\/schema\\\/logo\\\/image\\\/\",\"url\":\"https:\\\/\\\/gerda.pl\\\/wp-content\\\/uploads\\\/2025\\\/11\\\/Logo-Gerda_GLOBAL_rgb1-scaled.png\",\"contentUrl\":\"https:\\\/\\\/gerda.pl\\\/wp-content\\\/uploads\\\/2025\\\/11\\\/Logo-Gerda_GLOBAL_rgb1-scaled.png\",\"width\":2560,\"height\":699,\"caption\":\"Gerda\"},\"image\":{\"@id\":\"https:\\\/\\\/gerda.pl\\\/ru\\\/#\\\/schema\\\/logo\\\/image\\\/\"},\"sameAs\":[\"https:\\\/\\\/www.facebook.com\\\/gerda.zamki.drzwi.bramy\"]}]}<\/script>\n<!-- \/ Yoast SEO plugin. -->","yoast_head_json":{"title":"Zarejestruj sw\u00f3j produkt - Gerda","robots":{"index":"index","follow":"follow","max-snippet":"max-snippet:-1","max-image-preview":"max-image-preview:large","max-video-preview":"max-video-preview:-1"},"og_locale":"ru_RU","og_type":"article","og_title":"Zarejestruj sw\u00f3j produkt - Gerda","og_description":"Zarejestruj swoje drzwi GERDA W celu uzyskania 36-miesi\u0119cznego okresu gwarancyjnego dokonaj rejestracji produktu poprzez wype\u0142nienie poni\u017cszego formularza lub drog\u0105 pocztow\u0105 na adres Gerda Sp. z o.o. Soko\u0142\u00f3w, ul. Soko\u0142owska 49, 05-806 Komor\u00f3w. Dane oznaczone (*) s\u0105 wymagane, pozosta\u0142e informacje s\u0105 dobrowolne.","og_url":"https:\/\/gerda.pl\/ru\/serwis\/pomoc\/zarejestruj-swoj-produkt\/","og_site_name":"Gerda","article_publisher":"https:\/\/www.facebook.com\/gerda.zamki.drzwi.bramy","article_modified_time":"2025-03-18T12:51:45+00:00","twitter_card":"summary_large_image","schema":{"@context":"https:\/\/schema.org","@graph":[{"@type":"WebPage","@id":"https:\/\/gerda.pl\/ru\/serwis\/pomoc\/zarejestruj-swoj-produkt\/","url":"https:\/\/gerda.pl\/ru\/serwis\/pomoc\/zarejestruj-swoj-produkt\/","name":"Zarejestruj sw\u00f3j produkt - Gerda","isPartOf":{"@id":"https:\/\/gerda.pl\/ru\/#website"},"datePublished":"2021-06-29T09:16:45+00:00","dateModified":"2025-03-18T12:51:45+00:00","breadcrumb":{"@id":"https:\/\/gerda.pl\/ru\/serwis\/pomoc\/zarejestruj-swoj-produkt\/#breadcrumb"},"inLanguage":"ru-RU","potentialAction":[{"@type":"ReadAction","target":["https:\/\/gerda.pl\/ru\/serwis\/pomoc\/zarejestruj-swoj-produkt\/"]}]},{"@type":"BreadcrumbList","@id":"https:\/\/gerda.pl\/ru\/serwis\/pomoc\/zarejestruj-swoj-produkt\/#breadcrumb","itemListElement":[{"@type":"ListItem","position":1,"name":"\u0414\u043e\u043c","item":"https:\/\/gerda.pl\/ru\/"},{"@type":"ListItem","position":2,"name":"Serwis","item":"https:\/\/gerda.pl\/ru\/serwis\/"},{"@type":"ListItem","position":3,"name":"Pomoc","item":"https:\/\/gerda.pl\/ru\/serwis\/pomoc\/"},{"@type":"ListItem","position":4,"name":"Zarejestruj sw\u00f3j produkt"}]},{"@type":"WebSite","@id":"https:\/\/gerda.pl\/ru\/#website","url":"https:\/\/gerda.pl\/ru\/","name":"Gerda","description":"Producent drzwi i zamk\u00f3w do drzwi","publisher":{"@id":"https:\/\/gerda.pl\/ru\/#organization"},"potentialAction":[{"@type":"SearchAction","target":{"@type":"EntryPoint","urlTemplate":"https:\/\/gerda.pl\/ru\/?s={search_term_string}"},"query-input":{"@type":"PropertyValueSpecification","valueRequired":true,"valueName":"search_term_string"}}],"inLanguage":"ru-RU"},{"@type":"Organization","@id":"https:\/\/gerda.pl\/ru\/#organization","name":"Gerda","url":"https:\/\/gerda.pl\/ru\/","logo":{"@type":"ImageObject","inLanguage":"ru-RU","@id":"https:\/\/gerda.pl\/ru\/#\/schema\/logo\/image\/","url":"https:\/\/gerda.pl\/wp-content\/uploads\/2025\/11\/Logo-Gerda_GLOBAL_rgb1-scaled.png","contentUrl":"https:\/\/gerda.pl\/wp-content\/uploads\/2025\/11\/Logo-Gerda_GLOBAL_rgb1-scaled.png","width":2560,"height":699,"caption":"Gerda"},"image":{"@id":"https:\/\/gerda.pl\/ru\/#\/schema\/logo\/image\/"},"sameAs":["https:\/\/www.facebook.com\/gerda.zamki.drzwi.bramy"]}]}},"_links":{"self":[{"href":"https:\/\/gerda.pl\/ru\/wp-json\/wp\/v2\/pages\/31227","targetHints":{"allow":["GET"]}}],"collection":[{"href":"https:\/\/gerda.pl\/ru\/wp-json\/wp\/v2\/pages"}],"about":[{"href":"https:\/\/gerda.pl\/ru\/wp-json\/wp\/v2\/types\/page"}],"author":[{"embeddable":true,"href":"https:\/\/gerda.pl\/ru\/wp-json\/wp\/v2\/users\/1"}],"replies":[{"embeddable":true,"href":"https:\/\/gerda.pl\/ru\/wp-json\/wp\/v2\/comments?post=31227"}],"version-history":[{"count":3,"href":"https:\/\/gerda.pl\/ru\/wp-json\/wp\/v2\/pages\/31227\/revisions"}],"predecessor-version":[{"id":67878,"href":"https:\/\/gerda.pl\/ru\/wp-json\/wp\/v2\/pages\/31227\/revisions\/67878"}],"up":[{"embeddable":true,"href":"https:\/\/gerda.pl\/ru\/wp-json\/wp\/v2\/pages\/27358"}],"wp:attachment":[{"href":"https:\/\/gerda.pl\/ru\/wp-json\/wp\/v2\/media?parent=31227"}],"curies":[{"name":"wp","href":"https:\/\/api.w.org\/{rel}","templated":true}]}}