{"id":31233,"date":"2021-10-21T11:52:09","date_gmt":"2021-10-21T10:52:09","guid":{"rendered":"https:\/\/gerda.pl\/serwis\/do-pobrania\/materialy-marketingowe\/"},"modified":"2021-10-21T11:52:09","modified_gmt":"2021-10-21T10:52:09","slug":"materialy-marketingowe","status":"publish","type":"page","link":"https:\/\/gerda.pl\/ru\/serwis\/do-pobrania\/materialy-marketingowe\/","title":{"rendered":"Materia\u0142y marketingowe"},"content":{"rendered":"\n<p><\/p>\n\n\n\n<h4 class=\"has-text-align-center wp-block-heading\">Tre\u015b\u0107 dost\u0119pna dla zalogowanych u\u017cytkownik\u00f3w.<\/h4>\n\n\n\n<h2 class=\"has-text-align-center has-blue-color has-text-color wp-block-heading\">Materia\u0142y marketingowe<\/h2>\n\n\n\n<div class=\"wp-block-cover alignfull\" style=\"min-height:400px;aspect-ratio:unset;\"><img loading=\"lazy\" decoding=\"async\" width=\"2560\" height=\"1705\" class=\"wp-block-cover__image-background wp-image-27513\" alt=\"\" src=\"https:\/\/gerda.pl\/wp-content\/uploads\/2021\/10\/AGC-Linz-2_3.jpeg\" style=\"object-position:61% 70%\" data-object-fit=\"cover\" data-object-position=\"61% 70%\" srcset=\"https:\/\/gerda.pl\/wp-content\/uploads\/2021\/10\/AGC-Linz-2_3.jpeg 2560w, https:\/\/gerda.pl\/wp-content\/uploads\/2021\/10\/AGC-Linz-2_3-300x200.jpeg 300w, https:\/\/gerda.pl\/wp-content\/uploads\/2021\/10\/AGC-Linz-2_3-1024x682.jpeg 1024w, https:\/\/gerda.pl\/wp-content\/uploads\/2021\/10\/AGC-Linz-2_3-768x512.jpeg 768w, https:\/\/gerda.pl\/wp-content\/uploads\/2021\/10\/AGC-Linz-2_3-1536x1023.jpeg 1536w, https:\/\/gerda.pl\/wp-content\/uploads\/2021\/10\/AGC-Linz-2_3-2048x1364.jpeg 2048w\" sizes=\"auto, (max-width: 2560px) 100vw, 2560px\" \/><div class=\"wp-block-cover__inner-container is-layout-flow wp-block-cover-is-layout-flow\">\n<p class=\"has-text-align-center has-large-font-size\"><\/p>\n<\/div><\/div>\n\n\n\n<div style=\"height:50px\" aria-hidden=\"true\" class=\"wp-block-spacer\"><\/div>\n\n\n\n<h2 class=\"has-text-align-center has-blue-color has-text-color wp-block-heading\">Pliki do pobrania<\/h2>\n\n\n\n<div class=\"downloads\">\n\t<div class=\"container\">\n\t\t<div class=\"row\">\n\t\t\t\t\t\t\t<div class=\"col-12 col-md-6 col-lg-4\">\n\t\t\t\t<div class=\"folder-element\">\n\t\t\t\t\t\t\t\t\t\t<img decoding=\"async\" src=\"https:\/\/gerda.pl\/wp-content\/uploads\/2021\/11\/GERDA-logo.jpg\" alt=\"Logo GERDA\">\n\t\t\t\t\t<h3>Logo GERDA<\/h3>\n\t\t\t\t\t<a href=\"https:\/\/gerda.pl\/wp-content\/uploads\/2021\/10\/KWF-Bamberg-1.jpeg\">\u0421\u043a\u0430\u0447\u0430\u0442\u044c PDF<img decoding=\"async\" src=\"https:\/\/gerda.pl\/wp-content\/themes\/gerda\/assets\/svg\/download-file.svg\" alt=\"Logo GERDA\"><\/a>\n\t\t\t\t<\/div>\n\t\t\t<\/div>\n\t\t\t\t\t\t\t<div class=\"col-12 col-md-6 col-lg-4\">\n\t\t\t\t<div class=\"folder-element\">\n\t\t\t\t\t\t\t\t\t\t<img decoding=\"async\" src=\"https:\/\/gerda.pl\/wp-content\/uploads\/2021\/11\/Drzwi-1.jpg\" alt=\"Rendery - Drzwi do domu\">\n\t\t\t\t\t<h3>Rendery &#8212; Drzwi do domu<\/h3>\n\t\t\t\t\t<a href=\"https:\/\/gerda.pl\/wp-content\/uploads\/2019\/12\/Marmur_2021-1.jpeg\">\u0421\u043a\u0430\u0447\u0430\u0442\u044c PDF<img decoding=\"async\" src=\"https:\/\/gerda.pl\/wp-content\/themes\/gerda\/assets\/svg\/download-file.svg\" alt=\"Rendery - Drzwi do domu\"><\/a>\n\t\t\t\t<\/div>\n\t\t\t<\/div>\n\t\t\t\t\t\t\t<div class=\"col-12 col-md-6 col-lg-4\">\n\t\t\t\t<div class=\"folder-element\">\n\t\t\t\t\t\t\t\t\t\t<img decoding=\"async\" src=\"https:\/\/gerda.pl\/wp-content\/uploads\/2021\/11\/Drzwi-do-mieszkan.jpg\" alt=\"Rendery - Drzwi do mieszka\u0144\">\n\t\t\t\t\t<h3>Rendery &#8212; Drzwi do mieszka\u0144<\/h3>\n\t\t\t\t\t<a href=\"\">\u0421\u043a\u0430\u0447\u0430\u0442\u044c PDF<img decoding=\"async\" src=\"https:\/\/gerda.pl\/wp-content\/themes\/gerda\/assets\/svg\/download-file.svg\" alt=\"Rendery - Drzwi do mieszka\u0144\"><\/a>\n\t\t\t\t<\/div>\n\t\t\t<\/div>\n\t\t\t\t\t\t\t<div class=\"col-12 col-md-6 col-lg-4\">\n\t\t\t\t<div class=\"folder-element\">\n\t\t\t\t\t\t\t\t\t\t<img decoding=\"async\" src=\"https:\/\/gerda.pl\/wp-content\/uploads\/2021\/11\/Bramy-4.jpg\" alt=\"Rendery - Bramy gara\u017cowe\">\n\t\t\t\t\t<h3>Rendery &#8212; Bramy gara\u017cowe<\/h3>\n\t\t\t\t\t<a href=\"\">\u0421\u043a\u0430\u0447\u0430\u0442\u044c PDF<img decoding=\"async\" src=\"https:\/\/gerda.pl\/wp-content\/themes\/gerda\/assets\/svg\/download-file.svg\" alt=\"Rendery - Bramy gara\u017cowe\"><\/a>\n\t\t\t\t<\/div>\n\t\t\t<\/div>\n\t\t\t\t\t\t\t<div class=\"col-12 col-md-6 col-lg-4\">\n\t\t\t\t<div class=\"folder-element\">\n\t\t\t\t\t\t\t\t\t\t<img decoding=\"async\" src=\"https:\/\/gerda.pl\/wp-content\/uploads\/2021\/11\/Wizualizacje-drzwi-1.jpg\" alt=\"Wizualizacje 3d - Drzwi\">\n\t\t\t\t\t<h3>Wizualizacje 3d &#8212; Drzwi<\/h3>\n\t\t\t\t\t<a href=\"\">\u0421\u043a\u0430\u0447\u0430\u0442\u044c PDF<img decoding=\"async\" src=\"https:\/\/gerda.pl\/wp-content\/themes\/gerda\/assets\/svg\/download-file.svg\" alt=\"Wizualizacje 3d - Drzwi\"><\/a>\n\t\t\t\t<\/div>\n\t\t\t<\/div>\n\t\t\t\t\t\t\t<div class=\"col-12 col-md-6 col-lg-4\">\n\t\t\t\t<div class=\"folder-element\">\n\t\t\t\t\t\t\t\t\t\t<img decoding=\"async\" src=\"https:\/\/gerda.pl\/wp-content\/uploads\/2021\/11\/Wizualizacje-bramy-2.jpg\" alt=\"Wizualizacje 3d - Bramy gara\u017cowe\">\n\t\t\t\t\t<h3>Wizualizacje 3d &#8212; Bramy gara\u017cowe<\/h3>\n\t\t\t\t\t<a href=\"\">\u0421\u043a\u0430\u0447\u0430\u0442\u044c PDF<img decoding=\"async\" src=\"https:\/\/gerda.pl\/wp-content\/themes\/gerda\/assets\/svg\/download-file.svg\" alt=\"Wizualizacje 3d - Bramy gara\u017cowe\"><\/a>\n\t\t\t\t<\/div>\n\t\t\t<\/div>\n\t\t\t\t\t<\/div>\n\t<\/div>\n<\/div>\n","protected":false},"excerpt":{"rendered":"<p>Tre\u015b\u0107 dost\u0119pna dla zalogowanych u\u017cytkownik\u00f3w. Materia\u0142y marketingowe Pliki do pobrania<\/p>\n","protected":false},"author":1,"featured_media":0,"parent":20888,"menu_order":0,"comment_status":"closed","ping_status":"closed","template":"page-for-logged-in.php","meta":{"_acf_changed":false,"om_disable_all_campaigns":false,"inline_featured_image":false,"_monsterinsights_skip_tracking":false,"_monsterinsights_sitenote_active":false,"_monsterinsights_sitenote_note":"","_monsterinsights_sitenote_category":0,"footnotes":"","_links_to":"","_links_to_target":""},"class_list":["post-31233","page","type-page","status-publish","hentry"],"acf":[],"yoast_head":"<!-- This site is optimized with the Yoast SEO plugin v27.3 - https:\/\/yoast.com\/product\/yoast-seo-wordpress\/ -->\n<title>Materia\u0142y marketingowe - Gerda<\/title>\n<meta name=\"robots\" content=\"index, follow, max-snippet:-1, max-image-preview:large, max-video-preview:-1\" \/>\n<meta property=\"og:locale\" content=\"ru_RU\" \/>\n<meta property=\"og:type\" content=\"article\" \/>\n<meta property=\"og:title\" content=\"Materia\u0142y marketingowe - Gerda\" \/>\n<meta property=\"og:description\" content=\"Tre\u015b\u0107 dost\u0119pna dla zalogowanych u\u017cytkownik\u00f3w. Materia\u0142y marketingowe Pliki do pobrania\" \/>\n<meta property=\"og:url\" content=\"https:\/\/gerda.pl\/ru\/serwis\/do-pobrania\/materialy-marketingowe\/\" \/>\n<meta property=\"og:site_name\" content=\"Gerda\" \/>\n<meta property=\"article:publisher\" content=\"https:\/\/www.facebook.com\/gerda.zamki.drzwi.bramy\" \/>\n<meta property=\"og:image\" content=\"https:\/\/gerda.pl\/wp-content\/uploads\/2021\/10\/AGC-Linz-2_3.jpeg\" \/>\n<meta name=\"twitter:card\" content=\"summary_large_image\" \/>\n<script type=\"application\/ld+json\" class=\"yoast-schema-graph\">{\"@context\":\"https:\\\/\\\/schema.org\",\"@graph\":[{\"@type\":\"WebPage\",\"@id\":\"https:\\\/\\\/gerda.pl\\\/ru\\\/serwis\\\/do-pobrania\\\/materialy-marketingowe\\\/\",\"url\":\"https:\\\/\\\/gerda.pl\\\/ru\\\/serwis\\\/do-pobrania\\\/materialy-marketingowe\\\/\",\"name\":\"Materia\u0142y marketingowe - Gerda\",\"isPartOf\":{\"@id\":\"https:\\\/\\\/gerda.pl\\\/ru\\\/#website\"},\"primaryImageOfPage\":{\"@id\":\"https:\\\/\\\/gerda.pl\\\/ru\\\/serwis\\\/do-pobrania\\\/materialy-marketingowe\\\/#primaryimage\"},\"image\":{\"@id\":\"https:\\\/\\\/gerda.pl\\\/ru\\\/serwis\\\/do-pobrania\\\/materialy-marketingowe\\\/#primaryimage\"},\"thumbnailUrl\":\"https:\\\/\\\/gerda.pl\\\/wp-content\\\/uploads\\\/2021\\\/10\\\/AGC-Linz-2_3.jpeg\",\"datePublished\":\"2021-10-21T10:52:09+00:00\",\"breadcrumb\":{\"@id\":\"https:\\\/\\\/gerda.pl\\\/ru\\\/serwis\\\/do-pobrania\\\/materialy-marketingowe\\\/#breadcrumb\"},\"inLanguage\":\"ru-RU\",\"potentialAction\":[{\"@type\":\"ReadAction\",\"target\":[\"https:\\\/\\\/gerda.pl\\\/ru\\\/serwis\\\/do-pobrania\\\/materialy-marketingowe\\\/\"]}]},{\"@type\":\"ImageObject\",\"inLanguage\":\"ru-RU\",\"@id\":\"https:\\\/\\\/gerda.pl\\\/ru\\\/serwis\\\/do-pobrania\\\/materialy-marketingowe\\\/#primaryimage\",\"url\":\"https:\\\/\\\/gerda.pl\\\/wp-content\\\/uploads\\\/2021\\\/10\\\/AGC-Linz-2_3.jpeg\",\"contentUrl\":\"https:\\\/\\\/gerda.pl\\\/wp-content\\\/uploads\\\/2021\\\/10\\\/AGC-Linz-2_3.jpeg\"},{\"@type\":\"BreadcrumbList\",\"@id\":\"https:\\\/\\\/gerda.pl\\\/ru\\\/serwis\\\/do-pobrania\\\/materialy-marketingowe\\\/#breadcrumb\",\"itemListElement\":[{\"@type\":\"ListItem\",\"position\":1,\"name\":\"\u0414\u043e\u043c\",\"item\":\"https:\\\/\\\/gerda.pl\\\/ru\\\/\"},{\"@type\":\"ListItem\",\"position\":2,\"name\":\"Serwis\",\"item\":\"https:\\\/\\\/gerda.pl\\\/ru\\\/serwis\\\/\"},{\"@type\":\"ListItem\",\"position\":3,\"name\":\"\u0421\u043a\u0430\u0447\u0430\u0442\u044c\",\"item\":\"https:\\\/\\\/gerda.pl\\\/ru\\\/serwis\\\/do-pobrania\\\/\"},{\"@type\":\"ListItem\",\"position\":4,\"name\":\"Materia\u0142y marketingowe\"}]},{\"@type\":\"WebSite\",\"@id\":\"https:\\\/\\\/gerda.pl\\\/ru\\\/#website\",\"url\":\"https:\\\/\\\/gerda.pl\\\/ru\\\/\",\"name\":\"Gerda\",\"description\":\"Producent drzwi i zamk\u00f3w do drzwi\",\"publisher\":{\"@id\":\"https:\\\/\\\/gerda.pl\\\/ru\\\/#organization\"},\"potentialAction\":[{\"@type\":\"SearchAction\",\"target\":{\"@type\":\"EntryPoint\",\"urlTemplate\":\"https:\\\/\\\/gerda.pl\\\/ru\\\/?s={search_term_string}\"},\"query-input\":{\"@type\":\"PropertyValueSpecification\",\"valueRequired\":true,\"valueName\":\"search_term_string\"}}],\"inLanguage\":\"ru-RU\"},{\"@type\":\"Organization\",\"@id\":\"https:\\\/\\\/gerda.pl\\\/ru\\\/#organization\",\"name\":\"Gerda\",\"url\":\"https:\\\/\\\/gerda.pl\\\/ru\\\/\",\"logo\":{\"@type\":\"ImageObject\",\"inLanguage\":\"ru-RU\",\"@id\":\"https:\\\/\\\/gerda.pl\\\/ru\\\/#\\\/schema\\\/logo\\\/image\\\/\",\"url\":\"https:\\\/\\\/gerda.pl\\\/wp-content\\\/uploads\\\/2025\\\/11\\\/Logo-Gerda_GLOBAL_rgb1-scaled.png\",\"contentUrl\":\"https:\\\/\\\/gerda.pl\\\/wp-content\\\/uploads\\\/2025\\\/11\\\/Logo-Gerda_GLOBAL_rgb1-scaled.png\",\"width\":2560,\"height\":699,\"caption\":\"Gerda\"},\"image\":{\"@id\":\"https:\\\/\\\/gerda.pl\\\/ru\\\/#\\\/schema\\\/logo\\\/image\\\/\"},\"sameAs\":[\"https:\\\/\\\/www.facebook.com\\\/gerda.zamki.drzwi.bramy\"]}]}<\/script>\n<!-- \/ Yoast SEO plugin. -->","yoast_head_json":{"title":"Materia\u0142y marketingowe - Gerda","robots":{"index":"index","follow":"follow","max-snippet":"max-snippet:-1","max-image-preview":"max-image-preview:large","max-video-preview":"max-video-preview:-1"},"og_locale":"ru_RU","og_type":"article","og_title":"Materia\u0142y marketingowe - Gerda","og_description":"Tre\u015b\u0107 dost\u0119pna dla zalogowanych u\u017cytkownik\u00f3w. Materia\u0142y marketingowe Pliki do pobrania","og_url":"https:\/\/gerda.pl\/ru\/serwis\/do-pobrania\/materialy-marketingowe\/","og_site_name":"Gerda","article_publisher":"https:\/\/www.facebook.com\/gerda.zamki.drzwi.bramy","og_image":[{"url":"https:\/\/gerda.pl\/wp-content\/uploads\/2021\/10\/AGC-Linz-2_3.jpeg","type":"","width":"","height":""}],"twitter_card":"summary_large_image","schema":{"@context":"https:\/\/schema.org","@graph":[{"@type":"WebPage","@id":"https:\/\/gerda.pl\/ru\/serwis\/do-pobrania\/materialy-marketingowe\/","url":"https:\/\/gerda.pl\/ru\/serwis\/do-pobrania\/materialy-marketingowe\/","name":"Materia\u0142y marketingowe - Gerda","isPartOf":{"@id":"https:\/\/gerda.pl\/ru\/#website"},"primaryImageOfPage":{"@id":"https:\/\/gerda.pl\/ru\/serwis\/do-pobrania\/materialy-marketingowe\/#primaryimage"},"image":{"@id":"https:\/\/gerda.pl\/ru\/serwis\/do-pobrania\/materialy-marketingowe\/#primaryimage"},"thumbnailUrl":"https:\/\/gerda.pl\/wp-content\/uploads\/2021\/10\/AGC-Linz-2_3.jpeg","datePublished":"2021-10-21T10:52:09+00:00","breadcrumb":{"@id":"https:\/\/gerda.pl\/ru\/serwis\/do-pobrania\/materialy-marketingowe\/#breadcrumb"},"inLanguage":"ru-RU","potentialAction":[{"@type":"ReadAction","target":["https:\/\/gerda.pl\/ru\/serwis\/do-pobrania\/materialy-marketingowe\/"]}]},{"@type":"ImageObject","inLanguage":"ru-RU","@id":"https:\/\/gerda.pl\/ru\/serwis\/do-pobrania\/materialy-marketingowe\/#primaryimage","url":"https:\/\/gerda.pl\/wp-content\/uploads\/2021\/10\/AGC-Linz-2_3.jpeg","contentUrl":"https:\/\/gerda.pl\/wp-content\/uploads\/2021\/10\/AGC-Linz-2_3.jpeg"},{"@type":"BreadcrumbList","@id":"https:\/\/gerda.pl\/ru\/serwis\/do-pobrania\/materialy-marketingowe\/#breadcrumb","itemListElement":[{"@type":"ListItem","position":1,"name":"\u0414\u043e\u043c","item":"https:\/\/gerda.pl\/ru\/"},{"@type":"ListItem","position":2,"name":"Serwis","item":"https:\/\/gerda.pl\/ru\/serwis\/"},{"@type":"ListItem","position":3,"name":"\u0421\u043a\u0430\u0447\u0430\u0442\u044c","item":"https:\/\/gerda.pl\/ru\/serwis\/do-pobrania\/"},{"@type":"ListItem","position":4,"name":"Materia\u0142y marketingowe"}]},{"@type":"WebSite","@id":"https:\/\/gerda.pl\/ru\/#website","url":"https:\/\/gerda.pl\/ru\/","name":"Gerda","description":"Producent drzwi i zamk\u00f3w do drzwi","publisher":{"@id":"https:\/\/gerda.pl\/ru\/#organization"},"potentialAction":[{"@type":"SearchAction","target":{"@type":"EntryPoint","urlTemplate":"https:\/\/gerda.pl\/ru\/?s={search_term_string}"},"query-input":{"@type":"PropertyValueSpecification","valueRequired":true,"valueName":"search_term_string"}}],"inLanguage":"ru-RU"},{"@type":"Organization","@id":"https:\/\/gerda.pl\/ru\/#organization","name":"Gerda","url":"https:\/\/gerda.pl\/ru\/","logo":{"@type":"ImageObject","inLanguage":"ru-RU","@id":"https:\/\/gerda.pl\/ru\/#\/schema\/logo\/image\/","url":"https:\/\/gerda.pl\/wp-content\/uploads\/2025\/11\/Logo-Gerda_GLOBAL_rgb1-scaled.png","contentUrl":"https:\/\/gerda.pl\/wp-content\/uploads\/2025\/11\/Logo-Gerda_GLOBAL_rgb1-scaled.png","width":2560,"height":699,"caption":"Gerda"},"image":{"@id":"https:\/\/gerda.pl\/ru\/#\/schema\/logo\/image\/"},"sameAs":["https:\/\/www.facebook.com\/gerda.zamki.drzwi.bramy"]}]}},"_links":{"self":[{"href":"https:\/\/gerda.pl\/ru\/wp-json\/wp\/v2\/pages\/31233","targetHints":{"allow":["GET"]}}],"collection":[{"href":"https:\/\/gerda.pl\/ru\/wp-json\/wp\/v2\/pages"}],"about":[{"href":"https:\/\/gerda.pl\/ru\/wp-json\/wp\/v2\/types\/page"}],"author":[{"embeddable":true,"href":"https:\/\/gerda.pl\/ru\/wp-json\/wp\/v2\/users\/1"}],"replies":[{"embeddable":true,"href":"https:\/\/gerda.pl\/ru\/wp-json\/wp\/v2\/comments?post=31233"}],"version-history":[{"count":0,"href":"https:\/\/gerda.pl\/ru\/wp-json\/wp\/v2\/pages\/31233\/revisions"}],"up":[{"embeddable":true,"href":"https:\/\/gerda.pl\/ru\/wp-json\/wp\/v2\/pages\/20888"}],"wp:attachment":[{"href":"https:\/\/gerda.pl\/ru\/wp-json\/wp\/v2\/media?parent=31233"}],"curies":[{"name":"wp","href":"https:\/\/api.w.org\/{rel}","templated":true}]}}