{"id":31942,"date":"2021-11-23T14:17:08","date_gmt":"2021-11-23T13:17:08","guid":{"rendered":"https:\/\/gerda.pl\/tedee\/zostan-partnerem-2\/"},"modified":"2023-08-31T12:40:27","modified_gmt":"2023-08-31T10:40:27","slug":"zostan-partnerem-tedee","status":"publish","type":"page","link":"https:\/\/gerda.pl\/ru\/tedee\/zostan-partnerem-tedee\/","title":{"rendered":"Zosta\u0144 partnerem tedee"},"content":{"rendered":"\n<div style=\"height:72px\" aria-hidden=\"true\" class=\"wp-block-spacer\"><\/div>\n\n\n\n<div style=\"height:50px\" aria-hidden=\"true\" class=\"wp-block-spacer\"><\/div>\n\n\n\n<h2 class=\"wp-block-heading has-text-align-center\">Zosta\u0144 partnerem tedee powered by GERDA<\/h2>\n\n\n<p class=\"wpcf7-contact-form-not-found\"><strong>\u041e\u0448\u0438\u0431\u043a\u0430:<\/strong> \u041a\u043e\u043d\u0442\u0430\u043a\u0442\u043d\u0430\u044f \u0444\u043e\u0440\u043c\u0430 \u043d\u0435 \u043d\u0430\u0439\u0434\u0435\u043d\u0430.<\/p>\n\n\n\n<div style=\"height:50px\" aria-hidden=\"true\" class=\"wp-block-spacer\"><\/div>\n\n\n\n<p>Kontakt dla zainteresowanych partner\u00f3w biznesowych:<br>tel.:&nbsp;<strong>+48 664 449 588<\/strong><\/p>\n\n\n\n<div style=\"height:50px\" aria-hidden=\"true\" class=\"wp-block-spacer\"><\/div>\n","protected":false},"excerpt":{"rendered":"<p>Zosta\u0144 partnerem tedee powered by GERDA Kontakt dla zainteresowanych partner\u00f3w biznesowych:tel.:&nbsp;+48 664 449 588<\/p>\n","protected":false},"author":1,"featured_media":0,"parent":31217,"menu_order":0,"comment_status":"closed","ping_status":"closed","template":"page-tedee-txt.php","meta":{"_acf_changed":false,"om_disable_all_campaigns":false,"inline_featured_image":false,"_monsterinsights_skip_tracking":false,"_monsterinsights_sitenote_active":false,"_monsterinsights_sitenote_note":"","_monsterinsights_sitenote_category":0,"footnotes":"","_links_to":"","_links_to_target":""},"class_list":["post-31942","page","type-page","status-publish","hentry"],"acf":[],"yoast_head":"<!-- This site is optimized with the Yoast SEO plugin v27.3 - https:\/\/yoast.com\/product\/yoast-seo-wordpress\/ -->\n<title>Zosta\u0144 partnerem tedee - Gerda<\/title>\n<meta name=\"robots\" content=\"index, follow, max-snippet:-1, max-image-preview:large, max-video-preview:-1\" \/>\n<meta property=\"og:locale\" content=\"ru_RU\" \/>\n<meta property=\"og:type\" content=\"article\" \/>\n<meta property=\"og:title\" content=\"Zosta\u0144 partnerem tedee - Gerda\" \/>\n<meta property=\"og:description\" content=\"Zosta\u0144 partnerem tedee powered by GERDA Kontakt dla zainteresowanych partner\u00f3w biznesowych:tel.:&nbsp;+48 664 449 588\" \/>\n<meta property=\"og:url\" content=\"https:\/\/gerda.pl\/ru\/tedee\/zostan-partnerem-tedee\/\" \/>\n<meta property=\"og:site_name\" content=\"Gerda\" \/>\n<meta property=\"article:publisher\" content=\"https:\/\/www.facebook.com\/gerda.zamki.drzwi.bramy\" \/>\n<meta property=\"article:modified_time\" content=\"2023-08-31T10:40:27+00:00\" \/>\n<meta name=\"twitter:card\" content=\"summary_large_image\" \/>\n<meta name=\"twitter:label1\" content=\"\u041f\u0440\u0438\u043c\u0435\u0440\u043d\u043e\u0435 \u0432\u0440\u0435\u043c\u044f \u0434\u043b\u044f \u0447\u0442\u0435\u043d\u0438\u044f\" \/>\n\t<meta name=\"twitter:data1\" content=\"1 \u043c\u0438\u043d\u0443\u0442\u0430\" \/>\n<script type=\"application\/ld+json\" class=\"yoast-schema-graph\">{\"@context\":\"https:\\\/\\\/schema.org\",\"@graph\":[{\"@type\":\"WebPage\",\"@id\":\"https:\\\/\\\/gerda.pl\\\/ru\\\/tedee\\\/zostan-partnerem-tedee\\\/\",\"url\":\"https:\\\/\\\/gerda.pl\\\/ru\\\/tedee\\\/zostan-partnerem-tedee\\\/\",\"name\":\"Zosta\u0144 partnerem tedee - Gerda\",\"isPartOf\":{\"@id\":\"https:\\\/\\\/gerda.pl\\\/ru\\\/#website\"},\"datePublished\":\"2021-11-23T13:17:08+00:00\",\"dateModified\":\"2023-08-31T10:40:27+00:00\",\"breadcrumb\":{\"@id\":\"https:\\\/\\\/gerda.pl\\\/ru\\\/tedee\\\/zostan-partnerem-tedee\\\/#breadcrumb\"},\"inLanguage\":\"ru-RU\",\"potentialAction\":[{\"@type\":\"ReadAction\",\"target\":[\"https:\\\/\\\/gerda.pl\\\/ru\\\/tedee\\\/zostan-partnerem-tedee\\\/\"]}]},{\"@type\":\"BreadcrumbList\",\"@id\":\"https:\\\/\\\/gerda.pl\\\/ru\\\/tedee\\\/zostan-partnerem-tedee\\\/#breadcrumb\",\"itemListElement\":[{\"@type\":\"ListItem\",\"position\":1,\"name\":\"\u0414\u043e\u043c\",\"item\":\"https:\\\/\\\/gerda.pl\\\/ru\\\/\"},{\"@type\":\"ListItem\",\"position\":2,\"name\":\"Tedee\",\"item\":\"https:\\\/\\\/gerda.pl\\\/ru\\\/tedee\\\/\"},{\"@type\":\"ListItem\",\"position\":3,\"name\":\"Zosta\u0144 partnerem tedee\"}]},{\"@type\":\"WebSite\",\"@id\":\"https:\\\/\\\/gerda.pl\\\/ru\\\/#website\",\"url\":\"https:\\\/\\\/gerda.pl\\\/ru\\\/\",\"name\":\"Gerda\",\"description\":\"Producent drzwi i zamk\u00f3w do drzwi\",\"publisher\":{\"@id\":\"https:\\\/\\\/gerda.pl\\\/ru\\\/#organization\"},\"potentialAction\":[{\"@type\":\"SearchAction\",\"target\":{\"@type\":\"EntryPoint\",\"urlTemplate\":\"https:\\\/\\\/gerda.pl\\\/ru\\\/?s={search_term_string}\"},\"query-input\":{\"@type\":\"PropertyValueSpecification\",\"valueRequired\":true,\"valueName\":\"search_term_string\"}}],\"inLanguage\":\"ru-RU\"},{\"@type\":\"Organization\",\"@id\":\"https:\\\/\\\/gerda.pl\\\/ru\\\/#organization\",\"name\":\"Gerda\",\"url\":\"https:\\\/\\\/gerda.pl\\\/ru\\\/\",\"logo\":{\"@type\":\"ImageObject\",\"inLanguage\":\"ru-RU\",\"@id\":\"https:\\\/\\\/gerda.pl\\\/ru\\\/#\\\/schema\\\/logo\\\/image\\\/\",\"url\":\"https:\\\/\\\/gerda.pl\\\/wp-content\\\/uploads\\\/2025\\\/11\\\/Logo-Gerda_GLOBAL_rgb1-scaled.png\",\"contentUrl\":\"https:\\\/\\\/gerda.pl\\\/wp-content\\\/uploads\\\/2025\\\/11\\\/Logo-Gerda_GLOBAL_rgb1-scaled.png\",\"width\":2560,\"height\":699,\"caption\":\"Gerda\"},\"image\":{\"@id\":\"https:\\\/\\\/gerda.pl\\\/ru\\\/#\\\/schema\\\/logo\\\/image\\\/\"},\"sameAs\":[\"https:\\\/\\\/www.facebook.com\\\/gerda.zamki.drzwi.bramy\"]}]}<\/script>\n<!-- \/ Yoast SEO plugin. -->","yoast_head_json":{"title":"Zosta\u0144 partnerem tedee - Gerda","robots":{"index":"index","follow":"follow","max-snippet":"max-snippet:-1","max-image-preview":"max-image-preview:large","max-video-preview":"max-video-preview:-1"},"og_locale":"ru_RU","og_type":"article","og_title":"Zosta\u0144 partnerem tedee - Gerda","og_description":"Zosta\u0144 partnerem tedee powered by GERDA Kontakt dla zainteresowanych partner\u00f3w biznesowych:tel.:&nbsp;+48 664 449 588","og_url":"https:\/\/gerda.pl\/ru\/tedee\/zostan-partnerem-tedee\/","og_site_name":"Gerda","article_publisher":"https:\/\/www.facebook.com\/gerda.zamki.drzwi.bramy","article_modified_time":"2023-08-31T10:40:27+00:00","twitter_card":"summary_large_image","twitter_misc":{"\u041f\u0440\u0438\u043c\u0435\u0440\u043d\u043e\u0435 \u0432\u0440\u0435\u043c\u044f \u0434\u043b\u044f \u0447\u0442\u0435\u043d\u0438\u044f":"1 \u043c\u0438\u043d\u0443\u0442\u0430"},"schema":{"@context":"https:\/\/schema.org","@graph":[{"@type":"WebPage","@id":"https:\/\/gerda.pl\/ru\/tedee\/zostan-partnerem-tedee\/","url":"https:\/\/gerda.pl\/ru\/tedee\/zostan-partnerem-tedee\/","name":"Zosta\u0144 partnerem tedee - Gerda","isPartOf":{"@id":"https:\/\/gerda.pl\/ru\/#website"},"datePublished":"2021-11-23T13:17:08+00:00","dateModified":"2023-08-31T10:40:27+00:00","breadcrumb":{"@id":"https:\/\/gerda.pl\/ru\/tedee\/zostan-partnerem-tedee\/#breadcrumb"},"inLanguage":"ru-RU","potentialAction":[{"@type":"ReadAction","target":["https:\/\/gerda.pl\/ru\/tedee\/zostan-partnerem-tedee\/"]}]},{"@type":"BreadcrumbList","@id":"https:\/\/gerda.pl\/ru\/tedee\/zostan-partnerem-tedee\/#breadcrumb","itemListElement":[{"@type":"ListItem","position":1,"name":"\u0414\u043e\u043c","item":"https:\/\/gerda.pl\/ru\/"},{"@type":"ListItem","position":2,"name":"Tedee","item":"https:\/\/gerda.pl\/ru\/tedee\/"},{"@type":"ListItem","position":3,"name":"Zosta\u0144 partnerem tedee"}]},{"@type":"WebSite","@id":"https:\/\/gerda.pl\/ru\/#website","url":"https:\/\/gerda.pl\/ru\/","name":"Gerda","description":"Producent drzwi i zamk\u00f3w do drzwi","publisher":{"@id":"https:\/\/gerda.pl\/ru\/#organization"},"potentialAction":[{"@type":"SearchAction","target":{"@type":"EntryPoint","urlTemplate":"https:\/\/gerda.pl\/ru\/?s={search_term_string}"},"query-input":{"@type":"PropertyValueSpecification","valueRequired":true,"valueName":"search_term_string"}}],"inLanguage":"ru-RU"},{"@type":"Organization","@id":"https:\/\/gerda.pl\/ru\/#organization","name":"Gerda","url":"https:\/\/gerda.pl\/ru\/","logo":{"@type":"ImageObject","inLanguage":"ru-RU","@id":"https:\/\/gerda.pl\/ru\/#\/schema\/logo\/image\/","url":"https:\/\/gerda.pl\/wp-content\/uploads\/2025\/11\/Logo-Gerda_GLOBAL_rgb1-scaled.png","contentUrl":"https:\/\/gerda.pl\/wp-content\/uploads\/2025\/11\/Logo-Gerda_GLOBAL_rgb1-scaled.png","width":2560,"height":699,"caption":"Gerda"},"image":{"@id":"https:\/\/gerda.pl\/ru\/#\/schema\/logo\/image\/"},"sameAs":["https:\/\/www.facebook.com\/gerda.zamki.drzwi.bramy"]}]}},"_links":{"self":[{"href":"https:\/\/gerda.pl\/ru\/wp-json\/wp\/v2\/pages\/31942","targetHints":{"allow":["GET"]}}],"collection":[{"href":"https:\/\/gerda.pl\/ru\/wp-json\/wp\/v2\/pages"}],"about":[{"href":"https:\/\/gerda.pl\/ru\/wp-json\/wp\/v2\/types\/page"}],"author":[{"embeddable":true,"href":"https:\/\/gerda.pl\/ru\/wp-json\/wp\/v2\/users\/1"}],"replies":[{"embeddable":true,"href":"https:\/\/gerda.pl\/ru\/wp-json\/wp\/v2\/comments?post=31942"}],"version-history":[{"count":6,"href":"https:\/\/gerda.pl\/ru\/wp-json\/wp\/v2\/pages\/31942\/revisions"}],"predecessor-version":[{"id":55746,"href":"https:\/\/gerda.pl\/ru\/wp-json\/wp\/v2\/pages\/31942\/revisions\/55746"}],"up":[{"embeddable":true,"href":"https:\/\/gerda.pl\/ru\/wp-json\/wp\/v2\/pages\/31217"}],"wp:attachment":[{"href":"https:\/\/gerda.pl\/ru\/wp-json\/wp\/v2\/media?parent=31942"}],"curies":[{"name":"wp","href":"https:\/\/api.w.org\/{rel}","templated":true}]}}