{"id":49370,"date":"2022-12-05T19:10:09","date_gmt":"2022-12-05T18:10:09","guid":{"rendered":"https:\/\/gerda.pl\/?page_id=49370"},"modified":"2022-12-05T19:11:46","modified_gmt":"2022-12-05T18:11:46","slug":"%d1%81%d1%82%d0%b0%d0%bd%d1%8c%d1%82%d0%b5-%d0%bf%d0%b0%d1%80%d1%82%d0%bd%d0%b5%d1%80%d0%be%d0%bc-tedee","status":"publish","type":"page","link":"https:\/\/gerda.pl\/uk\/tedee\/%d1%81%d1%82%d0%b0%d0%bd%d1%8c%d1%82%d0%b5-%d0%bf%d0%b0%d1%80%d1%82%d0%bd%d0%b5%d1%80%d0%be%d0%bc-tedee\/","title":{"rendered":"\u0421\u0442\u0430\u043d\u044c\u0442\u0435 \u043f\u0430\u0440\u0442\u043d\u0435\u0440\u043e\u043c tedee"},"content":{"rendered":"\n<div style=\"height:72px\" aria-hidden=\"true\" class=\"wp-block-spacer\"><\/div>\n\n\n\n<div style=\"height:50px\" aria-hidden=\"true\" class=\"wp-block-spacer\"><\/div>\n\n\n\n<h2 class=\"has-text-align-center wp-block-heading\">\u0421\u0442\u0430\u043d\u044c\u0442\u0435 \u043f\u0430\u0440\u0442\u043d\u0435\u0440\u043e\u043c tedee powered by GERDA<\/h2>\n\n\n\n<div class=\"wpcf7 no-js\" id=\"wpcf7-f30332-o1\" lang=\"pl-PL\" dir=\"ltr\" data-wpcf7-id=\"30332\">\n<div class=\"screen-reader-response\"><p role=\"status\" aria-live=\"polite\" aria-atomic=\"true\"><\/p> <ul><\/ul><\/div>\n<form action=\"\/uk\/wp-json\/wp\/v2\/pages\/49370#wpcf7-f30332-o1\" method=\"post\" class=\"wpcf7-form init\" aria-label=\"Formularz kontaktowy\" novalidate=\"novalidate\" data-status=\"init\">\n<fieldset class=\"hidden-fields-container\"><input type=\"hidden\" name=\"_wpcf7\" value=\"30332\" \/><input type=\"hidden\" name=\"_wpcf7_version\" value=\"6.1.5\" \/><input type=\"hidden\" name=\"_wpcf7_locale\" value=\"pl_PL\" \/><input type=\"hidden\" name=\"_wpcf7_unit_tag\" value=\"wpcf7-f30332-o1\" \/><input type=\"hidden\" name=\"_wpcf7_container_post\" value=\"0\" \/><input type=\"hidden\" name=\"_wpcf7_posted_data_hash\" value=\"\" \/><input type=\"hidden\" name=\"_wpcf7_recaptcha_response\" value=\"\" \/>\n<\/fieldset>\n<div class=\"half\">\n<div>\n<span class=\"wpcf7-form-control-wrap\" data-name=\"your-name\"><input size=\"40\" maxlength=\"400\" class=\"wpcf7-form-control wpcf7-text wpcf7-validates-as-required\" aria-required=\"true\" aria-invalid=\"false\" value=\"Imi\u0119\" type=\"text\" name=\"your-name\" \/><\/span>\n<span class=\"wpcf7-form-control-wrap\" data-name=\"your-last-name\"><input size=\"40\" maxlength=\"400\" class=\"wpcf7-form-control wpcf7-text wpcf7-validates-as-required\" aria-required=\"true\" aria-invalid=\"false\" value=\"Nazwisko\" type=\"text\" name=\"your-last-name\" \/><\/span>\n<span class=\"wpcf7-form-control-wrap\" data-name=\"your-phone\"><input size=\"40\" maxlength=\"400\" class=\"wpcf7-form-control wpcf7-text wpcf7-validates-as-required\" aria-required=\"true\" aria-invalid=\"false\" value=\"Telefon\" type=\"text\" name=\"your-phone\" \/><\/span>\n<span class=\"wpcf7-form-control-wrap\" data-name=\"your-email\"><input size=\"40\" maxlength=\"400\" class=\"wpcf7-form-control wpcf7-email wpcf7-validates-as-required wpcf7-text wpcf7-validates-as-email\" aria-required=\"true\" aria-invalid=\"false\" value=\"E-mail\" type=\"email\" name=\"your-email\" \/><\/span>\n<span class=\"wpcf7-form-control-wrap\" data-name=\"your-area\"><select class=\"wpcf7-form-control wpcf7-select wpcf7-validates-as-required\" aria-required=\"true\" aria-invalid=\"false\" name=\"your-area\"><option value=\"G\u0142\u00f3wny obszar dzia\u0142alno\u015bci\">G\u0142\u00f3wny obszar dzia\u0142alno\u015bci<\/option><option value=\"Dystrybutor \/ Hurtownik\">Dystrybutor \/ Hurtownik<\/option><option value=\"Instalator\">Instalator<\/option><option value=\"Sprzedawca produkt\u00f3w do inteligentnego domu\">Sprzedawca produkt\u00f3w do inteligentnego domu<\/option><option value=\"Projektant system\u00f3w do inteligentnego domu\">Projektant system\u00f3w do inteligentnego domu<\/option><option value=\"Architekt\">Architekt<\/option><option value=\"Inne\">Inne<\/option><\/select><\/span>\n<\/div>\n<div>\n<span class=\"wpcf7-form-control-wrap\" data-name=\"your-company\"><input size=\"40\" maxlength=\"400\" class=\"wpcf7-form-control wpcf7-text wpcf7-validates-as-required\" aria-required=\"true\" aria-invalid=\"false\" value=\"Nazwa firmy\" type=\"text\" name=\"your-company\" \/><\/span>\n<span class=\"wpcf7-form-control-wrap\" data-name=\"your-address\"><input size=\"40\" maxlength=\"400\" class=\"wpcf7-form-control wpcf7-text wpcf7-validates-as-required\" aria-required=\"true\" aria-invalid=\"false\" value=\"Ulica i numer\" type=\"text\" name=\"your-address\" \/><\/span>\n<span class=\"wpcf7-form-control-wrap\" data-name=\"your-zip\"><input size=\"40\" maxlength=\"400\" class=\"wpcf7-form-control wpcf7-text wpcf7-validates-as-required\" aria-required=\"true\" aria-invalid=\"false\" value=\"Kod pocztowy\" type=\"text\" name=\"your-zip\" \/><\/span>\n<span class=\"wpcf7-form-control-wrap\" data-name=\"your-city\"><input size=\"40\" maxlength=\"400\" class=\"wpcf7-form-control wpcf7-text wpcf7-validates-as-required\" aria-required=\"true\" aria-invalid=\"false\" value=\"Miejscowo\u015b\u0107\" type=\"text\" name=\"your-city\" \/><\/span>\n<span class=\"wpcf7-form-control-wrap\" data-name=\"your-nip\"><input size=\"40\" maxlength=\"400\" class=\"wpcf7-form-control wpcf7-text\" aria-invalid=\"false\" value=\"NIP\" type=\"text\" name=\"your-nip\" \/><\/span>\n<\/div>\n<\/div>\n<strong>Jak\u0105 wsp\u00f3\u0142prac\u0105 jeste\u015b zainteresowany?<\/strong>\n<span class=\"wpcf7-form-control-wrap\" data-name=\"your-seeler\"><span class=\"wpcf7-form-control wpcf7-radio\"><span class=\"wpcf7-list-item first\"><input type=\"radio\" name=\"your-seeler\" value=\"Chcia\u0142bym zosta\u0107 sprzedawc\u0105 \/ dystrybutorem\" \/><span class=\"wpcf7-list-item-label\">Chcia\u0142bym zosta\u0107 sprzedawc\u0105 \/ dystrybutorem<\/span><\/span><span class=\"wpcf7-list-item last\"><input type=\"radio\" name=\"your-seeler\" value=\"Chcia\u0142bym doda\u0107 tedee do mojej oferty i instalowa\u0107 produkty tedee\" \/><span class=\"wpcf7-list-item-label\">Chcia\u0142bym doda\u0107 tedee do mojej oferty i instalowa\u0107 produkty tedee<\/span><\/span><\/span><\/span>\n<strong>Czy masz sklep stacjonarny lub showroom?<\/strong>\n<span class=\"wpcf7-form-control-wrap\" data-name=\"your-stationary-sale\"><span class=\"wpcf7-form-control wpcf7-radio\"><span class=\"wpcf7-list-item first\"><input type=\"radio\" name=\"your-stationary-sale\" value=\"Tak\" \/><span class=\"wpcf7-list-item-label\">Tak<\/span><\/span><span class=\"wpcf7-list-item last\"><input type=\"radio\" name=\"your-stationary-sale\" value=\"Nie\" \/><span class=\"wpcf7-list-item-label\">Nie<\/span><\/span><\/span><\/span>\n<strong>Czy prowadzisz sprzeda\u017c przez internet?<\/strong>\n<span class=\"wpcf7-form-control-wrap\" data-name=\"your-internet-sale\"><span class=\"wpcf7-form-control wpcf7-radio\"><span class=\"wpcf7-list-item first\"><input type=\"radio\" name=\"your-internet-sale\" value=\"Tak\" \/><span class=\"wpcf7-list-item-label\">Tak<\/span><\/span><span class=\"wpcf7-list-item last\"><input type=\"radio\" name=\"your-internet-sale\" value=\"Nie\" \/><span class=\"wpcf7-list-item-label\">Nie<\/span><\/span><\/span><\/span>\n<span class=\"wpcf7-form-control-wrap\" data-name=\"your-shop\"><input size=\"40\" maxlength=\"400\" class=\"wpcf7-form-control wpcf7-text\" aria-invalid=\"false\" value=\"Adres strony \/ sklepu internetowego\" type=\"text\" name=\"your-shop\" \/><\/span>\n<span class=\"wpcf7-form-control-wrap\" data-name=\"your-message\"><textarea cols=\"40\" rows=\"10\" maxlength=\"2000\" class=\"wpcf7-form-control wpcf7-textarea\" aria-invalid=\"false\" placeholder=\"Opowiedz nam wi\u0119cej o swojej firmie: klientach, mo\u017cliwo\u015bciach sprzeda\u017cy, obszarze biznesowym, szacowanej rocznej kwocie zakup\u00f3w itp.\" name=\"your-message\"><\/textarea><\/span>\n<div class=\"rules\">\n<div class=\"acceptance\">\n<span class=\"wpcf7-form-control-wrap\" data-name=\"aplikuj-1\"><span class=\"wpcf7-form-control wpcf7-acceptance\"><span class=\"wpcf7-list-item\"><label><input type=\"checkbox\" name=\"aplikuj-1\" value=\"1\" aria-invalid=\"false\" \/><span class=\"wpcf7-list-item-label\"><\/b>Administratorem Twoich danych osobowych jest Gerda sp. z o.o. z siedzib\u0105 w Soko\u0142owie. Twoje dane b\u0119d\u0105 przetwarzane w celu odpowiedzi na Twoje zainteresowanie do\u0142\u0105czeniem do akcji \"Zosta\u0144 Partnerem Tedee\". Szczeg\u00f3\u0142owe informacje o przetwarzaniu Twoich danych osobowych znajdziesz w naszej <a href=\"https:\/\/gerda.pl\/serwis\/o-nas\/polityka-prywatnosci-przetwarzanie-danych-osobowych\/\">Polityce Prywatno\u015bci<\/a>.<\/span><\/label><\/span><\/span><\/span>\n<\/div>\n<\/div>\n<input class=\"wpcf7-form-control wpcf7-submit has-spinner\" type=\"submit\" value=\"Wy\u015blij\" \/><div class=\"wpcf7-response-output\" aria-hidden=\"true\"><\/div>\n<\/form>\n<\/div>\n\n\n\n\n<div style=\"height:50px\" aria-hidden=\"true\" class=\"wp-block-spacer\"><\/div>\n\n\n\n<p>\u041a\u043e\u043d\u0442\u0430\u043a\u0442\u043d\u0430 \u0456\u043d\u0444\u043e\u0440\u043c\u0430\u0446\u0456\u044f \u0434\u043b\u044f \u0437\u0430\u0446\u0456\u043a\u0430\u0432\u043b\u0435\u043d\u0438\u0445 \u0434\u0456\u043b\u043e\u0432\u0438\u0445 \u043f\u0430\u0440\u0442\u043d\u0435\u0440\u0456\u0432:<br>\u0442\u0435\u043b\u0435\u0444\u043e\u043d: +48 664 449 588<\/p>\n\n\n\n<div style=\"height:50px\" aria-hidden=\"true\" class=\"wp-block-spacer\"><\/div>\n","protected":false},"excerpt":{"rendered":"<p>\u0421\u0442\u0430\u043d\u044c\u0442\u0435 \u043f\u0430\u0440\u0442\u043d\u0435\u0440\u043e\u043c tedee powered by GERDA \u041a\u043e\u043d\u0442\u0430\u043a\u0442\u043d\u0430 \u0456\u043d\u0444\u043e\u0440\u043c\u0430\u0446\u0456\u044f \u0434\u043b\u044f \u0437\u0430\u0446\u0456\u043a\u0430\u0432\u043b\u0435\u043d\u0438\u0445 \u0434\u0456\u043b\u043e\u0432\u0438\u0445 \u043f\u0430\u0440\u0442\u043d\u0435\u0440\u0456\u0432:\u0442\u0435\u043b\u0435\u0444\u043e\u043d: +48 664 449 588<\/p>\n","protected":false},"author":2,"featured_media":0,"parent":49305,"menu_order":0,"comment_status":"closed","ping_status":"closed","template":"page-tedee-txt.php","meta":{"_acf_changed":false,"om_disable_all_campaigns":false,"inline_featured_image":false,"_monsterinsights_skip_tracking":false,"_monsterinsights_sitenote_active":false,"_monsterinsights_sitenote_note":"","_monsterinsights_sitenote_category":0,"footnotes":"","_links_to":"","_links_to_target":""},"class_list":["post-49370","page","type-page","status-publish","hentry"],"acf":[],"yoast_head":"<!-- This site is optimized with the Yoast SEO plugin v27.3 - https:\/\/yoast.com\/product\/yoast-seo-wordpress\/ -->\n<title>\u0421\u0442\u0430\u043d\u044c\u0442\u0435 \u043f\u0430\u0440\u0442\u043d\u0435\u0440\u043e\u043c tedee - Gerda<\/title>\n<meta name=\"robots\" content=\"index, follow, max-snippet:-1, max-image-preview:large, max-video-preview:-1\" \/>\n<meta property=\"og:locale\" content=\"uk_UA\" \/>\n<meta property=\"og:type\" content=\"article\" \/>\n<meta property=\"og:title\" content=\"\u0421\u0442\u0430\u043d\u044c\u0442\u0435 \u043f\u0430\u0440\u0442\u043d\u0435\u0440\u043e\u043c tedee - Gerda\" \/>\n<meta property=\"og:description\" content=\"\u0421\u0442\u0430\u043d\u044c\u0442\u0435 \u043f\u0430\u0440\u0442\u043d\u0435\u0440\u043e\u043c tedee powered by GERDA \u041a\u043e\u043d\u0442\u0430\u043a\u0442\u043d\u0430 \u0456\u043d\u0444\u043e\u0440\u043c\u0430\u0446\u0456\u044f \u0434\u043b\u044f \u0437\u0430\u0446\u0456\u043a\u0430\u0432\u043b\u0435\u043d\u0438\u0445 \u0434\u0456\u043b\u043e\u0432\u0438\u0445 \u043f\u0430\u0440\u0442\u043d\u0435\u0440\u0456\u0432:\u0442\u0435\u043b\u0435\u0444\u043e\u043d: +48 664 449 588\" \/>\n<meta property=\"og:url\" content=\"https:\/\/gerda.pl\/uk\/tedee\/%d1%81%d1%82%d0%b0%d0%bd%d1%8c%d1%82%d0%b5-%d0%bf%d0%b0%d1%80%d1%82%d0%bd%d0%b5%d1%80%d0%be%d0%bc-tedee\/\" \/>\n<meta property=\"og:site_name\" content=\"Gerda\" \/>\n<meta property=\"article:publisher\" content=\"https:\/\/www.facebook.com\/gerda.zamki.drzwi.bramy\" \/>\n<meta property=\"article:modified_time\" content=\"2022-12-05T18:11:46+00:00\" \/>\n<meta name=\"twitter:card\" content=\"summary_large_image\" \/>\n<script type=\"application\/ld+json\" class=\"yoast-schema-graph\">{\"@context\":\"https:\\\/\\\/schema.org\",\"@graph\":[{\"@type\":\"WebPage\",\"@id\":\"https:\\\/\\\/gerda.pl\\\/uk\\\/tedee\\\/%d1%81%d1%82%d0%b0%d0%bd%d1%8c%d1%82%d0%b5-%d0%bf%d0%b0%d1%80%d1%82%d0%bd%d0%b5%d1%80%d0%be%d0%bc-tedee\\\/\",\"url\":\"https:\\\/\\\/gerda.pl\\\/uk\\\/tedee\\\/%d1%81%d1%82%d0%b0%d0%bd%d1%8c%d1%82%d0%b5-%d0%bf%d0%b0%d1%80%d1%82%d0%bd%d0%b5%d1%80%d0%be%d0%bc-tedee\\\/\",\"name\":\"\u0421\u0442\u0430\u043d\u044c\u0442\u0435 \u043f\u0430\u0440\u0442\u043d\u0435\u0440\u043e\u043c tedee - Gerda\",\"isPartOf\":{\"@id\":\"https:\\\/\\\/gerda.pl\\\/uk\\\/#website\"},\"datePublished\":\"2022-12-05T18:10:09+00:00\",\"dateModified\":\"2022-12-05T18:11:46+00:00\",\"breadcrumb\":{\"@id\":\"https:\\\/\\\/gerda.pl\\\/uk\\\/tedee\\\/%d1%81%d1%82%d0%b0%d0%bd%d1%8c%d1%82%d0%b5-%d0%bf%d0%b0%d1%80%d1%82%d0%bd%d0%b5%d1%80%d0%be%d0%bc-tedee\\\/#breadcrumb\"},\"inLanguage\":\"uk\",\"potentialAction\":[{\"@type\":\"ReadAction\",\"target\":[\"https:\\\/\\\/gerda.pl\\\/uk\\\/tedee\\\/%d1%81%d1%82%d0%b0%d0%bd%d1%8c%d1%82%d0%b5-%d0%bf%d0%b0%d1%80%d1%82%d0%bd%d0%b5%d1%80%d0%be%d0%bc-tedee\\\/\"]}]},{\"@type\":\"BreadcrumbList\",\"@id\":\"https:\\\/\\\/gerda.pl\\\/uk\\\/tedee\\\/%d1%81%d1%82%d0%b0%d0%bd%d1%8c%d1%82%d0%b5-%d0%bf%d0%b0%d1%80%d1%82%d0%bd%d0%b5%d1%80%d0%be%d0%bc-tedee\\\/#breadcrumb\",\"itemListElement\":[{\"@type\":\"ListItem\",\"position\":1,\"name\":\"Home\",\"item\":\"https:\\\/\\\/gerda.pl\\\/uk\\\/\"},{\"@type\":\"ListItem\",\"position\":2,\"name\":\"Tedee\",\"item\":\"https:\\\/\\\/gerda.pl\\\/uk\\\/tedee\\\/\"},{\"@type\":\"ListItem\",\"position\":3,\"name\":\"\u0421\u0442\u0430\u043d\u044c\u0442\u0435 \u043f\u0430\u0440\u0442\u043d\u0435\u0440\u043e\u043c tedee\"}]},{\"@type\":\"WebSite\",\"@id\":\"https:\\\/\\\/gerda.pl\\\/uk\\\/#website\",\"url\":\"https:\\\/\\\/gerda.pl\\\/uk\\\/\",\"name\":\"Gerda\",\"description\":\"Producent drzwi i zamk\u00f3w do drzwi\",\"publisher\":{\"@id\":\"https:\\\/\\\/gerda.pl\\\/uk\\\/#organization\"},\"potentialAction\":[{\"@type\":\"SearchAction\",\"target\":{\"@type\":\"EntryPoint\",\"urlTemplate\":\"https:\\\/\\\/gerda.pl\\\/uk\\\/?s={search_term_string}\"},\"query-input\":{\"@type\":\"PropertyValueSpecification\",\"valueRequired\":true,\"valueName\":\"search_term_string\"}}],\"inLanguage\":\"uk\"},{\"@type\":\"Organization\",\"@id\":\"https:\\\/\\\/gerda.pl\\\/uk\\\/#organization\",\"name\":\"Gerda\",\"url\":\"https:\\\/\\\/gerda.pl\\\/uk\\\/\",\"logo\":{\"@type\":\"ImageObject\",\"inLanguage\":\"uk\",\"@id\":\"https:\\\/\\\/gerda.pl\\\/uk\\\/#\\\/schema\\\/logo\\\/image\\\/\",\"url\":\"https:\\\/\\\/gerda.pl\\\/wp-content\\\/uploads\\\/2025\\\/11\\\/Logo-Gerda_GLOBAL_rgb1-scaled.png\",\"contentUrl\":\"https:\\\/\\\/gerda.pl\\\/wp-content\\\/uploads\\\/2025\\\/11\\\/Logo-Gerda_GLOBAL_rgb1-scaled.png\",\"width\":2560,\"height\":699,\"caption\":\"Gerda\"},\"image\":{\"@id\":\"https:\\\/\\\/gerda.pl\\\/uk\\\/#\\\/schema\\\/logo\\\/image\\\/\"},\"sameAs\":[\"https:\\\/\\\/www.facebook.com\\\/gerda.zamki.drzwi.bramy\"]}]}<\/script>\n<!-- \/ Yoast SEO plugin. -->","yoast_head_json":{"title":"\u0421\u0442\u0430\u043d\u044c\u0442\u0435 \u043f\u0430\u0440\u0442\u043d\u0435\u0440\u043e\u043c tedee - Gerda","robots":{"index":"index","follow":"follow","max-snippet":"max-snippet:-1","max-image-preview":"max-image-preview:large","max-video-preview":"max-video-preview:-1"},"og_locale":"uk_UA","og_type":"article","og_title":"\u0421\u0442\u0430\u043d\u044c\u0442\u0435 \u043f\u0430\u0440\u0442\u043d\u0435\u0440\u043e\u043c tedee - Gerda","og_description":"\u0421\u0442\u0430\u043d\u044c\u0442\u0435 \u043f\u0430\u0440\u0442\u043d\u0435\u0440\u043e\u043c tedee powered by GERDA \u041a\u043e\u043d\u0442\u0430\u043a\u0442\u043d\u0430 \u0456\u043d\u0444\u043e\u0440\u043c\u0430\u0446\u0456\u044f \u0434\u043b\u044f \u0437\u0430\u0446\u0456\u043a\u0430\u0432\u043b\u0435\u043d\u0438\u0445 \u0434\u0456\u043b\u043e\u0432\u0438\u0445 \u043f\u0430\u0440\u0442\u043d\u0435\u0440\u0456\u0432:\u0442\u0435\u043b\u0435\u0444\u043e\u043d: +48 664 449 588","og_url":"https:\/\/gerda.pl\/uk\/tedee\/%d1%81%d1%82%d0%b0%d0%bd%d1%8c%d1%82%d0%b5-%d0%bf%d0%b0%d1%80%d1%82%d0%bd%d0%b5%d1%80%d0%be%d0%bc-tedee\/","og_site_name":"Gerda","article_publisher":"https:\/\/www.facebook.com\/gerda.zamki.drzwi.bramy","article_modified_time":"2022-12-05T18:11:46+00:00","twitter_card":"summary_large_image","schema":{"@context":"https:\/\/schema.org","@graph":[{"@type":"WebPage","@id":"https:\/\/gerda.pl\/uk\/tedee\/%d1%81%d1%82%d0%b0%d0%bd%d1%8c%d1%82%d0%b5-%d0%bf%d0%b0%d1%80%d1%82%d0%bd%d0%b5%d1%80%d0%be%d0%bc-tedee\/","url":"https:\/\/gerda.pl\/uk\/tedee\/%d1%81%d1%82%d0%b0%d0%bd%d1%8c%d1%82%d0%b5-%d0%bf%d0%b0%d1%80%d1%82%d0%bd%d0%b5%d1%80%d0%be%d0%bc-tedee\/","name":"\u0421\u0442\u0430\u043d\u044c\u0442\u0435 \u043f\u0430\u0440\u0442\u043d\u0435\u0440\u043e\u043c tedee - Gerda","isPartOf":{"@id":"https:\/\/gerda.pl\/uk\/#website"},"datePublished":"2022-12-05T18:10:09+00:00","dateModified":"2022-12-05T18:11:46+00:00","breadcrumb":{"@id":"https:\/\/gerda.pl\/uk\/tedee\/%d1%81%d1%82%d0%b0%d0%bd%d1%8c%d1%82%d0%b5-%d0%bf%d0%b0%d1%80%d1%82%d0%bd%d0%b5%d1%80%d0%be%d0%bc-tedee\/#breadcrumb"},"inLanguage":"uk","potentialAction":[{"@type":"ReadAction","target":["https:\/\/gerda.pl\/uk\/tedee\/%d1%81%d1%82%d0%b0%d0%bd%d1%8c%d1%82%d0%b5-%d0%bf%d0%b0%d1%80%d1%82%d0%bd%d0%b5%d1%80%d0%be%d0%bc-tedee\/"]}]},{"@type":"BreadcrumbList","@id":"https:\/\/gerda.pl\/uk\/tedee\/%d1%81%d1%82%d0%b0%d0%bd%d1%8c%d1%82%d0%b5-%d0%bf%d0%b0%d1%80%d1%82%d0%bd%d0%b5%d1%80%d0%be%d0%bc-tedee\/#breadcrumb","itemListElement":[{"@type":"ListItem","position":1,"name":"Home","item":"https:\/\/gerda.pl\/uk\/"},{"@type":"ListItem","position":2,"name":"Tedee","item":"https:\/\/gerda.pl\/uk\/tedee\/"},{"@type":"ListItem","position":3,"name":"\u0421\u0442\u0430\u043d\u044c\u0442\u0435 \u043f\u0430\u0440\u0442\u043d\u0435\u0440\u043e\u043c tedee"}]},{"@type":"WebSite","@id":"https:\/\/gerda.pl\/uk\/#website","url":"https:\/\/gerda.pl\/uk\/","name":"Gerda","description":"Producent drzwi i zamk\u00f3w do drzwi","publisher":{"@id":"https:\/\/gerda.pl\/uk\/#organization"},"potentialAction":[{"@type":"SearchAction","target":{"@type":"EntryPoint","urlTemplate":"https:\/\/gerda.pl\/uk\/?s={search_term_string}"},"query-input":{"@type":"PropertyValueSpecification","valueRequired":true,"valueName":"search_term_string"}}],"inLanguage":"uk"},{"@type":"Organization","@id":"https:\/\/gerda.pl\/uk\/#organization","name":"Gerda","url":"https:\/\/gerda.pl\/uk\/","logo":{"@type":"ImageObject","inLanguage":"uk","@id":"https:\/\/gerda.pl\/uk\/#\/schema\/logo\/image\/","url":"https:\/\/gerda.pl\/wp-content\/uploads\/2025\/11\/Logo-Gerda_GLOBAL_rgb1-scaled.png","contentUrl":"https:\/\/gerda.pl\/wp-content\/uploads\/2025\/11\/Logo-Gerda_GLOBAL_rgb1-scaled.png","width":2560,"height":699,"caption":"Gerda"},"image":{"@id":"https:\/\/gerda.pl\/uk\/#\/schema\/logo\/image\/"},"sameAs":["https:\/\/www.facebook.com\/gerda.zamki.drzwi.bramy"]}]}},"_links":{"self":[{"href":"https:\/\/gerda.pl\/uk\/wp-json\/wp\/v2\/pages\/49370","targetHints":{"allow":["GET"]}}],"collection":[{"href":"https:\/\/gerda.pl\/uk\/wp-json\/wp\/v2\/pages"}],"about":[{"href":"https:\/\/gerda.pl\/uk\/wp-json\/wp\/v2\/types\/page"}],"author":[{"embeddable":true,"href":"https:\/\/gerda.pl\/uk\/wp-json\/wp\/v2\/users\/2"}],"replies":[{"embeddable":true,"href":"https:\/\/gerda.pl\/uk\/wp-json\/wp\/v2\/comments?post=49370"}],"version-history":[{"count":2,"href":"https:\/\/gerda.pl\/uk\/wp-json\/wp\/v2\/pages\/49370\/revisions"}],"predecessor-version":[{"id":50374,"href":"https:\/\/gerda.pl\/uk\/wp-json\/wp\/v2\/pages\/49370\/revisions\/50374"}],"up":[{"embeddable":true,"href":"https:\/\/gerda.pl\/uk\/wp-json\/wp\/v2\/pages\/49305"}],"wp:attachment":[{"href":"https:\/\/gerda.pl\/uk\/wp-json\/wp\/v2\/media?parent=49370"}],"curies":[{"name":"wp","href":"https:\/\/api.w.org\/{rel}","templated":true}]}}